{"id":522,"date":"2024-03-12T22:36:33","date_gmt":"2024-03-12T21:36:33","guid":{"rendered":"https:\/\/amm85.fr\/?page_id=522"},"modified":"2024-07-04T23:04:12","modified_gmt":"2024-07-04T21:04:12","slug":"le-28-aout-a-bibrou","status":"publish","type":"page","link":"https:\/\/amm85.fr\/index.php\/navigations\/2023navig\/le-28-aout-a-bibrou\/","title":{"rendered":"le 28 aout \u00e0 Bibrou"},"content":{"rendered":"\n<figure class=\"wp-block-image size-large is-resized\"><img loading=\"lazy\" decoding=\"async\" width=\"1024\" height=\"844\" src=\"https:\/\/amm85.fr\/wp-content\/uploads\/2024\/03\/007-1024x844.jpg\" alt=\"\" class=\"wp-image-523\" style=\"width:740px;height:auto\" srcset=\"https:\/\/amm85.fr\/wp-content\/uploads\/2024\/03\/007-1024x844.jpg 1024w, https:\/\/amm85.fr\/wp-content\/uploads\/2024\/03\/007-300x247.jpg 300w, https:\/\/amm85.fr\/wp-content\/uploads\/2024\/03\/007-768x633.jpg 768w, https:\/\/amm85.fr\/wp-content\/uploads\/2024\/03\/007-1536x1266.jpg 1536w, https:\/\/amm85.fr\/wp-content\/uploads\/2024\/03\/007-2048x1688.jpg 2048w\" sizes=\"auto, (max-width: 1024px) 100vw, 1024px\" \/><\/figure>\n\n\n\n<div style=\"height:100px\" aria-hidden=\"true\" class=\"wp-block-spacer\"><\/div>\n\n\n\n<figure class=\"wp-block-gallery has-nested-images columns-default is-cropped wp-block-gallery-1 is-layout-flex wp-block-gallery-is-layout-flex\">\n<figure class=\"wp-block-image size-large\"><img loading=\"lazy\" decoding=\"async\" width=\"1024\" height=\"744\" data-id=\"527\" src=\"https:\/\/amm85.fr\/wp-content\/uploads\/2024\/03\/004-1024x744.jpg\" alt=\"\" class=\"wp-image-527\" srcset=\"https:\/\/amm85.fr\/wp-content\/uploads\/2024\/03\/004-1024x744.jpg 1024w, https:\/\/amm85.fr\/wp-content\/uploads\/2024\/03\/004-300x218.jpg 300w, https:\/\/amm85.fr\/wp-content\/uploads\/2024\/03\/004-768x558.jpg 768w, https:\/\/amm85.fr\/wp-content\/uploads\/2024\/03\/004-1536x1117.jpg 1536w, https:\/\/amm85.fr\/wp-content\/uploads\/2024\/03\/004-2048x1489.jpg 2048w\" sizes=\"auto, (max-width: 1024px) 100vw, 1024px\" \/><\/figure>\n\n\n\n<figure class=\"wp-block-image size-large\"><img loading=\"lazy\" decoding=\"async\" width=\"1024\" height=\"683\" data-id=\"526\" src=\"https:\/\/amm85.fr\/wp-content\/uploads\/2024\/03\/003-1024x683.jpg\" alt=\"\" class=\"wp-image-526\" srcset=\"https:\/\/amm85.fr\/wp-content\/uploads\/2024\/03\/003-1024x683.jpg 1024w, https:\/\/amm85.fr\/wp-content\/uploads\/2024\/03\/003-300x200.jpg 300w, https:\/\/amm85.fr\/wp-content\/uploads\/2024\/03\/003-768x512.jpg 768w, https:\/\/amm85.fr\/wp-content\/uploads\/2024\/03\/003-930x620.jpg 930w, https:\/\/amm85.fr\/wp-content\/uploads\/2024\/03\/003.jpg 1497w\" sizes=\"auto, (max-width: 1024px) 100vw, 1024px\" \/><\/figure>\n\n\n\n<figure class=\"wp-block-image size-large\"><img loading=\"lazy\" decoding=\"async\" width=\"1007\" height=\"1024\" data-id=\"530\" src=\"https:\/\/amm85.fr\/wp-content\/uploads\/2024\/03\/006-1007x1024.jpg\" alt=\"\" class=\"wp-image-530\" srcset=\"https:\/\/amm85.fr\/wp-content\/uploads\/2024\/03\/006-1007x1024.jpg 1007w, https:\/\/amm85.fr\/wp-content\/uploads\/2024\/03\/006-295x300.jpg 295w, https:\/\/amm85.fr\/wp-content\/uploads\/2024\/03\/006-768x781.jpg 768w, https:\/\/amm85.fr\/wp-content\/uploads\/2024\/03\/006-1511x1536.jpg 1511w, https:\/\/amm85.fr\/wp-content\/uploads\/2024\/03\/006-2014x2048.jpg 2014w\" sizes=\"auto, (max-width: 1007px) 100vw, 1007px\" \/><figcaption class=\"wp-element-caption\">Vedette lance torpille PT596 de Gilles.D<\/figcaption><\/figure>\n\n\n\n<figure class=\"wp-block-image size-large\"><img loading=\"lazy\" decoding=\"async\" width=\"1024\" height=\"768\" data-id=\"529\" src=\"https:\/\/amm85.fr\/wp-content\/uploads\/2024\/03\/005-1-1024x768.jpg\" alt=\"\" class=\"wp-image-529\" srcset=\"https:\/\/amm85.fr\/wp-content\/uploads\/2024\/03\/005-1-1024x768.jpg 1024w, https:\/\/amm85.fr\/wp-content\/uploads\/2024\/03\/005-1-300x225.jpg 300w, https:\/\/amm85.fr\/wp-content\/uploads\/2024\/03\/005-1-768x576.jpg 768w, https:\/\/amm85.fr\/wp-content\/uploads\/2024\/03\/005-1-1536x1152.jpg 1536w, https:\/\/amm85.fr\/wp-content\/uploads\/2024\/03\/005-1-2048x1536.jpg 2048w\" sizes=\"auto, (max-width: 1024px) 100vw, 1024px\" \/><figcaption class=\"wp-element-caption\">Richelieu de Frederic<\/figcaption><\/figure>\n\n\n\n<figure class=\"wp-block-image size-large\"><img loading=\"lazy\" decoding=\"async\" width=\"1024\" height=\"718\" data-id=\"524\" src=\"https:\/\/amm85.fr\/wp-content\/uploads\/2024\/03\/001-1024x718.jpg\" alt=\"\" class=\"wp-image-524\" srcset=\"https:\/\/amm85.fr\/wp-content\/uploads\/2024\/03\/001-1024x718.jpg 1024w, https:\/\/amm85.fr\/wp-content\/uploads\/2024\/03\/001-300x210.jpg 300w, https:\/\/amm85.fr\/wp-content\/uploads\/2024\/03\/001-768x538.jpg 768w, https:\/\/amm85.fr\/wp-content\/uploads\/2024\/03\/001.jpg 1288w\" sizes=\"auto, (max-width: 1024px) 100vw, 1024px\" \/><figcaption class=\"wp-element-caption\">Riva aquarama de Dominique<\/figcaption><\/figure>\n<\/figure>\n\n\n\n<div style=\"height:100px\" aria-hidden=\"true\" class=\"wp-block-spacer\"><\/div>\n","protected":false},"excerpt":{"rendered":"","protected":false},"author":2,"featured_media":0,"parent":519,"menu_order":110,"comment_status":"closed","ping_status":"closed","template":"","meta":{"neve_meta_sidebar":"","neve_meta_container":"","neve_meta_enable_content_width":"","neve_meta_content_width":0,"neve_meta_title_alignment":"","neve_meta_author_avatar":"","neve_post_elements_order":"","neve_meta_disable_header":"","neve_meta_disable_footer":"","neve_meta_disable_title":"","footnotes":""},"class_list":["post-522","page","type-page","status-publish","hentry"],"yoast_head":"<!-- This site is optimized with the Yoast SEO plugin v26.3 - https:\/\/yoast.com\/wordpress\/plugins\/seo\/ -->\n<title>le 28 aout \u00e0 Bibrou - AMM85<\/title>\n<meta name=\"robots\" content=\"index, follow, max-snippet:-1, max-image-preview:large, max-video-preview:-1\" \/>\n<link rel=\"canonical\" href=\"https:\/\/amm85.fr\/index.php\/navigations\/2023navig\/le-28-aout-a-bibrou\/\" \/>\n<meta property=\"og:locale\" content=\"fr_FR\" \/>\n<meta property=\"og:type\" content=\"article\" \/>\n<meta property=\"og:title\" content=\"le 28 aout \u00e0 Bibrou - AMM85\" \/>\n<meta property=\"og:url\" content=\"https:\/\/amm85.fr\/index.php\/navigations\/2023navig\/le-28-aout-a-bibrou\/\" \/>\n<meta property=\"og:site_name\" content=\"AMM85\" \/>\n<meta property=\"article:modified_time\" content=\"2024-07-04T21:04:12+00:00\" \/>\n<meta property=\"og:image\" content=\"https:\/\/amm85.fr\/wp-content\/uploads\/2024\/03\/007-1024x844.jpg\" \/>\n<meta name=\"twitter:card\" content=\"summary_large_image\" \/>\n<meta name=\"twitter:label1\" content=\"Dur\u00e9e de lecture estim\u00e9e\" \/>\n\t<meta name=\"twitter:data1\" content=\"2 minutes\" \/>\n<script type=\"application\/ld+json\" class=\"yoast-schema-graph\">{\"@context\":\"https:\/\/schema.org\",\"@graph\":[{\"@type\":\"WebPage\",\"@id\":\"https:\/\/amm85.fr\/index.php\/navigations\/2023navig\/le-28-aout-a-bibrou\/\",\"url\":\"https:\/\/amm85.fr\/index.php\/navigations\/2023navig\/le-28-aout-a-bibrou\/\",\"name\":\"le 28 aout \u00e0 Bibrou - AMM85\",\"isPartOf\":{\"@id\":\"https:\/\/amm85.fr\/#website\"},\"primaryImageOfPage\":{\"@id\":\"https:\/\/amm85.fr\/index.php\/navigations\/2023navig\/le-28-aout-a-bibrou\/#primaryimage\"},\"image\":{\"@id\":\"https:\/\/amm85.fr\/index.php\/navigations\/2023navig\/le-28-aout-a-bibrou\/#primaryimage\"},\"thumbnailUrl\":\"https:\/\/amm85.fr\/wp-content\/uploads\/2024\/03\/007-1024x844.jpg\",\"datePublished\":\"2024-03-12T21:36:33+00:00\",\"dateModified\":\"2024-07-04T21:04:12+00:00\",\"breadcrumb\":{\"@id\":\"https:\/\/amm85.fr\/index.php\/navigations\/2023navig\/le-28-aout-a-bibrou\/#breadcrumb\"},\"inLanguage\":\"fr-FR\",\"potentialAction\":[{\"@type\":\"ReadAction\",\"target\":[\"https:\/\/amm85.fr\/index.php\/navigations\/2023navig\/le-28-aout-a-bibrou\/\"]}]},{\"@type\":\"ImageObject\",\"inLanguage\":\"fr-FR\",\"@id\":\"https:\/\/amm85.fr\/index.php\/navigations\/2023navig\/le-28-aout-a-bibrou\/#primaryimage\",\"url\":\"https:\/\/amm85.fr\/wp-content\/uploads\/2024\/03\/007-scaled.jpg\",\"contentUrl\":\"https:\/\/amm85.fr\/wp-content\/uploads\/2024\/03\/007-scaled.jpg\",\"width\":2560,\"height\":2110},{\"@type\":\"BreadcrumbList\",\"@id\":\"https:\/\/amm85.fr\/index.php\/navigations\/2023navig\/le-28-aout-a-bibrou\/#breadcrumb\",\"itemListElement\":[{\"@type\":\"ListItem\",\"position\":1,\"name\":\"Accueil\",\"item\":\"https:\/\/amm85.fr\/\"},{\"@type\":\"ListItem\",\"position\":2,\"name\":\"Navigations\",\"item\":\"https:\/\/amm85.fr\/index.php\/navigations\/\"},{\"@type\":\"ListItem\",\"position\":3,\"name\":\"2023\",\"item\":\"https:\/\/amm85.fr\/index.php\/navigations\/2023navig\/\"},{\"@type\":\"ListItem\",\"position\":4,\"name\":\"le 28 aout \u00e0 Bibrou\"}]},{\"@type\":\"WebSite\",\"@id\":\"https:\/\/amm85.fr\/#website\",\"url\":\"https:\/\/amm85.fr\/\",\"name\":\"AMM85\",\"description\":\"Association de mod\u00e9lisme Mothais : naval et  camion. Navigation, construction,  exposition. achards  situ\u00e9 dans la commune des Achards 85150 en Vend\u00e9e\",\"publisher\":{\"@id\":\"https:\/\/amm85.fr\/#organization\"},\"potentialAction\":[{\"@type\":\"SearchAction\",\"target\":{\"@type\":\"EntryPoint\",\"urlTemplate\":\"https:\/\/amm85.fr\/?s={search_term_string}\"},\"query-input\":{\"@type\":\"PropertyValueSpecification\",\"valueRequired\":true,\"valueName\":\"search_term_string\"}}],\"inLanguage\":\"fr-FR\"},{\"@type\":\"Organization\",\"@id\":\"https:\/\/amm85.fr\/#organization\",\"name\":\"Amicale du mod\u00e9lisme mothais\",\"url\":\"https:\/\/amm85.fr\/\",\"logo\":{\"@type\":\"ImageObject\",\"inLanguage\":\"fr-FR\",\"@id\":\"https:\/\/amm85.fr\/#\/schema\/logo\/image\/\",\"url\":\"\",\"contentUrl\":\"\",\"caption\":\"Amicale du mod\u00e9lisme mothais\"},\"image\":{\"@id\":\"https:\/\/amm85.fr\/#\/schema\/logo\/image\/\"}}]}<\/script>\n<!-- \/ Yoast SEO plugin. -->","yoast_head_json":{"title":"le 28 aout \u00e0 Bibrou - AMM85","robots":{"index":"index","follow":"follow","max-snippet":"max-snippet:-1","max-image-preview":"max-image-preview:large","max-video-preview":"max-video-preview:-1"},"canonical":"https:\/\/amm85.fr\/index.php\/navigations\/2023navig\/le-28-aout-a-bibrou\/","og_locale":"fr_FR","og_type":"article","og_title":"le 28 aout \u00e0 Bibrou - AMM85","og_url":"https:\/\/amm85.fr\/index.php\/navigations\/2023navig\/le-28-aout-a-bibrou\/","og_site_name":"AMM85","article_modified_time":"2024-07-04T21:04:12+00:00","og_image":[{"url":"https:\/\/amm85.fr\/wp-content\/uploads\/2024\/03\/007-1024x844.jpg","type":"","width":"","height":""}],"twitter_card":"summary_large_image","twitter_misc":{"Dur\u00e9e de lecture estim\u00e9e":"2 minutes"},"schema":{"@context":"https:\/\/schema.org","@graph":[{"@type":"WebPage","@id":"https:\/\/amm85.fr\/index.php\/navigations\/2023navig\/le-28-aout-a-bibrou\/","url":"https:\/\/amm85.fr\/index.php\/navigations\/2023navig\/le-28-aout-a-bibrou\/","name":"le 28 aout \u00e0 Bibrou - AMM85","isPartOf":{"@id":"https:\/\/amm85.fr\/#website"},"primaryImageOfPage":{"@id":"https:\/\/amm85.fr\/index.php\/navigations\/2023navig\/le-28-aout-a-bibrou\/#primaryimage"},"image":{"@id":"https:\/\/amm85.fr\/index.php\/navigations\/2023navig\/le-28-aout-a-bibrou\/#primaryimage"},"thumbnailUrl":"https:\/\/amm85.fr\/wp-content\/uploads\/2024\/03\/007-1024x844.jpg","datePublished":"2024-03-12T21:36:33+00:00","dateModified":"2024-07-04T21:04:12+00:00","breadcrumb":{"@id":"https:\/\/amm85.fr\/index.php\/navigations\/2023navig\/le-28-aout-a-bibrou\/#breadcrumb"},"inLanguage":"fr-FR","potentialAction":[{"@type":"ReadAction","target":["https:\/\/amm85.fr\/index.php\/navigations\/2023navig\/le-28-aout-a-bibrou\/"]}]},{"@type":"ImageObject","inLanguage":"fr-FR","@id":"https:\/\/amm85.fr\/index.php\/navigations\/2023navig\/le-28-aout-a-bibrou\/#primaryimage","url":"https:\/\/amm85.fr\/wp-content\/uploads\/2024\/03\/007-scaled.jpg","contentUrl":"https:\/\/amm85.fr\/wp-content\/uploads\/2024\/03\/007-scaled.jpg","width":2560,"height":2110},{"@type":"BreadcrumbList","@id":"https:\/\/amm85.fr\/index.php\/navigations\/2023navig\/le-28-aout-a-bibrou\/#breadcrumb","itemListElement":[{"@type":"ListItem","position":1,"name":"Accueil","item":"https:\/\/amm85.fr\/"},{"@type":"ListItem","position":2,"name":"Navigations","item":"https:\/\/amm85.fr\/index.php\/navigations\/"},{"@type":"ListItem","position":3,"name":"2023","item":"https:\/\/amm85.fr\/index.php\/navigations\/2023navig\/"},{"@type":"ListItem","position":4,"name":"le 28 aout \u00e0 Bibrou"}]},{"@type":"WebSite","@id":"https:\/\/amm85.fr\/#website","url":"https:\/\/amm85.fr\/","name":"AMM85","description":"Association de mod\u00e9lisme Mothais : naval et  camion. Navigation, construction,  exposition. achards  situ\u00e9 dans la commune des Achards 85150 en Vend\u00e9e","publisher":{"@id":"https:\/\/amm85.fr\/#organization"},"potentialAction":[{"@type":"SearchAction","target":{"@type":"EntryPoint","urlTemplate":"https:\/\/amm85.fr\/?s={search_term_string}"},"query-input":{"@type":"PropertyValueSpecification","valueRequired":true,"valueName":"search_term_string"}}],"inLanguage":"fr-FR"},{"@type":"Organization","@id":"https:\/\/amm85.fr\/#organization","name":"Amicale du mod\u00e9lisme mothais","url":"https:\/\/amm85.fr\/","logo":{"@type":"ImageObject","inLanguage":"fr-FR","@id":"https:\/\/amm85.fr\/#\/schema\/logo\/image\/","url":"","contentUrl":"","caption":"Amicale du mod\u00e9lisme mothais"},"image":{"@id":"https:\/\/amm85.fr\/#\/schema\/logo\/image\/"}}]}},"_links":{"self":[{"href":"https:\/\/amm85.fr\/index.php\/wp-json\/wp\/v2\/pages\/522","targetHints":{"allow":["GET"]}}],"collection":[{"href":"https:\/\/amm85.fr\/index.php\/wp-json\/wp\/v2\/pages"}],"about":[{"href":"https:\/\/amm85.fr\/index.php\/wp-json\/wp\/v2\/types\/page"}],"author":[{"embeddable":true,"href":"https:\/\/amm85.fr\/index.php\/wp-json\/wp\/v2\/users\/2"}],"replies":[{"embeddable":true,"href":"https:\/\/amm85.fr\/index.php\/wp-json\/wp\/v2\/comments?post=522"}],"version-history":[{"count":10,"href":"https:\/\/amm85.fr\/index.php\/wp-json\/wp\/v2\/pages\/522\/revisions"}],"predecessor-version":[{"id":975,"href":"https:\/\/amm85.fr\/index.php\/wp-json\/wp\/v2\/pages\/522\/revisions\/975"}],"up":[{"embeddable":true,"href":"https:\/\/amm85.fr\/index.php\/wp-json\/wp\/v2\/pages\/519"}],"wp:attachment":[{"href":"https:\/\/amm85.fr\/index.php\/wp-json\/wp\/v2\/media?parent=522"}],"curies":[{"name":"wp","href":"https:\/\/api.w.org\/{rel}","templated":true}]}}