{"id":445,"date":"2024-03-12T16:39:58","date_gmt":"2024-03-12T15:39:58","guid":{"rendered":"https:\/\/amm85.fr\/?page_id=445"},"modified":"2024-10-06T23:33:51","modified_gmt":"2024-10-06T21:33:51","slug":"navires-de-service","status":"publish","type":"page","link":"https:\/\/amm85.fr\/index.php\/nos-realisations\/navires-de-service\/","title":{"rendered":"Navires de service"},"content":{"rendered":"<div class=\"ls_container\"><h3 class=\"widget_title\">Sous menus<\/h3><ul class=\"ls_page_list\"><li><a href=\"https:\/\/amm85.fr\/index.php\/nos-realisations\/navires-de-service\/lantea-realise-par-dominique-r\/\">L&#8217;Ant\u00e9a (Dominique R)<\/a><\/li><li><a href=\"https:\/\/amm85.fr\/index.php\/nos-realisations\/navires-de-service\/snsm-118-par-michel-p\/\">SNSM 118 (Michel P)<\/a><\/li><li><a href=\"https:\/\/amm85.fr\/index.php\/nos-realisations\/navires-de-service\/le-pourquoi-pas-de-jean-michel-b\/\">Le Pourquoi Pas (Jean Michel B)<\/a><\/li><li><a href=\"https:\/\/amm85.fr\/index.php\/nos-realisations\/navires-de-service\/lastrolabe-de-bernard\/\">L&#8217;Astrolabe (Bernard C)<\/a><\/li><li><a href=\"https:\/\/amm85.fr\/index.php\/nos-realisations\/navires-de-service\/lifeboat\/\">LIFEBOAT (Michel A.)<\/a><\/li><li><a href=\"https:\/\/amm85.fr\/index.php\/nos-realisations\/navires-de-service\/les-mini-med\/\">Mini-Med<\/a><\/li><li><a href=\"https:\/\/amm85.fr\/index.php\/nos-realisations\/navires-de-service\/snsm-142-la-teignouse\/\">SNSM 142 &#8220;La Teignouse&#8221; (Dominique R)<\/a><\/li><li><a href=\"https:\/\/amm85.fr\/index.php\/nos-realisations\/navires-de-service\/laramis-alain-b\/\">L&#8217;Aramis (Alain B)<\/a><\/li><li><a href=\"https:\/\/amm85.fr\/index.php\/nos-realisations\/navires-de-service\/labeille-liberte-jean-michel\/\">L&#8217;Abeille Libert\u00e9 (Jean Michel)<\/a><\/li><li><a href=\"https:\/\/amm85.fr\/index.php\/nos-realisations\/navires-de-service\/leuregia-jean-michel\/\">L&#8217;Euregia (Jean Michel)<\/a><\/li><li><a href=\"https:\/\/amm85.fr\/index.php\/nos-realisations\/navires-de-service\/le-seacor-lynx\/\">Le Seacor Lynx (Jean Michel)<\/a><\/li><li><a href=\"https:\/\/amm85.fr\/index.php\/nos-realisations\/navires-de-service\/le-bourbon-evolution-804-jean-michel\/\">Le Bourbon Evolution 804 (Jean Michel)<\/a><\/li><li><a href=\"https:\/\/amm85.fr\/index.php\/nos-realisations\/navires-de-service\/lhenry-boutteville-jean-michel\/\">L&#8217;Henry Boutteville (Jean Michel)<\/a><\/li><li><a href=\"https:\/\/amm85.fr\/index.php\/nos-realisations\/navires-de-service\/lalpha-70-alain-b\/\">L&#8217;alpha 70 (Alain B)<\/a><\/li><\/ul><\/div>\n","protected":false},"excerpt":{"rendered":"","protected":false},"author":2,"featured_media":0,"parent":45,"menu_order":40,"comment_status":"closed","ping_status":"closed","template":"","meta":{"neve_meta_sidebar":"","neve_meta_container":"","neve_meta_enable_content_width":"","neve_meta_content_width":0,"neve_meta_title_alignment":"","neve_meta_author_avatar":"","neve_post_elements_order":"","neve_meta_disable_header":"","neve_meta_disable_footer":"","neve_meta_disable_title":"","footnotes":""},"class_list":["post-445","page","type-page","status-publish","hentry"],"yoast_head":"<!-- This site is optimized with the Yoast SEO plugin v26.3 - https:\/\/yoast.com\/wordpress\/plugins\/seo\/ -->\n<title>Navires de service - AMM85<\/title>\n<meta name=\"robots\" content=\"index, follow, max-snippet:-1, max-image-preview:large, max-video-preview:-1\" \/>\n<link rel=\"canonical\" href=\"https:\/\/amm85.fr\/index.php\/nos-realisations\/navires-de-service\/\" \/>\n<meta property=\"og:locale\" content=\"fr_FR\" \/>\n<meta property=\"og:type\" content=\"article\" \/>\n<meta property=\"og:title\" content=\"Navires de service - AMM85\" \/>\n<meta property=\"og:url\" content=\"https:\/\/amm85.fr\/index.php\/nos-realisations\/navires-de-service\/\" \/>\n<meta property=\"og:site_name\" content=\"AMM85\" \/>\n<meta property=\"article:modified_time\" content=\"2024-10-06T21:33:51+00:00\" \/>\n<meta name=\"twitter:card\" content=\"summary_large_image\" \/>\n<meta name=\"twitter:label1\" content=\"Dur\u00e9e de lecture estim\u00e9e\" \/>\n\t<meta name=\"twitter:data1\" content=\"1 minute\" \/>\n<script type=\"application\/ld+json\" class=\"yoast-schema-graph\">{\"@context\":\"https:\/\/schema.org\",\"@graph\":[{\"@type\":\"WebPage\",\"@id\":\"https:\/\/amm85.fr\/index.php\/nos-realisations\/navires-de-service\/\",\"url\":\"https:\/\/amm85.fr\/index.php\/nos-realisations\/navires-de-service\/\",\"name\":\"Navires de service - AMM85\",\"isPartOf\":{\"@id\":\"https:\/\/amm85.fr\/#website\"},\"datePublished\":\"2024-03-12T15:39:58+00:00\",\"dateModified\":\"2024-10-06T21:33:51+00:00\",\"breadcrumb\":{\"@id\":\"https:\/\/amm85.fr\/index.php\/nos-realisations\/navires-de-service\/#breadcrumb\"},\"inLanguage\":\"fr-FR\",\"potentialAction\":[{\"@type\":\"ReadAction\",\"target\":[\"https:\/\/amm85.fr\/index.php\/nos-realisations\/navires-de-service\/\"]}]},{\"@type\":\"BreadcrumbList\",\"@id\":\"https:\/\/amm85.fr\/index.php\/nos-realisations\/navires-de-service\/#breadcrumb\",\"itemListElement\":[{\"@type\":\"ListItem\",\"position\":1,\"name\":\"Accueil\",\"item\":\"https:\/\/amm85.fr\/\"},{\"@type\":\"ListItem\",\"position\":2,\"name\":\"Nos r\u00e9alisations\",\"item\":\"https:\/\/amm85.fr\/index.php\/nos-realisations\/\"},{\"@type\":\"ListItem\",\"position\":3,\"name\":\"Navires de service\"}]},{\"@type\":\"WebSite\",\"@id\":\"https:\/\/amm85.fr\/#website\",\"url\":\"https:\/\/amm85.fr\/\",\"name\":\"AMM85\",\"description\":\"Association de mod\u00e9lisme Mothais : naval et  camion. Navigation, construction,  exposition. achards  situ\u00e9 dans la commune des Achards 85150 en Vend\u00e9e\",\"publisher\":{\"@id\":\"https:\/\/amm85.fr\/#organization\"},\"potentialAction\":[{\"@type\":\"SearchAction\",\"target\":{\"@type\":\"EntryPoint\",\"urlTemplate\":\"https:\/\/amm85.fr\/?s={search_term_string}\"},\"query-input\":{\"@type\":\"PropertyValueSpecification\",\"valueRequired\":true,\"valueName\":\"search_term_string\"}}],\"inLanguage\":\"fr-FR\"},{\"@type\":\"Organization\",\"@id\":\"https:\/\/amm85.fr\/#organization\",\"name\":\"Amicale du mod\u00e9lisme mothais\",\"url\":\"https:\/\/amm85.fr\/\",\"logo\":{\"@type\":\"ImageObject\",\"inLanguage\":\"fr-FR\",\"@id\":\"https:\/\/amm85.fr\/#\/schema\/logo\/image\/\",\"url\":\"\",\"contentUrl\":\"\",\"caption\":\"Amicale du mod\u00e9lisme mothais\"},\"image\":{\"@id\":\"https:\/\/amm85.fr\/#\/schema\/logo\/image\/\"}}]}<\/script>\n<!-- \/ Yoast SEO plugin. -->","yoast_head_json":{"title":"Navires de service - AMM85","robots":{"index":"index","follow":"follow","max-snippet":"max-snippet:-1","max-image-preview":"max-image-preview:large","max-video-preview":"max-video-preview:-1"},"canonical":"https:\/\/amm85.fr\/index.php\/nos-realisations\/navires-de-service\/","og_locale":"fr_FR","og_type":"article","og_title":"Navires de service - AMM85","og_url":"https:\/\/amm85.fr\/index.php\/nos-realisations\/navires-de-service\/","og_site_name":"AMM85","article_modified_time":"2024-10-06T21:33:51+00:00","twitter_card":"summary_large_image","twitter_misc":{"Dur\u00e9e de lecture estim\u00e9e":"1 minute"},"schema":{"@context":"https:\/\/schema.org","@graph":[{"@type":"WebPage","@id":"https:\/\/amm85.fr\/index.php\/nos-realisations\/navires-de-service\/","url":"https:\/\/amm85.fr\/index.php\/nos-realisations\/navires-de-service\/","name":"Navires de service - AMM85","isPartOf":{"@id":"https:\/\/amm85.fr\/#website"},"datePublished":"2024-03-12T15:39:58+00:00","dateModified":"2024-10-06T21:33:51+00:00","breadcrumb":{"@id":"https:\/\/amm85.fr\/index.php\/nos-realisations\/navires-de-service\/#breadcrumb"},"inLanguage":"fr-FR","potentialAction":[{"@type":"ReadAction","target":["https:\/\/amm85.fr\/index.php\/nos-realisations\/navires-de-service\/"]}]},{"@type":"BreadcrumbList","@id":"https:\/\/amm85.fr\/index.php\/nos-realisations\/navires-de-service\/#breadcrumb","itemListElement":[{"@type":"ListItem","position":1,"name":"Accueil","item":"https:\/\/amm85.fr\/"},{"@type":"ListItem","position":2,"name":"Nos r\u00e9alisations","item":"https:\/\/amm85.fr\/index.php\/nos-realisations\/"},{"@type":"ListItem","position":3,"name":"Navires de service"}]},{"@type":"WebSite","@id":"https:\/\/amm85.fr\/#website","url":"https:\/\/amm85.fr\/","name":"AMM85","description":"Association de mod\u00e9lisme Mothais : naval et  camion. Navigation, construction,  exposition. achards  situ\u00e9 dans la commune des Achards 85150 en Vend\u00e9e","publisher":{"@id":"https:\/\/amm85.fr\/#organization"},"potentialAction":[{"@type":"SearchAction","target":{"@type":"EntryPoint","urlTemplate":"https:\/\/amm85.fr\/?s={search_term_string}"},"query-input":{"@type":"PropertyValueSpecification","valueRequired":true,"valueName":"search_term_string"}}],"inLanguage":"fr-FR"},{"@type":"Organization","@id":"https:\/\/amm85.fr\/#organization","name":"Amicale du mod\u00e9lisme mothais","url":"https:\/\/amm85.fr\/","logo":{"@type":"ImageObject","inLanguage":"fr-FR","@id":"https:\/\/amm85.fr\/#\/schema\/logo\/image\/","url":"","contentUrl":"","caption":"Amicale du mod\u00e9lisme mothais"},"image":{"@id":"https:\/\/amm85.fr\/#\/schema\/logo\/image\/"}}]}},"_links":{"self":[{"href":"https:\/\/amm85.fr\/index.php\/wp-json\/wp\/v2\/pages\/445","targetHints":{"allow":["GET"]}}],"collection":[{"href":"https:\/\/amm85.fr\/index.php\/wp-json\/wp\/v2\/pages"}],"about":[{"href":"https:\/\/amm85.fr\/index.php\/wp-json\/wp\/v2\/types\/page"}],"author":[{"embeddable":true,"href":"https:\/\/amm85.fr\/index.php\/wp-json\/wp\/v2\/users\/2"}],"replies":[{"embeddable":true,"href":"https:\/\/amm85.fr\/index.php\/wp-json\/wp\/v2\/comments?post=445"}],"version-history":[{"count":2,"href":"https:\/\/amm85.fr\/index.php\/wp-json\/wp\/v2\/pages\/445\/revisions"}],"predecessor-version":[{"id":2626,"href":"https:\/\/amm85.fr\/index.php\/wp-json\/wp\/v2\/pages\/445\/revisions\/2626"}],"up":[{"embeddable":true,"href":"https:\/\/amm85.fr\/index.php\/wp-json\/wp\/v2\/pages\/45"}],"wp:attachment":[{"href":"https:\/\/amm85.fr\/index.php\/wp-json\/wp\/v2\/media?parent=445"}],"curies":[{"name":"wp","href":"https:\/\/api.w.org\/{rel}","templated":true}]}}