{"id":3565,"date":"2025-06-28T11:39:31","date_gmt":"2025-06-28T09:39:31","guid":{"rendered":"https:\/\/amm85.fr\/?page_id=3565"},"modified":"2025-06-28T11:40:16","modified_gmt":"2025-06-28T09:40:16","slug":"le-21-juin-a-saint-hilaire-de-riez","status":"publish","type":"page","link":"https:\/\/amm85.fr\/index.php\/navigations\/2025-2\/le-21-juin-a-saint-hilaire-de-riez\/","title":{"rendered":"Le 21 Juin \u00e0 Saint Hilaire de Riez"},"content":{"rendered":"\n<div style=\"height:100px\" aria-hidden=\"true\" class=\"wp-block-spacer\"><\/div>\n\n\n\n<figure class=\"wp-block-image size-large\"><img loading=\"lazy\" decoding=\"async\" width=\"724\" height=\"1024\" src=\"https:\/\/amm85.fr\/wp-content\/uploads\/2025\/06\/001-1-724x1024.jpg\" alt=\"\" class=\"wp-image-3566\" srcset=\"https:\/\/amm85.fr\/wp-content\/uploads\/2025\/06\/001-1-724x1024.jpg 724w, https:\/\/amm85.fr\/wp-content\/uploads\/2025\/06\/001-1-212x300.jpg 212w, https:\/\/amm85.fr\/wp-content\/uploads\/2025\/06\/001-1-768x1086.jpg 768w, https:\/\/amm85.fr\/wp-content\/uploads\/2025\/06\/001-1-1086x1536.jpg 1086w, https:\/\/amm85.fr\/wp-content\/uploads\/2025\/06\/001-1.jpg 1414w\" sizes=\"auto, (max-width: 724px) 100vw, 724px\" \/><\/figure>\n\n\n\n<div style=\"height:100px\" aria-hidden=\"true\" class=\"wp-block-spacer\"><\/div>\n\n\n\n<p>Navigation chez nos amis &#8220;Miniflotte 85&#8221; \u00e0 Saint Hilaire de Riez. Tr\u00e8s bon accueil, le vent et le soleil \u00e9taient pr\u00e9sent, l&#8217;id\u00e9al pour les voiliers.<\/p>\n\n\n\n<figure class=\"wp-block-gallery has-nested-images columns-default is-cropped wp-block-gallery-1 is-layout-flex wp-block-gallery-is-layout-flex\">\n<figure class=\"wp-block-image size-large\"><img loading=\"lazy\" decoding=\"async\" width=\"768\" height=\"1024\" data-id=\"3568\" src=\"https:\/\/amm85.fr\/wp-content\/uploads\/2025\/06\/002-1-768x1024.jpg\" alt=\"\" class=\"wp-image-3568\" srcset=\"https:\/\/amm85.fr\/wp-content\/uploads\/2025\/06\/002-1-768x1024.jpg 768w, https:\/\/amm85.fr\/wp-content\/uploads\/2025\/06\/002-1-225x300.jpg 225w, https:\/\/amm85.fr\/wp-content\/uploads\/2025\/06\/002-1-1152x1536.jpg 1152w, https:\/\/amm85.fr\/wp-content\/uploads\/2025\/06\/002-1.jpg 1500w\" sizes=\"auto, (max-width: 768px) 100vw, 768px\" \/><\/figure>\n\n\n\n<figure class=\"wp-block-image size-large\"><img loading=\"lazy\" decoding=\"async\" width=\"768\" height=\"1024\" data-id=\"3567\" src=\"https:\/\/amm85.fr\/wp-content\/uploads\/2025\/06\/003-1-768x1024.jpg\" alt=\"\" class=\"wp-image-3567\" srcset=\"https:\/\/amm85.fr\/wp-content\/uploads\/2025\/06\/003-1-768x1024.jpg 768w, https:\/\/amm85.fr\/wp-content\/uploads\/2025\/06\/003-1-225x300.jpg 225w, https:\/\/amm85.fr\/wp-content\/uploads\/2025\/06\/003-1-1152x1536.jpg 1152w, https:\/\/amm85.fr\/wp-content\/uploads\/2025\/06\/003-1.jpg 1500w\" sizes=\"auto, (max-width: 768px) 100vw, 768px\" \/><\/figure>\n\n\n\n<figure class=\"wp-block-image size-large\"><img loading=\"lazy\" decoding=\"async\" width=\"768\" height=\"1024\" data-id=\"3569\" src=\"https:\/\/amm85.fr\/wp-content\/uploads\/2025\/06\/004-1-768x1024.jpg\" alt=\"\" class=\"wp-image-3569\" srcset=\"https:\/\/amm85.fr\/wp-content\/uploads\/2025\/06\/004-1-768x1024.jpg 768w, https:\/\/amm85.fr\/wp-content\/uploads\/2025\/06\/004-1-225x300.jpg 225w, https:\/\/amm85.fr\/wp-content\/uploads\/2025\/06\/004-1-1152x1536.jpg 1152w, https:\/\/amm85.fr\/wp-content\/uploads\/2025\/06\/004-1.jpg 1500w\" sizes=\"auto, (max-width: 768px) 100vw, 768px\" \/><\/figure>\n<\/figure>\n\n\n\n<figure class=\"wp-block-gallery has-nested-images columns-default is-cropped wp-block-gallery-2 is-layout-flex wp-block-gallery-is-layout-flex\">\n<figure class=\"wp-block-image size-large\"><img loading=\"lazy\" decoding=\"async\" width=\"1024\" height=\"768\" data-id=\"3571\" src=\"https:\/\/amm85.fr\/wp-content\/uploads\/2025\/06\/005-1024x768.jpg\" alt=\"\" class=\"wp-image-3571\" srcset=\"https:\/\/amm85.fr\/wp-content\/uploads\/2025\/06\/005-1024x768.jpg 1024w, https:\/\/amm85.fr\/wp-content\/uploads\/2025\/06\/005-300x225.jpg 300w, https:\/\/amm85.fr\/wp-content\/uploads\/2025\/06\/005-768x576.jpg 768w, https:\/\/amm85.fr\/wp-content\/uploads\/2025\/06\/005.jpg 1500w\" sizes=\"auto, (max-width: 1024px) 100vw, 1024px\" \/><\/figure>\n\n\n\n<figure class=\"wp-block-image size-large\"><img loading=\"lazy\" decoding=\"async\" width=\"1024\" height=\"768\" data-id=\"3570\" src=\"https:\/\/amm85.fr\/wp-content\/uploads\/2025\/06\/007-1024x768.jpg\" alt=\"\" class=\"wp-image-3570\" srcset=\"https:\/\/amm85.fr\/wp-content\/uploads\/2025\/06\/007-1024x768.jpg 1024w, https:\/\/amm85.fr\/wp-content\/uploads\/2025\/06\/007-300x225.jpg 300w, https:\/\/amm85.fr\/wp-content\/uploads\/2025\/06\/007-768x576.jpg 768w, https:\/\/amm85.fr\/wp-content\/uploads\/2025\/06\/007.jpg 1500w\" sizes=\"auto, (max-width: 1024px) 100vw, 1024px\" \/><\/figure>\n<\/figure>\n\n\n\n<div style=\"height:100px\" aria-hidden=\"true\" class=\"wp-block-spacer\"><\/div>\n\n\n\n<p>L&#8217;Alcyone de Fr\u00e9d\u00e9ric<\/p>\n\n\n\n<figure class=\"wp-block-gallery has-nested-images columns-default is-cropped wp-block-gallery-3 is-layout-flex wp-block-gallery-is-layout-flex\">\n<figure class=\"wp-block-image size-large\"><img loading=\"lazy\" decoding=\"async\" width=\"768\" height=\"1024\" data-id=\"3574\" src=\"https:\/\/amm85.fr\/wp-content\/uploads\/2025\/06\/011-1-768x1024.jpg\" alt=\"\" class=\"wp-image-3574\" srcset=\"https:\/\/amm85.fr\/wp-content\/uploads\/2025\/06\/011-1-768x1024.jpg 768w, https:\/\/amm85.fr\/wp-content\/uploads\/2025\/06\/011-1-225x300.jpg 225w, https:\/\/amm85.fr\/wp-content\/uploads\/2025\/06\/011-1-1152x1536.jpg 1152w, https:\/\/amm85.fr\/wp-content\/uploads\/2025\/06\/011-1.jpg 1500w\" sizes=\"auto, (max-width: 768px) 100vw, 768px\" \/><\/figure>\n\n\n\n<figure class=\"wp-block-image size-large\"><img loading=\"lazy\" decoding=\"async\" width=\"768\" height=\"1024\" data-id=\"3572\" src=\"https:\/\/amm85.fr\/wp-content\/uploads\/2025\/06\/012-1-768x1024.jpg\" alt=\"\" class=\"wp-image-3572\" srcset=\"https:\/\/amm85.fr\/wp-content\/uploads\/2025\/06\/012-1-768x1024.jpg 768w, https:\/\/amm85.fr\/wp-content\/uploads\/2025\/06\/012-1-225x300.jpg 225w, https:\/\/amm85.fr\/wp-content\/uploads\/2025\/06\/012-1-1152x1536.jpg 1152w, https:\/\/amm85.fr\/wp-content\/uploads\/2025\/06\/012-1.jpg 1500w\" sizes=\"auto, (max-width: 768px) 100vw, 768px\" \/><\/figure>\n\n\n\n<figure class=\"wp-block-image size-large\"><img loading=\"lazy\" decoding=\"async\" width=\"428\" height=\"571\" data-id=\"3573\" src=\"https:\/\/amm85.fr\/wp-content\/uploads\/2025\/06\/013-1.jpg\" alt=\"\" class=\"wp-image-3573\" srcset=\"https:\/\/amm85.fr\/wp-content\/uploads\/2025\/06\/013-1.jpg 428w, https:\/\/amm85.fr\/wp-content\/uploads\/2025\/06\/013-1-225x300.jpg 225w\" sizes=\"auto, (max-width: 428px) 100vw, 428px\" \/><\/figure>\n<\/figure>\n\n\n\n<div style=\"height:100px\" aria-hidden=\"true\" class=\"wp-block-spacer\"><\/div>\n\n\n\n<p>Le Catamaran de Noham<\/p>\n\n\n\n<figure class=\"wp-block-gallery has-nested-images columns-default is-cropped wp-block-gallery-4 is-layout-flex wp-block-gallery-is-layout-flex\">\n<figure class=\"wp-block-image size-large\"><img loading=\"lazy\" decoding=\"async\" width=\"768\" height=\"1024\" data-id=\"3575\" src=\"https:\/\/amm85.fr\/wp-content\/uploads\/2025\/06\/033-1-768x1024.jpg\" alt=\"\" class=\"wp-image-3575\" srcset=\"https:\/\/amm85.fr\/wp-content\/uploads\/2025\/06\/033-1-768x1024.jpg 768w, https:\/\/amm85.fr\/wp-content\/uploads\/2025\/06\/033-1-225x300.jpg 225w, https:\/\/amm85.fr\/wp-content\/uploads\/2025\/06\/033-1-1152x1536.jpg 1152w, https:\/\/amm85.fr\/wp-content\/uploads\/2025\/06\/033-1.jpg 1500w\" sizes=\"auto, (max-width: 768px) 100vw, 768px\" \/><\/figure>\n\n\n\n<figure class=\"wp-block-image size-large\"><img loading=\"lazy\" decoding=\"async\" width=\"768\" height=\"1024\" data-id=\"3576\" src=\"https:\/\/amm85.fr\/wp-content\/uploads\/2025\/06\/034-768x1024.jpg\" alt=\"\" class=\"wp-image-3576\" srcset=\"https:\/\/amm85.fr\/wp-content\/uploads\/2025\/06\/034-768x1024.jpg 768w, https:\/\/amm85.fr\/wp-content\/uploads\/2025\/06\/034-225x300.jpg 225w, https:\/\/amm85.fr\/wp-content\/uploads\/2025\/06\/034-1152x1536.jpg 1152w, https:\/\/amm85.fr\/wp-content\/uploads\/2025\/06\/034.jpg 1500w\" sizes=\"auto, (max-width: 768px) 100vw, 768px\" \/><\/figure>\n<\/figure>\n\n\n\n<figure class=\"wp-block-video\"><video height=\"832\" style=\"aspect-ratio: 464 \/ 832;\" width=\"464\" controls src=\"https:\/\/amm85.fr\/wp-content\/uploads\/2025\/06\/VID-20250621-WA0014.mp4\"><\/video><\/figure>\n\n\n\n<div style=\"height:100px\" aria-hidden=\"true\" class=\"wp-block-spacer\"><\/div>\n\n\n\n<p>Le Richelieu de Fr\u00e9d\u00e9ric<\/p>\n\n\n\n<p><\/p>\n\n\n\n<figure class=\"wp-block-gallery has-nested-images columns-default is-cropped wp-block-gallery-5 is-layout-flex wp-block-gallery-is-layout-flex\">\n<figure class=\"wp-block-image size-large\"><img loading=\"lazy\" decoding=\"async\" width=\"1024\" height=\"768\" data-id=\"3577\" src=\"https:\/\/amm85.fr\/wp-content\/uploads\/2025\/06\/015-1024x768.jpg\" alt=\"\" class=\"wp-image-3577\" srcset=\"https:\/\/amm85.fr\/wp-content\/uploads\/2025\/06\/015-1024x768.jpg 1024w, https:\/\/amm85.fr\/wp-content\/uploads\/2025\/06\/015-300x225.jpg 300w, https:\/\/amm85.fr\/wp-content\/uploads\/2025\/06\/015-768x576.jpg 768w, https:\/\/amm85.fr\/wp-content\/uploads\/2025\/06\/015.jpg 1500w\" sizes=\"auto, (max-width: 1024px) 100vw, 1024px\" \/><\/figure>\n\n\n\n<figure class=\"wp-block-image size-large\"><img loading=\"lazy\" decoding=\"async\" width=\"768\" height=\"1024\" data-id=\"3579\" src=\"https:\/\/amm85.fr\/wp-content\/uploads\/2025\/06\/020-2-768x1024.jpg\" alt=\"\" class=\"wp-image-3579\" srcset=\"https:\/\/amm85.fr\/wp-content\/uploads\/2025\/06\/020-2-768x1024.jpg 768w, https:\/\/amm85.fr\/wp-content\/uploads\/2025\/06\/020-2-225x300.jpg 225w, https:\/\/amm85.fr\/wp-content\/uploads\/2025\/06\/020-2-1152x1536.jpg 1152w, https:\/\/amm85.fr\/wp-content\/uploads\/2025\/06\/020-2.jpg 1500w\" sizes=\"auto, (max-width: 768px) 100vw, 768px\" \/><\/figure>\n<\/figure>\n\n\n\n<div style=\"height:100px\" aria-hidden=\"true\" class=\"wp-block-spacer\"><\/div>\n\n\n\n<p>Deuxi\u00e8me mise \u00e0 l&#8217;eau du snsm142 &#8221; la Teignouse&#8221; de Dominique, essai concluant.<\/p>\n\n\n\n<figure class=\"wp-block-embed is-type-video is-provider-youtube wp-block-embed-youtube wp-embed-aspect-16-9 wp-has-aspect-ratio\"><div class=\"wp-block-embed__wrapper\">\n<div class=\"nv-iframe-embed\"><iframe loading=\"lazy\" title=\"VID 20250621 112947\" width=\"1200\" height=\"675\" src=\"https:\/\/www.youtube.com\/embed\/xQZ25fVCFEI?feature=oembed\" frameborder=\"0\" allow=\"accelerometer; autoplay; clipboard-write; encrypted-media; gyroscope; picture-in-picture; web-share\" referrerpolicy=\"strict-origin-when-cross-origin\" allowfullscreen><\/iframe><\/div>\n<\/div><\/figure>\n\n\n\n<div style=\"height:100px\" aria-hidden=\"true\" class=\"wp-block-spacer\"><\/div>\n","protected":false},"excerpt":{"rendered":"<p>Navigation chez nos amis &#8220;Miniflotte 85&#8221; \u00e0 Saint Hilaire de Riez. Tr\u00e8s bon accueil, le vent et le soleil \u00e9taient pr\u00e9sent, l&#8217;id\u00e9al pour les voiliers. L&#8217;Alcyone de Fr\u00e9d\u00e9ric Le Catamaran&hellip;&nbsp;<a href=\"https:\/\/amm85.fr\/index.php\/navigations\/2025-2\/le-21-juin-a-saint-hilaire-de-riez\/\" rel=\"bookmark\">Lire la suite &raquo;<span class=\"screen-reader-text\">Le 21 Juin \u00e0 Saint Hilaire de Riez<\/span><\/a><\/p>\n","protected":false},"author":2,"featured_media":0,"parent":2984,"menu_order":0,"comment_status":"closed","ping_status":"closed","template":"","meta":{"neve_meta_sidebar":"","neve_meta_container":"","neve_meta_enable_content_width":"","neve_meta_content_width":0,"neve_meta_title_alignment":"","neve_meta_author_avatar":"","neve_post_elements_order":"","neve_meta_disable_header":"","neve_meta_disable_footer":"","neve_meta_disable_title":"","footnotes":""},"class_list":["post-3565","page","type-page","status-publish","hentry"],"yoast_head":"<!-- This site is optimized with the Yoast SEO plugin v26.3 - https:\/\/yoast.com\/wordpress\/plugins\/seo\/ -->\n<title>Le 21 Juin \u00e0 Saint Hilaire de Riez - AMM85<\/title>\n<meta name=\"robots\" content=\"index, follow, max-snippet:-1, max-image-preview:large, max-video-preview:-1\" \/>\n<link rel=\"canonical\" href=\"https:\/\/amm85.fr\/index.php\/navigations\/2025-2\/le-21-juin-a-saint-hilaire-de-riez\/\" \/>\n<meta property=\"og:locale\" content=\"fr_FR\" \/>\n<meta property=\"og:type\" content=\"article\" \/>\n<meta property=\"og:title\" content=\"Le 21 Juin \u00e0 Saint Hilaire de Riez - AMM85\" \/>\n<meta property=\"og:description\" content=\"Navigation chez nos amis &#8220;Miniflotte 85&#8221; \u00e0 Saint Hilaire de Riez. Tr\u00e8s bon accueil, le vent et le soleil \u00e9taient pr\u00e9sent, l&#8217;id\u00e9al pour les voiliers. L&#8217;Alcyone de Fr\u00e9d\u00e9ric Le Catamaran&hellip;&nbsp;Lire la suite &raquo;Le 21 Juin \u00e0 Saint Hilaire de Riez\" \/>\n<meta property=\"og:url\" content=\"https:\/\/amm85.fr\/index.php\/navigations\/2025-2\/le-21-juin-a-saint-hilaire-de-riez\/\" \/>\n<meta property=\"og:site_name\" content=\"AMM85\" \/>\n<meta property=\"article:modified_time\" content=\"2025-06-28T09:40:16+00:00\" \/>\n<meta property=\"og:image\" content=\"https:\/\/amm85.fr\/wp-content\/uploads\/2025\/06\/001-1.jpg\" \/>\n\t<meta property=\"og:image:width\" content=\"1414\" \/>\n\t<meta property=\"og:image:height\" content=\"2000\" \/>\n\t<meta property=\"og:image:type\" content=\"image\/jpeg\" \/>\n<meta name=\"twitter:card\" content=\"summary_large_image\" \/>\n<meta name=\"twitter:label1\" content=\"Dur\u00e9e de lecture estim\u00e9e\" \/>\n\t<meta name=\"twitter:data1\" content=\"3 minutes\" \/>\n<script type=\"application\/ld+json\" class=\"yoast-schema-graph\">{\"@context\":\"https:\/\/schema.org\",\"@graph\":[{\"@type\":\"WebPage\",\"@id\":\"https:\/\/amm85.fr\/index.php\/navigations\/2025-2\/le-21-juin-a-saint-hilaire-de-riez\/\",\"url\":\"https:\/\/amm85.fr\/index.php\/navigations\/2025-2\/le-21-juin-a-saint-hilaire-de-riez\/\",\"name\":\"Le 21 Juin \u00e0 Saint Hilaire de Riez - AMM85\",\"isPartOf\":{\"@id\":\"https:\/\/amm85.fr\/#website\"},\"primaryImageOfPage\":{\"@id\":\"https:\/\/amm85.fr\/index.php\/navigations\/2025-2\/le-21-juin-a-saint-hilaire-de-riez\/#primaryimage\"},\"image\":{\"@id\":\"https:\/\/amm85.fr\/index.php\/navigations\/2025-2\/le-21-juin-a-saint-hilaire-de-riez\/#primaryimage\"},\"thumbnailUrl\":\"https:\/\/amm85.fr\/wp-content\/uploads\/2025\/06\/001-1-724x1024.jpg\",\"datePublished\":\"2025-06-28T09:39:31+00:00\",\"dateModified\":\"2025-06-28T09:40:16+00:00\",\"breadcrumb\":{\"@id\":\"https:\/\/amm85.fr\/index.php\/navigations\/2025-2\/le-21-juin-a-saint-hilaire-de-riez\/#breadcrumb\"},\"inLanguage\":\"fr-FR\",\"potentialAction\":[{\"@type\":\"ReadAction\",\"target\":[\"https:\/\/amm85.fr\/index.php\/navigations\/2025-2\/le-21-juin-a-saint-hilaire-de-riez\/\"]}]},{\"@type\":\"ImageObject\",\"inLanguage\":\"fr-FR\",\"@id\":\"https:\/\/amm85.fr\/index.php\/navigations\/2025-2\/le-21-juin-a-saint-hilaire-de-riez\/#primaryimage\",\"url\":\"https:\/\/amm85.fr\/wp-content\/uploads\/2025\/06\/001-1.jpg\",\"contentUrl\":\"https:\/\/amm85.fr\/wp-content\/uploads\/2025\/06\/001-1.jpg\",\"width\":1414,\"height\":2000},{\"@type\":\"BreadcrumbList\",\"@id\":\"https:\/\/amm85.fr\/index.php\/navigations\/2025-2\/le-21-juin-a-saint-hilaire-de-riez\/#breadcrumb\",\"itemListElement\":[{\"@type\":\"ListItem\",\"position\":1,\"name\":\"Accueil\",\"item\":\"https:\/\/amm85.fr\/\"},{\"@type\":\"ListItem\",\"position\":2,\"name\":\"Navigations\",\"item\":\"https:\/\/amm85.fr\/index.php\/navigations\/\"},{\"@type\":\"ListItem\",\"position\":3,\"name\":\"2025\",\"item\":\"https:\/\/amm85.fr\/index.php\/navigations\/2025-2\/\"},{\"@type\":\"ListItem\",\"position\":4,\"name\":\"Le 21 Juin \u00e0 Saint Hilaire de Riez\"}]},{\"@type\":\"WebSite\",\"@id\":\"https:\/\/amm85.fr\/#website\",\"url\":\"https:\/\/amm85.fr\/\",\"name\":\"AMM85\",\"description\":\"Association de mod\u00e9lisme Mothais : naval et  camion. Navigation, construction,  exposition. achards  situ\u00e9 dans la commune des Achards 85150 en Vend\u00e9e\",\"publisher\":{\"@id\":\"https:\/\/amm85.fr\/#organization\"},\"potentialAction\":[{\"@type\":\"SearchAction\",\"target\":{\"@type\":\"EntryPoint\",\"urlTemplate\":\"https:\/\/amm85.fr\/?s={search_term_string}\"},\"query-input\":{\"@type\":\"PropertyValueSpecification\",\"valueRequired\":true,\"valueName\":\"search_term_string\"}}],\"inLanguage\":\"fr-FR\"},{\"@type\":\"Organization\",\"@id\":\"https:\/\/amm85.fr\/#organization\",\"name\":\"Amicale du mod\u00e9lisme mothais\",\"url\":\"https:\/\/amm85.fr\/\",\"logo\":{\"@type\":\"ImageObject\",\"inLanguage\":\"fr-FR\",\"@id\":\"https:\/\/amm85.fr\/#\/schema\/logo\/image\/\",\"url\":\"\",\"contentUrl\":\"\",\"caption\":\"Amicale du mod\u00e9lisme mothais\"},\"image\":{\"@id\":\"https:\/\/amm85.fr\/#\/schema\/logo\/image\/\"}}]}<\/script>\n<!-- \/ Yoast SEO plugin. -->","yoast_head_json":{"title":"Le 21 Juin \u00e0 Saint Hilaire de Riez - AMM85","robots":{"index":"index","follow":"follow","max-snippet":"max-snippet:-1","max-image-preview":"max-image-preview:large","max-video-preview":"max-video-preview:-1"},"canonical":"https:\/\/amm85.fr\/index.php\/navigations\/2025-2\/le-21-juin-a-saint-hilaire-de-riez\/","og_locale":"fr_FR","og_type":"article","og_title":"Le 21 Juin \u00e0 Saint Hilaire de Riez - AMM85","og_description":"Navigation chez nos amis &#8220;Miniflotte 85&#8221; \u00e0 Saint Hilaire de Riez. Tr\u00e8s bon accueil, le vent et le soleil \u00e9taient pr\u00e9sent, l&#8217;id\u00e9al pour les voiliers. L&#8217;Alcyone de Fr\u00e9d\u00e9ric Le Catamaran&hellip;&nbsp;Lire la suite &raquo;Le 21 Juin \u00e0 Saint Hilaire de Riez","og_url":"https:\/\/amm85.fr\/index.php\/navigations\/2025-2\/le-21-juin-a-saint-hilaire-de-riez\/","og_site_name":"AMM85","article_modified_time":"2025-06-28T09:40:16+00:00","og_image":[{"width":1414,"height":2000,"url":"https:\/\/amm85.fr\/wp-content\/uploads\/2025\/06\/001-1.jpg","type":"image\/jpeg"}],"twitter_card":"summary_large_image","twitter_misc":{"Dur\u00e9e de lecture estim\u00e9e":"3 minutes"},"schema":{"@context":"https:\/\/schema.org","@graph":[{"@type":"WebPage","@id":"https:\/\/amm85.fr\/index.php\/navigations\/2025-2\/le-21-juin-a-saint-hilaire-de-riez\/","url":"https:\/\/amm85.fr\/index.php\/navigations\/2025-2\/le-21-juin-a-saint-hilaire-de-riez\/","name":"Le 21 Juin \u00e0 Saint Hilaire de Riez - AMM85","isPartOf":{"@id":"https:\/\/amm85.fr\/#website"},"primaryImageOfPage":{"@id":"https:\/\/amm85.fr\/index.php\/navigations\/2025-2\/le-21-juin-a-saint-hilaire-de-riez\/#primaryimage"},"image":{"@id":"https:\/\/amm85.fr\/index.php\/navigations\/2025-2\/le-21-juin-a-saint-hilaire-de-riez\/#primaryimage"},"thumbnailUrl":"https:\/\/amm85.fr\/wp-content\/uploads\/2025\/06\/001-1-724x1024.jpg","datePublished":"2025-06-28T09:39:31+00:00","dateModified":"2025-06-28T09:40:16+00:00","breadcrumb":{"@id":"https:\/\/amm85.fr\/index.php\/navigations\/2025-2\/le-21-juin-a-saint-hilaire-de-riez\/#breadcrumb"},"inLanguage":"fr-FR","potentialAction":[{"@type":"ReadAction","target":["https:\/\/amm85.fr\/index.php\/navigations\/2025-2\/le-21-juin-a-saint-hilaire-de-riez\/"]}]},{"@type":"ImageObject","inLanguage":"fr-FR","@id":"https:\/\/amm85.fr\/index.php\/navigations\/2025-2\/le-21-juin-a-saint-hilaire-de-riez\/#primaryimage","url":"https:\/\/amm85.fr\/wp-content\/uploads\/2025\/06\/001-1.jpg","contentUrl":"https:\/\/amm85.fr\/wp-content\/uploads\/2025\/06\/001-1.jpg","width":1414,"height":2000},{"@type":"BreadcrumbList","@id":"https:\/\/amm85.fr\/index.php\/navigations\/2025-2\/le-21-juin-a-saint-hilaire-de-riez\/#breadcrumb","itemListElement":[{"@type":"ListItem","position":1,"name":"Accueil","item":"https:\/\/amm85.fr\/"},{"@type":"ListItem","position":2,"name":"Navigations","item":"https:\/\/amm85.fr\/index.php\/navigations\/"},{"@type":"ListItem","position":3,"name":"2025","item":"https:\/\/amm85.fr\/index.php\/navigations\/2025-2\/"},{"@type":"ListItem","position":4,"name":"Le 21 Juin \u00e0 Saint Hilaire de Riez"}]},{"@type":"WebSite","@id":"https:\/\/amm85.fr\/#website","url":"https:\/\/amm85.fr\/","name":"AMM85","description":"Association de mod\u00e9lisme Mothais : naval et  camion. Navigation, construction,  exposition. achards  situ\u00e9 dans la commune des Achards 85150 en Vend\u00e9e","publisher":{"@id":"https:\/\/amm85.fr\/#organization"},"potentialAction":[{"@type":"SearchAction","target":{"@type":"EntryPoint","urlTemplate":"https:\/\/amm85.fr\/?s={search_term_string}"},"query-input":{"@type":"PropertyValueSpecification","valueRequired":true,"valueName":"search_term_string"}}],"inLanguage":"fr-FR"},{"@type":"Organization","@id":"https:\/\/amm85.fr\/#organization","name":"Amicale du mod\u00e9lisme mothais","url":"https:\/\/amm85.fr\/","logo":{"@type":"ImageObject","inLanguage":"fr-FR","@id":"https:\/\/amm85.fr\/#\/schema\/logo\/image\/","url":"","contentUrl":"","caption":"Amicale du mod\u00e9lisme mothais"},"image":{"@id":"https:\/\/amm85.fr\/#\/schema\/logo\/image\/"}}]}},"_links":{"self":[{"href":"https:\/\/amm85.fr\/index.php\/wp-json\/wp\/v2\/pages\/3565","targetHints":{"allow":["GET"]}}],"collection":[{"href":"https:\/\/amm85.fr\/index.php\/wp-json\/wp\/v2\/pages"}],"about":[{"href":"https:\/\/amm85.fr\/index.php\/wp-json\/wp\/v2\/types\/page"}],"author":[{"embeddable":true,"href":"https:\/\/amm85.fr\/index.php\/wp-json\/wp\/v2\/users\/2"}],"replies":[{"embeddable":true,"href":"https:\/\/amm85.fr\/index.php\/wp-json\/wp\/v2\/comments?post=3565"}],"version-history":[{"count":2,"href":"https:\/\/amm85.fr\/index.php\/wp-json\/wp\/v2\/pages\/3565\/revisions"}],"predecessor-version":[{"id":3583,"href":"https:\/\/amm85.fr\/index.php\/wp-json\/wp\/v2\/pages\/3565\/revisions\/3583"}],"up":[{"embeddable":true,"href":"https:\/\/amm85.fr\/index.php\/wp-json\/wp\/v2\/pages\/2984"}],"wp:attachment":[{"href":"https:\/\/amm85.fr\/index.php\/wp-json\/wp\/v2\/media?parent=3565"}],"curies":[{"name":"wp","href":"https:\/\/api.w.org\/{rel}","templated":true}]}}