{"id":3475,"date":"2025-05-17T09:22:57","date_gmt":"2025-05-17T07:22:57","guid":{"rendered":"https:\/\/amm85.fr\/?page_id=3475"},"modified":"2025-05-19T08:16:17","modified_gmt":"2025-05-19T06:16:17","slug":"le-bourbon-evolution-804-jean-michel","status":"publish","type":"page","link":"https:\/\/amm85.fr\/index.php\/nos-realisations\/navires-de-service\/le-bourbon-evolution-804-jean-michel\/","title":{"rendered":"Le Bourbon Evolution 804 (Jean Michel)"},"content":{"rendered":"\n<div style=\"height:100px\" aria-hidden=\"true\" class=\"wp-block-spacer\"><\/div>\n\n\n\n<p>dimensions : 100.2ml x 21 ml<\/p>\n\n\n\n<p>Construit en 2004&nbsp;<\/p>\n\n\n\n<p>Propulsion : 3 schottels<\/p>\n\n\n\n<p>Maquette : 2.15 ml x 42 cm<\/p>\n\n\n\n<p>\u00c9chelle : 1\/ 50<\/p>\n\n\n\n<figure class=\"wp-block-image size-large\"><img loading=\"lazy\" decoding=\"async\" width=\"1024\" height=\"498\" src=\"https:\/\/amm85.fr\/wp-content\/uploads\/2025\/05\/IMG-20250513-WA0025-1024x498.jpg\" alt=\"\" class=\"wp-image-3476\" srcset=\"https:\/\/amm85.fr\/wp-content\/uploads\/2025\/05\/IMG-20250513-WA0025-1024x498.jpg 1024w, https:\/\/amm85.fr\/wp-content\/uploads\/2025\/05\/IMG-20250513-WA0025-300x146.jpg 300w, https:\/\/amm85.fr\/wp-content\/uploads\/2025\/05\/IMG-20250513-WA0025-768x373.jpg 768w, https:\/\/amm85.fr\/wp-content\/uploads\/2025\/05\/IMG-20250513-WA0025-1536x747.jpg 1536w, https:\/\/amm85.fr\/wp-content\/uploads\/2025\/05\/IMG-20250513-WA0025.jpg 2016w\" sizes=\"auto, (max-width: 1024px) 100vw, 1024px\" \/><\/figure>\n\n\n\n<figure class=\"wp-block-image size-large\"><img loading=\"lazy\" decoding=\"async\" width=\"1024\" height=\"462\" src=\"https:\/\/amm85.fr\/wp-content\/uploads\/2025\/05\/1747635202322-1024x462.jpg\" alt=\"\" class=\"wp-image-3493\" srcset=\"https:\/\/amm85.fr\/wp-content\/uploads\/2025\/05\/1747635202322-1024x462.jpg 1024w, https:\/\/amm85.fr\/wp-content\/uploads\/2025\/05\/1747635202322-300x135.jpg 300w, https:\/\/amm85.fr\/wp-content\/uploads\/2025\/05\/1747635202322-768x346.jpg 768w, https:\/\/amm85.fr\/wp-content\/uploads\/2025\/05\/1747635202322-1536x692.jpg 1536w, https:\/\/amm85.fr\/wp-content\/uploads\/2025\/05\/1747635202322.jpg 2048w\" sizes=\"auto, (max-width: 1024px) 100vw, 1024px\" \/><\/figure>\n\n\n\n<div style=\"height:100px\" aria-hidden=\"true\" class=\"wp-block-spacer\"><\/div>\n\n\n\n<p><\/p>\n","protected":false},"excerpt":{"rendered":"<p>dimensions : 100.2ml x 21 ml Construit en 2004&nbsp; Propulsion : 3 schottels Maquette : 2.15 ml x 42 cm \u00c9chelle : 1\/ 50<\/p>\n","protected":false},"author":2,"featured_media":0,"parent":445,"menu_order":0,"comment_status":"closed","ping_status":"closed","template":"","meta":{"neve_meta_sidebar":"","neve_meta_container":"","neve_meta_enable_content_width":"","neve_meta_content_width":0,"neve_meta_title_alignment":"","neve_meta_author_avatar":"","neve_post_elements_order":"","neve_meta_disable_header":"","neve_meta_disable_footer":"","neve_meta_disable_title":"","footnotes":""},"class_list":["post-3475","page","type-page","status-publish","hentry"],"yoast_head":"<!-- This site is optimized with the Yoast SEO plugin v26.3 - https:\/\/yoast.com\/wordpress\/plugins\/seo\/ -->\n<title>Le Bourbon Evolution 804 (Jean Michel) - AMM85<\/title>\n<meta name=\"robots\" content=\"index, follow, max-snippet:-1, max-image-preview:large, max-video-preview:-1\" \/>\n<link rel=\"canonical\" href=\"https:\/\/amm85.fr\/index.php\/nos-realisations\/navires-de-service\/le-bourbon-evolution-804-jean-michel\/\" \/>\n<meta property=\"og:locale\" content=\"fr_FR\" \/>\n<meta property=\"og:type\" content=\"article\" \/>\n<meta property=\"og:title\" content=\"Le Bourbon Evolution 804 (Jean Michel) - AMM85\" \/>\n<meta property=\"og:description\" content=\"dimensions : 100.2ml x 21 ml Construit en 2004&nbsp; Propulsion : 3 schottels Maquette : 2.15 ml x 42 cm \u00c9chelle : 1\/ 50\" \/>\n<meta property=\"og:url\" content=\"https:\/\/amm85.fr\/index.php\/nos-realisations\/navires-de-service\/le-bourbon-evolution-804-jean-michel\/\" \/>\n<meta property=\"og:site_name\" content=\"AMM85\" \/>\n<meta property=\"article:modified_time\" content=\"2025-05-19T06:16:17+00:00\" \/>\n<meta property=\"og:image\" content=\"https:\/\/amm85.fr\/wp-content\/uploads\/2025\/05\/IMG-20250513-WA0025.jpg\" \/>\n\t<meta property=\"og:image:width\" content=\"2016\" \/>\n\t<meta property=\"og:image:height\" content=\"980\" \/>\n\t<meta property=\"og:image:type\" content=\"image\/jpeg\" \/>\n<meta name=\"twitter:card\" content=\"summary_large_image\" \/>\n<meta name=\"twitter:label1\" content=\"Dur\u00e9e de lecture estim\u00e9e\" \/>\n\t<meta name=\"twitter:data1\" content=\"1 minute\" \/>\n<script type=\"application\/ld+json\" class=\"yoast-schema-graph\">{\"@context\":\"https:\/\/schema.org\",\"@graph\":[{\"@type\":\"WebPage\",\"@id\":\"https:\/\/amm85.fr\/index.php\/nos-realisations\/navires-de-service\/le-bourbon-evolution-804-jean-michel\/\",\"url\":\"https:\/\/amm85.fr\/index.php\/nos-realisations\/navires-de-service\/le-bourbon-evolution-804-jean-michel\/\",\"name\":\"Le Bourbon Evolution 804 (Jean Michel) - AMM85\",\"isPartOf\":{\"@id\":\"https:\/\/amm85.fr\/#website\"},\"primaryImageOfPage\":{\"@id\":\"https:\/\/amm85.fr\/index.php\/nos-realisations\/navires-de-service\/le-bourbon-evolution-804-jean-michel\/#primaryimage\"},\"image\":{\"@id\":\"https:\/\/amm85.fr\/index.php\/nos-realisations\/navires-de-service\/le-bourbon-evolution-804-jean-michel\/#primaryimage\"},\"thumbnailUrl\":\"https:\/\/amm85.fr\/wp-content\/uploads\/2025\/05\/IMG-20250513-WA0025-1024x498.jpg\",\"datePublished\":\"2025-05-17T07:22:57+00:00\",\"dateModified\":\"2025-05-19T06:16:17+00:00\",\"breadcrumb\":{\"@id\":\"https:\/\/amm85.fr\/index.php\/nos-realisations\/navires-de-service\/le-bourbon-evolution-804-jean-michel\/#breadcrumb\"},\"inLanguage\":\"fr-FR\",\"potentialAction\":[{\"@type\":\"ReadAction\",\"target\":[\"https:\/\/amm85.fr\/index.php\/nos-realisations\/navires-de-service\/le-bourbon-evolution-804-jean-michel\/\"]}]},{\"@type\":\"ImageObject\",\"inLanguage\":\"fr-FR\",\"@id\":\"https:\/\/amm85.fr\/index.php\/nos-realisations\/navires-de-service\/le-bourbon-evolution-804-jean-michel\/#primaryimage\",\"url\":\"https:\/\/amm85.fr\/wp-content\/uploads\/2025\/05\/IMG-20250513-WA0025.jpg\",\"contentUrl\":\"https:\/\/amm85.fr\/wp-content\/uploads\/2025\/05\/IMG-20250513-WA0025.jpg\",\"width\":2016,\"height\":980},{\"@type\":\"BreadcrumbList\",\"@id\":\"https:\/\/amm85.fr\/index.php\/nos-realisations\/navires-de-service\/le-bourbon-evolution-804-jean-michel\/#breadcrumb\",\"itemListElement\":[{\"@type\":\"ListItem\",\"position\":1,\"name\":\"Accueil\",\"item\":\"https:\/\/amm85.fr\/\"},{\"@type\":\"ListItem\",\"position\":2,\"name\":\"Nos r\u00e9alisations\",\"item\":\"https:\/\/amm85.fr\/index.php\/nos-realisations\/\"},{\"@type\":\"ListItem\",\"position\":3,\"name\":\"Navires de service\",\"item\":\"https:\/\/amm85.fr\/index.php\/nos-realisations\/navires-de-service\/\"},{\"@type\":\"ListItem\",\"position\":4,\"name\":\"Le Bourbon Evolution 804 (Jean Michel)\"}]},{\"@type\":\"WebSite\",\"@id\":\"https:\/\/amm85.fr\/#website\",\"url\":\"https:\/\/amm85.fr\/\",\"name\":\"AMM85\",\"description\":\"Association de mod\u00e9lisme Mothais : naval et  camion. Navigation, construction,  exposition. achards  situ\u00e9 dans la commune des Achards 85150 en Vend\u00e9e\",\"publisher\":{\"@id\":\"https:\/\/amm85.fr\/#organization\"},\"potentialAction\":[{\"@type\":\"SearchAction\",\"target\":{\"@type\":\"EntryPoint\",\"urlTemplate\":\"https:\/\/amm85.fr\/?s={search_term_string}\"},\"query-input\":{\"@type\":\"PropertyValueSpecification\",\"valueRequired\":true,\"valueName\":\"search_term_string\"}}],\"inLanguage\":\"fr-FR\"},{\"@type\":\"Organization\",\"@id\":\"https:\/\/amm85.fr\/#organization\",\"name\":\"Amicale du mod\u00e9lisme mothais\",\"url\":\"https:\/\/amm85.fr\/\",\"logo\":{\"@type\":\"ImageObject\",\"inLanguage\":\"fr-FR\",\"@id\":\"https:\/\/amm85.fr\/#\/schema\/logo\/image\/\",\"url\":\"\",\"contentUrl\":\"\",\"caption\":\"Amicale du mod\u00e9lisme mothais\"},\"image\":{\"@id\":\"https:\/\/amm85.fr\/#\/schema\/logo\/image\/\"}}]}<\/script>\n<!-- \/ Yoast SEO plugin. -->","yoast_head_json":{"title":"Le Bourbon Evolution 804 (Jean Michel) - AMM85","robots":{"index":"index","follow":"follow","max-snippet":"max-snippet:-1","max-image-preview":"max-image-preview:large","max-video-preview":"max-video-preview:-1"},"canonical":"https:\/\/amm85.fr\/index.php\/nos-realisations\/navires-de-service\/le-bourbon-evolution-804-jean-michel\/","og_locale":"fr_FR","og_type":"article","og_title":"Le Bourbon Evolution 804 (Jean Michel) - AMM85","og_description":"dimensions : 100.2ml x 21 ml Construit en 2004&nbsp; Propulsion : 3 schottels Maquette : 2.15 ml x 42 cm \u00c9chelle : 1\/ 50","og_url":"https:\/\/amm85.fr\/index.php\/nos-realisations\/navires-de-service\/le-bourbon-evolution-804-jean-michel\/","og_site_name":"AMM85","article_modified_time":"2025-05-19T06:16:17+00:00","og_image":[{"width":2016,"height":980,"url":"https:\/\/amm85.fr\/wp-content\/uploads\/2025\/05\/IMG-20250513-WA0025.jpg","type":"image\/jpeg"}],"twitter_card":"summary_large_image","twitter_misc":{"Dur\u00e9e de lecture estim\u00e9e":"1 minute"},"schema":{"@context":"https:\/\/schema.org","@graph":[{"@type":"WebPage","@id":"https:\/\/amm85.fr\/index.php\/nos-realisations\/navires-de-service\/le-bourbon-evolution-804-jean-michel\/","url":"https:\/\/amm85.fr\/index.php\/nos-realisations\/navires-de-service\/le-bourbon-evolution-804-jean-michel\/","name":"Le Bourbon Evolution 804 (Jean Michel) - AMM85","isPartOf":{"@id":"https:\/\/amm85.fr\/#website"},"primaryImageOfPage":{"@id":"https:\/\/amm85.fr\/index.php\/nos-realisations\/navires-de-service\/le-bourbon-evolution-804-jean-michel\/#primaryimage"},"image":{"@id":"https:\/\/amm85.fr\/index.php\/nos-realisations\/navires-de-service\/le-bourbon-evolution-804-jean-michel\/#primaryimage"},"thumbnailUrl":"https:\/\/amm85.fr\/wp-content\/uploads\/2025\/05\/IMG-20250513-WA0025-1024x498.jpg","datePublished":"2025-05-17T07:22:57+00:00","dateModified":"2025-05-19T06:16:17+00:00","breadcrumb":{"@id":"https:\/\/amm85.fr\/index.php\/nos-realisations\/navires-de-service\/le-bourbon-evolution-804-jean-michel\/#breadcrumb"},"inLanguage":"fr-FR","potentialAction":[{"@type":"ReadAction","target":["https:\/\/amm85.fr\/index.php\/nos-realisations\/navires-de-service\/le-bourbon-evolution-804-jean-michel\/"]}]},{"@type":"ImageObject","inLanguage":"fr-FR","@id":"https:\/\/amm85.fr\/index.php\/nos-realisations\/navires-de-service\/le-bourbon-evolution-804-jean-michel\/#primaryimage","url":"https:\/\/amm85.fr\/wp-content\/uploads\/2025\/05\/IMG-20250513-WA0025.jpg","contentUrl":"https:\/\/amm85.fr\/wp-content\/uploads\/2025\/05\/IMG-20250513-WA0025.jpg","width":2016,"height":980},{"@type":"BreadcrumbList","@id":"https:\/\/amm85.fr\/index.php\/nos-realisations\/navires-de-service\/le-bourbon-evolution-804-jean-michel\/#breadcrumb","itemListElement":[{"@type":"ListItem","position":1,"name":"Accueil","item":"https:\/\/amm85.fr\/"},{"@type":"ListItem","position":2,"name":"Nos r\u00e9alisations","item":"https:\/\/amm85.fr\/index.php\/nos-realisations\/"},{"@type":"ListItem","position":3,"name":"Navires de service","item":"https:\/\/amm85.fr\/index.php\/nos-realisations\/navires-de-service\/"},{"@type":"ListItem","position":4,"name":"Le Bourbon Evolution 804 (Jean Michel)"}]},{"@type":"WebSite","@id":"https:\/\/amm85.fr\/#website","url":"https:\/\/amm85.fr\/","name":"AMM85","description":"Association de mod\u00e9lisme Mothais : naval et  camion. Navigation, construction,  exposition. achards  situ\u00e9 dans la commune des Achards 85150 en Vend\u00e9e","publisher":{"@id":"https:\/\/amm85.fr\/#organization"},"potentialAction":[{"@type":"SearchAction","target":{"@type":"EntryPoint","urlTemplate":"https:\/\/amm85.fr\/?s={search_term_string}"},"query-input":{"@type":"PropertyValueSpecification","valueRequired":true,"valueName":"search_term_string"}}],"inLanguage":"fr-FR"},{"@type":"Organization","@id":"https:\/\/amm85.fr\/#organization","name":"Amicale du mod\u00e9lisme mothais","url":"https:\/\/amm85.fr\/","logo":{"@type":"ImageObject","inLanguage":"fr-FR","@id":"https:\/\/amm85.fr\/#\/schema\/logo\/image\/","url":"","contentUrl":"","caption":"Amicale du mod\u00e9lisme mothais"},"image":{"@id":"https:\/\/amm85.fr\/#\/schema\/logo\/image\/"}}]}},"_links":{"self":[{"href":"https:\/\/amm85.fr\/index.php\/wp-json\/wp\/v2\/pages\/3475","targetHints":{"allow":["GET"]}}],"collection":[{"href":"https:\/\/amm85.fr\/index.php\/wp-json\/wp\/v2\/pages"}],"about":[{"href":"https:\/\/amm85.fr\/index.php\/wp-json\/wp\/v2\/types\/page"}],"author":[{"embeddable":true,"href":"https:\/\/amm85.fr\/index.php\/wp-json\/wp\/v2\/users\/2"}],"replies":[{"embeddable":true,"href":"https:\/\/amm85.fr\/index.php\/wp-json\/wp\/v2\/comments?post=3475"}],"version-history":[{"count":3,"href":"https:\/\/amm85.fr\/index.php\/wp-json\/wp\/v2\/pages\/3475\/revisions"}],"predecessor-version":[{"id":3494,"href":"https:\/\/amm85.fr\/index.php\/wp-json\/wp\/v2\/pages\/3475\/revisions\/3494"}],"up":[{"embeddable":true,"href":"https:\/\/amm85.fr\/index.php\/wp-json\/wp\/v2\/pages\/445"}],"wp:attachment":[{"href":"https:\/\/amm85.fr\/index.php\/wp-json\/wp\/v2\/media?parent=3475"}],"curies":[{"name":"wp","href":"https:\/\/api.w.org\/{rel}","templated":true}]}}