{"id":3466,"date":"2025-05-17T09:13:15","date_gmt":"2025-05-17T07:13:15","guid":{"rendered":"https:\/\/amm85.fr\/?page_id=3466"},"modified":"2025-05-17T11:37:46","modified_gmt":"2025-05-17T09:37:46","slug":"le-seacor-lynx","status":"publish","type":"page","link":"https:\/\/amm85.fr\/index.php\/nos-realisations\/navires-de-service\/le-seacor-lynx\/","title":{"rendered":"Le Seacor Lynx (Jean Michel)"},"content":{"rendered":"\n<div style=\"height:100px\" aria-hidden=\"true\" class=\"wp-block-spacer\"><\/div>\n\n\n\n<p>&nbsp;dimensions : 58ml x12ml<\/p>\n\n\n\n<p>Il est un ravitailleur de plateforme p\u00e9troli\u00e8re , il peut transporter 150 hommes et mat\u00e9riels.&nbsp;<\/p>\n\n\n\n<p>Il poss\u00e8de 4 hydrojets pour sa propulsion.&nbsp;<\/p>\n\n\n\n<p>Il navigue \u00e0 une vitesse 42 knots soit 78 km\/ h .<\/p>\n\n\n\n<p>La maquette est \u00e0 l&#8217;\u00e9chelle 1\/33 .<\/p>\n\n\n\n<p>Construit en 2013 .<\/p>\n\n\n\n<figure class=\"wp-block-image size-large\"><img loading=\"lazy\" decoding=\"async\" width=\"1024\" height=\"576\" src=\"https:\/\/amm85.fr\/wp-content\/uploads\/2025\/05\/IMG-20250513-WA0028-1024x576.jpg\" alt=\"\" class=\"wp-image-3467\" srcset=\"https:\/\/amm85.fr\/wp-content\/uploads\/2025\/05\/IMG-20250513-WA0028-1024x576.jpg 1024w, https:\/\/amm85.fr\/wp-content\/uploads\/2025\/05\/IMG-20250513-WA0028-300x169.jpg 300w, https:\/\/amm85.fr\/wp-content\/uploads\/2025\/05\/IMG-20250513-WA0028-768x432.jpg 768w, https:\/\/amm85.fr\/wp-content\/uploads\/2025\/05\/IMG-20250513-WA0028-1536x864.jpg 1536w, https:\/\/amm85.fr\/wp-content\/uploads\/2025\/05\/IMG-20250513-WA0028.jpg 2016w\" sizes=\"auto, (max-width: 1024px) 100vw, 1024px\" \/><\/figure>\n\n\n\n<figure class=\"wp-block-gallery has-nested-images columns-default is-cropped wp-block-gallery-1 is-layout-flex wp-block-gallery-is-layout-flex\">\n<figure class=\"wp-block-image size-large\"><img loading=\"lazy\" decoding=\"async\" width=\"1024\" height=\"768\" data-id=\"3490\" src=\"https:\/\/amm85.fr\/wp-content\/uploads\/2025\/05\/1747474249029-1024x768.jpg\" alt=\"\" class=\"wp-image-3490\" srcset=\"https:\/\/amm85.fr\/wp-content\/uploads\/2025\/05\/1747474249029-1024x768.jpg 1024w, https:\/\/amm85.fr\/wp-content\/uploads\/2025\/05\/1747474249029-300x225.jpg 300w, https:\/\/amm85.fr\/wp-content\/uploads\/2025\/05\/1747474249029-768x576.jpg 768w, https:\/\/amm85.fr\/wp-content\/uploads\/2025\/05\/1747474249029-1536x1152.jpg 1536w, https:\/\/amm85.fr\/wp-content\/uploads\/2025\/05\/1747474249029.jpg 2016w\" sizes=\"auto, (max-width: 1024px) 100vw, 1024px\" \/><\/figure>\n\n\n\n<figure class=\"wp-block-image size-large\"><img loading=\"lazy\" decoding=\"async\" width=\"1024\" height=\"768\" data-id=\"3489\" src=\"https:\/\/amm85.fr\/wp-content\/uploads\/2025\/05\/1747474249017-1024x768.jpg\" alt=\"\" class=\"wp-image-3489\" srcset=\"https:\/\/amm85.fr\/wp-content\/uploads\/2025\/05\/1747474249017-1024x768.jpg 1024w, https:\/\/amm85.fr\/wp-content\/uploads\/2025\/05\/1747474249017-300x225.jpg 300w, https:\/\/amm85.fr\/wp-content\/uploads\/2025\/05\/1747474249017-768x576.jpg 768w, https:\/\/amm85.fr\/wp-content\/uploads\/2025\/05\/1747474249017-1536x1152.jpg 1536w, https:\/\/amm85.fr\/wp-content\/uploads\/2025\/05\/1747474249017.jpg 2016w\" sizes=\"auto, (max-width: 1024px) 100vw, 1024px\" \/><\/figure>\n<\/figure>\n","protected":false},"excerpt":{"rendered":"<p>&nbsp;dimensions : 58ml x12ml Il est un ravitailleur de plateforme p\u00e9troli\u00e8re , il peut transporter 150 hommes et mat\u00e9riels.&nbsp; Il poss\u00e8de 4 hydrojets pour sa propulsion.&nbsp; Il navigue \u00e0 une&hellip;&nbsp;<a href=\"https:\/\/amm85.fr\/index.php\/nos-realisations\/navires-de-service\/le-seacor-lynx\/\" rel=\"bookmark\">Lire la suite &raquo;<span class=\"screen-reader-text\">Le Seacor Lynx (Jean Michel)<\/span><\/a><\/p>\n","protected":false},"author":2,"featured_media":0,"parent":445,"menu_order":0,"comment_status":"closed","ping_status":"closed","template":"","meta":{"neve_meta_sidebar":"","neve_meta_container":"","neve_meta_enable_content_width":"","neve_meta_content_width":0,"neve_meta_title_alignment":"","neve_meta_author_avatar":"","neve_post_elements_order":"","neve_meta_disable_header":"","neve_meta_disable_footer":"","neve_meta_disable_title":"","footnotes":""},"class_list":["post-3466","page","type-page","status-publish","hentry"],"yoast_head":"<!-- This site is optimized with the Yoast SEO plugin v26.3 - https:\/\/yoast.com\/wordpress\/plugins\/seo\/ -->\n<title>Le Seacor Lynx (Jean Michel) - AMM85<\/title>\n<meta name=\"robots\" content=\"index, follow, max-snippet:-1, max-image-preview:large, max-video-preview:-1\" \/>\n<link rel=\"canonical\" href=\"https:\/\/amm85.fr\/index.php\/nos-realisations\/navires-de-service\/le-seacor-lynx\/\" \/>\n<meta property=\"og:locale\" content=\"fr_FR\" \/>\n<meta property=\"og:type\" content=\"article\" \/>\n<meta property=\"og:title\" content=\"Le Seacor Lynx (Jean Michel) - AMM85\" \/>\n<meta property=\"og:description\" content=\"&nbsp;dimensions : 58ml x12ml Il est un ravitailleur de plateforme p\u00e9troli\u00e8re , il peut transporter 150 hommes et mat\u00e9riels.&nbsp; Il poss\u00e8de 4 hydrojets pour sa propulsion.&nbsp; Il navigue \u00e0 une&hellip;&nbsp;Lire la suite &raquo;Le Seacor Lynx (Jean Michel)\" \/>\n<meta property=\"og:url\" content=\"https:\/\/amm85.fr\/index.php\/nos-realisations\/navires-de-service\/le-seacor-lynx\/\" \/>\n<meta property=\"og:site_name\" content=\"AMM85\" \/>\n<meta property=\"article:modified_time\" content=\"2025-05-17T09:37:46+00:00\" \/>\n<meta property=\"og:image\" content=\"https:\/\/amm85.fr\/wp-content\/uploads\/2025\/05\/IMG-20250513-WA0028.jpg\" \/>\n\t<meta property=\"og:image:width\" content=\"2016\" \/>\n\t<meta property=\"og:image:height\" content=\"1134\" \/>\n\t<meta property=\"og:image:type\" content=\"image\/jpeg\" \/>\n<meta name=\"twitter:card\" content=\"summary_large_image\" \/>\n<meta name=\"twitter:label1\" content=\"Dur\u00e9e de lecture estim\u00e9e\" \/>\n\t<meta name=\"twitter:data1\" content=\"1 minute\" \/>\n<script type=\"application\/ld+json\" class=\"yoast-schema-graph\">{\"@context\":\"https:\/\/schema.org\",\"@graph\":[{\"@type\":\"WebPage\",\"@id\":\"https:\/\/amm85.fr\/index.php\/nos-realisations\/navires-de-service\/le-seacor-lynx\/\",\"url\":\"https:\/\/amm85.fr\/index.php\/nos-realisations\/navires-de-service\/le-seacor-lynx\/\",\"name\":\"Le Seacor Lynx (Jean Michel) - AMM85\",\"isPartOf\":{\"@id\":\"https:\/\/amm85.fr\/#website\"},\"primaryImageOfPage\":{\"@id\":\"https:\/\/amm85.fr\/index.php\/nos-realisations\/navires-de-service\/le-seacor-lynx\/#primaryimage\"},\"image\":{\"@id\":\"https:\/\/amm85.fr\/index.php\/nos-realisations\/navires-de-service\/le-seacor-lynx\/#primaryimage\"},\"thumbnailUrl\":\"https:\/\/amm85.fr\/wp-content\/uploads\/2025\/05\/IMG-20250513-WA0028-1024x576.jpg\",\"datePublished\":\"2025-05-17T07:13:15+00:00\",\"dateModified\":\"2025-05-17T09:37:46+00:00\",\"breadcrumb\":{\"@id\":\"https:\/\/amm85.fr\/index.php\/nos-realisations\/navires-de-service\/le-seacor-lynx\/#breadcrumb\"},\"inLanguage\":\"fr-FR\",\"potentialAction\":[{\"@type\":\"ReadAction\",\"target\":[\"https:\/\/amm85.fr\/index.php\/nos-realisations\/navires-de-service\/le-seacor-lynx\/\"]}]},{\"@type\":\"ImageObject\",\"inLanguage\":\"fr-FR\",\"@id\":\"https:\/\/amm85.fr\/index.php\/nos-realisations\/navires-de-service\/le-seacor-lynx\/#primaryimage\",\"url\":\"https:\/\/amm85.fr\/wp-content\/uploads\/2025\/05\/IMG-20250513-WA0028.jpg\",\"contentUrl\":\"https:\/\/amm85.fr\/wp-content\/uploads\/2025\/05\/IMG-20250513-WA0028.jpg\",\"width\":2016,\"height\":1134},{\"@type\":\"BreadcrumbList\",\"@id\":\"https:\/\/amm85.fr\/index.php\/nos-realisations\/navires-de-service\/le-seacor-lynx\/#breadcrumb\",\"itemListElement\":[{\"@type\":\"ListItem\",\"position\":1,\"name\":\"Accueil\",\"item\":\"https:\/\/amm85.fr\/\"},{\"@type\":\"ListItem\",\"position\":2,\"name\":\"Nos r\u00e9alisations\",\"item\":\"https:\/\/amm85.fr\/index.php\/nos-realisations\/\"},{\"@type\":\"ListItem\",\"position\":3,\"name\":\"Navires de service\",\"item\":\"https:\/\/amm85.fr\/index.php\/nos-realisations\/navires-de-service\/\"},{\"@type\":\"ListItem\",\"position\":4,\"name\":\"Le Seacor Lynx (Jean Michel)\"}]},{\"@type\":\"WebSite\",\"@id\":\"https:\/\/amm85.fr\/#website\",\"url\":\"https:\/\/amm85.fr\/\",\"name\":\"AMM85\",\"description\":\"Association de mod\u00e9lisme Mothais : naval et  camion. Navigation, construction,  exposition. achards  situ\u00e9 dans la commune des Achards 85150 en Vend\u00e9e\",\"publisher\":{\"@id\":\"https:\/\/amm85.fr\/#organization\"},\"potentialAction\":[{\"@type\":\"SearchAction\",\"target\":{\"@type\":\"EntryPoint\",\"urlTemplate\":\"https:\/\/amm85.fr\/?s={search_term_string}\"},\"query-input\":{\"@type\":\"PropertyValueSpecification\",\"valueRequired\":true,\"valueName\":\"search_term_string\"}}],\"inLanguage\":\"fr-FR\"},{\"@type\":\"Organization\",\"@id\":\"https:\/\/amm85.fr\/#organization\",\"name\":\"Amicale du mod\u00e9lisme mothais\",\"url\":\"https:\/\/amm85.fr\/\",\"logo\":{\"@type\":\"ImageObject\",\"inLanguage\":\"fr-FR\",\"@id\":\"https:\/\/amm85.fr\/#\/schema\/logo\/image\/\",\"url\":\"\",\"contentUrl\":\"\",\"caption\":\"Amicale du mod\u00e9lisme mothais\"},\"image\":{\"@id\":\"https:\/\/amm85.fr\/#\/schema\/logo\/image\/\"}}]}<\/script>\n<!-- \/ Yoast SEO plugin. -->","yoast_head_json":{"title":"Le Seacor Lynx (Jean Michel) - AMM85","robots":{"index":"index","follow":"follow","max-snippet":"max-snippet:-1","max-image-preview":"max-image-preview:large","max-video-preview":"max-video-preview:-1"},"canonical":"https:\/\/amm85.fr\/index.php\/nos-realisations\/navires-de-service\/le-seacor-lynx\/","og_locale":"fr_FR","og_type":"article","og_title":"Le Seacor Lynx (Jean Michel) - AMM85","og_description":"&nbsp;dimensions : 58ml x12ml Il est un ravitailleur de plateforme p\u00e9troli\u00e8re , il peut transporter 150 hommes et mat\u00e9riels.&nbsp; Il poss\u00e8de 4 hydrojets pour sa propulsion.&nbsp; Il navigue \u00e0 une&hellip;&nbsp;Lire la suite &raquo;Le Seacor Lynx (Jean Michel)","og_url":"https:\/\/amm85.fr\/index.php\/nos-realisations\/navires-de-service\/le-seacor-lynx\/","og_site_name":"AMM85","article_modified_time":"2025-05-17T09:37:46+00:00","og_image":[{"width":2016,"height":1134,"url":"https:\/\/amm85.fr\/wp-content\/uploads\/2025\/05\/IMG-20250513-WA0028.jpg","type":"image\/jpeg"}],"twitter_card":"summary_large_image","twitter_misc":{"Dur\u00e9e de lecture estim\u00e9e":"1 minute"},"schema":{"@context":"https:\/\/schema.org","@graph":[{"@type":"WebPage","@id":"https:\/\/amm85.fr\/index.php\/nos-realisations\/navires-de-service\/le-seacor-lynx\/","url":"https:\/\/amm85.fr\/index.php\/nos-realisations\/navires-de-service\/le-seacor-lynx\/","name":"Le Seacor Lynx (Jean Michel) - AMM85","isPartOf":{"@id":"https:\/\/amm85.fr\/#website"},"primaryImageOfPage":{"@id":"https:\/\/amm85.fr\/index.php\/nos-realisations\/navires-de-service\/le-seacor-lynx\/#primaryimage"},"image":{"@id":"https:\/\/amm85.fr\/index.php\/nos-realisations\/navires-de-service\/le-seacor-lynx\/#primaryimage"},"thumbnailUrl":"https:\/\/amm85.fr\/wp-content\/uploads\/2025\/05\/IMG-20250513-WA0028-1024x576.jpg","datePublished":"2025-05-17T07:13:15+00:00","dateModified":"2025-05-17T09:37:46+00:00","breadcrumb":{"@id":"https:\/\/amm85.fr\/index.php\/nos-realisations\/navires-de-service\/le-seacor-lynx\/#breadcrumb"},"inLanguage":"fr-FR","potentialAction":[{"@type":"ReadAction","target":["https:\/\/amm85.fr\/index.php\/nos-realisations\/navires-de-service\/le-seacor-lynx\/"]}]},{"@type":"ImageObject","inLanguage":"fr-FR","@id":"https:\/\/amm85.fr\/index.php\/nos-realisations\/navires-de-service\/le-seacor-lynx\/#primaryimage","url":"https:\/\/amm85.fr\/wp-content\/uploads\/2025\/05\/IMG-20250513-WA0028.jpg","contentUrl":"https:\/\/amm85.fr\/wp-content\/uploads\/2025\/05\/IMG-20250513-WA0028.jpg","width":2016,"height":1134},{"@type":"BreadcrumbList","@id":"https:\/\/amm85.fr\/index.php\/nos-realisations\/navires-de-service\/le-seacor-lynx\/#breadcrumb","itemListElement":[{"@type":"ListItem","position":1,"name":"Accueil","item":"https:\/\/amm85.fr\/"},{"@type":"ListItem","position":2,"name":"Nos r\u00e9alisations","item":"https:\/\/amm85.fr\/index.php\/nos-realisations\/"},{"@type":"ListItem","position":3,"name":"Navires de service","item":"https:\/\/amm85.fr\/index.php\/nos-realisations\/navires-de-service\/"},{"@type":"ListItem","position":4,"name":"Le Seacor Lynx (Jean Michel)"}]},{"@type":"WebSite","@id":"https:\/\/amm85.fr\/#website","url":"https:\/\/amm85.fr\/","name":"AMM85","description":"Association de mod\u00e9lisme Mothais : naval et  camion. Navigation, construction,  exposition. achards  situ\u00e9 dans la commune des Achards 85150 en Vend\u00e9e","publisher":{"@id":"https:\/\/amm85.fr\/#organization"},"potentialAction":[{"@type":"SearchAction","target":{"@type":"EntryPoint","urlTemplate":"https:\/\/amm85.fr\/?s={search_term_string}"},"query-input":{"@type":"PropertyValueSpecification","valueRequired":true,"valueName":"search_term_string"}}],"inLanguage":"fr-FR"},{"@type":"Organization","@id":"https:\/\/amm85.fr\/#organization","name":"Amicale du mod\u00e9lisme mothais","url":"https:\/\/amm85.fr\/","logo":{"@type":"ImageObject","inLanguage":"fr-FR","@id":"https:\/\/amm85.fr\/#\/schema\/logo\/image\/","url":"","contentUrl":"","caption":"Amicale du mod\u00e9lisme mothais"},"image":{"@id":"https:\/\/amm85.fr\/#\/schema\/logo\/image\/"}}]}},"_links":{"self":[{"href":"https:\/\/amm85.fr\/index.php\/wp-json\/wp\/v2\/pages\/3466","targetHints":{"allow":["GET"]}}],"collection":[{"href":"https:\/\/amm85.fr\/index.php\/wp-json\/wp\/v2\/pages"}],"about":[{"href":"https:\/\/amm85.fr\/index.php\/wp-json\/wp\/v2\/types\/page"}],"author":[{"embeddable":true,"href":"https:\/\/amm85.fr\/index.php\/wp-json\/wp\/v2\/users\/2"}],"replies":[{"embeddable":true,"href":"https:\/\/amm85.fr\/index.php\/wp-json\/wp\/v2\/comments?post=3466"}],"version-history":[{"count":3,"href":"https:\/\/amm85.fr\/index.php\/wp-json\/wp\/v2\/pages\/3466\/revisions"}],"predecessor-version":[{"id":3492,"href":"https:\/\/amm85.fr\/index.php\/wp-json\/wp\/v2\/pages\/3466\/revisions\/3492"}],"up":[{"embeddable":true,"href":"https:\/\/amm85.fr\/index.php\/wp-json\/wp\/v2\/pages\/445"}],"wp:attachment":[{"href":"https:\/\/amm85.fr\/index.php\/wp-json\/wp\/v2\/media?parent=3466"}],"curies":[{"name":"wp","href":"https:\/\/api.w.org\/{rel}","templated":true}]}}