{"id":3454,"date":"2025-05-17T08:55:47","date_gmt":"2025-05-17T06:55:47","guid":{"rendered":"https:\/\/amm85.fr\/?page_id=3454"},"modified":"2025-05-17T09:00:26","modified_gmt":"2025-05-17T07:00:26","slug":"le-nautilus-dalain","status":"publish","type":"page","link":"https:\/\/amm85.fr\/index.php\/nos-realisations\/navires-de-guerre\/le-nautilus-dalain\/","title":{"rendered":"Le Nautilus d&#8217;Alain"},"content":{"rendered":"\n<div style=\"height:100px\" aria-hidden=\"true\" class=\"wp-block-spacer\"><\/div>\n\n\n\n<figure class=\"wp-block-image size-large is-resized\"><img loading=\"lazy\" decoding=\"async\" width=\"768\" height=\"1024\" src=\"https:\/\/amm85.fr\/wp-content\/uploads\/2025\/05\/1747296735574-768x1024.jpg\" alt=\"\" class=\"wp-image-3457\" style=\"width:503px;height:auto\" srcset=\"https:\/\/amm85.fr\/wp-content\/uploads\/2025\/05\/1747296735574-768x1024.jpg 768w, https:\/\/amm85.fr\/wp-content\/uploads\/2025\/05\/1747296735574-225x300.jpg 225w, https:\/\/amm85.fr\/wp-content\/uploads\/2025\/05\/1747296735574-1152x1536.jpg 1152w, https:\/\/amm85.fr\/wp-content\/uploads\/2025\/05\/1747296735574.jpg 1200w\" sizes=\"auto, (max-width: 768px) 100vw, 768px\" \/><\/figure>\n","protected":false},"excerpt":{"rendered":"","protected":false},"author":2,"featured_media":0,"parent":154,"menu_order":0,"comment_status":"closed","ping_status":"closed","template":"","meta":{"neve_meta_sidebar":"","neve_meta_container":"","neve_meta_enable_content_width":"","neve_meta_content_width":0,"neve_meta_title_alignment":"","neve_meta_author_avatar":"","neve_post_elements_order":"","neve_meta_disable_header":"","neve_meta_disable_footer":"","neve_meta_disable_title":"","footnotes":""},"class_list":["post-3454","page","type-page","status-publish","hentry"],"yoast_head":"<!-- This site is optimized with the Yoast SEO plugin v26.3 - https:\/\/yoast.com\/wordpress\/plugins\/seo\/ -->\n<title>Le Nautilus d&#039;Alain - AMM85<\/title>\n<meta name=\"robots\" content=\"index, follow, max-snippet:-1, max-image-preview:large, max-video-preview:-1\" \/>\n<link rel=\"canonical\" href=\"https:\/\/amm85.fr\/index.php\/nos-realisations\/navires-de-guerre\/le-nautilus-dalain\/\" \/>\n<meta property=\"og:locale\" content=\"fr_FR\" \/>\n<meta property=\"og:type\" content=\"article\" \/>\n<meta property=\"og:title\" content=\"Le Nautilus d&#039;Alain - AMM85\" \/>\n<meta property=\"og:url\" content=\"https:\/\/amm85.fr\/index.php\/nos-realisations\/navires-de-guerre\/le-nautilus-dalain\/\" \/>\n<meta property=\"og:site_name\" content=\"AMM85\" \/>\n<meta property=\"article:modified_time\" content=\"2025-05-17T07:00:26+00:00\" \/>\n<meta property=\"og:image\" content=\"https:\/\/amm85.fr\/wp-content\/uploads\/2025\/05\/1747296735574.jpg\" \/>\n\t<meta property=\"og:image:width\" content=\"1200\" \/>\n\t<meta property=\"og:image:height\" content=\"1600\" \/>\n\t<meta property=\"og:image:type\" content=\"image\/jpeg\" \/>\n<meta name=\"twitter:card\" content=\"summary_large_image\" \/>\n<meta name=\"twitter:label1\" content=\"Dur\u00e9e de lecture estim\u00e9e\" \/>\n\t<meta name=\"twitter:data1\" content=\"1 minute\" \/>\n<script type=\"application\/ld+json\" class=\"yoast-schema-graph\">{\"@context\":\"https:\/\/schema.org\",\"@graph\":[{\"@type\":\"WebPage\",\"@id\":\"https:\/\/amm85.fr\/index.php\/nos-realisations\/navires-de-guerre\/le-nautilus-dalain\/\",\"url\":\"https:\/\/amm85.fr\/index.php\/nos-realisations\/navires-de-guerre\/le-nautilus-dalain\/\",\"name\":\"Le Nautilus d'Alain - AMM85\",\"isPartOf\":{\"@id\":\"https:\/\/amm85.fr\/#website\"},\"primaryImageOfPage\":{\"@id\":\"https:\/\/amm85.fr\/index.php\/nos-realisations\/navires-de-guerre\/le-nautilus-dalain\/#primaryimage\"},\"image\":{\"@id\":\"https:\/\/amm85.fr\/index.php\/nos-realisations\/navires-de-guerre\/le-nautilus-dalain\/#primaryimage\"},\"thumbnailUrl\":\"https:\/\/amm85.fr\/wp-content\/uploads\/2025\/05\/1747296735574-768x1024.jpg\",\"datePublished\":\"2025-05-17T06:55:47+00:00\",\"dateModified\":\"2025-05-17T07:00:26+00:00\",\"breadcrumb\":{\"@id\":\"https:\/\/amm85.fr\/index.php\/nos-realisations\/navires-de-guerre\/le-nautilus-dalain\/#breadcrumb\"},\"inLanguage\":\"fr-FR\",\"potentialAction\":[{\"@type\":\"ReadAction\",\"target\":[\"https:\/\/amm85.fr\/index.php\/nos-realisations\/navires-de-guerre\/le-nautilus-dalain\/\"]}]},{\"@type\":\"ImageObject\",\"inLanguage\":\"fr-FR\",\"@id\":\"https:\/\/amm85.fr\/index.php\/nos-realisations\/navires-de-guerre\/le-nautilus-dalain\/#primaryimage\",\"url\":\"https:\/\/amm85.fr\/wp-content\/uploads\/2025\/05\/1747296735574.jpg\",\"contentUrl\":\"https:\/\/amm85.fr\/wp-content\/uploads\/2025\/05\/1747296735574.jpg\",\"width\":1200,\"height\":1600},{\"@type\":\"BreadcrumbList\",\"@id\":\"https:\/\/amm85.fr\/index.php\/nos-realisations\/navires-de-guerre\/le-nautilus-dalain\/#breadcrumb\",\"itemListElement\":[{\"@type\":\"ListItem\",\"position\":1,\"name\":\"Accueil\",\"item\":\"https:\/\/amm85.fr\/\"},{\"@type\":\"ListItem\",\"position\":2,\"name\":\"Nos r\u00e9alisations\",\"item\":\"https:\/\/amm85.fr\/index.php\/nos-realisations\/\"},{\"@type\":\"ListItem\",\"position\":3,\"name\":\"Navires de Guerre et Sous Marins\",\"item\":\"https:\/\/amm85.fr\/index.php\/nos-realisations\/navires-de-guerre\/\"},{\"@type\":\"ListItem\",\"position\":4,\"name\":\"Le Nautilus d&#8217;Alain\"}]},{\"@type\":\"WebSite\",\"@id\":\"https:\/\/amm85.fr\/#website\",\"url\":\"https:\/\/amm85.fr\/\",\"name\":\"AMM85\",\"description\":\"Association de mod\u00e9lisme Mothais : naval et  camion. Navigation, construction,  exposition. achards  situ\u00e9 dans la commune des Achards 85150 en Vend\u00e9e\",\"publisher\":{\"@id\":\"https:\/\/amm85.fr\/#organization\"},\"potentialAction\":[{\"@type\":\"SearchAction\",\"target\":{\"@type\":\"EntryPoint\",\"urlTemplate\":\"https:\/\/amm85.fr\/?s={search_term_string}\"},\"query-input\":{\"@type\":\"PropertyValueSpecification\",\"valueRequired\":true,\"valueName\":\"search_term_string\"}}],\"inLanguage\":\"fr-FR\"},{\"@type\":\"Organization\",\"@id\":\"https:\/\/amm85.fr\/#organization\",\"name\":\"Amicale du mod\u00e9lisme mothais\",\"url\":\"https:\/\/amm85.fr\/\",\"logo\":{\"@type\":\"ImageObject\",\"inLanguage\":\"fr-FR\",\"@id\":\"https:\/\/amm85.fr\/#\/schema\/logo\/image\/\",\"url\":\"\",\"contentUrl\":\"\",\"caption\":\"Amicale du mod\u00e9lisme mothais\"},\"image\":{\"@id\":\"https:\/\/amm85.fr\/#\/schema\/logo\/image\/\"}}]}<\/script>\n<!-- \/ Yoast SEO plugin. -->","yoast_head_json":{"title":"Le Nautilus d'Alain - AMM85","robots":{"index":"index","follow":"follow","max-snippet":"max-snippet:-1","max-image-preview":"max-image-preview:large","max-video-preview":"max-video-preview:-1"},"canonical":"https:\/\/amm85.fr\/index.php\/nos-realisations\/navires-de-guerre\/le-nautilus-dalain\/","og_locale":"fr_FR","og_type":"article","og_title":"Le Nautilus d'Alain - AMM85","og_url":"https:\/\/amm85.fr\/index.php\/nos-realisations\/navires-de-guerre\/le-nautilus-dalain\/","og_site_name":"AMM85","article_modified_time":"2025-05-17T07:00:26+00:00","og_image":[{"width":1200,"height":1600,"url":"https:\/\/amm85.fr\/wp-content\/uploads\/2025\/05\/1747296735574.jpg","type":"image\/jpeg"}],"twitter_card":"summary_large_image","twitter_misc":{"Dur\u00e9e de lecture estim\u00e9e":"1 minute"},"schema":{"@context":"https:\/\/schema.org","@graph":[{"@type":"WebPage","@id":"https:\/\/amm85.fr\/index.php\/nos-realisations\/navires-de-guerre\/le-nautilus-dalain\/","url":"https:\/\/amm85.fr\/index.php\/nos-realisations\/navires-de-guerre\/le-nautilus-dalain\/","name":"Le Nautilus d'Alain - AMM85","isPartOf":{"@id":"https:\/\/amm85.fr\/#website"},"primaryImageOfPage":{"@id":"https:\/\/amm85.fr\/index.php\/nos-realisations\/navires-de-guerre\/le-nautilus-dalain\/#primaryimage"},"image":{"@id":"https:\/\/amm85.fr\/index.php\/nos-realisations\/navires-de-guerre\/le-nautilus-dalain\/#primaryimage"},"thumbnailUrl":"https:\/\/amm85.fr\/wp-content\/uploads\/2025\/05\/1747296735574-768x1024.jpg","datePublished":"2025-05-17T06:55:47+00:00","dateModified":"2025-05-17T07:00:26+00:00","breadcrumb":{"@id":"https:\/\/amm85.fr\/index.php\/nos-realisations\/navires-de-guerre\/le-nautilus-dalain\/#breadcrumb"},"inLanguage":"fr-FR","potentialAction":[{"@type":"ReadAction","target":["https:\/\/amm85.fr\/index.php\/nos-realisations\/navires-de-guerre\/le-nautilus-dalain\/"]}]},{"@type":"ImageObject","inLanguage":"fr-FR","@id":"https:\/\/amm85.fr\/index.php\/nos-realisations\/navires-de-guerre\/le-nautilus-dalain\/#primaryimage","url":"https:\/\/amm85.fr\/wp-content\/uploads\/2025\/05\/1747296735574.jpg","contentUrl":"https:\/\/amm85.fr\/wp-content\/uploads\/2025\/05\/1747296735574.jpg","width":1200,"height":1600},{"@type":"BreadcrumbList","@id":"https:\/\/amm85.fr\/index.php\/nos-realisations\/navires-de-guerre\/le-nautilus-dalain\/#breadcrumb","itemListElement":[{"@type":"ListItem","position":1,"name":"Accueil","item":"https:\/\/amm85.fr\/"},{"@type":"ListItem","position":2,"name":"Nos r\u00e9alisations","item":"https:\/\/amm85.fr\/index.php\/nos-realisations\/"},{"@type":"ListItem","position":3,"name":"Navires de Guerre et Sous Marins","item":"https:\/\/amm85.fr\/index.php\/nos-realisations\/navires-de-guerre\/"},{"@type":"ListItem","position":4,"name":"Le Nautilus d&#8217;Alain"}]},{"@type":"WebSite","@id":"https:\/\/amm85.fr\/#website","url":"https:\/\/amm85.fr\/","name":"AMM85","description":"Association de mod\u00e9lisme Mothais : naval et  camion. Navigation, construction,  exposition. achards  situ\u00e9 dans la commune des Achards 85150 en Vend\u00e9e","publisher":{"@id":"https:\/\/amm85.fr\/#organization"},"potentialAction":[{"@type":"SearchAction","target":{"@type":"EntryPoint","urlTemplate":"https:\/\/amm85.fr\/?s={search_term_string}"},"query-input":{"@type":"PropertyValueSpecification","valueRequired":true,"valueName":"search_term_string"}}],"inLanguage":"fr-FR"},{"@type":"Organization","@id":"https:\/\/amm85.fr\/#organization","name":"Amicale du mod\u00e9lisme mothais","url":"https:\/\/amm85.fr\/","logo":{"@type":"ImageObject","inLanguage":"fr-FR","@id":"https:\/\/amm85.fr\/#\/schema\/logo\/image\/","url":"","contentUrl":"","caption":"Amicale du mod\u00e9lisme mothais"},"image":{"@id":"https:\/\/amm85.fr\/#\/schema\/logo\/image\/"}}]}},"_links":{"self":[{"href":"https:\/\/amm85.fr\/index.php\/wp-json\/wp\/v2\/pages\/3454","targetHints":{"allow":["GET"]}}],"collection":[{"href":"https:\/\/amm85.fr\/index.php\/wp-json\/wp\/v2\/pages"}],"about":[{"href":"https:\/\/amm85.fr\/index.php\/wp-json\/wp\/v2\/types\/page"}],"author":[{"embeddable":true,"href":"https:\/\/amm85.fr\/index.php\/wp-json\/wp\/v2\/users\/2"}],"replies":[{"embeddable":true,"href":"https:\/\/amm85.fr\/index.php\/wp-json\/wp\/v2\/comments?post=3454"}],"version-history":[{"count":2,"href":"https:\/\/amm85.fr\/index.php\/wp-json\/wp\/v2\/pages\/3454\/revisions"}],"predecessor-version":[{"id":3458,"href":"https:\/\/amm85.fr\/index.php\/wp-json\/wp\/v2\/pages\/3454\/revisions\/3458"}],"up":[{"embeddable":true,"href":"https:\/\/amm85.fr\/index.php\/wp-json\/wp\/v2\/pages\/154"}],"wp:attachment":[{"href":"https:\/\/amm85.fr\/index.php\/wp-json\/wp\/v2\/media?parent=3454"}],"curies":[{"name":"wp","href":"https:\/\/api.w.org\/{rel}","templated":true}]}}