{"id":3238,"date":"2025-02-28T14:30:56","date_gmt":"2025-02-28T13:30:56","guid":{"rendered":"https:\/\/amm85.fr\/?page_id=3238"},"modified":"2025-02-28T14:31:47","modified_gmt":"2025-02-28T13:31:47","slug":"la-jauginette-alain-b","status":"publish","type":"page","link":"https:\/\/amm85.fr\/index.php\/nos-realisations\/voiliers\/la-jauginette-alain-b\/","title":{"rendered":"La Jauginette (Alain B)"},"content":{"rendered":"\n<div style=\"height:100px\" aria-hidden=\"true\" class=\"wp-block-spacer\"><\/div>\n\n\n\n<p><br>La \u00ab\u00a0Jauginette\u00a0\u00bb, c\u2019est une norme internationale qui autorise tout sauf la longueur de coque qui doit faire 0,50m, sur le flanc de laquelle le nom doit figurer en se terminant par \u00ab\u00a0ette\u00a0\u00bb. Celle-ci a pour devise \u00ab\u00a0P\u00e2querette\u00a0\u00bb. Les voiles sont en papier \u00e0 fleurs transparent, sur un balestron.<\/p>\n\n\n\n<figure class=\"wp-block-gallery has-nested-images columns-default is-cropped wp-block-gallery-1 is-layout-flex wp-block-gallery-is-layout-flex\">\n<figure class=\"wp-block-image size-large\"><img loading=\"lazy\" decoding=\"async\" width=\"768\" height=\"1024\" data-id=\"3241\" src=\"https:\/\/amm85.fr\/wp-content\/uploads\/2025\/02\/1740741068500-768x1024.jpg\" alt=\"\" class=\"wp-image-3241\" srcset=\"https:\/\/amm85.fr\/wp-content\/uploads\/2025\/02\/1740741068500-768x1024.jpg 768w, https:\/\/amm85.fr\/wp-content\/uploads\/2025\/02\/1740741068500-225x300.jpg 225w, https:\/\/amm85.fr\/wp-content\/uploads\/2025\/02\/1740741068500-1152x1536.jpg 1152w, https:\/\/amm85.fr\/wp-content\/uploads\/2025\/02\/1740741068500.jpg 1200w\" sizes=\"auto, (max-width: 768px) 100vw, 768px\" \/><\/figure>\n\n\n\n<figure class=\"wp-block-image size-large\"><img loading=\"lazy\" decoding=\"async\" width=\"768\" height=\"1024\" data-id=\"3239\" src=\"https:\/\/amm85.fr\/wp-content\/uploads\/2025\/02\/1740741068503-768x1024.jpg\" alt=\"\" class=\"wp-image-3239\" srcset=\"https:\/\/amm85.fr\/wp-content\/uploads\/2025\/02\/1740741068503-768x1024.jpg 768w, https:\/\/amm85.fr\/wp-content\/uploads\/2025\/02\/1740741068503-225x300.jpg 225w, https:\/\/amm85.fr\/wp-content\/uploads\/2025\/02\/1740741068503-1152x1536.jpg 1152w, https:\/\/amm85.fr\/wp-content\/uploads\/2025\/02\/1740741068503.jpg 1200w\" sizes=\"auto, (max-width: 768px) 100vw, 768px\" \/><\/figure>\n\n\n\n<figure class=\"wp-block-image size-large\"><img loading=\"lazy\" decoding=\"async\" width=\"768\" height=\"1024\" data-id=\"3240\" src=\"https:\/\/amm85.fr\/wp-content\/uploads\/2025\/02\/1740741068496-768x1024.jpg\" alt=\"\" class=\"wp-image-3240\" srcset=\"https:\/\/amm85.fr\/wp-content\/uploads\/2025\/02\/1740741068496-768x1024.jpg 768w, https:\/\/amm85.fr\/wp-content\/uploads\/2025\/02\/1740741068496-225x300.jpg 225w, https:\/\/amm85.fr\/wp-content\/uploads\/2025\/02\/1740741068496-1152x1536.jpg 1152w, https:\/\/amm85.fr\/wp-content\/uploads\/2025\/02\/1740741068496.jpg 1200w\" sizes=\"auto, (max-width: 768px) 100vw, 768px\" \/><\/figure>\n<\/figure>\n\n\n\n<figure class=\"wp-block-gallery has-nested-images columns-default is-cropped wp-block-gallery-2 is-layout-flex wp-block-gallery-is-layout-flex\">\n<figure class=\"wp-block-image size-large\"><img loading=\"lazy\" decoding=\"async\" width=\"768\" height=\"1024\" data-id=\"3243\" src=\"https:\/\/amm85.fr\/wp-content\/uploads\/2025\/02\/1740741068493-768x1024.jpg\" alt=\"\" class=\"wp-image-3243\" srcset=\"https:\/\/amm85.fr\/wp-content\/uploads\/2025\/02\/1740741068493-768x1024.jpg 768w, https:\/\/amm85.fr\/wp-content\/uploads\/2025\/02\/1740741068493-225x300.jpg 225w, https:\/\/amm85.fr\/wp-content\/uploads\/2025\/02\/1740741068493-1152x1536.jpg 1152w, https:\/\/amm85.fr\/wp-content\/uploads\/2025\/02\/1740741068493.jpg 1200w\" sizes=\"auto, (max-width: 768px) 100vw, 768px\" \/><\/figure>\n\n\n\n<figure class=\"wp-block-image size-large\"><img loading=\"lazy\" decoding=\"async\" width=\"768\" height=\"1024\" data-id=\"3242\" src=\"https:\/\/amm85.fr\/wp-content\/uploads\/2025\/02\/1740741068490-768x1024.jpg\" alt=\"\" class=\"wp-image-3242\" srcset=\"https:\/\/amm85.fr\/wp-content\/uploads\/2025\/02\/1740741068490-768x1024.jpg 768w, https:\/\/amm85.fr\/wp-content\/uploads\/2025\/02\/1740741068490-225x300.jpg 225w, https:\/\/amm85.fr\/wp-content\/uploads\/2025\/02\/1740741068490-1152x1536.jpg 1152w, https:\/\/amm85.fr\/wp-content\/uploads\/2025\/02\/1740741068490.jpg 1200w\" sizes=\"auto, (max-width: 768px) 100vw, 768px\" \/><\/figure>\n<\/figure>\n\n\n\n<figure class=\"wp-block-image size-large is-resized\"><img loading=\"lazy\" decoding=\"async\" width=\"1024\" height=\"768\" src=\"https:\/\/amm85.fr\/wp-content\/uploads\/2025\/02\/1740741068486-1-1024x768.jpg\" alt=\"\" class=\"wp-image-3245\" style=\"width:629px;height:auto\" srcset=\"https:\/\/amm85.fr\/wp-content\/uploads\/2025\/02\/1740741068486-1-1024x768.jpg 1024w, https:\/\/amm85.fr\/wp-content\/uploads\/2025\/02\/1740741068486-1-300x225.jpg 300w, https:\/\/amm85.fr\/wp-content\/uploads\/2025\/02\/1740741068486-1-768x576.jpg 768w, https:\/\/amm85.fr\/wp-content\/uploads\/2025\/02\/1740741068486-1-1536x1152.jpg 1536w, https:\/\/amm85.fr\/wp-content\/uploads\/2025\/02\/1740741068486-1.jpg 1600w\" sizes=\"auto, (max-width: 1024px) 100vw, 1024px\" \/><\/figure>\n\n\n\n<p><\/p>\n","protected":false},"excerpt":{"rendered":"<p>La \u00ab\u00a0Jauginette\u00a0\u00bb, c\u2019est une norme internationale qui autorise tout sauf la longueur de coque qui doit faire 0,50m, sur le flanc de laquelle le nom doit figurer en se terminant&hellip;&nbsp;<a href=\"https:\/\/amm85.fr\/index.php\/nos-realisations\/voiliers\/la-jauginette-alain-b\/\" rel=\"bookmark\">Lire la suite &raquo;<span class=\"screen-reader-text\">La Jauginette (Alain B)<\/span><\/a><\/p>\n","protected":false},"author":2,"featured_media":0,"parent":112,"menu_order":0,"comment_status":"closed","ping_status":"closed","template":"","meta":{"neve_meta_sidebar":"","neve_meta_container":"","neve_meta_enable_content_width":"","neve_meta_content_width":0,"neve_meta_title_alignment":"","neve_meta_author_avatar":"","neve_post_elements_order":"","neve_meta_disable_header":"","neve_meta_disable_footer":"","neve_meta_disable_title":"","footnotes":""},"class_list":["post-3238","page","type-page","status-publish","hentry"],"yoast_head":"<!-- This site is optimized with the Yoast SEO plugin v26.3 - https:\/\/yoast.com\/wordpress\/plugins\/seo\/ -->\n<title>La Jauginette (Alain B) - AMM85<\/title>\n<meta name=\"robots\" content=\"index, follow, max-snippet:-1, max-image-preview:large, max-video-preview:-1\" \/>\n<link rel=\"canonical\" href=\"https:\/\/amm85.fr\/index.php\/nos-realisations\/voiliers\/la-jauginette-alain-b\/\" \/>\n<meta property=\"og:locale\" content=\"fr_FR\" \/>\n<meta property=\"og:type\" content=\"article\" \/>\n<meta property=\"og:title\" content=\"La Jauginette (Alain B) - AMM85\" \/>\n<meta property=\"og:description\" content=\"La \u00ab\u00a0Jauginette\u00a0\u00bb, c\u2019est une norme internationale qui autorise tout sauf la longueur de coque qui doit faire 0,50m, sur le flanc de laquelle le nom doit figurer en se terminant&hellip;&nbsp;Lire la suite &raquo;La Jauginette (Alain B)\" \/>\n<meta property=\"og:url\" content=\"https:\/\/amm85.fr\/index.php\/nos-realisations\/voiliers\/la-jauginette-alain-b\/\" \/>\n<meta property=\"og:site_name\" content=\"AMM85\" \/>\n<meta property=\"article:modified_time\" content=\"2025-02-28T13:31:47+00:00\" \/>\n<meta property=\"og:image\" content=\"https:\/\/amm85.fr\/wp-content\/uploads\/2025\/02\/1740741068500.jpg\" \/>\n\t<meta property=\"og:image:width\" content=\"1200\" \/>\n\t<meta property=\"og:image:height\" content=\"1600\" \/>\n\t<meta property=\"og:image:type\" content=\"image\/jpeg\" \/>\n<meta name=\"twitter:card\" content=\"summary_large_image\" \/>\n<meta name=\"twitter:label1\" content=\"Dur\u00e9e de lecture estim\u00e9e\" \/>\n\t<meta name=\"twitter:data1\" content=\"2 minutes\" \/>\n<script type=\"application\/ld+json\" class=\"yoast-schema-graph\">{\"@context\":\"https:\/\/schema.org\",\"@graph\":[{\"@type\":\"WebPage\",\"@id\":\"https:\/\/amm85.fr\/index.php\/nos-realisations\/voiliers\/la-jauginette-alain-b\/\",\"url\":\"https:\/\/amm85.fr\/index.php\/nos-realisations\/voiliers\/la-jauginette-alain-b\/\",\"name\":\"La Jauginette (Alain B) - AMM85\",\"isPartOf\":{\"@id\":\"https:\/\/amm85.fr\/#website\"},\"primaryImageOfPage\":{\"@id\":\"https:\/\/amm85.fr\/index.php\/nos-realisations\/voiliers\/la-jauginette-alain-b\/#primaryimage\"},\"image\":{\"@id\":\"https:\/\/amm85.fr\/index.php\/nos-realisations\/voiliers\/la-jauginette-alain-b\/#primaryimage\"},\"thumbnailUrl\":\"https:\/\/amm85.fr\/wp-content\/uploads\/2025\/02\/1740741068500-768x1024.jpg\",\"datePublished\":\"2025-02-28T13:30:56+00:00\",\"dateModified\":\"2025-02-28T13:31:47+00:00\",\"breadcrumb\":{\"@id\":\"https:\/\/amm85.fr\/index.php\/nos-realisations\/voiliers\/la-jauginette-alain-b\/#breadcrumb\"},\"inLanguage\":\"fr-FR\",\"potentialAction\":[{\"@type\":\"ReadAction\",\"target\":[\"https:\/\/amm85.fr\/index.php\/nos-realisations\/voiliers\/la-jauginette-alain-b\/\"]}]},{\"@type\":\"ImageObject\",\"inLanguage\":\"fr-FR\",\"@id\":\"https:\/\/amm85.fr\/index.php\/nos-realisations\/voiliers\/la-jauginette-alain-b\/#primaryimage\",\"url\":\"https:\/\/amm85.fr\/wp-content\/uploads\/2025\/02\/1740741068500.jpg\",\"contentUrl\":\"https:\/\/amm85.fr\/wp-content\/uploads\/2025\/02\/1740741068500.jpg\",\"width\":1200,\"height\":1600},{\"@type\":\"BreadcrumbList\",\"@id\":\"https:\/\/amm85.fr\/index.php\/nos-realisations\/voiliers\/la-jauginette-alain-b\/#breadcrumb\",\"itemListElement\":[{\"@type\":\"ListItem\",\"position\":1,\"name\":\"Accueil\",\"item\":\"https:\/\/amm85.fr\/\"},{\"@type\":\"ListItem\",\"position\":2,\"name\":\"Nos r\u00e9alisations\",\"item\":\"https:\/\/amm85.fr\/index.php\/nos-realisations\/\"},{\"@type\":\"ListItem\",\"position\":3,\"name\":\"Voiliers\",\"item\":\"https:\/\/amm85.fr\/index.php\/nos-realisations\/voiliers\/\"},{\"@type\":\"ListItem\",\"position\":4,\"name\":\"La Jauginette (Alain B)\"}]},{\"@type\":\"WebSite\",\"@id\":\"https:\/\/amm85.fr\/#website\",\"url\":\"https:\/\/amm85.fr\/\",\"name\":\"AMM85\",\"description\":\"Association de mod\u00e9lisme Mothais : naval et  camion. Navigation, construction,  exposition. achards  situ\u00e9 dans la commune des Achards 85150 en Vend\u00e9e\",\"publisher\":{\"@id\":\"https:\/\/amm85.fr\/#organization\"},\"potentialAction\":[{\"@type\":\"SearchAction\",\"target\":{\"@type\":\"EntryPoint\",\"urlTemplate\":\"https:\/\/amm85.fr\/?s={search_term_string}\"},\"query-input\":{\"@type\":\"PropertyValueSpecification\",\"valueRequired\":true,\"valueName\":\"search_term_string\"}}],\"inLanguage\":\"fr-FR\"},{\"@type\":\"Organization\",\"@id\":\"https:\/\/amm85.fr\/#organization\",\"name\":\"Amicale du mod\u00e9lisme mothais\",\"url\":\"https:\/\/amm85.fr\/\",\"logo\":{\"@type\":\"ImageObject\",\"inLanguage\":\"fr-FR\",\"@id\":\"https:\/\/amm85.fr\/#\/schema\/logo\/image\/\",\"url\":\"\",\"contentUrl\":\"\",\"caption\":\"Amicale du mod\u00e9lisme mothais\"},\"image\":{\"@id\":\"https:\/\/amm85.fr\/#\/schema\/logo\/image\/\"}}]}<\/script>\n<!-- \/ Yoast SEO plugin. -->","yoast_head_json":{"title":"La Jauginette (Alain B) - AMM85","robots":{"index":"index","follow":"follow","max-snippet":"max-snippet:-1","max-image-preview":"max-image-preview:large","max-video-preview":"max-video-preview:-1"},"canonical":"https:\/\/amm85.fr\/index.php\/nos-realisations\/voiliers\/la-jauginette-alain-b\/","og_locale":"fr_FR","og_type":"article","og_title":"La Jauginette (Alain B) - AMM85","og_description":"La \u00ab\u00a0Jauginette\u00a0\u00bb, c\u2019est une norme internationale qui autorise tout sauf la longueur de coque qui doit faire 0,50m, sur le flanc de laquelle le nom doit figurer en se terminant&hellip;&nbsp;Lire la suite &raquo;La Jauginette (Alain B)","og_url":"https:\/\/amm85.fr\/index.php\/nos-realisations\/voiliers\/la-jauginette-alain-b\/","og_site_name":"AMM85","article_modified_time":"2025-02-28T13:31:47+00:00","og_image":[{"width":1200,"height":1600,"url":"https:\/\/amm85.fr\/wp-content\/uploads\/2025\/02\/1740741068500.jpg","type":"image\/jpeg"}],"twitter_card":"summary_large_image","twitter_misc":{"Dur\u00e9e de lecture estim\u00e9e":"2 minutes"},"schema":{"@context":"https:\/\/schema.org","@graph":[{"@type":"WebPage","@id":"https:\/\/amm85.fr\/index.php\/nos-realisations\/voiliers\/la-jauginette-alain-b\/","url":"https:\/\/amm85.fr\/index.php\/nos-realisations\/voiliers\/la-jauginette-alain-b\/","name":"La Jauginette (Alain B) - AMM85","isPartOf":{"@id":"https:\/\/amm85.fr\/#website"},"primaryImageOfPage":{"@id":"https:\/\/amm85.fr\/index.php\/nos-realisations\/voiliers\/la-jauginette-alain-b\/#primaryimage"},"image":{"@id":"https:\/\/amm85.fr\/index.php\/nos-realisations\/voiliers\/la-jauginette-alain-b\/#primaryimage"},"thumbnailUrl":"https:\/\/amm85.fr\/wp-content\/uploads\/2025\/02\/1740741068500-768x1024.jpg","datePublished":"2025-02-28T13:30:56+00:00","dateModified":"2025-02-28T13:31:47+00:00","breadcrumb":{"@id":"https:\/\/amm85.fr\/index.php\/nos-realisations\/voiliers\/la-jauginette-alain-b\/#breadcrumb"},"inLanguage":"fr-FR","potentialAction":[{"@type":"ReadAction","target":["https:\/\/amm85.fr\/index.php\/nos-realisations\/voiliers\/la-jauginette-alain-b\/"]}]},{"@type":"ImageObject","inLanguage":"fr-FR","@id":"https:\/\/amm85.fr\/index.php\/nos-realisations\/voiliers\/la-jauginette-alain-b\/#primaryimage","url":"https:\/\/amm85.fr\/wp-content\/uploads\/2025\/02\/1740741068500.jpg","contentUrl":"https:\/\/amm85.fr\/wp-content\/uploads\/2025\/02\/1740741068500.jpg","width":1200,"height":1600},{"@type":"BreadcrumbList","@id":"https:\/\/amm85.fr\/index.php\/nos-realisations\/voiliers\/la-jauginette-alain-b\/#breadcrumb","itemListElement":[{"@type":"ListItem","position":1,"name":"Accueil","item":"https:\/\/amm85.fr\/"},{"@type":"ListItem","position":2,"name":"Nos r\u00e9alisations","item":"https:\/\/amm85.fr\/index.php\/nos-realisations\/"},{"@type":"ListItem","position":3,"name":"Voiliers","item":"https:\/\/amm85.fr\/index.php\/nos-realisations\/voiliers\/"},{"@type":"ListItem","position":4,"name":"La Jauginette (Alain B)"}]},{"@type":"WebSite","@id":"https:\/\/amm85.fr\/#website","url":"https:\/\/amm85.fr\/","name":"AMM85","description":"Association de mod\u00e9lisme Mothais : naval et  camion. Navigation, construction,  exposition. achards  situ\u00e9 dans la commune des Achards 85150 en Vend\u00e9e","publisher":{"@id":"https:\/\/amm85.fr\/#organization"},"potentialAction":[{"@type":"SearchAction","target":{"@type":"EntryPoint","urlTemplate":"https:\/\/amm85.fr\/?s={search_term_string}"},"query-input":{"@type":"PropertyValueSpecification","valueRequired":true,"valueName":"search_term_string"}}],"inLanguage":"fr-FR"},{"@type":"Organization","@id":"https:\/\/amm85.fr\/#organization","name":"Amicale du mod\u00e9lisme mothais","url":"https:\/\/amm85.fr\/","logo":{"@type":"ImageObject","inLanguage":"fr-FR","@id":"https:\/\/amm85.fr\/#\/schema\/logo\/image\/","url":"","contentUrl":"","caption":"Amicale du mod\u00e9lisme mothais"},"image":{"@id":"https:\/\/amm85.fr\/#\/schema\/logo\/image\/"}}]}},"_links":{"self":[{"href":"https:\/\/amm85.fr\/index.php\/wp-json\/wp\/v2\/pages\/3238","targetHints":{"allow":["GET"]}}],"collection":[{"href":"https:\/\/amm85.fr\/index.php\/wp-json\/wp\/v2\/pages"}],"about":[{"href":"https:\/\/amm85.fr\/index.php\/wp-json\/wp\/v2\/types\/page"}],"author":[{"embeddable":true,"href":"https:\/\/amm85.fr\/index.php\/wp-json\/wp\/v2\/users\/2"}],"replies":[{"embeddable":true,"href":"https:\/\/amm85.fr\/index.php\/wp-json\/wp\/v2\/comments?post=3238"}],"version-history":[{"count":1,"href":"https:\/\/amm85.fr\/index.php\/wp-json\/wp\/v2\/pages\/3238\/revisions"}],"predecessor-version":[{"id":3246,"href":"https:\/\/amm85.fr\/index.php\/wp-json\/wp\/v2\/pages\/3238\/revisions\/3246"}],"up":[{"embeddable":true,"href":"https:\/\/amm85.fr\/index.php\/wp-json\/wp\/v2\/pages\/112"}],"wp:attachment":[{"href":"https:\/\/amm85.fr\/index.php\/wp-json\/wp\/v2\/media?parent=3238"}],"curies":[{"name":"wp","href":"https:\/\/api.w.org\/{rel}","templated":true}]}}