{"id":3183,"date":"2025-02-26T16:57:38","date_gmt":"2025-02-26T15:57:38","guid":{"rendered":"https:\/\/amm85.fr\/?page_id=3183"},"modified":"2025-02-26T17:06:33","modified_gmt":"2025-02-26T16:06:33","slug":"sous-marin-nucleaire-alain-b","status":"publish","type":"page","link":"https:\/\/amm85.fr\/index.php\/nos-realisations\/navires-de-guerre\/sous-marin-nucleaire-alain-b\/","title":{"rendered":"Sous Marin Nucl\u00e9aire (Alain B)"},"content":{"rendered":"\n<div style=\"height:100px\" aria-hidden=\"true\" class=\"wp-block-spacer\"><\/div>\n\n\n\n<p><br>Le sous-marin am\u00e9ricain nucl\u00e9aire construit \u00e0 partir d\u2019une maquette plastique est \u00e9quip\u00e9 d\u2019un mat\u00e9riel \u00e0 ballast lui permettant la plong\u00e9e statique. Il mesure 1m.<\/p>\n\n\n\n<figure class=\"wp-block-gallery has-nested-images columns-default is-cropped wp-block-gallery-1 is-layout-flex wp-block-gallery-is-layout-flex\">\n<figure class=\"wp-block-image size-large\"><img loading=\"lazy\" decoding=\"async\" width=\"765\" height=\"1024\" data-id=\"3186\" src=\"https:\/\/amm85.fr\/wp-content\/uploads\/2025\/02\/1740582832645-765x1024.jpg\" alt=\"\" class=\"wp-image-3186\" srcset=\"https:\/\/amm85.fr\/wp-content\/uploads\/2025\/02\/1740582832645-765x1024.jpg 765w, https:\/\/amm85.fr\/wp-content\/uploads\/2025\/02\/1740582832645-224x300.jpg 224w, https:\/\/amm85.fr\/wp-content\/uploads\/2025\/02\/1740582832645-768x1028.jpg 768w, https:\/\/amm85.fr\/wp-content\/uploads\/2025\/02\/1740582832645-1147x1536.jpg 1147w, https:\/\/amm85.fr\/wp-content\/uploads\/2025\/02\/1740582832645.jpg 1195w\" sizes=\"auto, (max-width: 765px) 100vw, 765px\" \/><\/figure>\n\n\n\n<figure class=\"wp-block-image size-large\"><img loading=\"lazy\" decoding=\"async\" width=\"765\" height=\"1024\" data-id=\"3185\" src=\"https:\/\/amm85.fr\/wp-content\/uploads\/2025\/02\/1740582832650-765x1024.jpg\" alt=\"\" class=\"wp-image-3185\" srcset=\"https:\/\/amm85.fr\/wp-content\/uploads\/2025\/02\/1740582832650-765x1024.jpg 765w, https:\/\/amm85.fr\/wp-content\/uploads\/2025\/02\/1740582832650-224x300.jpg 224w, https:\/\/amm85.fr\/wp-content\/uploads\/2025\/02\/1740582832650-768x1028.jpg 768w, https:\/\/amm85.fr\/wp-content\/uploads\/2025\/02\/1740582832650-1147x1536.jpg 1147w, https:\/\/amm85.fr\/wp-content\/uploads\/2025\/02\/1740582832650.jpg 1195w\" sizes=\"auto, (max-width: 765px) 100vw, 765px\" \/><\/figure>\n\n\n\n<figure class=\"wp-block-image size-large\"><img loading=\"lazy\" decoding=\"async\" width=\"765\" height=\"1024\" data-id=\"3184\" src=\"https:\/\/amm85.fr\/wp-content\/uploads\/2025\/02\/1740582832659-765x1024.jpg\" alt=\"\" class=\"wp-image-3184\" srcset=\"https:\/\/amm85.fr\/wp-content\/uploads\/2025\/02\/1740582832659-765x1024.jpg 765w, https:\/\/amm85.fr\/wp-content\/uploads\/2025\/02\/1740582832659-224x300.jpg 224w, https:\/\/amm85.fr\/wp-content\/uploads\/2025\/02\/1740582832659-768x1028.jpg 768w, https:\/\/amm85.fr\/wp-content\/uploads\/2025\/02\/1740582832659-1147x1536.jpg 1147w, https:\/\/amm85.fr\/wp-content\/uploads\/2025\/02\/1740582832659.jpg 1195w\" sizes=\"auto, (max-width: 765px) 100vw, 765px\" \/><\/figure>\n<\/figure>\n\n\n\n<figure class=\"wp-block-gallery has-nested-images columns-default is-cropped wp-block-gallery-2 is-layout-flex wp-block-gallery-is-layout-flex\">\n<figure class=\"wp-block-image size-large\"><img loading=\"lazy\" decoding=\"async\" width=\"765\" height=\"1024\" data-id=\"3187\" src=\"https:\/\/amm85.fr\/wp-content\/uploads\/2025\/02\/1740582832631-765x1024.jpg\" alt=\"\" class=\"wp-image-3187\" srcset=\"https:\/\/amm85.fr\/wp-content\/uploads\/2025\/02\/1740582832631-765x1024.jpg 765w, https:\/\/amm85.fr\/wp-content\/uploads\/2025\/02\/1740582832631-224x300.jpg 224w, https:\/\/amm85.fr\/wp-content\/uploads\/2025\/02\/1740582832631-768x1028.jpg 768w, https:\/\/amm85.fr\/wp-content\/uploads\/2025\/02\/1740582832631-1147x1536.jpg 1147w, https:\/\/amm85.fr\/wp-content\/uploads\/2025\/02\/1740582832631.jpg 1195w\" sizes=\"auto, (max-width: 765px) 100vw, 765px\" \/><\/figure>\n\n\n\n<figure class=\"wp-block-image size-large\"><img loading=\"lazy\" decoding=\"async\" width=\"765\" height=\"1024\" data-id=\"3188\" src=\"https:\/\/amm85.fr\/wp-content\/uploads\/2025\/02\/1740582832636-765x1024.jpg\" alt=\"\" class=\"wp-image-3188\" srcset=\"https:\/\/amm85.fr\/wp-content\/uploads\/2025\/02\/1740582832636-765x1024.jpg 765w, https:\/\/amm85.fr\/wp-content\/uploads\/2025\/02\/1740582832636-224x300.jpg 224w, https:\/\/amm85.fr\/wp-content\/uploads\/2025\/02\/1740582832636-768x1028.jpg 768w, https:\/\/amm85.fr\/wp-content\/uploads\/2025\/02\/1740582832636-1147x1536.jpg 1147w, https:\/\/amm85.fr\/wp-content\/uploads\/2025\/02\/1740582832636.jpg 1195w\" sizes=\"auto, (max-width: 765px) 100vw, 765px\" \/><\/figure>\n\n\n\n<figure class=\"wp-block-image size-large\"><img loading=\"lazy\" decoding=\"async\" width=\"765\" height=\"1024\" data-id=\"3189\" src=\"https:\/\/amm85.fr\/wp-content\/uploads\/2025\/02\/1740582832641-765x1024.jpg\" alt=\"\" class=\"wp-image-3189\" srcset=\"https:\/\/amm85.fr\/wp-content\/uploads\/2025\/02\/1740582832641-765x1024.jpg 765w, https:\/\/amm85.fr\/wp-content\/uploads\/2025\/02\/1740582832641-224x300.jpg 224w, https:\/\/amm85.fr\/wp-content\/uploads\/2025\/02\/1740582832641-768x1028.jpg 768w, https:\/\/amm85.fr\/wp-content\/uploads\/2025\/02\/1740582832641-1147x1536.jpg 1147w, https:\/\/amm85.fr\/wp-content\/uploads\/2025\/02\/1740582832641.jpg 1195w\" sizes=\"auto, (max-width: 765px) 100vw, 765px\" \/><\/figure>\n<\/figure>\n\n\n\n<figure class=\"wp-block-gallery has-nested-images columns-default is-cropped wp-block-gallery-3 is-layout-flex wp-block-gallery-is-layout-flex\">\n<figure class=\"wp-block-image size-large\"><img loading=\"lazy\" decoding=\"async\" width=\"765\" height=\"1024\" data-id=\"3190\" src=\"https:\/\/amm85.fr\/wp-content\/uploads\/2025\/02\/1740582832622-765x1024.jpg\" alt=\"\" class=\"wp-image-3190\" srcset=\"https:\/\/amm85.fr\/wp-content\/uploads\/2025\/02\/1740582832622-765x1024.jpg 765w, https:\/\/amm85.fr\/wp-content\/uploads\/2025\/02\/1740582832622-224x300.jpg 224w, https:\/\/amm85.fr\/wp-content\/uploads\/2025\/02\/1740582832622-768x1028.jpg 768w, https:\/\/amm85.fr\/wp-content\/uploads\/2025\/02\/1740582832622-1147x1536.jpg 1147w, https:\/\/amm85.fr\/wp-content\/uploads\/2025\/02\/1740582832622.jpg 1195w\" sizes=\"auto, (max-width: 765px) 100vw, 765px\" \/><\/figure>\n\n\n\n<figure class=\"wp-block-image size-large\"><img loading=\"lazy\" decoding=\"async\" width=\"765\" height=\"1024\" data-id=\"3192\" src=\"https:\/\/amm85.fr\/wp-content\/uploads\/2025\/02\/1740582832627-765x1024.jpg\" alt=\"\" class=\"wp-image-3192\" srcset=\"https:\/\/amm85.fr\/wp-content\/uploads\/2025\/02\/1740582832627-765x1024.jpg 765w, https:\/\/amm85.fr\/wp-content\/uploads\/2025\/02\/1740582832627-224x300.jpg 224w, https:\/\/amm85.fr\/wp-content\/uploads\/2025\/02\/1740582832627-768x1028.jpg 768w, https:\/\/amm85.fr\/wp-content\/uploads\/2025\/02\/1740582832627-1147x1536.jpg 1147w, https:\/\/amm85.fr\/wp-content\/uploads\/2025\/02\/1740582832627.jpg 1195w\" sizes=\"auto, (max-width: 765px) 100vw, 765px\" \/><\/figure>\n\n\n\n<figure class=\"wp-block-image size-large\"><img loading=\"lazy\" decoding=\"async\" width=\"765\" height=\"1024\" data-id=\"3191\" src=\"https:\/\/amm85.fr\/wp-content\/uploads\/2025\/02\/1740582832609-765x1024.jpg\" alt=\"\" class=\"wp-image-3191\" srcset=\"https:\/\/amm85.fr\/wp-content\/uploads\/2025\/02\/1740582832609-765x1024.jpg 765w, https:\/\/amm85.fr\/wp-content\/uploads\/2025\/02\/1740582832609-224x300.jpg 224w, https:\/\/amm85.fr\/wp-content\/uploads\/2025\/02\/1740582832609-768x1028.jpg 768w, https:\/\/amm85.fr\/wp-content\/uploads\/2025\/02\/1740582832609-1147x1536.jpg 1147w, https:\/\/amm85.fr\/wp-content\/uploads\/2025\/02\/1740582832609.jpg 1195w\" sizes=\"auto, (max-width: 765px) 100vw, 765px\" \/><\/figure>\n<\/figure>\n\n\n\n<figure class=\"wp-block-gallery has-nested-images columns-default is-cropped wp-block-gallery-4 is-layout-flex wp-block-gallery-is-layout-flex\">\n<figure class=\"wp-block-image size-large\"><img loading=\"lazy\" decoding=\"async\" width=\"765\" height=\"1024\" data-id=\"3193\" src=\"https:\/\/amm85.fr\/wp-content\/uploads\/2025\/02\/1740582832663-765x1024.jpg\" alt=\"\" class=\"wp-image-3193\" srcset=\"https:\/\/amm85.fr\/wp-content\/uploads\/2025\/02\/1740582832663-765x1024.jpg 765w, https:\/\/amm85.fr\/wp-content\/uploads\/2025\/02\/1740582832663-224x300.jpg 224w, https:\/\/amm85.fr\/wp-content\/uploads\/2025\/02\/1740582832663-768x1028.jpg 768w, https:\/\/amm85.fr\/wp-content\/uploads\/2025\/02\/1740582832663-1147x1536.jpg 1147w, https:\/\/amm85.fr\/wp-content\/uploads\/2025\/02\/1740582832663.jpg 1195w\" sizes=\"auto, (max-width: 765px) 100vw, 765px\" \/><\/figure>\n\n\n\n<figure class=\"wp-block-image size-large\"><img loading=\"lazy\" decoding=\"async\" width=\"1024\" height=\"1024\" data-id=\"3194\" src=\"https:\/\/amm85.fr\/wp-content\/uploads\/2025\/02\/1740582832668-1024x1024.jpg\" alt=\"\" class=\"wp-image-3194\" srcset=\"https:\/\/amm85.fr\/wp-content\/uploads\/2025\/02\/1740582832668-1024x1024.jpg 1024w, https:\/\/amm85.fr\/wp-content\/uploads\/2025\/02\/1740582832668-300x300.jpg 300w, https:\/\/amm85.fr\/wp-content\/uploads\/2025\/02\/1740582832668-150x150.jpg 150w, https:\/\/amm85.fr\/wp-content\/uploads\/2025\/02\/1740582832668-768x768.jpg 768w, https:\/\/amm85.fr\/wp-content\/uploads\/2025\/02\/1740582832668-1536x1536.jpg 1536w, https:\/\/amm85.fr\/wp-content\/uploads\/2025\/02\/1740582832668.jpg 1600w\" sizes=\"auto, (max-width: 1024px) 100vw, 1024px\" \/><\/figure>\n\n\n\n<figure class=\"wp-block-image size-large\"><img loading=\"lazy\" decoding=\"async\" width=\"765\" height=\"1024\" data-id=\"3195\" src=\"https:\/\/amm85.fr\/wp-content\/uploads\/2025\/02\/1740582832605-765x1024.jpg\" alt=\"\" class=\"wp-image-3195\" srcset=\"https:\/\/amm85.fr\/wp-content\/uploads\/2025\/02\/1740582832605-765x1024.jpg 765w, https:\/\/amm85.fr\/wp-content\/uploads\/2025\/02\/1740582832605-224x300.jpg 224w, https:\/\/amm85.fr\/wp-content\/uploads\/2025\/02\/1740582832605-768x1028.jpg 768w, https:\/\/amm85.fr\/wp-content\/uploads\/2025\/02\/1740582832605-1147x1536.jpg 1147w, https:\/\/amm85.fr\/wp-content\/uploads\/2025\/02\/1740582832605.jpg 1195w\" sizes=\"auto, (max-width: 765px) 100vw, 765px\" \/><\/figure>\n<\/figure>\n\n\n\n<figure class=\"wp-block-image size-large is-resized\"><img loading=\"lazy\" decoding=\"async\" width=\"765\" height=\"1024\" src=\"https:\/\/amm85.fr\/wp-content\/uploads\/2025\/02\/1740582832594-1-765x1024.jpg\" alt=\"\" class=\"wp-image-3198\" style=\"width:484px;height:auto\" srcset=\"https:\/\/amm85.fr\/wp-content\/uploads\/2025\/02\/1740582832594-1-765x1024.jpg 765w, https:\/\/amm85.fr\/wp-content\/uploads\/2025\/02\/1740582832594-1-224x300.jpg 224w, https:\/\/amm85.fr\/wp-content\/uploads\/2025\/02\/1740582832594-1-768x1028.jpg 768w, https:\/\/amm85.fr\/wp-content\/uploads\/2025\/02\/1740582832594-1-1147x1536.jpg 1147w, https:\/\/amm85.fr\/wp-content\/uploads\/2025\/02\/1740582832594-1.jpg 1195w\" sizes=\"auto, (max-width: 765px) 100vw, 765px\" \/><\/figure>\n\n\n\n<div style=\"height:100px\" aria-hidden=\"true\" class=\"wp-block-spacer\"><\/div>\n","protected":false},"excerpt":{"rendered":"<p>Le sous-marin am\u00e9ricain nucl\u00e9aire construit \u00e0 partir d\u2019une maquette plastique est \u00e9quip\u00e9 d\u2019un mat\u00e9riel \u00e0 ballast lui permettant la plong\u00e9e statique. Il mesure 1m.<\/p>\n","protected":false},"author":2,"featured_media":0,"parent":154,"menu_order":0,"comment_status":"closed","ping_status":"closed","template":"","meta":{"neve_meta_sidebar":"","neve_meta_container":"","neve_meta_enable_content_width":"","neve_meta_content_width":0,"neve_meta_title_alignment":"","neve_meta_author_avatar":"","neve_post_elements_order":"","neve_meta_disable_header":"","neve_meta_disable_footer":"","neve_meta_disable_title":"","footnotes":""},"class_list":["post-3183","page","type-page","status-publish","hentry"],"yoast_head":"<!-- This site is optimized with the Yoast SEO plugin v26.3 - https:\/\/yoast.com\/wordpress\/plugins\/seo\/ -->\n<title>Sous Marin Nucl\u00e9aire (Alain B) - AMM85<\/title>\n<meta name=\"robots\" content=\"index, follow, max-snippet:-1, max-image-preview:large, max-video-preview:-1\" \/>\n<link rel=\"canonical\" href=\"https:\/\/amm85.fr\/index.php\/nos-realisations\/navires-de-guerre\/sous-marin-nucleaire-alain-b\/\" \/>\n<meta property=\"og:locale\" content=\"fr_FR\" \/>\n<meta property=\"og:type\" content=\"article\" \/>\n<meta property=\"og:title\" content=\"Sous Marin Nucl\u00e9aire (Alain B) - AMM85\" \/>\n<meta property=\"og:description\" content=\"Le sous-marin am\u00e9ricain nucl\u00e9aire construit \u00e0 partir d\u2019une maquette plastique est \u00e9quip\u00e9 d\u2019un mat\u00e9riel \u00e0 ballast lui permettant la plong\u00e9e statique. Il mesure 1m.\" \/>\n<meta property=\"og:url\" content=\"https:\/\/amm85.fr\/index.php\/nos-realisations\/navires-de-guerre\/sous-marin-nucleaire-alain-b\/\" \/>\n<meta property=\"og:site_name\" content=\"AMM85\" \/>\n<meta property=\"article:modified_time\" content=\"2025-02-26T16:06:33+00:00\" \/>\n<meta property=\"og:image\" content=\"https:\/\/amm85.fr\/wp-content\/uploads\/2025\/02\/1740582832645.jpg\" \/>\n\t<meta property=\"og:image:width\" content=\"1195\" \/>\n\t<meta property=\"og:image:height\" content=\"1600\" \/>\n\t<meta property=\"og:image:type\" content=\"image\/jpeg\" \/>\n<meta name=\"twitter:card\" content=\"summary_large_image\" \/>\n<meta name=\"twitter:label1\" content=\"Dur\u00e9e de lecture estim\u00e9e\" \/>\n\t<meta name=\"twitter:data1\" content=\"3 minutes\" \/>\n<script type=\"application\/ld+json\" class=\"yoast-schema-graph\">{\"@context\":\"https:\/\/schema.org\",\"@graph\":[{\"@type\":\"WebPage\",\"@id\":\"https:\/\/amm85.fr\/index.php\/nos-realisations\/navires-de-guerre\/sous-marin-nucleaire-alain-b\/\",\"url\":\"https:\/\/amm85.fr\/index.php\/nos-realisations\/navires-de-guerre\/sous-marin-nucleaire-alain-b\/\",\"name\":\"Sous Marin Nucl\u00e9aire (Alain B) - AMM85\",\"isPartOf\":{\"@id\":\"https:\/\/amm85.fr\/#website\"},\"primaryImageOfPage\":{\"@id\":\"https:\/\/amm85.fr\/index.php\/nos-realisations\/navires-de-guerre\/sous-marin-nucleaire-alain-b\/#primaryimage\"},\"image\":{\"@id\":\"https:\/\/amm85.fr\/index.php\/nos-realisations\/navires-de-guerre\/sous-marin-nucleaire-alain-b\/#primaryimage\"},\"thumbnailUrl\":\"https:\/\/amm85.fr\/wp-content\/uploads\/2025\/02\/1740582832645-765x1024.jpg\",\"datePublished\":\"2025-02-26T15:57:38+00:00\",\"dateModified\":\"2025-02-26T16:06:33+00:00\",\"breadcrumb\":{\"@id\":\"https:\/\/amm85.fr\/index.php\/nos-realisations\/navires-de-guerre\/sous-marin-nucleaire-alain-b\/#breadcrumb\"},\"inLanguage\":\"fr-FR\",\"potentialAction\":[{\"@type\":\"ReadAction\",\"target\":[\"https:\/\/amm85.fr\/index.php\/nos-realisations\/navires-de-guerre\/sous-marin-nucleaire-alain-b\/\"]}]},{\"@type\":\"ImageObject\",\"inLanguage\":\"fr-FR\",\"@id\":\"https:\/\/amm85.fr\/index.php\/nos-realisations\/navires-de-guerre\/sous-marin-nucleaire-alain-b\/#primaryimage\",\"url\":\"https:\/\/amm85.fr\/wp-content\/uploads\/2025\/02\/1740582832645.jpg\",\"contentUrl\":\"https:\/\/amm85.fr\/wp-content\/uploads\/2025\/02\/1740582832645.jpg\",\"width\":1195,\"height\":1600},{\"@type\":\"BreadcrumbList\",\"@id\":\"https:\/\/amm85.fr\/index.php\/nos-realisations\/navires-de-guerre\/sous-marin-nucleaire-alain-b\/#breadcrumb\",\"itemListElement\":[{\"@type\":\"ListItem\",\"position\":1,\"name\":\"Accueil\",\"item\":\"https:\/\/amm85.fr\/\"},{\"@type\":\"ListItem\",\"position\":2,\"name\":\"Nos r\u00e9alisations\",\"item\":\"https:\/\/amm85.fr\/index.php\/nos-realisations\/\"},{\"@type\":\"ListItem\",\"position\":3,\"name\":\"Navires de Guerre et Sous Marins\",\"item\":\"https:\/\/amm85.fr\/index.php\/nos-realisations\/navires-de-guerre\/\"},{\"@type\":\"ListItem\",\"position\":4,\"name\":\"Sous Marin Nucl\u00e9aire (Alain B)\"}]},{\"@type\":\"WebSite\",\"@id\":\"https:\/\/amm85.fr\/#website\",\"url\":\"https:\/\/amm85.fr\/\",\"name\":\"AMM85\",\"description\":\"Association de mod\u00e9lisme Mothais : naval et  camion. Navigation, construction,  exposition. achards  situ\u00e9 dans la commune des Achards 85150 en Vend\u00e9e\",\"publisher\":{\"@id\":\"https:\/\/amm85.fr\/#organization\"},\"potentialAction\":[{\"@type\":\"SearchAction\",\"target\":{\"@type\":\"EntryPoint\",\"urlTemplate\":\"https:\/\/amm85.fr\/?s={search_term_string}\"},\"query-input\":{\"@type\":\"PropertyValueSpecification\",\"valueRequired\":true,\"valueName\":\"search_term_string\"}}],\"inLanguage\":\"fr-FR\"},{\"@type\":\"Organization\",\"@id\":\"https:\/\/amm85.fr\/#organization\",\"name\":\"Amicale du mod\u00e9lisme mothais\",\"url\":\"https:\/\/amm85.fr\/\",\"logo\":{\"@type\":\"ImageObject\",\"inLanguage\":\"fr-FR\",\"@id\":\"https:\/\/amm85.fr\/#\/schema\/logo\/image\/\",\"url\":\"\",\"contentUrl\":\"\",\"caption\":\"Amicale du mod\u00e9lisme mothais\"},\"image\":{\"@id\":\"https:\/\/amm85.fr\/#\/schema\/logo\/image\/\"}}]}<\/script>\n<!-- \/ Yoast SEO plugin. -->","yoast_head_json":{"title":"Sous Marin Nucl\u00e9aire (Alain B) - AMM85","robots":{"index":"index","follow":"follow","max-snippet":"max-snippet:-1","max-image-preview":"max-image-preview:large","max-video-preview":"max-video-preview:-1"},"canonical":"https:\/\/amm85.fr\/index.php\/nos-realisations\/navires-de-guerre\/sous-marin-nucleaire-alain-b\/","og_locale":"fr_FR","og_type":"article","og_title":"Sous Marin Nucl\u00e9aire (Alain B) - AMM85","og_description":"Le sous-marin am\u00e9ricain nucl\u00e9aire construit \u00e0 partir d\u2019une maquette plastique est \u00e9quip\u00e9 d\u2019un mat\u00e9riel \u00e0 ballast lui permettant la plong\u00e9e statique. Il mesure 1m.","og_url":"https:\/\/amm85.fr\/index.php\/nos-realisations\/navires-de-guerre\/sous-marin-nucleaire-alain-b\/","og_site_name":"AMM85","article_modified_time":"2025-02-26T16:06:33+00:00","og_image":[{"width":1195,"height":1600,"url":"https:\/\/amm85.fr\/wp-content\/uploads\/2025\/02\/1740582832645.jpg","type":"image\/jpeg"}],"twitter_card":"summary_large_image","twitter_misc":{"Dur\u00e9e de lecture estim\u00e9e":"3 minutes"},"schema":{"@context":"https:\/\/schema.org","@graph":[{"@type":"WebPage","@id":"https:\/\/amm85.fr\/index.php\/nos-realisations\/navires-de-guerre\/sous-marin-nucleaire-alain-b\/","url":"https:\/\/amm85.fr\/index.php\/nos-realisations\/navires-de-guerre\/sous-marin-nucleaire-alain-b\/","name":"Sous Marin Nucl\u00e9aire (Alain B) - AMM85","isPartOf":{"@id":"https:\/\/amm85.fr\/#website"},"primaryImageOfPage":{"@id":"https:\/\/amm85.fr\/index.php\/nos-realisations\/navires-de-guerre\/sous-marin-nucleaire-alain-b\/#primaryimage"},"image":{"@id":"https:\/\/amm85.fr\/index.php\/nos-realisations\/navires-de-guerre\/sous-marin-nucleaire-alain-b\/#primaryimage"},"thumbnailUrl":"https:\/\/amm85.fr\/wp-content\/uploads\/2025\/02\/1740582832645-765x1024.jpg","datePublished":"2025-02-26T15:57:38+00:00","dateModified":"2025-02-26T16:06:33+00:00","breadcrumb":{"@id":"https:\/\/amm85.fr\/index.php\/nos-realisations\/navires-de-guerre\/sous-marin-nucleaire-alain-b\/#breadcrumb"},"inLanguage":"fr-FR","potentialAction":[{"@type":"ReadAction","target":["https:\/\/amm85.fr\/index.php\/nos-realisations\/navires-de-guerre\/sous-marin-nucleaire-alain-b\/"]}]},{"@type":"ImageObject","inLanguage":"fr-FR","@id":"https:\/\/amm85.fr\/index.php\/nos-realisations\/navires-de-guerre\/sous-marin-nucleaire-alain-b\/#primaryimage","url":"https:\/\/amm85.fr\/wp-content\/uploads\/2025\/02\/1740582832645.jpg","contentUrl":"https:\/\/amm85.fr\/wp-content\/uploads\/2025\/02\/1740582832645.jpg","width":1195,"height":1600},{"@type":"BreadcrumbList","@id":"https:\/\/amm85.fr\/index.php\/nos-realisations\/navires-de-guerre\/sous-marin-nucleaire-alain-b\/#breadcrumb","itemListElement":[{"@type":"ListItem","position":1,"name":"Accueil","item":"https:\/\/amm85.fr\/"},{"@type":"ListItem","position":2,"name":"Nos r\u00e9alisations","item":"https:\/\/amm85.fr\/index.php\/nos-realisations\/"},{"@type":"ListItem","position":3,"name":"Navires de Guerre et Sous Marins","item":"https:\/\/amm85.fr\/index.php\/nos-realisations\/navires-de-guerre\/"},{"@type":"ListItem","position":4,"name":"Sous Marin Nucl\u00e9aire (Alain B)"}]},{"@type":"WebSite","@id":"https:\/\/amm85.fr\/#website","url":"https:\/\/amm85.fr\/","name":"AMM85","description":"Association de mod\u00e9lisme Mothais : naval et  camion. Navigation, construction,  exposition. achards  situ\u00e9 dans la commune des Achards 85150 en Vend\u00e9e","publisher":{"@id":"https:\/\/amm85.fr\/#organization"},"potentialAction":[{"@type":"SearchAction","target":{"@type":"EntryPoint","urlTemplate":"https:\/\/amm85.fr\/?s={search_term_string}"},"query-input":{"@type":"PropertyValueSpecification","valueRequired":true,"valueName":"search_term_string"}}],"inLanguage":"fr-FR"},{"@type":"Organization","@id":"https:\/\/amm85.fr\/#organization","name":"Amicale du mod\u00e9lisme mothais","url":"https:\/\/amm85.fr\/","logo":{"@type":"ImageObject","inLanguage":"fr-FR","@id":"https:\/\/amm85.fr\/#\/schema\/logo\/image\/","url":"","contentUrl":"","caption":"Amicale du mod\u00e9lisme mothais"},"image":{"@id":"https:\/\/amm85.fr\/#\/schema\/logo\/image\/"}}]}},"_links":{"self":[{"href":"https:\/\/amm85.fr\/index.php\/wp-json\/wp\/v2\/pages\/3183","targetHints":{"allow":["GET"]}}],"collection":[{"href":"https:\/\/amm85.fr\/index.php\/wp-json\/wp\/v2\/pages"}],"about":[{"href":"https:\/\/amm85.fr\/index.php\/wp-json\/wp\/v2\/types\/page"}],"author":[{"embeddable":true,"href":"https:\/\/amm85.fr\/index.php\/wp-json\/wp\/v2\/users\/2"}],"replies":[{"embeddable":true,"href":"https:\/\/amm85.fr\/index.php\/wp-json\/wp\/v2\/comments?post=3183"}],"version-history":[{"count":1,"href":"https:\/\/amm85.fr\/index.php\/wp-json\/wp\/v2\/pages\/3183\/revisions"}],"predecessor-version":[{"id":3199,"href":"https:\/\/amm85.fr\/index.php\/wp-json\/wp\/v2\/pages\/3183\/revisions\/3199"}],"up":[{"embeddable":true,"href":"https:\/\/amm85.fr\/index.php\/wp-json\/wp\/v2\/pages\/154"}],"wp:attachment":[{"href":"https:\/\/amm85.fr\/index.php\/wp-json\/wp\/v2\/media?parent=3183"}],"curies":[{"name":"wp","href":"https:\/\/api.w.org\/{rel}","templated":true}]}}