{"id":3159,"date":"2025-02-26T15:25:58","date_gmt":"2025-02-26T14:25:58","guid":{"rendered":"https:\/\/amm85.fr\/?page_id=3159"},"modified":"2025-02-26T15:26:55","modified_gmt":"2025-02-26T14:26:55","slug":"loptimist-alain-b","status":"publish","type":"page","link":"https:\/\/amm85.fr\/index.php\/nos-realisations\/voiliers\/loptimist-alain-b\/","title":{"rendered":"L&#8217;Optimist (Alain B)"},"content":{"rendered":"\n<div style=\"height:100px\" aria-hidden=\"true\" class=\"wp-block-spacer\"><\/div>\n\n\n\n<p><br>Au vu du mod\u00e8le de l\u2019optimist en 3D de 35 cm, j\u2019ai doubl\u00e9 les mesures pour le refaire en CP de 1 mm. C\u2019est un vrai d\u00e9riveur qu\u2019il fallait \u00e9quilibrer par le pilote. Je l\u2019ai assis sur 750 gr de plomb qui le man\u0153uvre de gauche \u00e0 droite en fonction de la g\u00eete du canote gr\u00e2ce \u00e0 un gros servo command\u00e9 par un niveau \u00e0 bulle.<\/p>\n\n\n\n<figure class=\"wp-block-gallery has-nested-images columns-default is-cropped wp-block-gallery-1 is-layout-flex wp-block-gallery-is-layout-flex\">\n<figure class=\"wp-block-image size-large\"><img loading=\"lazy\" decoding=\"async\" width=\"768\" height=\"1024\" data-id=\"3160\" src=\"https:\/\/amm85.fr\/wp-content\/uploads\/2025\/02\/1740504453297-768x1024.jpg\" alt=\"\" class=\"wp-image-3160\" srcset=\"https:\/\/amm85.fr\/wp-content\/uploads\/2025\/02\/1740504453297-768x1024.jpg 768w, https:\/\/amm85.fr\/wp-content\/uploads\/2025\/02\/1740504453297-225x300.jpg 225w, https:\/\/amm85.fr\/wp-content\/uploads\/2025\/02\/1740504453297-1152x1536.jpg 1152w, https:\/\/amm85.fr\/wp-content\/uploads\/2025\/02\/1740504453297.jpg 1200w\" sizes=\"auto, (max-width: 768px) 100vw, 768px\" \/><\/figure>\n\n\n\n<figure class=\"wp-block-image size-large\"><img loading=\"lazy\" decoding=\"async\" width=\"768\" height=\"1024\" data-id=\"3162\" src=\"https:\/\/amm85.fr\/wp-content\/uploads\/2025\/02\/1740504453288-768x1024.jpg\" alt=\"\" class=\"wp-image-3162\" srcset=\"https:\/\/amm85.fr\/wp-content\/uploads\/2025\/02\/1740504453288-768x1024.jpg 768w, https:\/\/amm85.fr\/wp-content\/uploads\/2025\/02\/1740504453288-225x300.jpg 225w, https:\/\/amm85.fr\/wp-content\/uploads\/2025\/02\/1740504453288-1152x1536.jpg 1152w, https:\/\/amm85.fr\/wp-content\/uploads\/2025\/02\/1740504453288.jpg 1200w\" sizes=\"auto, (max-width: 768px) 100vw, 768px\" \/><\/figure>\n\n\n\n<figure class=\"wp-block-image size-large\"><img loading=\"lazy\" decoding=\"async\" width=\"768\" height=\"1024\" data-id=\"3161\" src=\"https:\/\/amm85.fr\/wp-content\/uploads\/2025\/02\/1740504453294-768x1024.jpg\" alt=\"\" class=\"wp-image-3161\" srcset=\"https:\/\/amm85.fr\/wp-content\/uploads\/2025\/02\/1740504453294-768x1024.jpg 768w, https:\/\/amm85.fr\/wp-content\/uploads\/2025\/02\/1740504453294-225x300.jpg 225w, https:\/\/amm85.fr\/wp-content\/uploads\/2025\/02\/1740504453294-1152x1536.jpg 1152w, https:\/\/amm85.fr\/wp-content\/uploads\/2025\/02\/1740504453294.jpg 1200w\" sizes=\"auto, (max-width: 768px) 100vw, 768px\" \/><\/figure>\n<\/figure>\n\n\n\n<figure class=\"wp-block-gallery has-nested-images columns-default is-cropped wp-block-gallery-2 is-layout-flex wp-block-gallery-is-layout-flex\">\n<figure class=\"wp-block-image size-large\"><img loading=\"lazy\" decoding=\"async\" width=\"768\" height=\"1024\" data-id=\"3163\" src=\"https:\/\/amm85.fr\/wp-content\/uploads\/2025\/02\/1740504453285-768x1024.jpg\" alt=\"\" class=\"wp-image-3163\" srcset=\"https:\/\/amm85.fr\/wp-content\/uploads\/2025\/02\/1740504453285-768x1024.jpg 768w, https:\/\/amm85.fr\/wp-content\/uploads\/2025\/02\/1740504453285-225x300.jpg 225w, https:\/\/amm85.fr\/wp-content\/uploads\/2025\/02\/1740504453285-1152x1536.jpg 1152w, https:\/\/amm85.fr\/wp-content\/uploads\/2025\/02\/1740504453285.jpg 1200w\" sizes=\"auto, (max-width: 768px) 100vw, 768px\" \/><\/figure>\n\n\n\n<figure class=\"wp-block-image size-large\"><img loading=\"lazy\" decoding=\"async\" width=\"768\" height=\"1024\" data-id=\"3164\" src=\"https:\/\/amm85.fr\/wp-content\/uploads\/2025\/02\/1740504453291-768x1024.jpg\" alt=\"\" class=\"wp-image-3164\" srcset=\"https:\/\/amm85.fr\/wp-content\/uploads\/2025\/02\/1740504453291-768x1024.jpg 768w, https:\/\/amm85.fr\/wp-content\/uploads\/2025\/02\/1740504453291-225x300.jpg 225w, https:\/\/amm85.fr\/wp-content\/uploads\/2025\/02\/1740504453291-1152x1536.jpg 1152w, https:\/\/amm85.fr\/wp-content\/uploads\/2025\/02\/1740504453291.jpg 1200w\" sizes=\"auto, (max-width: 768px) 100vw, 768px\" \/><\/figure>\n\n\n\n<figure class=\"wp-block-image size-large\"><img loading=\"lazy\" decoding=\"async\" width=\"768\" height=\"1024\" data-id=\"3168\" src=\"https:\/\/amm85.fr\/wp-content\/uploads\/2025\/02\/1740504453281-1-768x1024.jpg\" alt=\"\" class=\"wp-image-3168\" srcset=\"https:\/\/amm85.fr\/wp-content\/uploads\/2025\/02\/1740504453281-1-768x1024.jpg 768w, https:\/\/amm85.fr\/wp-content\/uploads\/2025\/02\/1740504453281-1-225x300.jpg 225w, https:\/\/amm85.fr\/wp-content\/uploads\/2025\/02\/1740504453281-1-1152x1536.jpg 1152w, https:\/\/amm85.fr\/wp-content\/uploads\/2025\/02\/1740504453281-1.jpg 1200w\" sizes=\"auto, (max-width: 768px) 100vw, 768px\" \/><\/figure>\n<\/figure>\n\n\n\n<figure class=\"wp-block-gallery has-nested-images columns-default is-cropped wp-block-gallery-3 is-layout-flex wp-block-gallery-is-layout-flex\">\n<figure class=\"wp-block-image size-large\"><img loading=\"lazy\" decoding=\"async\" width=\"768\" height=\"1024\" data-id=\"3166\" src=\"https:\/\/amm85.fr\/wp-content\/uploads\/2025\/02\/1740504453278-768x1024.jpg\" alt=\"\" class=\"wp-image-3166\" srcset=\"https:\/\/amm85.fr\/wp-content\/uploads\/2025\/02\/1740504453278-768x1024.jpg 768w, https:\/\/amm85.fr\/wp-content\/uploads\/2025\/02\/1740504453278-225x300.jpg 225w, https:\/\/amm85.fr\/wp-content\/uploads\/2025\/02\/1740504453278-1152x1536.jpg 1152w, https:\/\/amm85.fr\/wp-content\/uploads\/2025\/02\/1740504453278.jpg 1200w\" sizes=\"auto, (max-width: 768px) 100vw, 768px\" \/><\/figure>\n\n\n\n<figure class=\"wp-block-image size-large\"><img loading=\"lazy\" decoding=\"async\" width=\"768\" height=\"1024\" data-id=\"3165\" src=\"https:\/\/amm85.fr\/wp-content\/uploads\/2025\/02\/1740504453272-768x1024.jpg\" alt=\"\" class=\"wp-image-3165\" srcset=\"https:\/\/amm85.fr\/wp-content\/uploads\/2025\/02\/1740504453272-768x1024.jpg 768w, https:\/\/amm85.fr\/wp-content\/uploads\/2025\/02\/1740504453272-225x300.jpg 225w, https:\/\/amm85.fr\/wp-content\/uploads\/2025\/02\/1740504453272-1152x1536.jpg 1152w, https:\/\/amm85.fr\/wp-content\/uploads\/2025\/02\/1740504453272.jpg 1200w\" sizes=\"auto, (max-width: 768px) 100vw, 768px\" \/><\/figure>\n\n\n\n<figure class=\"wp-block-image size-large\"><img loading=\"lazy\" decoding=\"async\" width=\"768\" height=\"1024\" data-id=\"3169\" src=\"https:\/\/amm85.fr\/wp-content\/uploads\/2025\/02\/1740504453275-768x1024.jpg\" alt=\"\" class=\"wp-image-3169\" srcset=\"https:\/\/amm85.fr\/wp-content\/uploads\/2025\/02\/1740504453275-768x1024.jpg 768w, https:\/\/amm85.fr\/wp-content\/uploads\/2025\/02\/1740504453275-225x300.jpg 225w, https:\/\/amm85.fr\/wp-content\/uploads\/2025\/02\/1740504453275-1152x1536.jpg 1152w, https:\/\/amm85.fr\/wp-content\/uploads\/2025\/02\/1740504453275.jpg 1200w\" sizes=\"auto, (max-width: 768px) 100vw, 768px\" \/><\/figure>\n<\/figure>\n\n\n\n<figure class=\"wp-block-image size-large is-resized\"><img loading=\"lazy\" decoding=\"async\" width=\"768\" height=\"1024\" src=\"https:\/\/amm85.fr\/wp-content\/uploads\/2025\/02\/1740504453266-768x1024.jpg\" alt=\"\" class=\"wp-image-3170\" style=\"width:500px;height:auto\" srcset=\"https:\/\/amm85.fr\/wp-content\/uploads\/2025\/02\/1740504453266-768x1024.jpg 768w, https:\/\/amm85.fr\/wp-content\/uploads\/2025\/02\/1740504453266-225x300.jpg 225w, https:\/\/amm85.fr\/wp-content\/uploads\/2025\/02\/1740504453266-1152x1536.jpg 1152w, https:\/\/amm85.fr\/wp-content\/uploads\/2025\/02\/1740504453266.jpg 1200w\" sizes=\"auto, (max-width: 768px) 100vw, 768px\" \/><\/figure>\n\n\n\n<div style=\"height:100px\" aria-hidden=\"true\" class=\"wp-block-spacer\"><\/div>\n\n\n\n<figure class=\"wp-block-video\"><video height=\"480\" style=\"aspect-ratio: 848 \/ 480;\" width=\"848\" controls src=\"https:\/\/amm85.fr\/wp-content\/uploads\/2025\/02\/VID-20250225-WA0072.mp4\"><\/video><\/figure>\n\n\n\n<div style=\"height:100px\" aria-hidden=\"true\" class=\"wp-block-spacer\"><\/div>\n\n\n\n<p><\/p>\n","protected":false},"excerpt":{"rendered":"<p>Au vu du mod\u00e8le de l\u2019optimist en 3D de 35 cm, j\u2019ai doubl\u00e9 les mesures pour le refaire en CP de 1 mm. C\u2019est un vrai d\u00e9riveur qu\u2019il fallait \u00e9quilibrer&hellip;&nbsp;<a href=\"https:\/\/amm85.fr\/index.php\/nos-realisations\/voiliers\/loptimist-alain-b\/\" rel=\"bookmark\">Lire la suite &raquo;<span class=\"screen-reader-text\">L&#8217;Optimist (Alain B)<\/span><\/a><\/p>\n","protected":false},"author":2,"featured_media":0,"parent":112,"menu_order":0,"comment_status":"closed","ping_status":"closed","template":"","meta":{"neve_meta_sidebar":"","neve_meta_container":"","neve_meta_enable_content_width":"","neve_meta_content_width":0,"neve_meta_title_alignment":"","neve_meta_author_avatar":"","neve_post_elements_order":"","neve_meta_disable_header":"","neve_meta_disable_footer":"","neve_meta_disable_title":"","footnotes":""},"class_list":["post-3159","page","type-page","status-publish","hentry"],"yoast_head":"<!-- This site is optimized with the Yoast SEO plugin v26.3 - https:\/\/yoast.com\/wordpress\/plugins\/seo\/ -->\n<title>L&#039;Optimist (Alain B) - AMM85<\/title>\n<meta name=\"robots\" content=\"index, follow, max-snippet:-1, max-image-preview:large, max-video-preview:-1\" \/>\n<link rel=\"canonical\" href=\"https:\/\/amm85.fr\/index.php\/nos-realisations\/voiliers\/loptimist-alain-b\/\" \/>\n<meta property=\"og:locale\" content=\"fr_FR\" \/>\n<meta property=\"og:type\" content=\"article\" \/>\n<meta property=\"og:title\" content=\"L&#039;Optimist (Alain B) - AMM85\" \/>\n<meta property=\"og:description\" content=\"Au vu du mod\u00e8le de l\u2019optimist en 3D de 35 cm, j\u2019ai doubl\u00e9 les mesures pour le refaire en CP de 1 mm. C\u2019est un vrai d\u00e9riveur qu\u2019il fallait \u00e9quilibrer&hellip;&nbsp;Lire la suite &raquo;L&#8217;Optimist (Alain B)\" \/>\n<meta property=\"og:url\" content=\"https:\/\/amm85.fr\/index.php\/nos-realisations\/voiliers\/loptimist-alain-b\/\" \/>\n<meta property=\"og:site_name\" content=\"AMM85\" \/>\n<meta property=\"article:modified_time\" content=\"2025-02-26T14:26:55+00:00\" \/>\n<meta property=\"og:image\" content=\"https:\/\/amm85.fr\/wp-content\/uploads\/2025\/02\/1740504453297.jpg\" \/>\n\t<meta property=\"og:image:width\" content=\"1200\" \/>\n\t<meta property=\"og:image:height\" content=\"1600\" \/>\n\t<meta property=\"og:image:type\" content=\"image\/jpeg\" \/>\n<meta name=\"twitter:card\" content=\"summary_large_image\" \/>\n<meta name=\"twitter:label1\" content=\"Dur\u00e9e de lecture estim\u00e9e\" \/>\n\t<meta name=\"twitter:data1\" content=\"3 minutes\" \/>\n<script type=\"application\/ld+json\" class=\"yoast-schema-graph\">{\"@context\":\"https:\/\/schema.org\",\"@graph\":[{\"@type\":\"WebPage\",\"@id\":\"https:\/\/amm85.fr\/index.php\/nos-realisations\/voiliers\/loptimist-alain-b\/\",\"url\":\"https:\/\/amm85.fr\/index.php\/nos-realisations\/voiliers\/loptimist-alain-b\/\",\"name\":\"L'Optimist (Alain B) - AMM85\",\"isPartOf\":{\"@id\":\"https:\/\/amm85.fr\/#website\"},\"primaryImageOfPage\":{\"@id\":\"https:\/\/amm85.fr\/index.php\/nos-realisations\/voiliers\/loptimist-alain-b\/#primaryimage\"},\"image\":{\"@id\":\"https:\/\/amm85.fr\/index.php\/nos-realisations\/voiliers\/loptimist-alain-b\/#primaryimage\"},\"thumbnailUrl\":\"https:\/\/amm85.fr\/wp-content\/uploads\/2025\/02\/1740504453297-768x1024.jpg\",\"datePublished\":\"2025-02-26T14:25:58+00:00\",\"dateModified\":\"2025-02-26T14:26:55+00:00\",\"breadcrumb\":{\"@id\":\"https:\/\/amm85.fr\/index.php\/nos-realisations\/voiliers\/loptimist-alain-b\/#breadcrumb\"},\"inLanguage\":\"fr-FR\",\"potentialAction\":[{\"@type\":\"ReadAction\",\"target\":[\"https:\/\/amm85.fr\/index.php\/nos-realisations\/voiliers\/loptimist-alain-b\/\"]}]},{\"@type\":\"ImageObject\",\"inLanguage\":\"fr-FR\",\"@id\":\"https:\/\/amm85.fr\/index.php\/nos-realisations\/voiliers\/loptimist-alain-b\/#primaryimage\",\"url\":\"https:\/\/amm85.fr\/wp-content\/uploads\/2025\/02\/1740504453297.jpg\",\"contentUrl\":\"https:\/\/amm85.fr\/wp-content\/uploads\/2025\/02\/1740504453297.jpg\",\"width\":1200,\"height\":1600},{\"@type\":\"BreadcrumbList\",\"@id\":\"https:\/\/amm85.fr\/index.php\/nos-realisations\/voiliers\/loptimist-alain-b\/#breadcrumb\",\"itemListElement\":[{\"@type\":\"ListItem\",\"position\":1,\"name\":\"Accueil\",\"item\":\"https:\/\/amm85.fr\/\"},{\"@type\":\"ListItem\",\"position\":2,\"name\":\"Nos r\u00e9alisations\",\"item\":\"https:\/\/amm85.fr\/index.php\/nos-realisations\/\"},{\"@type\":\"ListItem\",\"position\":3,\"name\":\"Voiliers\",\"item\":\"https:\/\/amm85.fr\/index.php\/nos-realisations\/voiliers\/\"},{\"@type\":\"ListItem\",\"position\":4,\"name\":\"L&#8217;Optimist (Alain B)\"}]},{\"@type\":\"WebSite\",\"@id\":\"https:\/\/amm85.fr\/#website\",\"url\":\"https:\/\/amm85.fr\/\",\"name\":\"AMM85\",\"description\":\"Association de mod\u00e9lisme Mothais : naval et  camion. Navigation, construction,  exposition. achards  situ\u00e9 dans la commune des Achards 85150 en Vend\u00e9e\",\"publisher\":{\"@id\":\"https:\/\/amm85.fr\/#organization\"},\"potentialAction\":[{\"@type\":\"SearchAction\",\"target\":{\"@type\":\"EntryPoint\",\"urlTemplate\":\"https:\/\/amm85.fr\/?s={search_term_string}\"},\"query-input\":{\"@type\":\"PropertyValueSpecification\",\"valueRequired\":true,\"valueName\":\"search_term_string\"}}],\"inLanguage\":\"fr-FR\"},{\"@type\":\"Organization\",\"@id\":\"https:\/\/amm85.fr\/#organization\",\"name\":\"Amicale du mod\u00e9lisme mothais\",\"url\":\"https:\/\/amm85.fr\/\",\"logo\":{\"@type\":\"ImageObject\",\"inLanguage\":\"fr-FR\",\"@id\":\"https:\/\/amm85.fr\/#\/schema\/logo\/image\/\",\"url\":\"\",\"contentUrl\":\"\",\"caption\":\"Amicale du mod\u00e9lisme mothais\"},\"image\":{\"@id\":\"https:\/\/amm85.fr\/#\/schema\/logo\/image\/\"}}]}<\/script>\n<!-- \/ Yoast SEO plugin. -->","yoast_head_json":{"title":"L'Optimist (Alain B) - AMM85","robots":{"index":"index","follow":"follow","max-snippet":"max-snippet:-1","max-image-preview":"max-image-preview:large","max-video-preview":"max-video-preview:-1"},"canonical":"https:\/\/amm85.fr\/index.php\/nos-realisations\/voiliers\/loptimist-alain-b\/","og_locale":"fr_FR","og_type":"article","og_title":"L'Optimist (Alain B) - AMM85","og_description":"Au vu du mod\u00e8le de l\u2019optimist en 3D de 35 cm, j\u2019ai doubl\u00e9 les mesures pour le refaire en CP de 1 mm. C\u2019est un vrai d\u00e9riveur qu\u2019il fallait \u00e9quilibrer&hellip;&nbsp;Lire la suite &raquo;L&#8217;Optimist (Alain B)","og_url":"https:\/\/amm85.fr\/index.php\/nos-realisations\/voiliers\/loptimist-alain-b\/","og_site_name":"AMM85","article_modified_time":"2025-02-26T14:26:55+00:00","og_image":[{"width":1200,"height":1600,"url":"https:\/\/amm85.fr\/wp-content\/uploads\/2025\/02\/1740504453297.jpg","type":"image\/jpeg"}],"twitter_card":"summary_large_image","twitter_misc":{"Dur\u00e9e de lecture estim\u00e9e":"3 minutes"},"schema":{"@context":"https:\/\/schema.org","@graph":[{"@type":"WebPage","@id":"https:\/\/amm85.fr\/index.php\/nos-realisations\/voiliers\/loptimist-alain-b\/","url":"https:\/\/amm85.fr\/index.php\/nos-realisations\/voiliers\/loptimist-alain-b\/","name":"L'Optimist (Alain B) - AMM85","isPartOf":{"@id":"https:\/\/amm85.fr\/#website"},"primaryImageOfPage":{"@id":"https:\/\/amm85.fr\/index.php\/nos-realisations\/voiliers\/loptimist-alain-b\/#primaryimage"},"image":{"@id":"https:\/\/amm85.fr\/index.php\/nos-realisations\/voiliers\/loptimist-alain-b\/#primaryimage"},"thumbnailUrl":"https:\/\/amm85.fr\/wp-content\/uploads\/2025\/02\/1740504453297-768x1024.jpg","datePublished":"2025-02-26T14:25:58+00:00","dateModified":"2025-02-26T14:26:55+00:00","breadcrumb":{"@id":"https:\/\/amm85.fr\/index.php\/nos-realisations\/voiliers\/loptimist-alain-b\/#breadcrumb"},"inLanguage":"fr-FR","potentialAction":[{"@type":"ReadAction","target":["https:\/\/amm85.fr\/index.php\/nos-realisations\/voiliers\/loptimist-alain-b\/"]}]},{"@type":"ImageObject","inLanguage":"fr-FR","@id":"https:\/\/amm85.fr\/index.php\/nos-realisations\/voiliers\/loptimist-alain-b\/#primaryimage","url":"https:\/\/amm85.fr\/wp-content\/uploads\/2025\/02\/1740504453297.jpg","contentUrl":"https:\/\/amm85.fr\/wp-content\/uploads\/2025\/02\/1740504453297.jpg","width":1200,"height":1600},{"@type":"BreadcrumbList","@id":"https:\/\/amm85.fr\/index.php\/nos-realisations\/voiliers\/loptimist-alain-b\/#breadcrumb","itemListElement":[{"@type":"ListItem","position":1,"name":"Accueil","item":"https:\/\/amm85.fr\/"},{"@type":"ListItem","position":2,"name":"Nos r\u00e9alisations","item":"https:\/\/amm85.fr\/index.php\/nos-realisations\/"},{"@type":"ListItem","position":3,"name":"Voiliers","item":"https:\/\/amm85.fr\/index.php\/nos-realisations\/voiliers\/"},{"@type":"ListItem","position":4,"name":"L&#8217;Optimist (Alain B)"}]},{"@type":"WebSite","@id":"https:\/\/amm85.fr\/#website","url":"https:\/\/amm85.fr\/","name":"AMM85","description":"Association de mod\u00e9lisme Mothais : naval et  camion. Navigation, construction,  exposition. achards  situ\u00e9 dans la commune des Achards 85150 en Vend\u00e9e","publisher":{"@id":"https:\/\/amm85.fr\/#organization"},"potentialAction":[{"@type":"SearchAction","target":{"@type":"EntryPoint","urlTemplate":"https:\/\/amm85.fr\/?s={search_term_string}"},"query-input":{"@type":"PropertyValueSpecification","valueRequired":true,"valueName":"search_term_string"}}],"inLanguage":"fr-FR"},{"@type":"Organization","@id":"https:\/\/amm85.fr\/#organization","name":"Amicale du mod\u00e9lisme mothais","url":"https:\/\/amm85.fr\/","logo":{"@type":"ImageObject","inLanguage":"fr-FR","@id":"https:\/\/amm85.fr\/#\/schema\/logo\/image\/","url":"","contentUrl":"","caption":"Amicale du mod\u00e9lisme mothais"},"image":{"@id":"https:\/\/amm85.fr\/#\/schema\/logo\/image\/"}}]}},"_links":{"self":[{"href":"https:\/\/amm85.fr\/index.php\/wp-json\/wp\/v2\/pages\/3159","targetHints":{"allow":["GET"]}}],"collection":[{"href":"https:\/\/amm85.fr\/index.php\/wp-json\/wp\/v2\/pages"}],"about":[{"href":"https:\/\/amm85.fr\/index.php\/wp-json\/wp\/v2\/types\/page"}],"author":[{"embeddable":true,"href":"https:\/\/amm85.fr\/index.php\/wp-json\/wp\/v2\/users\/2"}],"replies":[{"embeddable":true,"href":"https:\/\/amm85.fr\/index.php\/wp-json\/wp\/v2\/comments?post=3159"}],"version-history":[{"count":1,"href":"https:\/\/amm85.fr\/index.php\/wp-json\/wp\/v2\/pages\/3159\/revisions"}],"predecessor-version":[{"id":3172,"href":"https:\/\/amm85.fr\/index.php\/wp-json\/wp\/v2\/pages\/3159\/revisions\/3172"}],"up":[{"embeddable":true,"href":"https:\/\/amm85.fr\/index.php\/wp-json\/wp\/v2\/pages\/112"}],"wp:attachment":[{"href":"https:\/\/amm85.fr\/index.php\/wp-json\/wp\/v2\/media?parent=3159"}],"curies":[{"name":"wp","href":"https:\/\/api.w.org\/{rel}","templated":true}]}}