{"id":2797,"date":"2024-12-15T18:32:07","date_gmt":"2024-12-15T17:32:07","guid":{"rendered":"https:\/\/amm85.fr\/?page_id=2797"},"modified":"2025-05-15T08:16:47","modified_gmt":"2025-05-15T06:16:47","slug":"snsm-142-la-teignouse","status":"publish","type":"page","link":"https:\/\/amm85.fr\/index.php\/nos-realisations\/navires-de-service\/snsm-142-la-teignouse\/","title":{"rendered":"SNSM 142 &#8220;La Teignouse&#8221; (Dominique R)"},"content":{"rendered":"\n<div style=\"height:100px\" aria-hidden=\"true\" class=\"wp-block-spacer\"><\/div>\n\n\n\n<p>Montage coque et cabine d&#8217;apr\u00e8s plan.<\/p>\n\n\n\n<figure class=\"wp-block-gallery has-nested-images columns-default is-cropped wp-block-gallery-1 is-layout-flex wp-block-gallery-is-layout-flex\">\n<figure class=\"wp-block-image size-large\"><img loading=\"lazy\" decoding=\"async\" width=\"768\" height=\"1024\" data-id=\"3222\" src=\"https:\/\/amm85.fr\/wp-content\/uploads\/2025\/02\/1740583508361-768x1024.jpg\" alt=\"\" class=\"wp-image-3222\" srcset=\"https:\/\/amm85.fr\/wp-content\/uploads\/2025\/02\/1740583508361-768x1024.jpg 768w, https:\/\/amm85.fr\/wp-content\/uploads\/2025\/02\/1740583508361-225x300.jpg 225w, https:\/\/amm85.fr\/wp-content\/uploads\/2025\/02\/1740583508361-1152x1536.jpg 1152w, https:\/\/amm85.fr\/wp-content\/uploads\/2025\/02\/1740583508361-1536x2048.jpg 1536w, https:\/\/amm85.fr\/wp-content\/uploads\/2025\/02\/1740583508361-scaled.jpg 1920w\" sizes=\"auto, (max-width: 768px) 100vw, 768px\" \/><\/figure>\n\n\n\n<figure class=\"wp-block-image size-large\"><img decoding=\"async\" data-id=\"3221\" src=\"https:\/\/amm85.fr\/wp-content\/uploads\/2025\/02\/1740583508321.jpg\" alt=\"\" class=\"wp-image-3221\"\/><\/figure>\n<\/figure>\n\n\n\n<figure class=\"wp-block-gallery has-nested-images columns-default is-cropped wp-block-gallery-2 is-layout-flex wp-block-gallery-is-layout-flex\">\n<figure class=\"wp-block-image size-large\"><img loading=\"lazy\" decoding=\"async\" width=\"768\" height=\"1024\" data-id=\"2798\" src=\"https:\/\/amm85.fr\/wp-content\/uploads\/2024\/12\/01-1-768x1024.jpg\" alt=\"\" class=\"wp-image-2798\" srcset=\"https:\/\/amm85.fr\/wp-content\/uploads\/2024\/12\/01-1-768x1024.jpg 768w, https:\/\/amm85.fr\/wp-content\/uploads\/2024\/12\/01-1-225x300.jpg 225w, https:\/\/amm85.fr\/wp-content\/uploads\/2024\/12\/01-1-1152x1536.jpg 1152w, https:\/\/amm85.fr\/wp-content\/uploads\/2024\/12\/01-1.jpg 1500w\" sizes=\"auto, (max-width: 768px) 100vw, 768px\" \/><\/figure>\n\n\n\n<figure class=\"wp-block-image size-large\"><img loading=\"lazy\" decoding=\"async\" width=\"1024\" height=\"768\" data-id=\"2799\" src=\"https:\/\/amm85.fr\/wp-content\/uploads\/2024\/12\/09-1024x768.jpg\" alt=\"\" class=\"wp-image-2799\" srcset=\"https:\/\/amm85.fr\/wp-content\/uploads\/2024\/12\/09-1024x768.jpg 1024w, https:\/\/amm85.fr\/wp-content\/uploads\/2024\/12\/09-300x225.jpg 300w, https:\/\/amm85.fr\/wp-content\/uploads\/2024\/12\/09-768x576.jpg 768w, https:\/\/amm85.fr\/wp-content\/uploads\/2024\/12\/09.jpg 1500w\" sizes=\"auto, (max-width: 1024px) 100vw, 1024px\" \/><\/figure>\n\n\n\n<figure class=\"wp-block-image size-large\"><img loading=\"lazy\" decoding=\"async\" width=\"768\" height=\"1024\" data-id=\"2800\" src=\"https:\/\/amm85.fr\/wp-content\/uploads\/2024\/12\/02-1-768x1024.jpg\" alt=\"\" class=\"wp-image-2800\" srcset=\"https:\/\/amm85.fr\/wp-content\/uploads\/2024\/12\/02-1-768x1024.jpg 768w, https:\/\/amm85.fr\/wp-content\/uploads\/2024\/12\/02-1-225x300.jpg 225w, https:\/\/amm85.fr\/wp-content\/uploads\/2024\/12\/02-1-1152x1536.jpg 1152w, https:\/\/amm85.fr\/wp-content\/uploads\/2024\/12\/02-1.jpg 1500w\" sizes=\"auto, (max-width: 768px) 100vw, 768px\" \/><\/figure>\n<\/figure>\n\n\n\n<div style=\"height:100px\" aria-hidden=\"true\" class=\"wp-block-spacer\"><\/div>\n\n\n\n<p>si\u00e8ge r\u00e9alis\u00e9 en impression 3D<\/p>\n\n\n\n<figure class=\"wp-block-gallery has-nested-images columns-default is-cropped wp-block-gallery-3 is-layout-flex wp-block-gallery-is-layout-flex\">\n<figure class=\"wp-block-image size-large\"><img loading=\"lazy\" decoding=\"async\" width=\"768\" height=\"1024\" data-id=\"2801\" src=\"https:\/\/amm85.fr\/wp-content\/uploads\/2024\/12\/07-768x1024.jpg\" alt=\"\" class=\"wp-image-2801\" srcset=\"https:\/\/amm85.fr\/wp-content\/uploads\/2024\/12\/07-768x1024.jpg 768w, https:\/\/amm85.fr\/wp-content\/uploads\/2024\/12\/07-225x300.jpg 225w, https:\/\/amm85.fr\/wp-content\/uploads\/2024\/12\/07-1152x1536.jpg 1152w, https:\/\/amm85.fr\/wp-content\/uploads\/2024\/12\/07.jpg 1500w\" sizes=\"auto, (max-width: 768px) 100vw, 768px\" \/><\/figure>\n\n\n\n<figure class=\"wp-block-image size-large\"><img loading=\"lazy\" decoding=\"async\" width=\"768\" height=\"1024\" data-id=\"2802\" src=\"https:\/\/amm85.fr\/wp-content\/uploads\/2024\/12\/08-768x1024.jpg\" alt=\"\" class=\"wp-image-2802\" srcset=\"https:\/\/amm85.fr\/wp-content\/uploads\/2024\/12\/08-768x1024.jpg 768w, https:\/\/amm85.fr\/wp-content\/uploads\/2024\/12\/08-225x300.jpg 225w, https:\/\/amm85.fr\/wp-content\/uploads\/2024\/12\/08-1152x1536.jpg 1152w, https:\/\/amm85.fr\/wp-content\/uploads\/2024\/12\/08.jpg 1500w\" sizes=\"auto, (max-width: 768px) 100vw, 768px\" \/><\/figure>\n<\/figure>\n\n\n\n<figure class=\"wp-block-gallery has-nested-images columns-default is-cropped wp-block-gallery-4 is-layout-flex wp-block-gallery-is-layout-flex\">\n<figure class=\"wp-block-image size-large\"><img loading=\"lazy\" decoding=\"async\" width=\"576\" height=\"1024\" data-id=\"3224\" src=\"https:\/\/amm85.fr\/wp-content\/uploads\/2025\/02\/1740583162044-576x1024.jpg\" alt=\"\" class=\"wp-image-3224\" srcset=\"https:\/\/amm85.fr\/wp-content\/uploads\/2025\/02\/1740583162044-576x1024.jpg 576w, https:\/\/amm85.fr\/wp-content\/uploads\/2025\/02\/1740583162044-169x300.jpg 169w, https:\/\/amm85.fr\/wp-content\/uploads\/2025\/02\/1740583162044-768x1366.jpg 768w, https:\/\/amm85.fr\/wp-content\/uploads\/2025\/02\/1740583162044-864x1536.jpg 864w, https:\/\/amm85.fr\/wp-content\/uploads\/2025\/02\/1740583162044-1152x2048.jpg 1152w, https:\/\/amm85.fr\/wp-content\/uploads\/2025\/02\/1740583162044-scaled.jpg 1440w\" sizes=\"auto, (max-width: 576px) 100vw, 576px\" \/><\/figure>\n\n\n\n<figure class=\"wp-block-image size-large\"><img loading=\"lazy\" decoding=\"async\" width=\"1024\" height=\"576\" data-id=\"3225\" src=\"https:\/\/amm85.fr\/wp-content\/uploads\/2025\/02\/1740583162049-1024x576.jpg\" alt=\"\" class=\"wp-image-3225\" srcset=\"https:\/\/amm85.fr\/wp-content\/uploads\/2025\/02\/1740583162049-1024x576.jpg 1024w, https:\/\/amm85.fr\/wp-content\/uploads\/2025\/02\/1740583162049-300x169.jpg 300w, https:\/\/amm85.fr\/wp-content\/uploads\/2025\/02\/1740583162049-768x432.jpg 768w, https:\/\/amm85.fr\/wp-content\/uploads\/2025\/02\/1740583162049.jpg 1500w\" sizes=\"auto, (max-width: 1024px) 100vw, 1024px\" \/><\/figure>\n<\/figure>\n\n\n\n<figure class=\"wp-block-image size-large\"><img loading=\"lazy\" decoding=\"async\" width=\"1024\" height=\"768\" src=\"https:\/\/amm85.fr\/wp-content\/uploads\/2024\/12\/05-1024x768.jpg\" alt=\"\" class=\"wp-image-2803\" srcset=\"https:\/\/amm85.fr\/wp-content\/uploads\/2024\/12\/05-1024x768.jpg 1024w, https:\/\/amm85.fr\/wp-content\/uploads\/2024\/12\/05-300x225.jpg 300w, https:\/\/amm85.fr\/wp-content\/uploads\/2024\/12\/05-768x576.jpg 768w, https:\/\/amm85.fr\/wp-content\/uploads\/2024\/12\/05.jpg 1500w\" sizes=\"auto, (max-width: 1024px) 100vw, 1024px\" \/><\/figure>\n\n\n\n<figure class=\"wp-block-gallery has-nested-images columns-default is-cropped wp-block-gallery-5 is-layout-flex wp-block-gallery-is-layout-flex\">\n<figure class=\"wp-block-image size-large\"><img loading=\"lazy\" decoding=\"async\" width=\"768\" height=\"1024\" data-id=\"3226\" src=\"https:\/\/amm85.fr\/wp-content\/uploads\/2025\/02\/1740582949397-768x1024.jpg\" alt=\"\" class=\"wp-image-3226\" srcset=\"https:\/\/amm85.fr\/wp-content\/uploads\/2025\/02\/1740582949397-768x1024.jpg 768w, https:\/\/amm85.fr\/wp-content\/uploads\/2025\/02\/1740582949397-225x300.jpg 225w, https:\/\/amm85.fr\/wp-content\/uploads\/2025\/02\/1740582949397-1152x1536.jpg 1152w, https:\/\/amm85.fr\/wp-content\/uploads\/2025\/02\/1740582949397.jpg 1500w\" sizes=\"auto, (max-width: 768px) 100vw, 768px\" \/><\/figure>\n\n\n\n<figure class=\"wp-block-image size-large\"><img loading=\"lazy\" decoding=\"async\" width=\"768\" height=\"1024\" data-id=\"3227\" src=\"https:\/\/amm85.fr\/wp-content\/uploads\/2025\/02\/1740582949410-768x1024.jpg\" alt=\"\" class=\"wp-image-3227\" srcset=\"https:\/\/amm85.fr\/wp-content\/uploads\/2025\/02\/1740582949410-768x1024.jpg 768w, https:\/\/amm85.fr\/wp-content\/uploads\/2025\/02\/1740582949410-225x300.jpg 225w, https:\/\/amm85.fr\/wp-content\/uploads\/2025\/02\/1740582949410-1152x1536.jpg 1152w, https:\/\/amm85.fr\/wp-content\/uploads\/2025\/02\/1740582949410.jpg 1500w\" sizes=\"auto, (max-width: 768px) 100vw, 768px\" \/><\/figure>\n<\/figure>\n\n\n\n<figure class=\"wp-block-gallery has-nested-images columns-default is-cropped wp-block-gallery-6 is-layout-flex wp-block-gallery-is-layout-flex\">\n<figure class=\"wp-block-image size-large\"><img loading=\"lazy\" decoding=\"async\" width=\"1024\" height=\"768\" data-id=\"3417\" src=\"https:\/\/amm85.fr\/wp-content\/uploads\/2025\/05\/01-1024x768.jpg\" alt=\"\" class=\"wp-image-3417\" srcset=\"https:\/\/amm85.fr\/wp-content\/uploads\/2025\/05\/01-1024x768.jpg 1024w, https:\/\/amm85.fr\/wp-content\/uploads\/2025\/05\/01-300x225.jpg 300w, https:\/\/amm85.fr\/wp-content\/uploads\/2025\/05\/01-768x576.jpg 768w, https:\/\/amm85.fr\/wp-content\/uploads\/2025\/05\/01.jpg 1500w\" sizes=\"auto, (max-width: 1024px) 100vw, 1024px\" \/><\/figure>\n\n\n\n<figure class=\"wp-block-image size-large\"><img loading=\"lazy\" decoding=\"async\" width=\"1024\" height=\"768\" data-id=\"3418\" src=\"https:\/\/amm85.fr\/wp-content\/uploads\/2025\/05\/02-1024x768.jpg\" alt=\"\" class=\"wp-image-3418\" srcset=\"https:\/\/amm85.fr\/wp-content\/uploads\/2025\/05\/02-1024x768.jpg 1024w, https:\/\/amm85.fr\/wp-content\/uploads\/2025\/05\/02-300x225.jpg 300w, https:\/\/amm85.fr\/wp-content\/uploads\/2025\/05\/02-768x576.jpg 768w, https:\/\/amm85.fr\/wp-content\/uploads\/2025\/05\/02.jpg 1500w\" sizes=\"auto, (max-width: 1024px) 100vw, 1024px\" \/><\/figure>\n<\/figure>\n\n\n\n<figure class=\"wp-block-gallery has-nested-images columns-default is-cropped wp-block-gallery-7 is-layout-flex wp-block-gallery-is-layout-flex\">\n<figure class=\"wp-block-image size-large\"><img loading=\"lazy\" decoding=\"async\" width=\"768\" height=\"1024\" data-id=\"3421\" src=\"https:\/\/amm85.fr\/wp-content\/uploads\/2025\/05\/03-768x1024.jpg\" alt=\"\" class=\"wp-image-3421\" srcset=\"https:\/\/amm85.fr\/wp-content\/uploads\/2025\/05\/03-768x1024.jpg 768w, https:\/\/amm85.fr\/wp-content\/uploads\/2025\/05\/03-225x300.jpg 225w, https:\/\/amm85.fr\/wp-content\/uploads\/2025\/05\/03-1152x1536.jpg 1152w, https:\/\/amm85.fr\/wp-content\/uploads\/2025\/05\/03.jpg 1500w\" sizes=\"auto, (max-width: 768px) 100vw, 768px\" \/><\/figure>\n\n\n\n<figure class=\"wp-block-image size-large\"><img loading=\"lazy\" decoding=\"async\" width=\"768\" height=\"1024\" data-id=\"3420\" src=\"https:\/\/amm85.fr\/wp-content\/uploads\/2025\/05\/04-768x1024.jpg\" alt=\"\" class=\"wp-image-3420\" srcset=\"https:\/\/amm85.fr\/wp-content\/uploads\/2025\/05\/04-768x1024.jpg 768w, https:\/\/amm85.fr\/wp-content\/uploads\/2025\/05\/04-225x300.jpg 225w, https:\/\/amm85.fr\/wp-content\/uploads\/2025\/05\/04-1152x1536.jpg 1152w, https:\/\/amm85.fr\/wp-content\/uploads\/2025\/05\/04.jpg 1500w\" sizes=\"auto, (max-width: 768px) 100vw, 768px\" \/><\/figure>\n<\/figure>\n\n\n\n<figure class=\"wp-block-embed is-type-video is-provider-youtube wp-block-embed-youtube wp-embed-aspect-16-9 wp-has-aspect-ratio\"><div class=\"wp-block-embed__wrapper\">\n<div class=\"nv-iframe-embed\"><iframe loading=\"lazy\" title=\"La Teignouse SNSM 142\" width=\"1200\" height=\"675\" src=\"https:\/\/www.youtube.com\/embed\/d890kesHEzI?feature=oembed\" frameborder=\"0\" allow=\"accelerometer; autoplay; clipboard-write; encrypted-media; gyroscope; picture-in-picture; web-share\" referrerpolicy=\"strict-origin-when-cross-origin\" allowfullscreen><\/iframe><\/div>\n<\/div><\/figure>\n\n\n\n<div style=\"height:100px\" aria-hidden=\"true\" class=\"wp-block-spacer\"><\/div>\n","protected":false},"excerpt":{"rendered":"<p>Montage coque et cabine d&#8217;apr\u00e8s plan. si\u00e8ge r\u00e9alis\u00e9 en impression 3D<\/p>\n","protected":false},"author":2,"featured_media":0,"parent":445,"menu_order":0,"comment_status":"closed","ping_status":"closed","template":"","meta":{"neve_meta_sidebar":"","neve_meta_container":"","neve_meta_enable_content_width":"","neve_meta_content_width":0,"neve_meta_title_alignment":"","neve_meta_author_avatar":"","neve_post_elements_order":"","neve_meta_disable_header":"","neve_meta_disable_footer":"","neve_meta_disable_title":"","footnotes":""},"class_list":["post-2797","page","type-page","status-publish","hentry"],"yoast_head":"<!-- This site is optimized with the Yoast SEO plugin v26.3 - https:\/\/yoast.com\/wordpress\/plugins\/seo\/ -->\n<title>SNSM 142 &quot;La Teignouse&quot; (Dominique R) - AMM85<\/title>\n<meta name=\"robots\" content=\"index, follow, max-snippet:-1, max-image-preview:large, max-video-preview:-1\" \/>\n<link rel=\"canonical\" href=\"https:\/\/amm85.fr\/index.php\/nos-realisations\/navires-de-service\/snsm-142-la-teignouse\/\" \/>\n<meta property=\"og:locale\" content=\"fr_FR\" \/>\n<meta property=\"og:type\" content=\"article\" \/>\n<meta property=\"og:title\" content=\"SNSM 142 &quot;La Teignouse&quot; (Dominique R) - AMM85\" \/>\n<meta property=\"og:description\" content=\"Montage coque et cabine d&#8217;apr\u00e8s plan. si\u00e8ge r\u00e9alis\u00e9 en impression 3D\" \/>\n<meta property=\"og:url\" content=\"https:\/\/amm85.fr\/index.php\/nos-realisations\/navires-de-service\/snsm-142-la-teignouse\/\" \/>\n<meta property=\"og:site_name\" content=\"AMM85\" \/>\n<meta property=\"article:modified_time\" content=\"2025-05-15T06:16:47+00:00\" \/>\n<meta property=\"og:image\" content=\"https:\/\/amm85.fr\/wp-content\/uploads\/2025\/02\/1740583508361-scaled.jpg\" \/>\n\t<meta property=\"og:image:width\" content=\"1920\" \/>\n\t<meta property=\"og:image:height\" content=\"2560\" \/>\n\t<meta property=\"og:image:type\" content=\"image\/jpeg\" \/>\n<meta name=\"twitter:card\" content=\"summary_large_image\" \/>\n<meta name=\"twitter:label1\" content=\"Dur\u00e9e de lecture estim\u00e9e\" \/>\n\t<meta name=\"twitter:data1\" content=\"4 minutes\" \/>\n<script type=\"application\/ld+json\" class=\"yoast-schema-graph\">{\"@context\":\"https:\/\/schema.org\",\"@graph\":[{\"@type\":\"WebPage\",\"@id\":\"https:\/\/amm85.fr\/index.php\/nos-realisations\/navires-de-service\/snsm-142-la-teignouse\/\",\"url\":\"https:\/\/amm85.fr\/index.php\/nos-realisations\/navires-de-service\/snsm-142-la-teignouse\/\",\"name\":\"SNSM 142 \\\"La Teignouse\\\" (Dominique R) - AMM85\",\"isPartOf\":{\"@id\":\"https:\/\/amm85.fr\/#website\"},\"primaryImageOfPage\":{\"@id\":\"https:\/\/amm85.fr\/index.php\/nos-realisations\/navires-de-service\/snsm-142-la-teignouse\/#primaryimage\"},\"image\":{\"@id\":\"https:\/\/amm85.fr\/index.php\/nos-realisations\/navires-de-service\/snsm-142-la-teignouse\/#primaryimage\"},\"thumbnailUrl\":\"https:\/\/amm85.fr\/wp-content\/uploads\/2025\/02\/1740583508361-768x1024.jpg\",\"datePublished\":\"2024-12-15T17:32:07+00:00\",\"dateModified\":\"2025-05-15T06:16:47+00:00\",\"breadcrumb\":{\"@id\":\"https:\/\/amm85.fr\/index.php\/nos-realisations\/navires-de-service\/snsm-142-la-teignouse\/#breadcrumb\"},\"inLanguage\":\"fr-FR\",\"potentialAction\":[{\"@type\":\"ReadAction\",\"target\":[\"https:\/\/amm85.fr\/index.php\/nos-realisations\/navires-de-service\/snsm-142-la-teignouse\/\"]}]},{\"@type\":\"ImageObject\",\"inLanguage\":\"fr-FR\",\"@id\":\"https:\/\/amm85.fr\/index.php\/nos-realisations\/navires-de-service\/snsm-142-la-teignouse\/#primaryimage\",\"url\":\"https:\/\/amm85.fr\/wp-content\/uploads\/2025\/02\/1740583508361-scaled.jpg\",\"contentUrl\":\"https:\/\/amm85.fr\/wp-content\/uploads\/2025\/02\/1740583508361-scaled.jpg\",\"width\":1920,\"height\":2560},{\"@type\":\"BreadcrumbList\",\"@id\":\"https:\/\/amm85.fr\/index.php\/nos-realisations\/navires-de-service\/snsm-142-la-teignouse\/#breadcrumb\",\"itemListElement\":[{\"@type\":\"ListItem\",\"position\":1,\"name\":\"Accueil\",\"item\":\"https:\/\/amm85.fr\/\"},{\"@type\":\"ListItem\",\"position\":2,\"name\":\"Nos r\u00e9alisations\",\"item\":\"https:\/\/amm85.fr\/index.php\/nos-realisations\/\"},{\"@type\":\"ListItem\",\"position\":3,\"name\":\"Navires de service\",\"item\":\"https:\/\/amm85.fr\/index.php\/nos-realisations\/navires-de-service\/\"},{\"@type\":\"ListItem\",\"position\":4,\"name\":\"SNSM 142 &#8220;La Teignouse&#8221; (Dominique R)\"}]},{\"@type\":\"WebSite\",\"@id\":\"https:\/\/amm85.fr\/#website\",\"url\":\"https:\/\/amm85.fr\/\",\"name\":\"AMM85\",\"description\":\"Association de mod\u00e9lisme Mothais : naval et  camion. Navigation, construction,  exposition. achards  situ\u00e9 dans la commune des Achards 85150 en Vend\u00e9e\",\"publisher\":{\"@id\":\"https:\/\/amm85.fr\/#organization\"},\"potentialAction\":[{\"@type\":\"SearchAction\",\"target\":{\"@type\":\"EntryPoint\",\"urlTemplate\":\"https:\/\/amm85.fr\/?s={search_term_string}\"},\"query-input\":{\"@type\":\"PropertyValueSpecification\",\"valueRequired\":true,\"valueName\":\"search_term_string\"}}],\"inLanguage\":\"fr-FR\"},{\"@type\":\"Organization\",\"@id\":\"https:\/\/amm85.fr\/#organization\",\"name\":\"Amicale du mod\u00e9lisme mothais\",\"url\":\"https:\/\/amm85.fr\/\",\"logo\":{\"@type\":\"ImageObject\",\"inLanguage\":\"fr-FR\",\"@id\":\"https:\/\/amm85.fr\/#\/schema\/logo\/image\/\",\"url\":\"\",\"contentUrl\":\"\",\"caption\":\"Amicale du mod\u00e9lisme mothais\"},\"image\":{\"@id\":\"https:\/\/amm85.fr\/#\/schema\/logo\/image\/\"}}]}<\/script>\n<!-- \/ Yoast SEO plugin. -->","yoast_head_json":{"title":"SNSM 142 \"La Teignouse\" (Dominique R) - AMM85","robots":{"index":"index","follow":"follow","max-snippet":"max-snippet:-1","max-image-preview":"max-image-preview:large","max-video-preview":"max-video-preview:-1"},"canonical":"https:\/\/amm85.fr\/index.php\/nos-realisations\/navires-de-service\/snsm-142-la-teignouse\/","og_locale":"fr_FR","og_type":"article","og_title":"SNSM 142 \"La Teignouse\" (Dominique R) - AMM85","og_description":"Montage coque et cabine d&#8217;apr\u00e8s plan. si\u00e8ge r\u00e9alis\u00e9 en impression 3D","og_url":"https:\/\/amm85.fr\/index.php\/nos-realisations\/navires-de-service\/snsm-142-la-teignouse\/","og_site_name":"AMM85","article_modified_time":"2025-05-15T06:16:47+00:00","og_image":[{"width":1920,"height":2560,"url":"https:\/\/amm85.fr\/wp-content\/uploads\/2025\/02\/1740583508361-scaled.jpg","type":"image\/jpeg"}],"twitter_card":"summary_large_image","twitter_misc":{"Dur\u00e9e de lecture estim\u00e9e":"4 minutes"},"schema":{"@context":"https:\/\/schema.org","@graph":[{"@type":"WebPage","@id":"https:\/\/amm85.fr\/index.php\/nos-realisations\/navires-de-service\/snsm-142-la-teignouse\/","url":"https:\/\/amm85.fr\/index.php\/nos-realisations\/navires-de-service\/snsm-142-la-teignouse\/","name":"SNSM 142 \"La Teignouse\" (Dominique R) - AMM85","isPartOf":{"@id":"https:\/\/amm85.fr\/#website"},"primaryImageOfPage":{"@id":"https:\/\/amm85.fr\/index.php\/nos-realisations\/navires-de-service\/snsm-142-la-teignouse\/#primaryimage"},"image":{"@id":"https:\/\/amm85.fr\/index.php\/nos-realisations\/navires-de-service\/snsm-142-la-teignouse\/#primaryimage"},"thumbnailUrl":"https:\/\/amm85.fr\/wp-content\/uploads\/2025\/02\/1740583508361-768x1024.jpg","datePublished":"2024-12-15T17:32:07+00:00","dateModified":"2025-05-15T06:16:47+00:00","breadcrumb":{"@id":"https:\/\/amm85.fr\/index.php\/nos-realisations\/navires-de-service\/snsm-142-la-teignouse\/#breadcrumb"},"inLanguage":"fr-FR","potentialAction":[{"@type":"ReadAction","target":["https:\/\/amm85.fr\/index.php\/nos-realisations\/navires-de-service\/snsm-142-la-teignouse\/"]}]},{"@type":"ImageObject","inLanguage":"fr-FR","@id":"https:\/\/amm85.fr\/index.php\/nos-realisations\/navires-de-service\/snsm-142-la-teignouse\/#primaryimage","url":"https:\/\/amm85.fr\/wp-content\/uploads\/2025\/02\/1740583508361-scaled.jpg","contentUrl":"https:\/\/amm85.fr\/wp-content\/uploads\/2025\/02\/1740583508361-scaled.jpg","width":1920,"height":2560},{"@type":"BreadcrumbList","@id":"https:\/\/amm85.fr\/index.php\/nos-realisations\/navires-de-service\/snsm-142-la-teignouse\/#breadcrumb","itemListElement":[{"@type":"ListItem","position":1,"name":"Accueil","item":"https:\/\/amm85.fr\/"},{"@type":"ListItem","position":2,"name":"Nos r\u00e9alisations","item":"https:\/\/amm85.fr\/index.php\/nos-realisations\/"},{"@type":"ListItem","position":3,"name":"Navires de service","item":"https:\/\/amm85.fr\/index.php\/nos-realisations\/navires-de-service\/"},{"@type":"ListItem","position":4,"name":"SNSM 142 &#8220;La Teignouse&#8221; (Dominique R)"}]},{"@type":"WebSite","@id":"https:\/\/amm85.fr\/#website","url":"https:\/\/amm85.fr\/","name":"AMM85","description":"Association de mod\u00e9lisme Mothais : naval et  camion. Navigation, construction,  exposition. achards  situ\u00e9 dans la commune des Achards 85150 en Vend\u00e9e","publisher":{"@id":"https:\/\/amm85.fr\/#organization"},"potentialAction":[{"@type":"SearchAction","target":{"@type":"EntryPoint","urlTemplate":"https:\/\/amm85.fr\/?s={search_term_string}"},"query-input":{"@type":"PropertyValueSpecification","valueRequired":true,"valueName":"search_term_string"}}],"inLanguage":"fr-FR"},{"@type":"Organization","@id":"https:\/\/amm85.fr\/#organization","name":"Amicale du mod\u00e9lisme mothais","url":"https:\/\/amm85.fr\/","logo":{"@type":"ImageObject","inLanguage":"fr-FR","@id":"https:\/\/amm85.fr\/#\/schema\/logo\/image\/","url":"","contentUrl":"","caption":"Amicale du mod\u00e9lisme mothais"},"image":{"@id":"https:\/\/amm85.fr\/#\/schema\/logo\/image\/"}}]}},"_links":{"self":[{"href":"https:\/\/amm85.fr\/index.php\/wp-json\/wp\/v2\/pages\/2797","targetHints":{"allow":["GET"]}}],"collection":[{"href":"https:\/\/amm85.fr\/index.php\/wp-json\/wp\/v2\/pages"}],"about":[{"href":"https:\/\/amm85.fr\/index.php\/wp-json\/wp\/v2\/types\/page"}],"author":[{"embeddable":true,"href":"https:\/\/amm85.fr\/index.php\/wp-json\/wp\/v2\/users\/2"}],"replies":[{"embeddable":true,"href":"https:\/\/amm85.fr\/index.php\/wp-json\/wp\/v2\/comments?post=2797"}],"version-history":[{"count":5,"href":"https:\/\/amm85.fr\/index.php\/wp-json\/wp\/v2\/pages\/2797\/revisions"}],"predecessor-version":[{"id":3423,"href":"https:\/\/amm85.fr\/index.php\/wp-json\/wp\/v2\/pages\/2797\/revisions\/3423"}],"up":[{"embeddable":true,"href":"https:\/\/amm85.fr\/index.php\/wp-json\/wp\/v2\/pages\/445"}],"wp:attachment":[{"href":"https:\/\/amm85.fr\/index.php\/wp-json\/wp\/v2\/media?parent=2797"}],"curies":[{"name":"wp","href":"https:\/\/api.w.org\/{rel}","templated":true}]}}