{"id":2775,"date":"2024-12-15T17:37:12","date_gmt":"2024-12-15T16:37:12","guid":{"rendered":"https:\/\/amm85.fr\/?page_id=2775"},"modified":"2025-02-05T16:14:19","modified_gmt":"2025-02-05T15:14:19","slug":"mini-med-chalutier-de-michel-p","status":"publish","type":"page","link":"https:\/\/amm85.fr\/index.php\/nos-realisations\/navires-de-service\/les-mini-med\/mini-med-chalutier-de-michel-p\/","title":{"rendered":"Mini Med Chalutier de Michel P"},"content":{"rendered":"\n<div style=\"height:100px\" aria-hidden=\"true\" class=\"wp-block-spacer\"><\/div>\n\n\n\n<figure class=\"wp-block-gallery has-nested-images columns-default is-cropped wp-block-gallery-1 is-layout-flex wp-block-gallery-is-layout-flex\">\n<figure class=\"wp-block-image size-large\"><img loading=\"lazy\" decoding=\"async\" width=\"576\" height=\"1024\" data-id=\"2776\" src=\"https:\/\/amm85.fr\/wp-content\/uploads\/2024\/12\/1734279857641-576x1024.jpg\" alt=\"\" class=\"wp-image-2776\" srcset=\"https:\/\/amm85.fr\/wp-content\/uploads\/2024\/12\/1734279857641-576x1024.jpg 576w, https:\/\/amm85.fr\/wp-content\/uploads\/2024\/12\/1734279857641-169x300.jpg 169w, https:\/\/amm85.fr\/wp-content\/uploads\/2024\/12\/1734279857641-768x1365.jpg 768w, https:\/\/amm85.fr\/wp-content\/uploads\/2024\/12\/1734279857641-864x1536.jpg 864w, https:\/\/amm85.fr\/wp-content\/uploads\/2024\/12\/1734279857641.jpg 1148w\" sizes=\"auto, (max-width: 576px) 100vw, 576px\" \/><\/figure>\n\n\n\n<figure class=\"wp-block-image size-large\"><img loading=\"lazy\" decoding=\"async\" width=\"768\" height=\"1024\" data-id=\"2777\" src=\"https:\/\/amm85.fr\/wp-content\/uploads\/2024\/12\/1734279857649-768x1024.jpg\" alt=\"\" class=\"wp-image-2777\" srcset=\"https:\/\/amm85.fr\/wp-content\/uploads\/2024\/12\/1734279857649-768x1024.jpg 768w, https:\/\/amm85.fr\/wp-content\/uploads\/2024\/12\/1734279857649-225x300.jpg 225w, https:\/\/amm85.fr\/wp-content\/uploads\/2024\/12\/1734279857649-1152x1536.jpg 1152w, https:\/\/amm85.fr\/wp-content\/uploads\/2024\/12\/1734279857649.jpg 1200w\" sizes=\"auto, (max-width: 768px) 100vw, 768px\" \/><\/figure>\n<\/figure>\n\n\n\n<figure class=\"wp-block-gallery has-nested-images columns-default is-cropped wp-block-gallery-2 is-layout-flex wp-block-gallery-is-layout-flex\">\n<figure class=\"wp-block-image size-large\"><img loading=\"lazy\" decoding=\"async\" width=\"768\" height=\"1024\" data-id=\"2778\" src=\"https:\/\/amm85.fr\/wp-content\/uploads\/2024\/12\/1734279857621-768x1024.jpg\" alt=\"\" class=\"wp-image-2778\" srcset=\"https:\/\/amm85.fr\/wp-content\/uploads\/2024\/12\/1734279857621-768x1024.jpg 768w, https:\/\/amm85.fr\/wp-content\/uploads\/2024\/12\/1734279857621-225x300.jpg 225w, https:\/\/amm85.fr\/wp-content\/uploads\/2024\/12\/1734279857621-1152x1536.jpg 1152w, https:\/\/amm85.fr\/wp-content\/uploads\/2024\/12\/1734279857621.jpg 1530w\" sizes=\"auto, (max-width: 768px) 100vw, 768px\" \/><\/figure>\n\n\n\n<figure class=\"wp-block-image size-large\"><img loading=\"lazy\" decoding=\"async\" width=\"768\" height=\"1024\" data-id=\"2779\" src=\"https:\/\/amm85.fr\/wp-content\/uploads\/2024\/12\/1734279857628-768x1024.jpg\" alt=\"\" class=\"wp-image-2779\" srcset=\"https:\/\/amm85.fr\/wp-content\/uploads\/2024\/12\/1734279857628-768x1024.jpg 768w, https:\/\/amm85.fr\/wp-content\/uploads\/2024\/12\/1734279857628-225x300.jpg 225w, https:\/\/amm85.fr\/wp-content\/uploads\/2024\/12\/1734279857628-1152x1536.jpg 1152w, https:\/\/amm85.fr\/wp-content\/uploads\/2024\/12\/1734279857628.jpg 1530w\" sizes=\"auto, (max-width: 768px) 100vw, 768px\" \/><\/figure>\n<\/figure>\n\n\n\n<figure class=\"wp-block-gallery has-nested-images columns-default is-cropped wp-block-gallery-3 is-layout-flex wp-block-gallery-is-layout-flex\">\n<figure class=\"wp-block-image size-large\"><img loading=\"lazy\" decoding=\"async\" width=\"768\" height=\"1024\" data-id=\"2816\" src=\"https:\/\/amm85.fr\/wp-content\/uploads\/2024\/12\/1734286409628-768x1024.jpg\" alt=\"\" class=\"wp-image-2816\" srcset=\"https:\/\/amm85.fr\/wp-content\/uploads\/2024\/12\/1734286409628-768x1024.jpg 768w, https:\/\/amm85.fr\/wp-content\/uploads\/2024\/12\/1734286409628-225x300.jpg 225w, https:\/\/amm85.fr\/wp-content\/uploads\/2024\/12\/1734286409628-1152x1536.jpg 1152w, https:\/\/amm85.fr\/wp-content\/uploads\/2024\/12\/1734286409628.jpg 1530w\" sizes=\"auto, (max-width: 768px) 100vw, 768px\" \/><\/figure>\n\n\n\n<figure class=\"wp-block-image size-large\"><img loading=\"lazy\" decoding=\"async\" width=\"1024\" height=\"768\" data-id=\"2815\" src=\"https:\/\/amm85.fr\/wp-content\/uploads\/2024\/12\/1734286409634-1024x768.jpg\" alt=\"\" class=\"wp-image-2815\" srcset=\"https:\/\/amm85.fr\/wp-content\/uploads\/2024\/12\/1734286409634-1024x768.jpg 1024w, https:\/\/amm85.fr\/wp-content\/uploads\/2024\/12\/1734286409634-300x225.jpg 300w, https:\/\/amm85.fr\/wp-content\/uploads\/2024\/12\/1734286409634-768x576.jpg 768w, https:\/\/amm85.fr\/wp-content\/uploads\/2024\/12\/1734286409634-1536x1152.jpg 1536w, https:\/\/amm85.fr\/wp-content\/uploads\/2024\/12\/1734286409634.jpg 2040w\" sizes=\"auto, (max-width: 1024px) 100vw, 1024px\" \/><\/figure>\n<\/figure>\n\n\n\n<figure class=\"wp-block-gallery has-nested-images columns-default is-cropped wp-block-gallery-4 is-layout-flex wp-block-gallery-is-layout-flex\">\n<figure class=\"wp-block-image size-large\"><img loading=\"lazy\" decoding=\"async\" width=\"1024\" height=\"998\" data-id=\"2972\" src=\"https:\/\/amm85.fr\/wp-content\/uploads\/2025\/02\/mp-1024x998.jpg\" alt=\"\" class=\"wp-image-2972\" srcset=\"https:\/\/amm85.fr\/wp-content\/uploads\/2025\/02\/mp-1024x998.jpg 1024w, https:\/\/amm85.fr\/wp-content\/uploads\/2025\/02\/mp-300x293.jpg 300w, https:\/\/amm85.fr\/wp-content\/uploads\/2025\/02\/mp-768x749.jpg 768w, https:\/\/amm85.fr\/wp-content\/uploads\/2025\/02\/mp.jpg 1122w\" sizes=\"auto, (max-width: 1024px) 100vw, 1024px\" \/><\/figure>\n\n\n\n<figure class=\"wp-block-image size-large\"><img loading=\"lazy\" decoding=\"async\" width=\"698\" height=\"1024\" data-id=\"2974\" src=\"https:\/\/amm85.fr\/wp-content\/uploads\/2025\/02\/mp03-698x1024.jpg\" alt=\"\" class=\"wp-image-2974\" srcset=\"https:\/\/amm85.fr\/wp-content\/uploads\/2025\/02\/mp03-698x1024.jpg 698w, https:\/\/amm85.fr\/wp-content\/uploads\/2025\/02\/mp03-204x300.jpg 204w, https:\/\/amm85.fr\/wp-content\/uploads\/2025\/02\/mp03-768x1127.jpg 768w, https:\/\/amm85.fr\/wp-content\/uploads\/2025\/02\/mp03-1047x1536.jpg 1047w, https:\/\/amm85.fr\/wp-content\/uploads\/2025\/02\/mp03.jpg 1177w\" sizes=\"auto, (max-width: 698px) 100vw, 698px\" \/><\/figure>\n<\/figure>\n\n\n\n<div style=\"height:100px\" aria-hidden=\"true\" class=\"wp-block-spacer\"><\/div>\n","protected":false},"excerpt":{"rendered":"","protected":false},"author":2,"featured_media":0,"parent":2772,"menu_order":0,"comment_status":"closed","ping_status":"closed","template":"","meta":{"neve_meta_sidebar":"","neve_meta_container":"","neve_meta_enable_content_width":"","neve_meta_content_width":0,"neve_meta_title_alignment":"","neve_meta_author_avatar":"","neve_post_elements_order":"","neve_meta_disable_header":"","neve_meta_disable_footer":"","neve_meta_disable_title":"","footnotes":""},"class_list":["post-2775","page","type-page","status-publish","hentry"],"yoast_head":"<!-- This site is optimized with the Yoast SEO plugin v26.3 - https:\/\/yoast.com\/wordpress\/plugins\/seo\/ -->\n<title>Mini Med Chalutier de Michel P - AMM85<\/title>\n<meta name=\"robots\" content=\"index, follow, max-snippet:-1, max-image-preview:large, max-video-preview:-1\" \/>\n<link rel=\"canonical\" href=\"https:\/\/amm85.fr\/index.php\/nos-realisations\/navires-de-service\/les-mini-med\/mini-med-chalutier-de-michel-p\/\" \/>\n<meta property=\"og:locale\" content=\"fr_FR\" \/>\n<meta property=\"og:type\" content=\"article\" \/>\n<meta property=\"og:title\" content=\"Mini Med Chalutier de Michel P - AMM85\" \/>\n<meta property=\"og:url\" content=\"https:\/\/amm85.fr\/index.php\/nos-realisations\/navires-de-service\/les-mini-med\/mini-med-chalutier-de-michel-p\/\" \/>\n<meta property=\"og:site_name\" content=\"AMM85\" \/>\n<meta property=\"article:modified_time\" content=\"2025-02-05T15:14:19+00:00\" \/>\n<meta property=\"og:image\" content=\"https:\/\/amm85.fr\/wp-content\/uploads\/2024\/12\/1734279857641.jpg\" \/>\n\t<meta property=\"og:image:width\" content=\"1148\" \/>\n\t<meta property=\"og:image:height\" content=\"2040\" \/>\n\t<meta property=\"og:image:type\" content=\"image\/jpeg\" \/>\n<meta name=\"twitter:card\" content=\"summary_large_image\" \/>\n<meta name=\"twitter:label1\" content=\"Dur\u00e9e de lecture estim\u00e9e\" \/>\n\t<meta name=\"twitter:data1\" content=\"2 minutes\" \/>\n<script type=\"application\/ld+json\" class=\"yoast-schema-graph\">{\"@context\":\"https:\/\/schema.org\",\"@graph\":[{\"@type\":\"WebPage\",\"@id\":\"https:\/\/amm85.fr\/index.php\/nos-realisations\/navires-de-service\/les-mini-med\/mini-med-chalutier-de-michel-p\/\",\"url\":\"https:\/\/amm85.fr\/index.php\/nos-realisations\/navires-de-service\/les-mini-med\/mini-med-chalutier-de-michel-p\/\",\"name\":\"Mini Med Chalutier de Michel P - AMM85\",\"isPartOf\":{\"@id\":\"https:\/\/amm85.fr\/#website\"},\"primaryImageOfPage\":{\"@id\":\"https:\/\/amm85.fr\/index.php\/nos-realisations\/navires-de-service\/les-mini-med\/mini-med-chalutier-de-michel-p\/#primaryimage\"},\"image\":{\"@id\":\"https:\/\/amm85.fr\/index.php\/nos-realisations\/navires-de-service\/les-mini-med\/mini-med-chalutier-de-michel-p\/#primaryimage\"},\"thumbnailUrl\":\"https:\/\/amm85.fr\/wp-content\/uploads\/2024\/12\/1734279857641-576x1024.jpg\",\"datePublished\":\"2024-12-15T16:37:12+00:00\",\"dateModified\":\"2025-02-05T15:14:19+00:00\",\"breadcrumb\":{\"@id\":\"https:\/\/amm85.fr\/index.php\/nos-realisations\/navires-de-service\/les-mini-med\/mini-med-chalutier-de-michel-p\/#breadcrumb\"},\"inLanguage\":\"fr-FR\",\"potentialAction\":[{\"@type\":\"ReadAction\",\"target\":[\"https:\/\/amm85.fr\/index.php\/nos-realisations\/navires-de-service\/les-mini-med\/mini-med-chalutier-de-michel-p\/\"]}]},{\"@type\":\"ImageObject\",\"inLanguage\":\"fr-FR\",\"@id\":\"https:\/\/amm85.fr\/index.php\/nos-realisations\/navires-de-service\/les-mini-med\/mini-med-chalutier-de-michel-p\/#primaryimage\",\"url\":\"https:\/\/amm85.fr\/wp-content\/uploads\/2024\/12\/1734279857641.jpg\",\"contentUrl\":\"https:\/\/amm85.fr\/wp-content\/uploads\/2024\/12\/1734279857641.jpg\",\"width\":1148,\"height\":2040},{\"@type\":\"BreadcrumbList\",\"@id\":\"https:\/\/amm85.fr\/index.php\/nos-realisations\/navires-de-service\/les-mini-med\/mini-med-chalutier-de-michel-p\/#breadcrumb\",\"itemListElement\":[{\"@type\":\"ListItem\",\"position\":1,\"name\":\"Accueil\",\"item\":\"https:\/\/amm85.fr\/\"},{\"@type\":\"ListItem\",\"position\":2,\"name\":\"Nos r\u00e9alisations\",\"item\":\"https:\/\/amm85.fr\/index.php\/nos-realisations\/\"},{\"@type\":\"ListItem\",\"position\":3,\"name\":\"Navires de service\",\"item\":\"https:\/\/amm85.fr\/index.php\/nos-realisations\/navires-de-service\/\"},{\"@type\":\"ListItem\",\"position\":4,\"name\":\"Mini-Med\",\"item\":\"https:\/\/amm85.fr\/index.php\/nos-realisations\/navires-de-service\/les-mini-med\/\"},{\"@type\":\"ListItem\",\"position\":5,\"name\":\"Mini Med Chalutier de Michel P\"}]},{\"@type\":\"WebSite\",\"@id\":\"https:\/\/amm85.fr\/#website\",\"url\":\"https:\/\/amm85.fr\/\",\"name\":\"AMM85\",\"description\":\"Association de mod\u00e9lisme Mothais : naval et  camion. Navigation, construction,  exposition. achards  situ\u00e9 dans la commune des Achards 85150 en Vend\u00e9e\",\"publisher\":{\"@id\":\"https:\/\/amm85.fr\/#organization\"},\"potentialAction\":[{\"@type\":\"SearchAction\",\"target\":{\"@type\":\"EntryPoint\",\"urlTemplate\":\"https:\/\/amm85.fr\/?s={search_term_string}\"},\"query-input\":{\"@type\":\"PropertyValueSpecification\",\"valueRequired\":true,\"valueName\":\"search_term_string\"}}],\"inLanguage\":\"fr-FR\"},{\"@type\":\"Organization\",\"@id\":\"https:\/\/amm85.fr\/#organization\",\"name\":\"Amicale du mod\u00e9lisme mothais\",\"url\":\"https:\/\/amm85.fr\/\",\"logo\":{\"@type\":\"ImageObject\",\"inLanguage\":\"fr-FR\",\"@id\":\"https:\/\/amm85.fr\/#\/schema\/logo\/image\/\",\"url\":\"\",\"contentUrl\":\"\",\"caption\":\"Amicale du mod\u00e9lisme mothais\"},\"image\":{\"@id\":\"https:\/\/amm85.fr\/#\/schema\/logo\/image\/\"}}]}<\/script>\n<!-- \/ Yoast SEO plugin. -->","yoast_head_json":{"title":"Mini Med Chalutier de Michel P - AMM85","robots":{"index":"index","follow":"follow","max-snippet":"max-snippet:-1","max-image-preview":"max-image-preview:large","max-video-preview":"max-video-preview:-1"},"canonical":"https:\/\/amm85.fr\/index.php\/nos-realisations\/navires-de-service\/les-mini-med\/mini-med-chalutier-de-michel-p\/","og_locale":"fr_FR","og_type":"article","og_title":"Mini Med Chalutier de Michel P - AMM85","og_url":"https:\/\/amm85.fr\/index.php\/nos-realisations\/navires-de-service\/les-mini-med\/mini-med-chalutier-de-michel-p\/","og_site_name":"AMM85","article_modified_time":"2025-02-05T15:14:19+00:00","og_image":[{"width":1148,"height":2040,"url":"https:\/\/amm85.fr\/wp-content\/uploads\/2024\/12\/1734279857641.jpg","type":"image\/jpeg"}],"twitter_card":"summary_large_image","twitter_misc":{"Dur\u00e9e de lecture estim\u00e9e":"2 minutes"},"schema":{"@context":"https:\/\/schema.org","@graph":[{"@type":"WebPage","@id":"https:\/\/amm85.fr\/index.php\/nos-realisations\/navires-de-service\/les-mini-med\/mini-med-chalutier-de-michel-p\/","url":"https:\/\/amm85.fr\/index.php\/nos-realisations\/navires-de-service\/les-mini-med\/mini-med-chalutier-de-michel-p\/","name":"Mini Med Chalutier de Michel P - AMM85","isPartOf":{"@id":"https:\/\/amm85.fr\/#website"},"primaryImageOfPage":{"@id":"https:\/\/amm85.fr\/index.php\/nos-realisations\/navires-de-service\/les-mini-med\/mini-med-chalutier-de-michel-p\/#primaryimage"},"image":{"@id":"https:\/\/amm85.fr\/index.php\/nos-realisations\/navires-de-service\/les-mini-med\/mini-med-chalutier-de-michel-p\/#primaryimage"},"thumbnailUrl":"https:\/\/amm85.fr\/wp-content\/uploads\/2024\/12\/1734279857641-576x1024.jpg","datePublished":"2024-12-15T16:37:12+00:00","dateModified":"2025-02-05T15:14:19+00:00","breadcrumb":{"@id":"https:\/\/amm85.fr\/index.php\/nos-realisations\/navires-de-service\/les-mini-med\/mini-med-chalutier-de-michel-p\/#breadcrumb"},"inLanguage":"fr-FR","potentialAction":[{"@type":"ReadAction","target":["https:\/\/amm85.fr\/index.php\/nos-realisations\/navires-de-service\/les-mini-med\/mini-med-chalutier-de-michel-p\/"]}]},{"@type":"ImageObject","inLanguage":"fr-FR","@id":"https:\/\/amm85.fr\/index.php\/nos-realisations\/navires-de-service\/les-mini-med\/mini-med-chalutier-de-michel-p\/#primaryimage","url":"https:\/\/amm85.fr\/wp-content\/uploads\/2024\/12\/1734279857641.jpg","contentUrl":"https:\/\/amm85.fr\/wp-content\/uploads\/2024\/12\/1734279857641.jpg","width":1148,"height":2040},{"@type":"BreadcrumbList","@id":"https:\/\/amm85.fr\/index.php\/nos-realisations\/navires-de-service\/les-mini-med\/mini-med-chalutier-de-michel-p\/#breadcrumb","itemListElement":[{"@type":"ListItem","position":1,"name":"Accueil","item":"https:\/\/amm85.fr\/"},{"@type":"ListItem","position":2,"name":"Nos r\u00e9alisations","item":"https:\/\/amm85.fr\/index.php\/nos-realisations\/"},{"@type":"ListItem","position":3,"name":"Navires de service","item":"https:\/\/amm85.fr\/index.php\/nos-realisations\/navires-de-service\/"},{"@type":"ListItem","position":4,"name":"Mini-Med","item":"https:\/\/amm85.fr\/index.php\/nos-realisations\/navires-de-service\/les-mini-med\/"},{"@type":"ListItem","position":5,"name":"Mini Med Chalutier de Michel P"}]},{"@type":"WebSite","@id":"https:\/\/amm85.fr\/#website","url":"https:\/\/amm85.fr\/","name":"AMM85","description":"Association de mod\u00e9lisme Mothais : naval et  camion. Navigation, construction,  exposition. achards  situ\u00e9 dans la commune des Achards 85150 en Vend\u00e9e","publisher":{"@id":"https:\/\/amm85.fr\/#organization"},"potentialAction":[{"@type":"SearchAction","target":{"@type":"EntryPoint","urlTemplate":"https:\/\/amm85.fr\/?s={search_term_string}"},"query-input":{"@type":"PropertyValueSpecification","valueRequired":true,"valueName":"search_term_string"}}],"inLanguage":"fr-FR"},{"@type":"Organization","@id":"https:\/\/amm85.fr\/#organization","name":"Amicale du mod\u00e9lisme mothais","url":"https:\/\/amm85.fr\/","logo":{"@type":"ImageObject","inLanguage":"fr-FR","@id":"https:\/\/amm85.fr\/#\/schema\/logo\/image\/","url":"","contentUrl":"","caption":"Amicale du mod\u00e9lisme mothais"},"image":{"@id":"https:\/\/amm85.fr\/#\/schema\/logo\/image\/"}}]}},"_links":{"self":[{"href":"https:\/\/amm85.fr\/index.php\/wp-json\/wp\/v2\/pages\/2775","targetHints":{"allow":["GET"]}}],"collection":[{"href":"https:\/\/amm85.fr\/index.php\/wp-json\/wp\/v2\/pages"}],"about":[{"href":"https:\/\/amm85.fr\/index.php\/wp-json\/wp\/v2\/types\/page"}],"author":[{"embeddable":true,"href":"https:\/\/amm85.fr\/index.php\/wp-json\/wp\/v2\/users\/2"}],"replies":[{"embeddable":true,"href":"https:\/\/amm85.fr\/index.php\/wp-json\/wp\/v2\/comments?post=2775"}],"version-history":[{"count":3,"href":"https:\/\/amm85.fr\/index.php\/wp-json\/wp\/v2\/pages\/2775\/revisions"}],"predecessor-version":[{"id":2977,"href":"https:\/\/amm85.fr\/index.php\/wp-json\/wp\/v2\/pages\/2775\/revisions\/2977"}],"up":[{"embeddable":true,"href":"https:\/\/amm85.fr\/index.php\/wp-json\/wp\/v2\/pages\/2772"}],"wp:attachment":[{"href":"https:\/\/amm85.fr\/index.php\/wp-json\/wp\/v2\/media?parent=2775"}],"curies":[{"name":"wp","href":"https:\/\/api.w.org\/{rel}","templated":true}]}}