{"id":2715,"date":"2024-11-17T16:52:47","date_gmt":"2024-11-17T15:52:47","guid":{"rendered":"https:\/\/amm85.fr\/?page_id=2715"},"modified":"2024-12-07T10:32:22","modified_gmt":"2024-12-07T09:32:22","slug":"le-19-et-20-octobre-2024-a-cholet","status":"publish","type":"page","link":"https:\/\/amm85.fr\/index.php\/expositions\/2024-2\/le-19-et-20-octobre-2024-a-cholet\/","title":{"rendered":"19 et 20 octobre \u00e0 Cholet"},"content":{"rendered":"\n<div style=\"height:100px\" aria-hidden=\"true\" class=\"wp-block-spacer\"><\/div>\n\n\n\n<p>Deux journ\u00e9es riches en rencontres sur le salon de Cholet.<\/p>\n\n\n\n<p>Notre stand de 28 m \u00e9tait le plus imposant en terme de pr\u00e9sentation de bateaux et pratiquement un des seuls.<\/p>\n\n\n\n<p>Beaucoup d&#8217;autres disciplines repr\u00e9sent\u00e9es , diorama, train, travaux publics&#8230;.<\/p>\n\n\n\n<figure class=\"wp-block-gallery has-nested-images columns-default is-cropped wp-block-gallery-1 is-layout-flex wp-block-gallery-is-layout-flex\">\n<figure class=\"wp-block-image size-large\"><img loading=\"lazy\" decoding=\"async\" width=\"1024\" height=\"576\" data-id=\"2717\" src=\"https:\/\/amm85.fr\/wp-content\/uploads\/2024\/11\/1731857781555-1024x576.jpg\" alt=\"\" class=\"wp-image-2717\" srcset=\"https:\/\/amm85.fr\/wp-content\/uploads\/2024\/11\/1731857781555-1024x576.jpg 1024w, https:\/\/amm85.fr\/wp-content\/uploads\/2024\/11\/1731857781555-300x169.jpg 300w, https:\/\/amm85.fr\/wp-content\/uploads\/2024\/11\/1731857781555-768x432.jpg 768w, https:\/\/amm85.fr\/wp-content\/uploads\/2024\/11\/1731857781555-1536x864.jpg 1536w, https:\/\/amm85.fr\/wp-content\/uploads\/2024\/11\/1731857781555.jpg 2040w\" sizes=\"auto, (max-width: 1024px) 100vw, 1024px\" \/><\/figure>\n\n\n\n<figure class=\"wp-block-image size-large\"><img loading=\"lazy\" decoding=\"async\" width=\"1024\" height=\"576\" data-id=\"2718\" src=\"https:\/\/amm85.fr\/wp-content\/uploads\/2024\/11\/1731857781564-1024x576.jpg\" alt=\"\" class=\"wp-image-2718\" srcset=\"https:\/\/amm85.fr\/wp-content\/uploads\/2024\/11\/1731857781564-1024x576.jpg 1024w, https:\/\/amm85.fr\/wp-content\/uploads\/2024\/11\/1731857781564-300x169.jpg 300w, https:\/\/amm85.fr\/wp-content\/uploads\/2024\/11\/1731857781564-768x432.jpg 768w, https:\/\/amm85.fr\/wp-content\/uploads\/2024\/11\/1731857781564-1536x864.jpg 1536w, https:\/\/amm85.fr\/wp-content\/uploads\/2024\/11\/1731857781564.jpg 2040w\" sizes=\"auto, (max-width: 1024px) 100vw, 1024px\" \/><\/figure>\n\n\n\n<figure class=\"wp-block-image size-large\"><img loading=\"lazy\" decoding=\"async\" width=\"1024\" height=\"576\" data-id=\"2716\" src=\"https:\/\/amm85.fr\/wp-content\/uploads\/2024\/11\/1731857781570-1024x576.jpg\" alt=\"\" class=\"wp-image-2716\" srcset=\"https:\/\/amm85.fr\/wp-content\/uploads\/2024\/11\/1731857781570-1024x576.jpg 1024w, https:\/\/amm85.fr\/wp-content\/uploads\/2024\/11\/1731857781570-300x169.jpg 300w, https:\/\/amm85.fr\/wp-content\/uploads\/2024\/11\/1731857781570-768x432.jpg 768w, https:\/\/amm85.fr\/wp-content\/uploads\/2024\/11\/1731857781570-1536x864.jpg 1536w, https:\/\/amm85.fr\/wp-content\/uploads\/2024\/11\/1731857781570.jpg 2040w\" sizes=\"auto, (max-width: 1024px) 100vw, 1024px\" \/><\/figure>\n<\/figure>\n\n\n\n<figure class=\"wp-block-gallery has-nested-images columns-default is-cropped wp-block-gallery-2 is-layout-flex wp-block-gallery-is-layout-flex\">\n<figure class=\"wp-block-image size-large\"><img loading=\"lazy\" decoding=\"async\" width=\"576\" height=\"1024\" data-id=\"2719\" src=\"https:\/\/amm85.fr\/wp-content\/uploads\/2024\/11\/1731857781560-576x1024.jpg\" alt=\"\" class=\"wp-image-2719\" srcset=\"https:\/\/amm85.fr\/wp-content\/uploads\/2024\/11\/1731857781560-576x1024.jpg 576w, https:\/\/amm85.fr\/wp-content\/uploads\/2024\/11\/1731857781560-169x300.jpg 169w, https:\/\/amm85.fr\/wp-content\/uploads\/2024\/11\/1731857781560-768x1365.jpg 768w, https:\/\/amm85.fr\/wp-content\/uploads\/2024\/11\/1731857781560-864x1536.jpg 864w, https:\/\/amm85.fr\/wp-content\/uploads\/2024\/11\/1731857781560.jpg 1148w\" sizes=\"auto, (max-width: 576px) 100vw, 576px\" \/><\/figure>\n\n\n\n<figure class=\"wp-block-image size-large\"><img loading=\"lazy\" decoding=\"async\" width=\"576\" height=\"1024\" data-id=\"2721\" src=\"https:\/\/amm85.fr\/wp-content\/uploads\/2024\/11\/1731857781576-576x1024.jpg\" alt=\"\" class=\"wp-image-2721\" srcset=\"https:\/\/amm85.fr\/wp-content\/uploads\/2024\/11\/1731857781576-576x1024.jpg 576w, https:\/\/amm85.fr\/wp-content\/uploads\/2024\/11\/1731857781576-169x300.jpg 169w, https:\/\/amm85.fr\/wp-content\/uploads\/2024\/11\/1731857781576-768x1365.jpg 768w, https:\/\/amm85.fr\/wp-content\/uploads\/2024\/11\/1731857781576-864x1536.jpg 864w, https:\/\/amm85.fr\/wp-content\/uploads\/2024\/11\/1731857781576.jpg 1148w\" sizes=\"auto, (max-width: 576px) 100vw, 576px\" \/><\/figure>\n\n\n\n<figure class=\"wp-block-image size-large\"><img loading=\"lazy\" decoding=\"async\" width=\"576\" height=\"1024\" data-id=\"2720\" src=\"https:\/\/amm85.fr\/wp-content\/uploads\/2024\/11\/1731857781579-576x1024.jpg\" alt=\"\" class=\"wp-image-2720\" srcset=\"https:\/\/amm85.fr\/wp-content\/uploads\/2024\/11\/1731857781579-576x1024.jpg 576w, https:\/\/amm85.fr\/wp-content\/uploads\/2024\/11\/1731857781579-169x300.jpg 169w, https:\/\/amm85.fr\/wp-content\/uploads\/2024\/11\/1731857781579-768x1365.jpg 768w, https:\/\/amm85.fr\/wp-content\/uploads\/2024\/11\/1731857781579-864x1536.jpg 864w, https:\/\/amm85.fr\/wp-content\/uploads\/2024\/11\/1731857781579.jpg 1148w\" sizes=\"auto, (max-width: 576px) 100vw, 576px\" \/><\/figure>\n<\/figure>\n\n\n\n<figure class=\"wp-block-gallery has-nested-images columns-default is-cropped wp-block-gallery-3 is-layout-flex wp-block-gallery-is-layout-flex\">\n<figure class=\"wp-block-image size-large\"><img loading=\"lazy\" decoding=\"async\" width=\"576\" height=\"1024\" data-id=\"2724\" src=\"https:\/\/amm85.fr\/wp-content\/uploads\/2024\/11\/1731857781583-576x1024.jpg\" alt=\"\" class=\"wp-image-2724\" srcset=\"https:\/\/amm85.fr\/wp-content\/uploads\/2024\/11\/1731857781583-576x1024.jpg 576w, https:\/\/amm85.fr\/wp-content\/uploads\/2024\/11\/1731857781583-169x300.jpg 169w, https:\/\/amm85.fr\/wp-content\/uploads\/2024\/11\/1731857781583-768x1365.jpg 768w, https:\/\/amm85.fr\/wp-content\/uploads\/2024\/11\/1731857781583-864x1536.jpg 864w, https:\/\/amm85.fr\/wp-content\/uploads\/2024\/11\/1731857781583.jpg 1148w\" sizes=\"auto, (max-width: 576px) 100vw, 576px\" \/><\/figure>\n\n\n\n<figure class=\"wp-block-image size-large\"><img loading=\"lazy\" decoding=\"async\" width=\"576\" height=\"1024\" data-id=\"2722\" src=\"https:\/\/amm85.fr\/wp-content\/uploads\/2024\/11\/1731857781587-576x1024.jpg\" alt=\"\" class=\"wp-image-2722\" srcset=\"https:\/\/amm85.fr\/wp-content\/uploads\/2024\/11\/1731857781587-576x1024.jpg 576w, https:\/\/amm85.fr\/wp-content\/uploads\/2024\/11\/1731857781587-169x300.jpg 169w, https:\/\/amm85.fr\/wp-content\/uploads\/2024\/11\/1731857781587-768x1365.jpg 768w, https:\/\/amm85.fr\/wp-content\/uploads\/2024\/11\/1731857781587-864x1536.jpg 864w, https:\/\/amm85.fr\/wp-content\/uploads\/2024\/11\/1731857781587.jpg 1148w\" sizes=\"auto, (max-width: 576px) 100vw, 576px\" \/><\/figure>\n\n\n\n<figure class=\"wp-block-image size-large\"><img loading=\"lazy\" decoding=\"async\" width=\"576\" height=\"1024\" data-id=\"2723\" src=\"https:\/\/amm85.fr\/wp-content\/uploads\/2024\/11\/1731857781591-576x1024.jpg\" alt=\"\" class=\"wp-image-2723\" srcset=\"https:\/\/amm85.fr\/wp-content\/uploads\/2024\/11\/1731857781591-576x1024.jpg 576w, https:\/\/amm85.fr\/wp-content\/uploads\/2024\/11\/1731857781591-169x300.jpg 169w, https:\/\/amm85.fr\/wp-content\/uploads\/2024\/11\/1731857781591-768x1365.jpg 768w, https:\/\/amm85.fr\/wp-content\/uploads\/2024\/11\/1731857781591-864x1536.jpg 864w, https:\/\/amm85.fr\/wp-content\/uploads\/2024\/11\/1731857781591.jpg 1148w\" sizes=\"auto, (max-width: 576px) 100vw, 576px\" \/><\/figure>\n<\/figure>\n\n\n\n<div style=\"height:100px\" aria-hidden=\"true\" class=\"wp-block-spacer\"><\/div>\n\n\n\n<p><\/p>\n","protected":false},"excerpt":{"rendered":"<p>Deux journ\u00e9es riches en rencontres sur le salon de Cholet. Notre stand de 28 m \u00e9tait le plus imposant en terme de pr\u00e9sentation de bateaux et pratiquement un des seuls.&hellip;&nbsp;<a href=\"https:\/\/amm85.fr\/index.php\/expositions\/2024-2\/le-19-et-20-octobre-2024-a-cholet\/\" rel=\"bookmark\">Lire la suite &raquo;<span class=\"screen-reader-text\">19 et 20 octobre \u00e0 Cholet<\/span><\/a><\/p>\n","protected":false},"author":2,"featured_media":0,"parent":2429,"menu_order":0,"comment_status":"closed","ping_status":"closed","template":"","meta":{"neve_meta_sidebar":"","neve_meta_container":"","neve_meta_enable_content_width":"","neve_meta_content_width":0,"neve_meta_title_alignment":"","neve_meta_author_avatar":"","neve_post_elements_order":"","neve_meta_disable_header":"","neve_meta_disable_footer":"","neve_meta_disable_title":"","footnotes":""},"class_list":["post-2715","page","type-page","status-publish","hentry"],"yoast_head":"<!-- This site is optimized with the Yoast SEO plugin v26.3 - https:\/\/yoast.com\/wordpress\/plugins\/seo\/ -->\n<title>19 et 20 octobre \u00e0 Cholet - AMM85<\/title>\n<meta name=\"robots\" content=\"index, follow, max-snippet:-1, max-image-preview:large, max-video-preview:-1\" \/>\n<link rel=\"canonical\" href=\"https:\/\/amm85.fr\/index.php\/expositions\/2024-2\/le-19-et-20-octobre-2024-a-cholet\/\" \/>\n<meta property=\"og:locale\" content=\"fr_FR\" \/>\n<meta property=\"og:type\" content=\"article\" \/>\n<meta property=\"og:title\" content=\"19 et 20 octobre \u00e0 Cholet - AMM85\" \/>\n<meta property=\"og:description\" content=\"Deux journ\u00e9es riches en rencontres sur le salon de Cholet. Notre stand de 28 m \u00e9tait le plus imposant en terme de pr\u00e9sentation de bateaux et pratiquement un des seuls.&hellip;&nbsp;Lire la suite &raquo;19 et 20 octobre \u00e0 Cholet\" \/>\n<meta property=\"og:url\" content=\"https:\/\/amm85.fr\/index.php\/expositions\/2024-2\/le-19-et-20-octobre-2024-a-cholet\/\" \/>\n<meta property=\"og:site_name\" content=\"AMM85\" \/>\n<meta property=\"article:modified_time\" content=\"2024-12-07T09:32:22+00:00\" \/>\n<meta property=\"og:image\" content=\"https:\/\/amm85.fr\/wp-content\/uploads\/2024\/11\/1731857781555.jpg\" \/>\n\t<meta property=\"og:image:width\" content=\"2040\" \/>\n\t<meta property=\"og:image:height\" content=\"1148\" \/>\n\t<meta property=\"og:image:type\" content=\"image\/jpeg\" \/>\n<meta name=\"twitter:card\" content=\"summary_large_image\" \/>\n<meta name=\"twitter:label1\" content=\"Dur\u00e9e de lecture estim\u00e9e\" \/>\n\t<meta name=\"twitter:data1\" content=\"2 minutes\" \/>\n<script type=\"application\/ld+json\" class=\"yoast-schema-graph\">{\"@context\":\"https:\/\/schema.org\",\"@graph\":[{\"@type\":\"WebPage\",\"@id\":\"https:\/\/amm85.fr\/index.php\/expositions\/2024-2\/le-19-et-20-octobre-2024-a-cholet\/\",\"url\":\"https:\/\/amm85.fr\/index.php\/expositions\/2024-2\/le-19-et-20-octobre-2024-a-cholet\/\",\"name\":\"19 et 20 octobre \u00e0 Cholet - AMM85\",\"isPartOf\":{\"@id\":\"https:\/\/amm85.fr\/#website\"},\"primaryImageOfPage\":{\"@id\":\"https:\/\/amm85.fr\/index.php\/expositions\/2024-2\/le-19-et-20-octobre-2024-a-cholet\/#primaryimage\"},\"image\":{\"@id\":\"https:\/\/amm85.fr\/index.php\/expositions\/2024-2\/le-19-et-20-octobre-2024-a-cholet\/#primaryimage\"},\"thumbnailUrl\":\"https:\/\/amm85.fr\/wp-content\/uploads\/2024\/11\/1731857781555-1024x576.jpg\",\"datePublished\":\"2024-11-17T15:52:47+00:00\",\"dateModified\":\"2024-12-07T09:32:22+00:00\",\"breadcrumb\":{\"@id\":\"https:\/\/amm85.fr\/index.php\/expositions\/2024-2\/le-19-et-20-octobre-2024-a-cholet\/#breadcrumb\"},\"inLanguage\":\"fr-FR\",\"potentialAction\":[{\"@type\":\"ReadAction\",\"target\":[\"https:\/\/amm85.fr\/index.php\/expositions\/2024-2\/le-19-et-20-octobre-2024-a-cholet\/\"]}]},{\"@type\":\"ImageObject\",\"inLanguage\":\"fr-FR\",\"@id\":\"https:\/\/amm85.fr\/index.php\/expositions\/2024-2\/le-19-et-20-octobre-2024-a-cholet\/#primaryimage\",\"url\":\"https:\/\/amm85.fr\/wp-content\/uploads\/2024\/11\/1731857781555.jpg\",\"contentUrl\":\"https:\/\/amm85.fr\/wp-content\/uploads\/2024\/11\/1731857781555.jpg\",\"width\":2040,\"height\":1148},{\"@type\":\"BreadcrumbList\",\"@id\":\"https:\/\/amm85.fr\/index.php\/expositions\/2024-2\/le-19-et-20-octobre-2024-a-cholet\/#breadcrumb\",\"itemListElement\":[{\"@type\":\"ListItem\",\"position\":1,\"name\":\"Accueil\",\"item\":\"https:\/\/amm85.fr\/\"},{\"@type\":\"ListItem\",\"position\":2,\"name\":\"Expositions\",\"item\":\"https:\/\/amm85.fr\/index.php\/expositions\/\"},{\"@type\":\"ListItem\",\"position\":3,\"name\":\"2024\",\"item\":\"https:\/\/amm85.fr\/index.php\/expositions\/2024-2\/\"},{\"@type\":\"ListItem\",\"position\":4,\"name\":\"19 et 20 octobre \u00e0 Cholet\"}]},{\"@type\":\"WebSite\",\"@id\":\"https:\/\/amm85.fr\/#website\",\"url\":\"https:\/\/amm85.fr\/\",\"name\":\"AMM85\",\"description\":\"Association de mod\u00e9lisme Mothais : naval et  camion. Navigation, construction,  exposition. achards  situ\u00e9 dans la commune des Achards 85150 en Vend\u00e9e\",\"publisher\":{\"@id\":\"https:\/\/amm85.fr\/#organization\"},\"potentialAction\":[{\"@type\":\"SearchAction\",\"target\":{\"@type\":\"EntryPoint\",\"urlTemplate\":\"https:\/\/amm85.fr\/?s={search_term_string}\"},\"query-input\":{\"@type\":\"PropertyValueSpecification\",\"valueRequired\":true,\"valueName\":\"search_term_string\"}}],\"inLanguage\":\"fr-FR\"},{\"@type\":\"Organization\",\"@id\":\"https:\/\/amm85.fr\/#organization\",\"name\":\"Amicale du mod\u00e9lisme mothais\",\"url\":\"https:\/\/amm85.fr\/\",\"logo\":{\"@type\":\"ImageObject\",\"inLanguage\":\"fr-FR\",\"@id\":\"https:\/\/amm85.fr\/#\/schema\/logo\/image\/\",\"url\":\"\",\"contentUrl\":\"\",\"caption\":\"Amicale du mod\u00e9lisme mothais\"},\"image\":{\"@id\":\"https:\/\/amm85.fr\/#\/schema\/logo\/image\/\"}}]}<\/script>\n<!-- \/ Yoast SEO plugin. -->","yoast_head_json":{"title":"19 et 20 octobre \u00e0 Cholet - AMM85","robots":{"index":"index","follow":"follow","max-snippet":"max-snippet:-1","max-image-preview":"max-image-preview:large","max-video-preview":"max-video-preview:-1"},"canonical":"https:\/\/amm85.fr\/index.php\/expositions\/2024-2\/le-19-et-20-octobre-2024-a-cholet\/","og_locale":"fr_FR","og_type":"article","og_title":"19 et 20 octobre \u00e0 Cholet - AMM85","og_description":"Deux journ\u00e9es riches en rencontres sur le salon de Cholet. Notre stand de 28 m \u00e9tait le plus imposant en terme de pr\u00e9sentation de bateaux et pratiquement un des seuls.&hellip;&nbsp;Lire la suite &raquo;19 et 20 octobre \u00e0 Cholet","og_url":"https:\/\/amm85.fr\/index.php\/expositions\/2024-2\/le-19-et-20-octobre-2024-a-cholet\/","og_site_name":"AMM85","article_modified_time":"2024-12-07T09:32:22+00:00","og_image":[{"width":2040,"height":1148,"url":"https:\/\/amm85.fr\/wp-content\/uploads\/2024\/11\/1731857781555.jpg","type":"image\/jpeg"}],"twitter_card":"summary_large_image","twitter_misc":{"Dur\u00e9e de lecture estim\u00e9e":"2 minutes"},"schema":{"@context":"https:\/\/schema.org","@graph":[{"@type":"WebPage","@id":"https:\/\/amm85.fr\/index.php\/expositions\/2024-2\/le-19-et-20-octobre-2024-a-cholet\/","url":"https:\/\/amm85.fr\/index.php\/expositions\/2024-2\/le-19-et-20-octobre-2024-a-cholet\/","name":"19 et 20 octobre \u00e0 Cholet - AMM85","isPartOf":{"@id":"https:\/\/amm85.fr\/#website"},"primaryImageOfPage":{"@id":"https:\/\/amm85.fr\/index.php\/expositions\/2024-2\/le-19-et-20-octobre-2024-a-cholet\/#primaryimage"},"image":{"@id":"https:\/\/amm85.fr\/index.php\/expositions\/2024-2\/le-19-et-20-octobre-2024-a-cholet\/#primaryimage"},"thumbnailUrl":"https:\/\/amm85.fr\/wp-content\/uploads\/2024\/11\/1731857781555-1024x576.jpg","datePublished":"2024-11-17T15:52:47+00:00","dateModified":"2024-12-07T09:32:22+00:00","breadcrumb":{"@id":"https:\/\/amm85.fr\/index.php\/expositions\/2024-2\/le-19-et-20-octobre-2024-a-cholet\/#breadcrumb"},"inLanguage":"fr-FR","potentialAction":[{"@type":"ReadAction","target":["https:\/\/amm85.fr\/index.php\/expositions\/2024-2\/le-19-et-20-octobre-2024-a-cholet\/"]}]},{"@type":"ImageObject","inLanguage":"fr-FR","@id":"https:\/\/amm85.fr\/index.php\/expositions\/2024-2\/le-19-et-20-octobre-2024-a-cholet\/#primaryimage","url":"https:\/\/amm85.fr\/wp-content\/uploads\/2024\/11\/1731857781555.jpg","contentUrl":"https:\/\/amm85.fr\/wp-content\/uploads\/2024\/11\/1731857781555.jpg","width":2040,"height":1148},{"@type":"BreadcrumbList","@id":"https:\/\/amm85.fr\/index.php\/expositions\/2024-2\/le-19-et-20-octobre-2024-a-cholet\/#breadcrumb","itemListElement":[{"@type":"ListItem","position":1,"name":"Accueil","item":"https:\/\/amm85.fr\/"},{"@type":"ListItem","position":2,"name":"Expositions","item":"https:\/\/amm85.fr\/index.php\/expositions\/"},{"@type":"ListItem","position":3,"name":"2024","item":"https:\/\/amm85.fr\/index.php\/expositions\/2024-2\/"},{"@type":"ListItem","position":4,"name":"19 et 20 octobre \u00e0 Cholet"}]},{"@type":"WebSite","@id":"https:\/\/amm85.fr\/#website","url":"https:\/\/amm85.fr\/","name":"AMM85","description":"Association de mod\u00e9lisme Mothais : naval et  camion. Navigation, construction,  exposition. achards  situ\u00e9 dans la commune des Achards 85150 en Vend\u00e9e","publisher":{"@id":"https:\/\/amm85.fr\/#organization"},"potentialAction":[{"@type":"SearchAction","target":{"@type":"EntryPoint","urlTemplate":"https:\/\/amm85.fr\/?s={search_term_string}"},"query-input":{"@type":"PropertyValueSpecification","valueRequired":true,"valueName":"search_term_string"}}],"inLanguage":"fr-FR"},{"@type":"Organization","@id":"https:\/\/amm85.fr\/#organization","name":"Amicale du mod\u00e9lisme mothais","url":"https:\/\/amm85.fr\/","logo":{"@type":"ImageObject","inLanguage":"fr-FR","@id":"https:\/\/amm85.fr\/#\/schema\/logo\/image\/","url":"","contentUrl":"","caption":"Amicale du mod\u00e9lisme mothais"},"image":{"@id":"https:\/\/amm85.fr\/#\/schema\/logo\/image\/"}}]}},"_links":{"self":[{"href":"https:\/\/amm85.fr\/index.php\/wp-json\/wp\/v2\/pages\/2715","targetHints":{"allow":["GET"]}}],"collection":[{"href":"https:\/\/amm85.fr\/index.php\/wp-json\/wp\/v2\/pages"}],"about":[{"href":"https:\/\/amm85.fr\/index.php\/wp-json\/wp\/v2\/types\/page"}],"author":[{"embeddable":true,"href":"https:\/\/amm85.fr\/index.php\/wp-json\/wp\/v2\/users\/2"}],"replies":[{"embeddable":true,"href":"https:\/\/amm85.fr\/index.php\/wp-json\/wp\/v2\/comments?post=2715"}],"version-history":[{"count":3,"href":"https:\/\/amm85.fr\/index.php\/wp-json\/wp\/v2\/pages\/2715\/revisions"}],"predecessor-version":[{"id":2749,"href":"https:\/\/amm85.fr\/index.php\/wp-json\/wp\/v2\/pages\/2715\/revisions\/2749"}],"up":[{"embeddable":true,"href":"https:\/\/amm85.fr\/index.php\/wp-json\/wp\/v2\/pages\/2429"}],"wp:attachment":[{"href":"https:\/\/amm85.fr\/index.php\/wp-json\/wp\/v2\/media?parent=2715"}],"curies":[{"name":"wp","href":"https:\/\/api.w.org\/{rel}","templated":true}]}}