{"id":2479,"date":"2024-09-23T21:02:41","date_gmt":"2024-09-23T19:02:41","guid":{"rendered":"https:\/\/amm85.fr\/?page_id=2479"},"modified":"2025-02-26T17:51:17","modified_gmt":"2025-02-26T16:51:17","slug":"lastrolabe-de-bernard","status":"publish","type":"page","link":"https:\/\/amm85.fr\/index.php\/nos-realisations\/navires-de-service\/lastrolabe-de-bernard\/","title":{"rendered":"L&#8217;Astrolabe (Bernard C)"},"content":{"rendered":"\n<div style=\"height:100px\" aria-hidden=\"true\" class=\"wp-block-spacer\"><\/div>\n\n\n\n<figure class=\"wp-block-gallery has-nested-images columns-default is-cropped wp-block-gallery-1 is-layout-flex wp-block-gallery-is-layout-flex\">\n<figure class=\"wp-block-image size-large\"><img loading=\"lazy\" decoding=\"async\" width=\"576\" height=\"1024\" data-id=\"2480\" src=\"https:\/\/amm85.fr\/wp-content\/uploads\/2024\/09\/1727117580754-576x1024.jpg\" alt=\"\" class=\"wp-image-2480\" srcset=\"https:\/\/amm85.fr\/wp-content\/uploads\/2024\/09\/1727117580754-576x1024.jpg 576w, https:\/\/amm85.fr\/wp-content\/uploads\/2024\/09\/1727117580754-169x300.jpg 169w, https:\/\/amm85.fr\/wp-content\/uploads\/2024\/09\/1727117580754-768x1365.jpg 768w, https:\/\/amm85.fr\/wp-content\/uploads\/2024\/09\/1727117580754-864x1536.jpg 864w, https:\/\/amm85.fr\/wp-content\/uploads\/2024\/09\/1727117580754.jpg 900w\" sizes=\"auto, (max-width: 576px) 100vw, 576px\" \/><\/figure>\n\n\n\n<figure class=\"wp-block-image size-large\"><img loading=\"lazy\" decoding=\"async\" width=\"768\" height=\"1024\" data-id=\"2482\" src=\"https:\/\/amm85.fr\/wp-content\/uploads\/2024\/09\/1727117580728-768x1024.jpg\" alt=\"\" class=\"wp-image-2482\" srcset=\"https:\/\/amm85.fr\/wp-content\/uploads\/2024\/09\/1727117580728-768x1024.jpg 768w, https:\/\/amm85.fr\/wp-content\/uploads\/2024\/09\/1727117580728-225x300.jpg 225w, https:\/\/amm85.fr\/wp-content\/uploads\/2024\/09\/1727117580728-1152x1536.jpg 1152w, https:\/\/amm85.fr\/wp-content\/uploads\/2024\/09\/1727117580728.jpg 1200w\" sizes=\"auto, (max-width: 768px) 100vw, 768px\" \/><\/figure>\n\n\n\n<figure class=\"wp-block-image size-large\"><img loading=\"lazy\" decoding=\"async\" width=\"576\" height=\"1024\" data-id=\"2489\" src=\"https:\/\/amm85.fr\/wp-content\/uploads\/2024\/09\/1727117580766-1-576x1024.jpg\" alt=\"\" class=\"wp-image-2489\" srcset=\"https:\/\/amm85.fr\/wp-content\/uploads\/2024\/09\/1727117580766-1-576x1024.jpg 576w, https:\/\/amm85.fr\/wp-content\/uploads\/2024\/09\/1727117580766-1-169x300.jpg 169w, https:\/\/amm85.fr\/wp-content\/uploads\/2024\/09\/1727117580766-1-768x1365.jpg 768w, https:\/\/amm85.fr\/wp-content\/uploads\/2024\/09\/1727117580766-1-864x1536.jpg 864w, https:\/\/amm85.fr\/wp-content\/uploads\/2024\/09\/1727117580766-1.jpg 900w\" sizes=\"auto, (max-width: 576px) 100vw, 576px\" \/><\/figure>\n<\/figure>\n\n\n\n<figure class=\"wp-block-gallery has-nested-images columns-default is-cropped wp-block-gallery-2 is-layout-flex wp-block-gallery-is-layout-flex\">\n<figure class=\"wp-block-image size-large\"><img loading=\"lazy\" decoding=\"async\" width=\"1024\" height=\"768\" data-id=\"2483\" src=\"https:\/\/amm85.fr\/wp-content\/uploads\/2024\/09\/1727117580739-1024x768.jpg\" alt=\"\" class=\"wp-image-2483\" srcset=\"https:\/\/amm85.fr\/wp-content\/uploads\/2024\/09\/1727117580739-1024x768.jpg 1024w, https:\/\/amm85.fr\/wp-content\/uploads\/2024\/09\/1727117580739-300x225.jpg 300w, https:\/\/amm85.fr\/wp-content\/uploads\/2024\/09\/1727117580739-768x576.jpg 768w, https:\/\/amm85.fr\/wp-content\/uploads\/2024\/09\/1727117580739-1536x1152.jpg 1536w, https:\/\/amm85.fr\/wp-content\/uploads\/2024\/09\/1727117580739.jpg 1600w\" sizes=\"auto, (max-width: 1024px) 100vw, 1024px\" \/><\/figure>\n\n\n\n<figure class=\"wp-block-image size-large\"><img loading=\"lazy\" decoding=\"async\" width=\"1024\" height=\"768\" data-id=\"2484\" src=\"https:\/\/amm85.fr\/wp-content\/uploads\/2024\/09\/1727117580743-1024x768.jpg\" alt=\"\" class=\"wp-image-2484\" srcset=\"https:\/\/amm85.fr\/wp-content\/uploads\/2024\/09\/1727117580743-1024x768.jpg 1024w, https:\/\/amm85.fr\/wp-content\/uploads\/2024\/09\/1727117580743-300x225.jpg 300w, https:\/\/amm85.fr\/wp-content\/uploads\/2024\/09\/1727117580743-768x576.jpg 768w, https:\/\/amm85.fr\/wp-content\/uploads\/2024\/09\/1727117580743-1536x1152.jpg 1536w, https:\/\/amm85.fr\/wp-content\/uploads\/2024\/09\/1727117580743.jpg 1600w\" sizes=\"auto, (max-width: 1024px) 100vw, 1024px\" \/><\/figure>\n<\/figure>\n\n\n\n<figure class=\"wp-block-gallery has-nested-images columns-default is-cropped wp-block-gallery-3 is-layout-flex wp-block-gallery-is-layout-flex\">\n<figure class=\"wp-block-image size-large\"><img loading=\"lazy\" decoding=\"async\" width=\"1024\" height=\"576\" data-id=\"2488\" src=\"https:\/\/amm85.fr\/wp-content\/uploads\/2024\/09\/1727117580772-1024x576.jpg\" alt=\"\" class=\"wp-image-2488\" srcset=\"https:\/\/amm85.fr\/wp-content\/uploads\/2024\/09\/1727117580772-1024x576.jpg 1024w, https:\/\/amm85.fr\/wp-content\/uploads\/2024\/09\/1727117580772-300x169.jpg 300w, https:\/\/amm85.fr\/wp-content\/uploads\/2024\/09\/1727117580772-768x432.jpg 768w, https:\/\/amm85.fr\/wp-content\/uploads\/2024\/09\/1727117580772-1536x864.jpg 1536w, https:\/\/amm85.fr\/wp-content\/uploads\/2024\/09\/1727117580772.jpg 1600w\" sizes=\"auto, (max-width: 1024px) 100vw, 1024px\" \/><\/figure>\n\n\n\n<figure class=\"wp-block-image size-large\"><img loading=\"lazy\" decoding=\"async\" width=\"576\" height=\"1024\" data-id=\"2487\" src=\"https:\/\/amm85.fr\/wp-content\/uploads\/2024\/09\/1727117580780-576x1024.jpg\" alt=\"\" class=\"wp-image-2487\" srcset=\"https:\/\/amm85.fr\/wp-content\/uploads\/2024\/09\/1727117580780-576x1024.jpg 576w, https:\/\/amm85.fr\/wp-content\/uploads\/2024\/09\/1727117580780-169x300.jpg 169w, https:\/\/amm85.fr\/wp-content\/uploads\/2024\/09\/1727117580780-768x1365.jpg 768w, https:\/\/amm85.fr\/wp-content\/uploads\/2024\/09\/1727117580780-864x1536.jpg 864w, https:\/\/amm85.fr\/wp-content\/uploads\/2024\/09\/1727117580780.jpg 900w\" sizes=\"auto, (max-width: 576px) 100vw, 576px\" \/><\/figure>\n\n\n\n<figure class=\"wp-block-image size-large\"><img loading=\"lazy\" decoding=\"async\" width=\"576\" height=\"1024\" data-id=\"2486\" src=\"https:\/\/amm85.fr\/wp-content\/uploads\/2024\/09\/1727117580788-576x1024.jpg\" alt=\"\" class=\"wp-image-2486\" srcset=\"https:\/\/amm85.fr\/wp-content\/uploads\/2024\/09\/1727117580788-576x1024.jpg 576w, https:\/\/amm85.fr\/wp-content\/uploads\/2024\/09\/1727117580788-169x300.jpg 169w, https:\/\/amm85.fr\/wp-content\/uploads\/2024\/09\/1727117580788-768x1365.jpg 768w, https:\/\/amm85.fr\/wp-content\/uploads\/2024\/09\/1727117580788-864x1536.jpg 864w, https:\/\/amm85.fr\/wp-content\/uploads\/2024\/09\/1727117580788.jpg 900w\" sizes=\"auto, (max-width: 576px) 100vw, 576px\" \/><\/figure>\n<\/figure>\n\n\n\n<div style=\"height:100px\" aria-hidden=\"true\" class=\"wp-block-spacer\"><\/div>\n","protected":false},"excerpt":{"rendered":"","protected":false},"author":2,"featured_media":0,"parent":445,"menu_order":0,"comment_status":"closed","ping_status":"closed","template":"","meta":{"neve_meta_sidebar":"","neve_meta_container":"","neve_meta_enable_content_width":"","neve_meta_content_width":0,"neve_meta_title_alignment":"","neve_meta_author_avatar":"","neve_post_elements_order":"","neve_meta_disable_header":"","neve_meta_disable_footer":"","neve_meta_disable_title":"","footnotes":""},"class_list":["post-2479","page","type-page","status-publish","hentry"],"yoast_head":"<!-- This site is optimized with the Yoast SEO plugin v26.3 - https:\/\/yoast.com\/wordpress\/plugins\/seo\/ -->\n<title>L&#039;Astrolabe (Bernard C) - AMM85<\/title>\n<meta name=\"robots\" content=\"index, follow, max-snippet:-1, max-image-preview:large, max-video-preview:-1\" \/>\n<link rel=\"canonical\" href=\"https:\/\/amm85.fr\/index.php\/nos-realisations\/navires-de-service\/lastrolabe-de-bernard\/\" \/>\n<meta property=\"og:locale\" content=\"fr_FR\" \/>\n<meta property=\"og:type\" content=\"article\" \/>\n<meta property=\"og:title\" content=\"L&#039;Astrolabe (Bernard C) - AMM85\" \/>\n<meta property=\"og:url\" content=\"https:\/\/amm85.fr\/index.php\/nos-realisations\/navires-de-service\/lastrolabe-de-bernard\/\" \/>\n<meta property=\"og:site_name\" content=\"AMM85\" \/>\n<meta property=\"article:modified_time\" content=\"2025-02-26T16:51:17+00:00\" \/>\n<meta property=\"og:image\" content=\"https:\/\/amm85.fr\/wp-content\/uploads\/2024\/09\/1727117580754.jpg\" \/>\n\t<meta property=\"og:image:width\" content=\"900\" \/>\n\t<meta property=\"og:image:height\" content=\"1600\" \/>\n\t<meta property=\"og:image:type\" content=\"image\/jpeg\" \/>\n<meta name=\"twitter:card\" content=\"summary_large_image\" \/>\n<meta name=\"twitter:label1\" content=\"Dur\u00e9e de lecture estim\u00e9e\" \/>\n\t<meta name=\"twitter:data1\" content=\"2 minutes\" \/>\n<script type=\"application\/ld+json\" class=\"yoast-schema-graph\">{\"@context\":\"https:\/\/schema.org\",\"@graph\":[{\"@type\":\"WebPage\",\"@id\":\"https:\/\/amm85.fr\/index.php\/nos-realisations\/navires-de-service\/lastrolabe-de-bernard\/\",\"url\":\"https:\/\/amm85.fr\/index.php\/nos-realisations\/navires-de-service\/lastrolabe-de-bernard\/\",\"name\":\"L'Astrolabe (Bernard C) - AMM85\",\"isPartOf\":{\"@id\":\"https:\/\/amm85.fr\/#website\"},\"primaryImageOfPage\":{\"@id\":\"https:\/\/amm85.fr\/index.php\/nos-realisations\/navires-de-service\/lastrolabe-de-bernard\/#primaryimage\"},\"image\":{\"@id\":\"https:\/\/amm85.fr\/index.php\/nos-realisations\/navires-de-service\/lastrolabe-de-bernard\/#primaryimage\"},\"thumbnailUrl\":\"https:\/\/amm85.fr\/wp-content\/uploads\/2024\/09\/1727117580754-576x1024.jpg\",\"datePublished\":\"2024-09-23T19:02:41+00:00\",\"dateModified\":\"2025-02-26T16:51:17+00:00\",\"breadcrumb\":{\"@id\":\"https:\/\/amm85.fr\/index.php\/nos-realisations\/navires-de-service\/lastrolabe-de-bernard\/#breadcrumb\"},\"inLanguage\":\"fr-FR\",\"potentialAction\":[{\"@type\":\"ReadAction\",\"target\":[\"https:\/\/amm85.fr\/index.php\/nos-realisations\/navires-de-service\/lastrolabe-de-bernard\/\"]}]},{\"@type\":\"ImageObject\",\"inLanguage\":\"fr-FR\",\"@id\":\"https:\/\/amm85.fr\/index.php\/nos-realisations\/navires-de-service\/lastrolabe-de-bernard\/#primaryimage\",\"url\":\"https:\/\/amm85.fr\/wp-content\/uploads\/2024\/09\/1727117580754.jpg\",\"contentUrl\":\"https:\/\/amm85.fr\/wp-content\/uploads\/2024\/09\/1727117580754.jpg\",\"width\":900,\"height\":1600},{\"@type\":\"BreadcrumbList\",\"@id\":\"https:\/\/amm85.fr\/index.php\/nos-realisations\/navires-de-service\/lastrolabe-de-bernard\/#breadcrumb\",\"itemListElement\":[{\"@type\":\"ListItem\",\"position\":1,\"name\":\"Accueil\",\"item\":\"https:\/\/amm85.fr\/\"},{\"@type\":\"ListItem\",\"position\":2,\"name\":\"Nos r\u00e9alisations\",\"item\":\"https:\/\/amm85.fr\/index.php\/nos-realisations\/\"},{\"@type\":\"ListItem\",\"position\":3,\"name\":\"Navires de service\",\"item\":\"https:\/\/amm85.fr\/index.php\/nos-realisations\/navires-de-service\/\"},{\"@type\":\"ListItem\",\"position\":4,\"name\":\"L&#8217;Astrolabe (Bernard C)\"}]},{\"@type\":\"WebSite\",\"@id\":\"https:\/\/amm85.fr\/#website\",\"url\":\"https:\/\/amm85.fr\/\",\"name\":\"AMM85\",\"description\":\"Association de mod\u00e9lisme Mothais : naval et  camion. Navigation, construction,  exposition. achards  situ\u00e9 dans la commune des Achards 85150 en Vend\u00e9e\",\"publisher\":{\"@id\":\"https:\/\/amm85.fr\/#organization\"},\"potentialAction\":[{\"@type\":\"SearchAction\",\"target\":{\"@type\":\"EntryPoint\",\"urlTemplate\":\"https:\/\/amm85.fr\/?s={search_term_string}\"},\"query-input\":{\"@type\":\"PropertyValueSpecification\",\"valueRequired\":true,\"valueName\":\"search_term_string\"}}],\"inLanguage\":\"fr-FR\"},{\"@type\":\"Organization\",\"@id\":\"https:\/\/amm85.fr\/#organization\",\"name\":\"Amicale du mod\u00e9lisme mothais\",\"url\":\"https:\/\/amm85.fr\/\",\"logo\":{\"@type\":\"ImageObject\",\"inLanguage\":\"fr-FR\",\"@id\":\"https:\/\/amm85.fr\/#\/schema\/logo\/image\/\",\"url\":\"\",\"contentUrl\":\"\",\"caption\":\"Amicale du mod\u00e9lisme mothais\"},\"image\":{\"@id\":\"https:\/\/amm85.fr\/#\/schema\/logo\/image\/\"}}]}<\/script>\n<!-- \/ Yoast SEO plugin. -->","yoast_head_json":{"title":"L'Astrolabe (Bernard C) - AMM85","robots":{"index":"index","follow":"follow","max-snippet":"max-snippet:-1","max-image-preview":"max-image-preview:large","max-video-preview":"max-video-preview:-1"},"canonical":"https:\/\/amm85.fr\/index.php\/nos-realisations\/navires-de-service\/lastrolabe-de-bernard\/","og_locale":"fr_FR","og_type":"article","og_title":"L'Astrolabe (Bernard C) - AMM85","og_url":"https:\/\/amm85.fr\/index.php\/nos-realisations\/navires-de-service\/lastrolabe-de-bernard\/","og_site_name":"AMM85","article_modified_time":"2025-02-26T16:51:17+00:00","og_image":[{"width":900,"height":1600,"url":"https:\/\/amm85.fr\/wp-content\/uploads\/2024\/09\/1727117580754.jpg","type":"image\/jpeg"}],"twitter_card":"summary_large_image","twitter_misc":{"Dur\u00e9e de lecture estim\u00e9e":"2 minutes"},"schema":{"@context":"https:\/\/schema.org","@graph":[{"@type":"WebPage","@id":"https:\/\/amm85.fr\/index.php\/nos-realisations\/navires-de-service\/lastrolabe-de-bernard\/","url":"https:\/\/amm85.fr\/index.php\/nos-realisations\/navires-de-service\/lastrolabe-de-bernard\/","name":"L'Astrolabe (Bernard C) - AMM85","isPartOf":{"@id":"https:\/\/amm85.fr\/#website"},"primaryImageOfPage":{"@id":"https:\/\/amm85.fr\/index.php\/nos-realisations\/navires-de-service\/lastrolabe-de-bernard\/#primaryimage"},"image":{"@id":"https:\/\/amm85.fr\/index.php\/nos-realisations\/navires-de-service\/lastrolabe-de-bernard\/#primaryimage"},"thumbnailUrl":"https:\/\/amm85.fr\/wp-content\/uploads\/2024\/09\/1727117580754-576x1024.jpg","datePublished":"2024-09-23T19:02:41+00:00","dateModified":"2025-02-26T16:51:17+00:00","breadcrumb":{"@id":"https:\/\/amm85.fr\/index.php\/nos-realisations\/navires-de-service\/lastrolabe-de-bernard\/#breadcrumb"},"inLanguage":"fr-FR","potentialAction":[{"@type":"ReadAction","target":["https:\/\/amm85.fr\/index.php\/nos-realisations\/navires-de-service\/lastrolabe-de-bernard\/"]}]},{"@type":"ImageObject","inLanguage":"fr-FR","@id":"https:\/\/amm85.fr\/index.php\/nos-realisations\/navires-de-service\/lastrolabe-de-bernard\/#primaryimage","url":"https:\/\/amm85.fr\/wp-content\/uploads\/2024\/09\/1727117580754.jpg","contentUrl":"https:\/\/amm85.fr\/wp-content\/uploads\/2024\/09\/1727117580754.jpg","width":900,"height":1600},{"@type":"BreadcrumbList","@id":"https:\/\/amm85.fr\/index.php\/nos-realisations\/navires-de-service\/lastrolabe-de-bernard\/#breadcrumb","itemListElement":[{"@type":"ListItem","position":1,"name":"Accueil","item":"https:\/\/amm85.fr\/"},{"@type":"ListItem","position":2,"name":"Nos r\u00e9alisations","item":"https:\/\/amm85.fr\/index.php\/nos-realisations\/"},{"@type":"ListItem","position":3,"name":"Navires de service","item":"https:\/\/amm85.fr\/index.php\/nos-realisations\/navires-de-service\/"},{"@type":"ListItem","position":4,"name":"L&#8217;Astrolabe (Bernard C)"}]},{"@type":"WebSite","@id":"https:\/\/amm85.fr\/#website","url":"https:\/\/amm85.fr\/","name":"AMM85","description":"Association de mod\u00e9lisme Mothais : naval et  camion. Navigation, construction,  exposition. achards  situ\u00e9 dans la commune des Achards 85150 en Vend\u00e9e","publisher":{"@id":"https:\/\/amm85.fr\/#organization"},"potentialAction":[{"@type":"SearchAction","target":{"@type":"EntryPoint","urlTemplate":"https:\/\/amm85.fr\/?s={search_term_string}"},"query-input":{"@type":"PropertyValueSpecification","valueRequired":true,"valueName":"search_term_string"}}],"inLanguage":"fr-FR"},{"@type":"Organization","@id":"https:\/\/amm85.fr\/#organization","name":"Amicale du mod\u00e9lisme mothais","url":"https:\/\/amm85.fr\/","logo":{"@type":"ImageObject","inLanguage":"fr-FR","@id":"https:\/\/amm85.fr\/#\/schema\/logo\/image\/","url":"","contentUrl":"","caption":"Amicale du mod\u00e9lisme mothais"},"image":{"@id":"https:\/\/amm85.fr\/#\/schema\/logo\/image\/"}}]}},"_links":{"self":[{"href":"https:\/\/amm85.fr\/index.php\/wp-json\/wp\/v2\/pages\/2479","targetHints":{"allow":["GET"]}}],"collection":[{"href":"https:\/\/amm85.fr\/index.php\/wp-json\/wp\/v2\/pages"}],"about":[{"href":"https:\/\/amm85.fr\/index.php\/wp-json\/wp\/v2\/types\/page"}],"author":[{"embeddable":true,"href":"https:\/\/amm85.fr\/index.php\/wp-json\/wp\/v2\/users\/2"}],"replies":[{"embeddable":true,"href":"https:\/\/amm85.fr\/index.php\/wp-json\/wp\/v2\/comments?post=2479"}],"version-history":[{"count":2,"href":"https:\/\/amm85.fr\/index.php\/wp-json\/wp\/v2\/pages\/2479\/revisions"}],"predecessor-version":[{"id":3215,"href":"https:\/\/amm85.fr\/index.php\/wp-json\/wp\/v2\/pages\/2479\/revisions\/3215"}],"up":[{"embeddable":true,"href":"https:\/\/amm85.fr\/index.php\/wp-json\/wp\/v2\/pages\/445"}],"wp:attachment":[{"href":"https:\/\/amm85.fr\/index.php\/wp-json\/wp\/v2\/media?parent=2479"}],"curies":[{"name":"wp","href":"https:\/\/api.w.org\/{rel}","templated":true}]}}