{"id":2275,"date":"2024-08-30T17:54:55","date_gmt":"2024-08-30T15:54:55","guid":{"rendered":"https:\/\/amm85.fr\/?page_id=2275"},"modified":"2025-02-26T17:16:48","modified_gmt":"2025-02-26T16:16:48","slug":"trimaran-3d-de-noham-tri-65","status":"publish","type":"page","link":"https:\/\/amm85.fr\/index.php\/nos-realisations\/voiliers\/trimaran-3d-de-noham-tri-65\/","title":{"rendered":"Trimaran 3D &#8220;Tri 65&#8221; (Noham P)"},"content":{"rendered":"\n<div style=\"height:100px\" aria-hidden=\"true\" class=\"wp-block-spacer\"><\/div>\n\n\n\n<figure class=\"wp-block-gallery has-nested-images columns-default is-cropped wp-block-gallery-1 is-layout-flex wp-block-gallery-is-layout-flex\">\n<figure class=\"wp-block-image size-large\"><img loading=\"lazy\" decoding=\"async\" width=\"1024\" height=\"768\" data-id=\"2278\" src=\"https:\/\/amm85.fr\/wp-content\/uploads\/2024\/08\/1725031271654-1024x768.jpg\" alt=\"\" class=\"wp-image-2278\" srcset=\"https:\/\/amm85.fr\/wp-content\/uploads\/2024\/08\/1725031271654-1024x768.jpg 1024w, https:\/\/amm85.fr\/wp-content\/uploads\/2024\/08\/1725031271654-300x225.jpg 300w, https:\/\/amm85.fr\/wp-content\/uploads\/2024\/08\/1725031271654-768x576.jpg 768w, https:\/\/amm85.fr\/wp-content\/uploads\/2024\/08\/1725031271654-1536x1152.jpg 1536w, https:\/\/amm85.fr\/wp-content\/uploads\/2024\/08\/1725031271654.jpg 1600w\" sizes=\"auto, (max-width: 1024px) 100vw, 1024px\" \/><\/figure>\n\n\n\n<figure class=\"wp-block-image size-large\"><img loading=\"lazy\" decoding=\"async\" width=\"1024\" height=\"768\" data-id=\"2276\" src=\"https:\/\/amm85.fr\/wp-content\/uploads\/2024\/08\/1725031271667-1024x768.jpg\" alt=\"\" class=\"wp-image-2276\" srcset=\"https:\/\/amm85.fr\/wp-content\/uploads\/2024\/08\/1725031271667-1024x768.jpg 1024w, https:\/\/amm85.fr\/wp-content\/uploads\/2024\/08\/1725031271667-300x225.jpg 300w, https:\/\/amm85.fr\/wp-content\/uploads\/2024\/08\/1725031271667-768x576.jpg 768w, https:\/\/amm85.fr\/wp-content\/uploads\/2024\/08\/1725031271667-1536x1152.jpg 1536w, https:\/\/amm85.fr\/wp-content\/uploads\/2024\/08\/1725031271667.jpg 1600w\" sizes=\"auto, (max-width: 1024px) 100vw, 1024px\" \/><\/figure>\n\n\n\n<figure class=\"wp-block-image size-large\"><img loading=\"lazy\" decoding=\"async\" width=\"1024\" height=\"768\" data-id=\"2277\" src=\"https:\/\/amm85.fr\/wp-content\/uploads\/2024\/08\/1725031271673-1024x768.jpg\" alt=\"\" class=\"wp-image-2277\" srcset=\"https:\/\/amm85.fr\/wp-content\/uploads\/2024\/08\/1725031271673-1024x768.jpg 1024w, https:\/\/amm85.fr\/wp-content\/uploads\/2024\/08\/1725031271673-300x225.jpg 300w, https:\/\/amm85.fr\/wp-content\/uploads\/2024\/08\/1725031271673-768x576.jpg 768w, https:\/\/amm85.fr\/wp-content\/uploads\/2024\/08\/1725031271673-1536x1152.jpg 1536w, https:\/\/amm85.fr\/wp-content\/uploads\/2024\/08\/1725031271673.jpg 1600w\" sizes=\"auto, (max-width: 1024px) 100vw, 1024px\" \/><\/figure>\n<\/figure>\n\n\n\n<figure class=\"wp-block-gallery has-nested-images columns-default is-cropped wp-block-gallery-2 is-layout-flex wp-block-gallery-is-layout-flex\">\n<figure class=\"wp-block-image size-large\"><img loading=\"lazy\" decoding=\"async\" width=\"768\" height=\"1024\" data-id=\"2281\" src=\"https:\/\/amm85.fr\/wp-content\/uploads\/2024\/08\/1725031271641-768x1024.jpg\" alt=\"\" class=\"wp-image-2281\" srcset=\"https:\/\/amm85.fr\/wp-content\/uploads\/2024\/08\/1725031271641-768x1024.jpg 768w, https:\/\/amm85.fr\/wp-content\/uploads\/2024\/08\/1725031271641-225x300.jpg 225w, https:\/\/amm85.fr\/wp-content\/uploads\/2024\/08\/1725031271641-1152x1536.jpg 1152w, https:\/\/amm85.fr\/wp-content\/uploads\/2024\/08\/1725031271641.jpg 1536w\" sizes=\"auto, (max-width: 768px) 100vw, 768px\" \/><\/figure>\n\n\n\n<figure class=\"wp-block-image size-large\"><img loading=\"lazy\" decoding=\"async\" width=\"768\" height=\"1024\" data-id=\"2280\" src=\"https:\/\/amm85.fr\/wp-content\/uploads\/2024\/08\/1725031324687-768x1024.jpg\" alt=\"\" class=\"wp-image-2280\" srcset=\"https:\/\/amm85.fr\/wp-content\/uploads\/2024\/08\/1725031324687-768x1024.jpg 768w, https:\/\/amm85.fr\/wp-content\/uploads\/2024\/08\/1725031324687-225x300.jpg 225w, https:\/\/amm85.fr\/wp-content\/uploads\/2024\/08\/1725031324687-1152x1536.jpg 1152w, https:\/\/amm85.fr\/wp-content\/uploads\/2024\/08\/1725031324687.jpg 1200w\" sizes=\"auto, (max-width: 768px) 100vw, 768px\" \/><\/figure>\n\n\n\n<figure class=\"wp-block-image size-large\"><img loading=\"lazy\" decoding=\"async\" width=\"1024\" height=\"768\" data-id=\"2279\" src=\"https:\/\/amm85.fr\/wp-content\/uploads\/2024\/08\/1725031324678-1024x768.jpg\" alt=\"\" class=\"wp-image-2279\" srcset=\"https:\/\/amm85.fr\/wp-content\/uploads\/2024\/08\/1725031324678-1024x768.jpg 1024w, https:\/\/amm85.fr\/wp-content\/uploads\/2024\/08\/1725031324678-300x225.jpg 300w, https:\/\/amm85.fr\/wp-content\/uploads\/2024\/08\/1725031324678-768x576.jpg 768w, https:\/\/amm85.fr\/wp-content\/uploads\/2024\/08\/1725031324678-1536x1152.jpg 1536w, https:\/\/amm85.fr\/wp-content\/uploads\/2024\/08\/1725031324678.jpg 2048w\" sizes=\"auto, (max-width: 1024px) 100vw, 1024px\" \/><\/figure>\n<\/figure>\n\n\n\n<div style=\"height:100px\" aria-hidden=\"true\" class=\"wp-block-spacer\"><\/div>\n\n\n\n<figure class=\"wp-block-video\"><video height=\"480\" style=\"aspect-ratio: 848 \/ 480;\" width=\"848\" controls src=\"https:\/\/amm85.fr\/wp-content\/uploads\/2024\/08\/VID-20240828-WA0009.mp4\"><\/video><\/figure>\n\n\n\n<div style=\"height:100px\" aria-hidden=\"true\" class=\"wp-block-spacer\"><\/div>\n","protected":false},"excerpt":{"rendered":"","protected":false},"author":2,"featured_media":0,"parent":112,"menu_order":0,"comment_status":"closed","ping_status":"closed","template":"","meta":{"neve_meta_sidebar":"","neve_meta_container":"","neve_meta_enable_content_width":"","neve_meta_content_width":0,"neve_meta_title_alignment":"","neve_meta_author_avatar":"","neve_post_elements_order":"","neve_meta_disable_header":"","neve_meta_disable_footer":"","neve_meta_disable_title":"","footnotes":""},"class_list":["post-2275","page","type-page","status-publish","hentry"],"yoast_head":"<!-- This site is optimized with the Yoast SEO plugin v26.3 - https:\/\/yoast.com\/wordpress\/plugins\/seo\/ -->\n<title>Trimaran 3D &quot;Tri 65&quot; (Noham P) - AMM85<\/title>\n<meta name=\"robots\" content=\"index, follow, max-snippet:-1, max-image-preview:large, max-video-preview:-1\" \/>\n<link rel=\"canonical\" href=\"https:\/\/amm85.fr\/index.php\/nos-realisations\/voiliers\/trimaran-3d-de-noham-tri-65\/\" \/>\n<meta property=\"og:locale\" content=\"fr_FR\" \/>\n<meta property=\"og:type\" content=\"article\" \/>\n<meta property=\"og:title\" content=\"Trimaran 3D &quot;Tri 65&quot; (Noham P) - AMM85\" \/>\n<meta property=\"og:url\" content=\"https:\/\/amm85.fr\/index.php\/nos-realisations\/voiliers\/trimaran-3d-de-noham-tri-65\/\" \/>\n<meta property=\"og:site_name\" content=\"AMM85\" \/>\n<meta property=\"article:modified_time\" content=\"2025-02-26T16:16:48+00:00\" \/>\n<meta property=\"og:image\" content=\"https:\/\/amm85.fr\/wp-content\/uploads\/2024\/08\/1725031271654.jpg\" \/>\n\t<meta property=\"og:image:width\" content=\"1600\" \/>\n\t<meta property=\"og:image:height\" content=\"1200\" \/>\n\t<meta property=\"og:image:type\" content=\"image\/jpeg\" \/>\n<meta name=\"twitter:card\" content=\"summary_large_image\" \/>\n<meta name=\"twitter:label1\" content=\"Dur\u00e9e de lecture estim\u00e9e\" \/>\n\t<meta name=\"twitter:data1\" content=\"2 minutes\" \/>\n<script type=\"application\/ld+json\" class=\"yoast-schema-graph\">{\"@context\":\"https:\/\/schema.org\",\"@graph\":[{\"@type\":\"WebPage\",\"@id\":\"https:\/\/amm85.fr\/index.php\/nos-realisations\/voiliers\/trimaran-3d-de-noham-tri-65\/\",\"url\":\"https:\/\/amm85.fr\/index.php\/nos-realisations\/voiliers\/trimaran-3d-de-noham-tri-65\/\",\"name\":\"Trimaran 3D \\\"Tri 65\\\" (Noham P) - AMM85\",\"isPartOf\":{\"@id\":\"https:\/\/amm85.fr\/#website\"},\"primaryImageOfPage\":{\"@id\":\"https:\/\/amm85.fr\/index.php\/nos-realisations\/voiliers\/trimaran-3d-de-noham-tri-65\/#primaryimage\"},\"image\":{\"@id\":\"https:\/\/amm85.fr\/index.php\/nos-realisations\/voiliers\/trimaran-3d-de-noham-tri-65\/#primaryimage\"},\"thumbnailUrl\":\"https:\/\/amm85.fr\/wp-content\/uploads\/2024\/08\/1725031271654-1024x768.jpg\",\"datePublished\":\"2024-08-30T15:54:55+00:00\",\"dateModified\":\"2025-02-26T16:16:48+00:00\",\"breadcrumb\":{\"@id\":\"https:\/\/amm85.fr\/index.php\/nos-realisations\/voiliers\/trimaran-3d-de-noham-tri-65\/#breadcrumb\"},\"inLanguage\":\"fr-FR\",\"potentialAction\":[{\"@type\":\"ReadAction\",\"target\":[\"https:\/\/amm85.fr\/index.php\/nos-realisations\/voiliers\/trimaran-3d-de-noham-tri-65\/\"]}]},{\"@type\":\"ImageObject\",\"inLanguage\":\"fr-FR\",\"@id\":\"https:\/\/amm85.fr\/index.php\/nos-realisations\/voiliers\/trimaran-3d-de-noham-tri-65\/#primaryimage\",\"url\":\"https:\/\/amm85.fr\/wp-content\/uploads\/2024\/08\/1725031271654.jpg\",\"contentUrl\":\"https:\/\/amm85.fr\/wp-content\/uploads\/2024\/08\/1725031271654.jpg\",\"width\":1600,\"height\":1200},{\"@type\":\"BreadcrumbList\",\"@id\":\"https:\/\/amm85.fr\/index.php\/nos-realisations\/voiliers\/trimaran-3d-de-noham-tri-65\/#breadcrumb\",\"itemListElement\":[{\"@type\":\"ListItem\",\"position\":1,\"name\":\"Accueil\",\"item\":\"https:\/\/amm85.fr\/\"},{\"@type\":\"ListItem\",\"position\":2,\"name\":\"Nos r\u00e9alisations\",\"item\":\"https:\/\/amm85.fr\/index.php\/nos-realisations\/\"},{\"@type\":\"ListItem\",\"position\":3,\"name\":\"Voiliers\",\"item\":\"https:\/\/amm85.fr\/index.php\/nos-realisations\/voiliers\/\"},{\"@type\":\"ListItem\",\"position\":4,\"name\":\"Trimaran 3D &#8220;Tri 65&#8221; (Noham P)\"}]},{\"@type\":\"WebSite\",\"@id\":\"https:\/\/amm85.fr\/#website\",\"url\":\"https:\/\/amm85.fr\/\",\"name\":\"AMM85\",\"description\":\"Association de mod\u00e9lisme Mothais : naval et  camion. Navigation, construction,  exposition. achards  situ\u00e9 dans la commune des Achards 85150 en Vend\u00e9e\",\"publisher\":{\"@id\":\"https:\/\/amm85.fr\/#organization\"},\"potentialAction\":[{\"@type\":\"SearchAction\",\"target\":{\"@type\":\"EntryPoint\",\"urlTemplate\":\"https:\/\/amm85.fr\/?s={search_term_string}\"},\"query-input\":{\"@type\":\"PropertyValueSpecification\",\"valueRequired\":true,\"valueName\":\"search_term_string\"}}],\"inLanguage\":\"fr-FR\"},{\"@type\":\"Organization\",\"@id\":\"https:\/\/amm85.fr\/#organization\",\"name\":\"Amicale du mod\u00e9lisme mothais\",\"url\":\"https:\/\/amm85.fr\/\",\"logo\":{\"@type\":\"ImageObject\",\"inLanguage\":\"fr-FR\",\"@id\":\"https:\/\/amm85.fr\/#\/schema\/logo\/image\/\",\"url\":\"\",\"contentUrl\":\"\",\"caption\":\"Amicale du mod\u00e9lisme mothais\"},\"image\":{\"@id\":\"https:\/\/amm85.fr\/#\/schema\/logo\/image\/\"}}]}<\/script>\n<!-- \/ Yoast SEO plugin. -->","yoast_head_json":{"title":"Trimaran 3D \"Tri 65\" (Noham P) - AMM85","robots":{"index":"index","follow":"follow","max-snippet":"max-snippet:-1","max-image-preview":"max-image-preview:large","max-video-preview":"max-video-preview:-1"},"canonical":"https:\/\/amm85.fr\/index.php\/nos-realisations\/voiliers\/trimaran-3d-de-noham-tri-65\/","og_locale":"fr_FR","og_type":"article","og_title":"Trimaran 3D \"Tri 65\" (Noham P) - AMM85","og_url":"https:\/\/amm85.fr\/index.php\/nos-realisations\/voiliers\/trimaran-3d-de-noham-tri-65\/","og_site_name":"AMM85","article_modified_time":"2025-02-26T16:16:48+00:00","og_image":[{"width":1600,"height":1200,"url":"https:\/\/amm85.fr\/wp-content\/uploads\/2024\/08\/1725031271654.jpg","type":"image\/jpeg"}],"twitter_card":"summary_large_image","twitter_misc":{"Dur\u00e9e de lecture estim\u00e9e":"2 minutes"},"schema":{"@context":"https:\/\/schema.org","@graph":[{"@type":"WebPage","@id":"https:\/\/amm85.fr\/index.php\/nos-realisations\/voiliers\/trimaran-3d-de-noham-tri-65\/","url":"https:\/\/amm85.fr\/index.php\/nos-realisations\/voiliers\/trimaran-3d-de-noham-tri-65\/","name":"Trimaran 3D \"Tri 65\" (Noham P) - AMM85","isPartOf":{"@id":"https:\/\/amm85.fr\/#website"},"primaryImageOfPage":{"@id":"https:\/\/amm85.fr\/index.php\/nos-realisations\/voiliers\/trimaran-3d-de-noham-tri-65\/#primaryimage"},"image":{"@id":"https:\/\/amm85.fr\/index.php\/nos-realisations\/voiliers\/trimaran-3d-de-noham-tri-65\/#primaryimage"},"thumbnailUrl":"https:\/\/amm85.fr\/wp-content\/uploads\/2024\/08\/1725031271654-1024x768.jpg","datePublished":"2024-08-30T15:54:55+00:00","dateModified":"2025-02-26T16:16:48+00:00","breadcrumb":{"@id":"https:\/\/amm85.fr\/index.php\/nos-realisations\/voiliers\/trimaran-3d-de-noham-tri-65\/#breadcrumb"},"inLanguage":"fr-FR","potentialAction":[{"@type":"ReadAction","target":["https:\/\/amm85.fr\/index.php\/nos-realisations\/voiliers\/trimaran-3d-de-noham-tri-65\/"]}]},{"@type":"ImageObject","inLanguage":"fr-FR","@id":"https:\/\/amm85.fr\/index.php\/nos-realisations\/voiliers\/trimaran-3d-de-noham-tri-65\/#primaryimage","url":"https:\/\/amm85.fr\/wp-content\/uploads\/2024\/08\/1725031271654.jpg","contentUrl":"https:\/\/amm85.fr\/wp-content\/uploads\/2024\/08\/1725031271654.jpg","width":1600,"height":1200},{"@type":"BreadcrumbList","@id":"https:\/\/amm85.fr\/index.php\/nos-realisations\/voiliers\/trimaran-3d-de-noham-tri-65\/#breadcrumb","itemListElement":[{"@type":"ListItem","position":1,"name":"Accueil","item":"https:\/\/amm85.fr\/"},{"@type":"ListItem","position":2,"name":"Nos r\u00e9alisations","item":"https:\/\/amm85.fr\/index.php\/nos-realisations\/"},{"@type":"ListItem","position":3,"name":"Voiliers","item":"https:\/\/amm85.fr\/index.php\/nos-realisations\/voiliers\/"},{"@type":"ListItem","position":4,"name":"Trimaran 3D &#8220;Tri 65&#8221; (Noham P)"}]},{"@type":"WebSite","@id":"https:\/\/amm85.fr\/#website","url":"https:\/\/amm85.fr\/","name":"AMM85","description":"Association de mod\u00e9lisme Mothais : naval et  camion. Navigation, construction,  exposition. achards  situ\u00e9 dans la commune des Achards 85150 en Vend\u00e9e","publisher":{"@id":"https:\/\/amm85.fr\/#organization"},"potentialAction":[{"@type":"SearchAction","target":{"@type":"EntryPoint","urlTemplate":"https:\/\/amm85.fr\/?s={search_term_string}"},"query-input":{"@type":"PropertyValueSpecification","valueRequired":true,"valueName":"search_term_string"}}],"inLanguage":"fr-FR"},{"@type":"Organization","@id":"https:\/\/amm85.fr\/#organization","name":"Amicale du mod\u00e9lisme mothais","url":"https:\/\/amm85.fr\/","logo":{"@type":"ImageObject","inLanguage":"fr-FR","@id":"https:\/\/amm85.fr\/#\/schema\/logo\/image\/","url":"","contentUrl":"","caption":"Amicale du mod\u00e9lisme mothais"},"image":{"@id":"https:\/\/amm85.fr\/#\/schema\/logo\/image\/"}}]}},"_links":{"self":[{"href":"https:\/\/amm85.fr\/index.php\/wp-json\/wp\/v2\/pages\/2275","targetHints":{"allow":["GET"]}}],"collection":[{"href":"https:\/\/amm85.fr\/index.php\/wp-json\/wp\/v2\/pages"}],"about":[{"href":"https:\/\/amm85.fr\/index.php\/wp-json\/wp\/v2\/types\/page"}],"author":[{"embeddable":true,"href":"https:\/\/amm85.fr\/index.php\/wp-json\/wp\/v2\/users\/2"}],"replies":[{"embeddable":true,"href":"https:\/\/amm85.fr\/index.php\/wp-json\/wp\/v2\/comments?post=2275"}],"version-history":[{"count":2,"href":"https:\/\/amm85.fr\/index.php\/wp-json\/wp\/v2\/pages\/2275\/revisions"}],"predecessor-version":[{"id":3209,"href":"https:\/\/amm85.fr\/index.php\/wp-json\/wp\/v2\/pages\/2275\/revisions\/3209"}],"up":[{"embeddable":true,"href":"https:\/\/amm85.fr\/index.php\/wp-json\/wp\/v2\/pages\/112"}],"wp:attachment":[{"href":"https:\/\/amm85.fr\/index.php\/wp-json\/wp\/v2\/media?parent=2275"}],"curies":[{"name":"wp","href":"https:\/\/api.w.org\/{rel}","templated":true}]}}