{"id":2248,"date":"2024-08-07T17:49:50","date_gmt":"2024-08-07T15:49:50","guid":{"rendered":"https:\/\/amm85.fr\/?page_id=2248"},"modified":"2024-08-07T18:04:32","modified_gmt":"2024-08-07T16:04:32","slug":"mouillerons-le-28-juillet","status":"publish","type":"page","link":"https:\/\/amm85.fr\/index.php\/navigations\/2024-2\/mouillerons-le-28-juillet\/","title":{"rendered":"le 28 Juillet Mouillerons"},"content":{"rendered":"\n<p>Belle journ\u00e9e au bord de l&#8217;\u00e9tang avec parcours en Tr\u00e8fle pour ceux qui veulent.<\/p>\n\n\n\n<p><\/p>\n\n\n\n<p>Cohue sur l&#8217;\u00e9tang <a href=\"https:\/\/youtu.be\/4uKqmJovnJE\" target=\"_blank\" rel=\"noreferrer noopener\">https:\/\/youtu.be\/m6lKVOKcKLk<\/a><\/p>\n\n\n\n<p>Barge en action <a href=\"https:\/\/www.youtube.com\/watch?v=m6lKVOKcKLk\" target=\"_blank\" rel=\"noreferrer noopener\">https:\/\/www.youtube.com\/watch?v=m6lKVOKcKLk<\/a><\/p>\n\n\n\n<p>Notre vainqueur du jour, 3eme sur le parcours en tr\u00e8fle<\/p>\n\n\n\n<figure class=\"wp-block-image size-large is-resized\"><img loading=\"lazy\" decoding=\"async\" width=\"849\" height=\"1024\" src=\"https:\/\/amm85.fr\/wp-content\/uploads\/2024\/08\/vainqueur-849x1024.png\" alt=\"\" class=\"wp-image-2249\" style=\"width:519px;height:auto\" srcset=\"https:\/\/amm85.fr\/wp-content\/uploads\/2024\/08\/vainqueur-849x1024.png 849w, https:\/\/amm85.fr\/wp-content\/uploads\/2024\/08\/vainqueur-249x300.png 249w, https:\/\/amm85.fr\/wp-content\/uploads\/2024\/08\/vainqueur-768x927.png 768w, https:\/\/amm85.fr\/wp-content\/uploads\/2024\/08\/vainqueur.png 1061w\" sizes=\"auto, (max-width: 849px) 100vw, 849px\" \/><\/figure>\n\n\n\n<figure class=\"wp-block-image size-full\"><img loading=\"lazy\" decoding=\"async\" width=\"653\" height=\"540\" src=\"https:\/\/amm85.fr\/wp-content\/uploads\/2024\/08\/parcours.png\" alt=\"\" class=\"wp-image-2250\" srcset=\"https:\/\/amm85.fr\/wp-content\/uploads\/2024\/08\/parcours.png 653w, https:\/\/amm85.fr\/wp-content\/uploads\/2024\/08\/parcours-300x248.png 300w\" sizes=\"auto, (max-width: 653px) 100vw, 653px\" \/><figcaption class=\"wp-element-caption\">Parcours en tr\u00eafle. <br>100 points au d\u00e9part, on perd des points \u00e0 chaque erreur.<\/figcaption><\/figure>\n","protected":false},"excerpt":{"rendered":"<p>Belle journ\u00e9e au bord de l&#8217;\u00e9tang avec parcours en Tr\u00e8fle pour ceux qui veulent. Cohue sur l&#8217;\u00e9tang https:\/\/youtu.be\/m6lKVOKcKLk Barge en action https:\/\/www.youtube.com\/watch?v=m6lKVOKcKLk Notre vainqueur du jour, 3eme sur le parcours&hellip;&nbsp;<a href=\"https:\/\/amm85.fr\/index.php\/navigations\/2024-2\/mouillerons-le-28-juillet\/\" rel=\"bookmark\">Lire la suite &raquo;<span class=\"screen-reader-text\">le 28 Juillet Mouillerons<\/span><\/a><\/p>\n","protected":false},"author":1,"featured_media":0,"parent":1509,"menu_order":300,"comment_status":"closed","ping_status":"closed","template":"","meta":{"neve_meta_sidebar":"","neve_meta_container":"","neve_meta_enable_content_width":"","neve_meta_content_width":0,"neve_meta_title_alignment":"","neve_meta_author_avatar":"","neve_post_elements_order":"","neve_meta_disable_header":"","neve_meta_disable_footer":"","neve_meta_disable_title":"","footnotes":""},"class_list":["post-2248","page","type-page","status-publish","hentry"],"yoast_head":"<!-- This site is optimized with the Yoast SEO plugin v26.3 - https:\/\/yoast.com\/wordpress\/plugins\/seo\/ -->\n<title>le 28 Juillet Mouillerons - AMM85<\/title>\n<meta name=\"robots\" content=\"index, follow, max-snippet:-1, max-image-preview:large, max-video-preview:-1\" \/>\n<link rel=\"canonical\" href=\"https:\/\/amm85.fr\/index.php\/navigations\/2024-2\/mouillerons-le-28-juillet\/\" \/>\n<meta property=\"og:locale\" content=\"fr_FR\" \/>\n<meta property=\"og:type\" content=\"article\" \/>\n<meta property=\"og:title\" content=\"le 28 Juillet Mouillerons - AMM85\" \/>\n<meta property=\"og:description\" content=\"Belle journ\u00e9e au bord de l&#8217;\u00e9tang avec parcours en Tr\u00e8fle pour ceux qui veulent. Cohue sur l&#8217;\u00e9tang https:\/\/youtu.be\/m6lKVOKcKLk Barge en action https:\/\/www.youtube.com\/watch?v=m6lKVOKcKLk Notre vainqueur du jour, 3eme sur le parcours&hellip;&nbsp;Lire la suite &raquo;le 28 Juillet Mouillerons\" \/>\n<meta property=\"og:url\" content=\"https:\/\/amm85.fr\/index.php\/navigations\/2024-2\/mouillerons-le-28-juillet\/\" \/>\n<meta property=\"og:site_name\" content=\"AMM85\" \/>\n<meta property=\"article:modified_time\" content=\"2024-08-07T16:04:32+00:00\" \/>\n<meta property=\"og:image\" content=\"https:\/\/amm85.fr\/wp-content\/uploads\/2024\/08\/vainqueur-849x1024.png\" \/>\n<meta name=\"twitter:card\" content=\"summary_large_image\" \/>\n<meta name=\"twitter:label1\" content=\"Dur\u00e9e de lecture estim\u00e9e\" \/>\n\t<meta name=\"twitter:data1\" content=\"1 minute\" \/>\n<script type=\"application\/ld+json\" class=\"yoast-schema-graph\">{\"@context\":\"https:\/\/schema.org\",\"@graph\":[{\"@type\":\"WebPage\",\"@id\":\"https:\/\/amm85.fr\/index.php\/navigations\/2024-2\/mouillerons-le-28-juillet\/\",\"url\":\"https:\/\/amm85.fr\/index.php\/navigations\/2024-2\/mouillerons-le-28-juillet\/\",\"name\":\"le 28 Juillet Mouillerons - AMM85\",\"isPartOf\":{\"@id\":\"https:\/\/amm85.fr\/#website\"},\"primaryImageOfPage\":{\"@id\":\"https:\/\/amm85.fr\/index.php\/navigations\/2024-2\/mouillerons-le-28-juillet\/#primaryimage\"},\"image\":{\"@id\":\"https:\/\/amm85.fr\/index.php\/navigations\/2024-2\/mouillerons-le-28-juillet\/#primaryimage\"},\"thumbnailUrl\":\"https:\/\/amm85.fr\/wp-content\/uploads\/2024\/08\/vainqueur-849x1024.png\",\"datePublished\":\"2024-08-07T15:49:50+00:00\",\"dateModified\":\"2024-08-07T16:04:32+00:00\",\"breadcrumb\":{\"@id\":\"https:\/\/amm85.fr\/index.php\/navigations\/2024-2\/mouillerons-le-28-juillet\/#breadcrumb\"},\"inLanguage\":\"fr-FR\",\"potentialAction\":[{\"@type\":\"ReadAction\",\"target\":[\"https:\/\/amm85.fr\/index.php\/navigations\/2024-2\/mouillerons-le-28-juillet\/\"]}]},{\"@type\":\"ImageObject\",\"inLanguage\":\"fr-FR\",\"@id\":\"https:\/\/amm85.fr\/index.php\/navigations\/2024-2\/mouillerons-le-28-juillet\/#primaryimage\",\"url\":\"https:\/\/amm85.fr\/wp-content\/uploads\/2024\/08\/vainqueur.png\",\"contentUrl\":\"https:\/\/amm85.fr\/wp-content\/uploads\/2024\/08\/vainqueur.png\",\"width\":1061,\"height\":1280},{\"@type\":\"BreadcrumbList\",\"@id\":\"https:\/\/amm85.fr\/index.php\/navigations\/2024-2\/mouillerons-le-28-juillet\/#breadcrumb\",\"itemListElement\":[{\"@type\":\"ListItem\",\"position\":1,\"name\":\"Accueil\",\"item\":\"https:\/\/amm85.fr\/\"},{\"@type\":\"ListItem\",\"position\":2,\"name\":\"Navigations\",\"item\":\"https:\/\/amm85.fr\/index.php\/navigations\/\"},{\"@type\":\"ListItem\",\"position\":3,\"name\":\"2024\",\"item\":\"https:\/\/amm85.fr\/index.php\/navigations\/2024-2\/\"},{\"@type\":\"ListItem\",\"position\":4,\"name\":\"le 28 Juillet Mouillerons\"}]},{\"@type\":\"WebSite\",\"@id\":\"https:\/\/amm85.fr\/#website\",\"url\":\"https:\/\/amm85.fr\/\",\"name\":\"AMM85\",\"description\":\"Association de mod\u00e9lisme Mothais : naval et  camion. Navigation, construction,  exposition. achards  situ\u00e9 dans la commune des Achards 85150 en Vend\u00e9e\",\"publisher\":{\"@id\":\"https:\/\/amm85.fr\/#organization\"},\"potentialAction\":[{\"@type\":\"SearchAction\",\"target\":{\"@type\":\"EntryPoint\",\"urlTemplate\":\"https:\/\/amm85.fr\/?s={search_term_string}\"},\"query-input\":{\"@type\":\"PropertyValueSpecification\",\"valueRequired\":true,\"valueName\":\"search_term_string\"}}],\"inLanguage\":\"fr-FR\"},{\"@type\":\"Organization\",\"@id\":\"https:\/\/amm85.fr\/#organization\",\"name\":\"Amicale du mod\u00e9lisme mothais\",\"url\":\"https:\/\/amm85.fr\/\",\"logo\":{\"@type\":\"ImageObject\",\"inLanguage\":\"fr-FR\",\"@id\":\"https:\/\/amm85.fr\/#\/schema\/logo\/image\/\",\"url\":\"\",\"contentUrl\":\"\",\"caption\":\"Amicale du mod\u00e9lisme mothais\"},\"image\":{\"@id\":\"https:\/\/amm85.fr\/#\/schema\/logo\/image\/\"}}]}<\/script>\n<!-- \/ Yoast SEO plugin. -->","yoast_head_json":{"title":"le 28 Juillet Mouillerons - AMM85","robots":{"index":"index","follow":"follow","max-snippet":"max-snippet:-1","max-image-preview":"max-image-preview:large","max-video-preview":"max-video-preview:-1"},"canonical":"https:\/\/amm85.fr\/index.php\/navigations\/2024-2\/mouillerons-le-28-juillet\/","og_locale":"fr_FR","og_type":"article","og_title":"le 28 Juillet Mouillerons - AMM85","og_description":"Belle journ\u00e9e au bord de l&#8217;\u00e9tang avec parcours en Tr\u00e8fle pour ceux qui veulent. Cohue sur l&#8217;\u00e9tang https:\/\/youtu.be\/m6lKVOKcKLk Barge en action https:\/\/www.youtube.com\/watch?v=m6lKVOKcKLk Notre vainqueur du jour, 3eme sur le parcours&hellip;&nbsp;Lire la suite &raquo;le 28 Juillet Mouillerons","og_url":"https:\/\/amm85.fr\/index.php\/navigations\/2024-2\/mouillerons-le-28-juillet\/","og_site_name":"AMM85","article_modified_time":"2024-08-07T16:04:32+00:00","og_image":[{"url":"https:\/\/amm85.fr\/wp-content\/uploads\/2024\/08\/vainqueur-849x1024.png","type":"","width":"","height":""}],"twitter_card":"summary_large_image","twitter_misc":{"Dur\u00e9e de lecture estim\u00e9e":"1 minute"},"schema":{"@context":"https:\/\/schema.org","@graph":[{"@type":"WebPage","@id":"https:\/\/amm85.fr\/index.php\/navigations\/2024-2\/mouillerons-le-28-juillet\/","url":"https:\/\/amm85.fr\/index.php\/navigations\/2024-2\/mouillerons-le-28-juillet\/","name":"le 28 Juillet Mouillerons - AMM85","isPartOf":{"@id":"https:\/\/amm85.fr\/#website"},"primaryImageOfPage":{"@id":"https:\/\/amm85.fr\/index.php\/navigations\/2024-2\/mouillerons-le-28-juillet\/#primaryimage"},"image":{"@id":"https:\/\/amm85.fr\/index.php\/navigations\/2024-2\/mouillerons-le-28-juillet\/#primaryimage"},"thumbnailUrl":"https:\/\/amm85.fr\/wp-content\/uploads\/2024\/08\/vainqueur-849x1024.png","datePublished":"2024-08-07T15:49:50+00:00","dateModified":"2024-08-07T16:04:32+00:00","breadcrumb":{"@id":"https:\/\/amm85.fr\/index.php\/navigations\/2024-2\/mouillerons-le-28-juillet\/#breadcrumb"},"inLanguage":"fr-FR","potentialAction":[{"@type":"ReadAction","target":["https:\/\/amm85.fr\/index.php\/navigations\/2024-2\/mouillerons-le-28-juillet\/"]}]},{"@type":"ImageObject","inLanguage":"fr-FR","@id":"https:\/\/amm85.fr\/index.php\/navigations\/2024-2\/mouillerons-le-28-juillet\/#primaryimage","url":"https:\/\/amm85.fr\/wp-content\/uploads\/2024\/08\/vainqueur.png","contentUrl":"https:\/\/amm85.fr\/wp-content\/uploads\/2024\/08\/vainqueur.png","width":1061,"height":1280},{"@type":"BreadcrumbList","@id":"https:\/\/amm85.fr\/index.php\/navigations\/2024-2\/mouillerons-le-28-juillet\/#breadcrumb","itemListElement":[{"@type":"ListItem","position":1,"name":"Accueil","item":"https:\/\/amm85.fr\/"},{"@type":"ListItem","position":2,"name":"Navigations","item":"https:\/\/amm85.fr\/index.php\/navigations\/"},{"@type":"ListItem","position":3,"name":"2024","item":"https:\/\/amm85.fr\/index.php\/navigations\/2024-2\/"},{"@type":"ListItem","position":4,"name":"le 28 Juillet Mouillerons"}]},{"@type":"WebSite","@id":"https:\/\/amm85.fr\/#website","url":"https:\/\/amm85.fr\/","name":"AMM85","description":"Association de mod\u00e9lisme Mothais : naval et  camion. Navigation, construction,  exposition. achards  situ\u00e9 dans la commune des Achards 85150 en Vend\u00e9e","publisher":{"@id":"https:\/\/amm85.fr\/#organization"},"potentialAction":[{"@type":"SearchAction","target":{"@type":"EntryPoint","urlTemplate":"https:\/\/amm85.fr\/?s={search_term_string}"},"query-input":{"@type":"PropertyValueSpecification","valueRequired":true,"valueName":"search_term_string"}}],"inLanguage":"fr-FR"},{"@type":"Organization","@id":"https:\/\/amm85.fr\/#organization","name":"Amicale du mod\u00e9lisme mothais","url":"https:\/\/amm85.fr\/","logo":{"@type":"ImageObject","inLanguage":"fr-FR","@id":"https:\/\/amm85.fr\/#\/schema\/logo\/image\/","url":"","contentUrl":"","caption":"Amicale du mod\u00e9lisme mothais"},"image":{"@id":"https:\/\/amm85.fr\/#\/schema\/logo\/image\/"}}]}},"_links":{"self":[{"href":"https:\/\/amm85.fr\/index.php\/wp-json\/wp\/v2\/pages\/2248","targetHints":{"allow":["GET"]}}],"collection":[{"href":"https:\/\/amm85.fr\/index.php\/wp-json\/wp\/v2\/pages"}],"about":[{"href":"https:\/\/amm85.fr\/index.php\/wp-json\/wp\/v2\/types\/page"}],"author":[{"embeddable":true,"href":"https:\/\/amm85.fr\/index.php\/wp-json\/wp\/v2\/users\/1"}],"replies":[{"embeddable":true,"href":"https:\/\/amm85.fr\/index.php\/wp-json\/wp\/v2\/comments?post=2248"}],"version-history":[{"count":6,"href":"https:\/\/amm85.fr\/index.php\/wp-json\/wp\/v2\/pages\/2248\/revisions"}],"predecessor-version":[{"id":2258,"href":"https:\/\/amm85.fr\/index.php\/wp-json\/wp\/v2\/pages\/2248\/revisions\/2258"}],"up":[{"embeddable":true,"href":"https:\/\/amm85.fr\/index.php\/wp-json\/wp\/v2\/pages\/1509"}],"wp:attachment":[{"href":"https:\/\/amm85.fr\/index.php\/wp-json\/wp\/v2\/media?parent=2248"}],"curies":[{"name":"wp","href":"https:\/\/api.w.org\/{rel}","templated":true}]}}