{"id":219,"date":"2024-02-26T13:23:21","date_gmt":"2024-02-26T12:23:21","guid":{"rendered":"https:\/\/amm85.fr\/?page_id=219"},"modified":"2024-12-16T14:59:08","modified_gmt":"2024-12-16T13:59:08","slug":"on-parle-de-nous","status":"publish","type":"page","link":"https:\/\/amm85.fr\/index.php\/club\/on-parle-de-nous\/","title":{"rendered":"On parle de nous"},"content":{"rendered":"\n<h2 class=\"wp-block-heading\">Article Ouest-France du 7\/12\/2024<\/h2>\n\n\n\n<figure class=\"wp-block-image size-full is-resized\"><img loading=\"lazy\" decoding=\"async\" width=\"1006\" height=\"941\" src=\"https:\/\/amm85.fr\/wp-content\/uploads\/2024\/12\/ouest_halles.png\" alt=\"\" class=\"wp-image-2810\" style=\"width:935px;height:auto\" srcset=\"https:\/\/amm85.fr\/wp-content\/uploads\/2024\/12\/ouest_halles.png 1006w, https:\/\/amm85.fr\/wp-content\/uploads\/2024\/12\/ouest_halles-300x281.png 300w, https:\/\/amm85.fr\/wp-content\/uploads\/2024\/12\/ouest_halles-768x718.png 768w\" sizes=\"auto, (max-width: 1006px) 100vw, 1006px\" \/><\/figure>\n\n\n\n<p><\/p>\n\n\n\n<h6 class=\"wp-block-heading\">Animation Maternelle Sainte Marie Novembre 2024 <\/h6>\n\n\n\n<figure class=\"wp-block-image size-full is-resized\"><img loading=\"lazy\" decoding=\"async\" width=\"477\" height=\"694\" src=\"https:\/\/amm85.fr\/wp-content\/uploads\/2024\/12\/maternelle_sainte_marie-2024.png\" alt=\"\" class=\"wp-image-2769\" style=\"width:524px;height:auto\" srcset=\"https:\/\/amm85.fr\/wp-content\/uploads\/2024\/12\/maternelle_sainte_marie-2024.png 477w, https:\/\/amm85.fr\/wp-content\/uploads\/2024\/12\/maternelle_sainte_marie-2024-206x300.png 206w\" sizes=\"auto, (max-width: 477px) 100vw, 477px\" \/><\/figure>\n\n\n\n<h6 class=\"wp-block-heading\">Journal des Sables &#8211; salon 2023 <\/h6>\n\n\n\n<figure class=\"wp-block-image size-full\"><img loading=\"lazy\" decoding=\"async\" width=\"766\" height=\"760\" src=\"http:\/\/amm85.fr\/wp-content\/uploads\/2024\/03\/OF2023.png\" alt=\"\" class=\"wp-image-780\" srcset=\"https:\/\/amm85.fr\/wp-content\/uploads\/2024\/03\/OF2023.png 766w, https:\/\/amm85.fr\/wp-content\/uploads\/2024\/03\/OF2023-300x298.png 300w, https:\/\/amm85.fr\/wp-content\/uploads\/2024\/03\/OF2023-150x150.png 150w\" sizes=\"auto, (max-width: 766px) 100vw, 766px\" \/><figcaption class=\"wp-element-caption\">   <\/figcaption><\/figure>\n\n\n\n<h2 class=\"wp-block-heading\">&#8212;&#8212;&#8212;&#8212;&#8212;&#8212;&#8212;&#8212;&#8212;&#8212;&#8212;&#8212;&#8212;&#8212;&#8212;&#8212;&#8212;&#8212;&#8212;&#8212;&#8212;&#8212;&#8212;&#8212;&#8212;&#8212;&#8212;&#8212;&#8212;<\/h2>\n\n\n\n<h6 class=\"wp-block-heading\">Article Ouest France salon 2022<\/h6>\n\n\n\n<figure class=\"wp-block-image size-full\"><img loading=\"lazy\" decoding=\"async\" width=\"843\" height=\"976\" src=\"http:\/\/amm85.fr\/wp-content\/uploads\/2024\/03\/OFsalon2022.jpg\" alt=\"\" class=\"wp-image-831\" srcset=\"https:\/\/amm85.fr\/wp-content\/uploads\/2024\/03\/OFsalon2022.jpg 843w, https:\/\/amm85.fr\/wp-content\/uploads\/2024\/03\/OFsalon2022-259x300.jpg 259w, https:\/\/amm85.fr\/wp-content\/uploads\/2024\/03\/OFsalon2022-768x889.jpg 768w\" sizes=\"auto, (max-width: 843px) 100vw, 843px\" \/><figcaption class=\"wp-element-caption\"> <\/figcaption><\/figure>\n\n\n\n<h3 class=\"wp-block-heading\">Lien vers la page web du site ouest france<\/h3>\n\n\n\n<h3 class=\"wp-block-heading\"><a href=\"https:\/\/www.ouest-france.fr\/pays-de-la-loire\/la-mothe-achard-85150\/bateaux-et-camions-vedettes-du-10e-salon-de-modelisme-des-achards-545e3bfe-5f56-11ed-9a83-773b46ba711c\" target=\"_blank\" rel=\"noreferrer noopener\">https:\/\/www.ouest-france.fr\/pays-de-la-loire\/la-mothe-achard-85150\/bateaux-et-camions-vedettes-du-10e-salon-de-modelisme-des-achards-545e3bfe-5f56-11ed-9a83-773b46ba711c<\/a><\/h3>\n\n\n\n<h2 class=\"wp-block-heading has-text-align-left\">&#8212;&#8212;&#8212;&#8212;&#8212;&#8212;&#8212;&#8212;&#8212;&#8212;&#8212;&#8212;&#8212;&#8212;&#8212;&#8212;&#8212;&#8212;&#8212;&#8212;&#8212;&#8212;&#8212;&#8212;&#8212;&#8212;&#8212;&#8212;&#8212;-<\/h2>\n\n\n\n<h6 class=\"wp-block-heading\">article MRB 647 salon 2019<\/h6>\n\n\n\n<figure class=\"wp-block-image size-full is-resized\"><a href=\"http:\/\/amm85.fr\/wp-content\/uploads\/2024\/03\/mrb647_salon.pdf\"><img loading=\"lazy\" decoding=\"async\" width=\"903\" height=\"875\" src=\"https:\/\/amm85.fr\/wp-content\/uploads\/2024\/03\/bibrou2019.jpg\" alt=\"\" class=\"wp-image-823\" style=\"width:417px;height:auto\" srcset=\"https:\/\/amm85.fr\/wp-content\/uploads\/2024\/03\/bibrou2019.jpg 903w, https:\/\/amm85.fr\/wp-content\/uploads\/2024\/03\/bibrou2019-300x291.jpg 300w, https:\/\/amm85.fr\/wp-content\/uploads\/2024\/03\/bibrou2019-768x744.jpg 768w\" sizes=\"auto, (max-width: 903px) 100vw, 903px\" \/><\/a><figcaption class=\"wp-element-caption\">cliquer sur la photo pour avoir acc\u00e8s \u00e0 l&#8217;article<\/figcaption><\/figure>\n","protected":false},"excerpt":{"rendered":"<p>Article Ouest-France du 7\/12\/2024 Animation Maternelle Sainte Marie Novembre 2024 Journal des Sables &#8211; salon 2023 &#8212;&#8212;&#8212;&#8212;&#8212;&#8212;&#8212;&#8212;&#8212;&#8212;&#8212;&#8212;&#8212;&#8212;&#8212;&#8212;&#8212;&#8212;&#8212;&#8212;&#8212;&#8212;&#8212;&#8212;&#8212;&#8212;&#8212;&#8212;&#8212; Article Ouest France salon 2022 Lien vers la page web du site ouest&hellip;&nbsp;<a href=\"https:\/\/amm85.fr\/index.php\/club\/on-parle-de-nous\/\" rel=\"bookmark\">Lire la suite &raquo;<span class=\"screen-reader-text\">On parle de nous<\/span><\/a><\/p>\n","protected":false},"author":4,"featured_media":0,"parent":50,"menu_order":40,"comment_status":"closed","ping_status":"closed","template":"","meta":{"neve_meta_sidebar":"","neve_meta_container":"","neve_meta_enable_content_width":"","neve_meta_content_width":0,"neve_meta_title_alignment":"","neve_meta_author_avatar":"","neve_post_elements_order":"","neve_meta_disable_header":"","neve_meta_disable_footer":"","neve_meta_disable_title":"","footnotes":""},"class_list":["post-219","page","type-page","status-publish","hentry"],"yoast_head":"<!-- This site is optimized with the Yoast SEO plugin v26.3 - https:\/\/yoast.com\/wordpress\/plugins\/seo\/ -->\n<title>On parle de nous - AMM85<\/title>\n<meta name=\"robots\" content=\"index, follow, max-snippet:-1, max-image-preview:large, max-video-preview:-1\" \/>\n<link rel=\"canonical\" href=\"https:\/\/amm85.fr\/index.php\/club\/on-parle-de-nous\/\" \/>\n<meta property=\"og:locale\" content=\"fr_FR\" \/>\n<meta property=\"og:type\" content=\"article\" \/>\n<meta property=\"og:title\" content=\"On parle de nous - AMM85\" \/>\n<meta property=\"og:description\" content=\"Article Ouest-France du 7\/12\/2024 Animation Maternelle Sainte Marie Novembre 2024 Journal des Sables &#8211; salon 2023 &#8212;&#8212;&#8212;&#8212;&#8212;&#8212;&#8212;&#8212;&#8212;&#8212;&#8212;&#8212;&#8212;&#8212;&#8212;&#8212;&#8212;&#8212;&#8212;&#8212;&#8212;&#8212;&#8212;&#8212;&#8212;&#8212;&#8212;&#8212;&#8212; Article Ouest France salon 2022 Lien vers la page web du site ouest&hellip;&nbsp;Lire la suite &raquo;On parle de nous\" \/>\n<meta property=\"og:url\" content=\"https:\/\/amm85.fr\/index.php\/club\/on-parle-de-nous\/\" \/>\n<meta property=\"og:site_name\" content=\"AMM85\" \/>\n<meta property=\"article:modified_time\" content=\"2024-12-16T13:59:08+00:00\" \/>\n<meta property=\"og:image\" content=\"https:\/\/amm85.fr\/wp-content\/uploads\/2024\/12\/ouest_halles.png\" \/>\n\t<meta property=\"og:image:width\" content=\"1006\" \/>\n\t<meta property=\"og:image:height\" content=\"941\" \/>\n\t<meta property=\"og:image:type\" content=\"image\/png\" \/>\n<meta name=\"twitter:card\" content=\"summary_large_image\" \/>\n<meta name=\"twitter:label1\" content=\"Dur\u00e9e de lecture estim\u00e9e\" \/>\n\t<meta name=\"twitter:data1\" content=\"2 minutes\" \/>\n<script type=\"application\/ld+json\" class=\"yoast-schema-graph\">{\"@context\":\"https:\/\/schema.org\",\"@graph\":[{\"@type\":\"WebPage\",\"@id\":\"https:\/\/amm85.fr\/index.php\/club\/on-parle-de-nous\/\",\"url\":\"https:\/\/amm85.fr\/index.php\/club\/on-parle-de-nous\/\",\"name\":\"On parle de nous - AMM85\",\"isPartOf\":{\"@id\":\"https:\/\/amm85.fr\/#website\"},\"primaryImageOfPage\":{\"@id\":\"https:\/\/amm85.fr\/index.php\/club\/on-parle-de-nous\/#primaryimage\"},\"image\":{\"@id\":\"https:\/\/amm85.fr\/index.php\/club\/on-parle-de-nous\/#primaryimage\"},\"thumbnailUrl\":\"https:\/\/amm85.fr\/wp-content\/uploads\/2024\/12\/ouest_halles.png\",\"datePublished\":\"2024-02-26T12:23:21+00:00\",\"dateModified\":\"2024-12-16T13:59:08+00:00\",\"breadcrumb\":{\"@id\":\"https:\/\/amm85.fr\/index.php\/club\/on-parle-de-nous\/#breadcrumb\"},\"inLanguage\":\"fr-FR\",\"potentialAction\":[{\"@type\":\"ReadAction\",\"target\":[\"https:\/\/amm85.fr\/index.php\/club\/on-parle-de-nous\/\"]}]},{\"@type\":\"ImageObject\",\"inLanguage\":\"fr-FR\",\"@id\":\"https:\/\/amm85.fr\/index.php\/club\/on-parle-de-nous\/#primaryimage\",\"url\":\"https:\/\/amm85.fr\/wp-content\/uploads\/2024\/12\/ouest_halles.png\",\"contentUrl\":\"https:\/\/amm85.fr\/wp-content\/uploads\/2024\/12\/ouest_halles.png\",\"width\":1006,\"height\":941},{\"@type\":\"BreadcrumbList\",\"@id\":\"https:\/\/amm85.fr\/index.php\/club\/on-parle-de-nous\/#breadcrumb\",\"itemListElement\":[{\"@type\":\"ListItem\",\"position\":1,\"name\":\"Accueil\",\"item\":\"https:\/\/amm85.fr\/\"},{\"@type\":\"ListItem\",\"position\":2,\"name\":\"Le Club\",\"item\":\"https:\/\/amm85.fr\/index.php\/club\/\"},{\"@type\":\"ListItem\",\"position\":3,\"name\":\"On parle de nous\"}]},{\"@type\":\"WebSite\",\"@id\":\"https:\/\/amm85.fr\/#website\",\"url\":\"https:\/\/amm85.fr\/\",\"name\":\"AMM85\",\"description\":\"Association de mod\u00e9lisme Mothais : naval et  camion. Navigation, construction,  exposition. achards  situ\u00e9 dans la commune des Achards 85150 en Vend\u00e9e\",\"publisher\":{\"@id\":\"https:\/\/amm85.fr\/#organization\"},\"potentialAction\":[{\"@type\":\"SearchAction\",\"target\":{\"@type\":\"EntryPoint\",\"urlTemplate\":\"https:\/\/amm85.fr\/?s={search_term_string}\"},\"query-input\":{\"@type\":\"PropertyValueSpecification\",\"valueRequired\":true,\"valueName\":\"search_term_string\"}}],\"inLanguage\":\"fr-FR\"},{\"@type\":\"Organization\",\"@id\":\"https:\/\/amm85.fr\/#organization\",\"name\":\"Amicale du mod\u00e9lisme mothais\",\"url\":\"https:\/\/amm85.fr\/\",\"logo\":{\"@type\":\"ImageObject\",\"inLanguage\":\"fr-FR\",\"@id\":\"https:\/\/amm85.fr\/#\/schema\/logo\/image\/\",\"url\":\"\",\"contentUrl\":\"\",\"caption\":\"Amicale du mod\u00e9lisme mothais\"},\"image\":{\"@id\":\"https:\/\/amm85.fr\/#\/schema\/logo\/image\/\"}}]}<\/script>\n<!-- \/ Yoast SEO plugin. -->","yoast_head_json":{"title":"On parle de nous - AMM85","robots":{"index":"index","follow":"follow","max-snippet":"max-snippet:-1","max-image-preview":"max-image-preview:large","max-video-preview":"max-video-preview:-1"},"canonical":"https:\/\/amm85.fr\/index.php\/club\/on-parle-de-nous\/","og_locale":"fr_FR","og_type":"article","og_title":"On parle de nous - AMM85","og_description":"Article Ouest-France du 7\/12\/2024 Animation Maternelle Sainte Marie Novembre 2024 Journal des Sables &#8211; salon 2023 &#8212;&#8212;&#8212;&#8212;&#8212;&#8212;&#8212;&#8212;&#8212;&#8212;&#8212;&#8212;&#8212;&#8212;&#8212;&#8212;&#8212;&#8212;&#8212;&#8212;&#8212;&#8212;&#8212;&#8212;&#8212;&#8212;&#8212;&#8212;&#8212; Article Ouest France salon 2022 Lien vers la page web du site ouest&hellip;&nbsp;Lire la suite &raquo;On parle de nous","og_url":"https:\/\/amm85.fr\/index.php\/club\/on-parle-de-nous\/","og_site_name":"AMM85","article_modified_time":"2024-12-16T13:59:08+00:00","og_image":[{"width":1006,"height":941,"url":"https:\/\/amm85.fr\/wp-content\/uploads\/2024\/12\/ouest_halles.png","type":"image\/png"}],"twitter_card":"summary_large_image","twitter_misc":{"Dur\u00e9e de lecture estim\u00e9e":"2 minutes"},"schema":{"@context":"https:\/\/schema.org","@graph":[{"@type":"WebPage","@id":"https:\/\/amm85.fr\/index.php\/club\/on-parle-de-nous\/","url":"https:\/\/amm85.fr\/index.php\/club\/on-parle-de-nous\/","name":"On parle de nous - AMM85","isPartOf":{"@id":"https:\/\/amm85.fr\/#website"},"primaryImageOfPage":{"@id":"https:\/\/amm85.fr\/index.php\/club\/on-parle-de-nous\/#primaryimage"},"image":{"@id":"https:\/\/amm85.fr\/index.php\/club\/on-parle-de-nous\/#primaryimage"},"thumbnailUrl":"https:\/\/amm85.fr\/wp-content\/uploads\/2024\/12\/ouest_halles.png","datePublished":"2024-02-26T12:23:21+00:00","dateModified":"2024-12-16T13:59:08+00:00","breadcrumb":{"@id":"https:\/\/amm85.fr\/index.php\/club\/on-parle-de-nous\/#breadcrumb"},"inLanguage":"fr-FR","potentialAction":[{"@type":"ReadAction","target":["https:\/\/amm85.fr\/index.php\/club\/on-parle-de-nous\/"]}]},{"@type":"ImageObject","inLanguage":"fr-FR","@id":"https:\/\/amm85.fr\/index.php\/club\/on-parle-de-nous\/#primaryimage","url":"https:\/\/amm85.fr\/wp-content\/uploads\/2024\/12\/ouest_halles.png","contentUrl":"https:\/\/amm85.fr\/wp-content\/uploads\/2024\/12\/ouest_halles.png","width":1006,"height":941},{"@type":"BreadcrumbList","@id":"https:\/\/amm85.fr\/index.php\/club\/on-parle-de-nous\/#breadcrumb","itemListElement":[{"@type":"ListItem","position":1,"name":"Accueil","item":"https:\/\/amm85.fr\/"},{"@type":"ListItem","position":2,"name":"Le Club","item":"https:\/\/amm85.fr\/index.php\/club\/"},{"@type":"ListItem","position":3,"name":"On parle de nous"}]},{"@type":"WebSite","@id":"https:\/\/amm85.fr\/#website","url":"https:\/\/amm85.fr\/","name":"AMM85","description":"Association de mod\u00e9lisme Mothais : naval et  camion. Navigation, construction,  exposition. achards  situ\u00e9 dans la commune des Achards 85150 en Vend\u00e9e","publisher":{"@id":"https:\/\/amm85.fr\/#organization"},"potentialAction":[{"@type":"SearchAction","target":{"@type":"EntryPoint","urlTemplate":"https:\/\/amm85.fr\/?s={search_term_string}"},"query-input":{"@type":"PropertyValueSpecification","valueRequired":true,"valueName":"search_term_string"}}],"inLanguage":"fr-FR"},{"@type":"Organization","@id":"https:\/\/amm85.fr\/#organization","name":"Amicale du mod\u00e9lisme mothais","url":"https:\/\/amm85.fr\/","logo":{"@type":"ImageObject","inLanguage":"fr-FR","@id":"https:\/\/amm85.fr\/#\/schema\/logo\/image\/","url":"","contentUrl":"","caption":"Amicale du mod\u00e9lisme mothais"},"image":{"@id":"https:\/\/amm85.fr\/#\/schema\/logo\/image\/"}}]}},"_links":{"self":[{"href":"https:\/\/amm85.fr\/index.php\/wp-json\/wp\/v2\/pages\/219","targetHints":{"allow":["GET"]}}],"collection":[{"href":"https:\/\/amm85.fr\/index.php\/wp-json\/wp\/v2\/pages"}],"about":[{"href":"https:\/\/amm85.fr\/index.php\/wp-json\/wp\/v2\/types\/page"}],"author":[{"embeddable":true,"href":"https:\/\/amm85.fr\/index.php\/wp-json\/wp\/v2\/users\/4"}],"replies":[{"embeddable":true,"href":"https:\/\/amm85.fr\/index.php\/wp-json\/wp\/v2\/comments?post=219"}],"version-history":[{"count":31,"href":"https:\/\/amm85.fr\/index.php\/wp-json\/wp\/v2\/pages\/219\/revisions"}],"predecessor-version":[{"id":2812,"href":"https:\/\/amm85.fr\/index.php\/wp-json\/wp\/v2\/pages\/219\/revisions\/2812"}],"up":[{"embeddable":true,"href":"https:\/\/amm85.fr\/index.php\/wp-json\/wp\/v2\/pages\/50"}],"wp:attachment":[{"href":"https:\/\/amm85.fr\/index.php\/wp-json\/wp\/v2\/media?parent=219"}],"curies":[{"name":"wp","href":"https:\/\/api.w.org\/{rel}","templated":true}]}}