{"id":215,"date":"2024-02-26T13:22:26","date_gmt":"2024-02-26T12:22:26","guid":{"rendered":"https:\/\/amm85.fr\/?page_id=215"},"modified":"2024-03-16T12:30:04","modified_gmt":"2024-03-16T11:30:04","slug":"bassins","status":"publish","type":"page","link":"https:\/\/amm85.fr\/index.php\/club\/bassins\/","title":{"rendered":"Les bassins"},"content":{"rendered":"\n<h2 class=\"wp-block-heading\">Etang du Bibrou quartier de la Mothe Achard<\/h2>\n\n\n\n<figure class=\"wp-block-image size-full\"><img loading=\"lazy\" decoding=\"async\" width=\"892\" height=\"909\" src=\"https:\/\/amm85.fr\/wp-content\/uploads\/2024\/02\/acces-bibrou.jpg\" alt=\"\" class=\"wp-image-223\" srcset=\"https:\/\/amm85.fr\/wp-content\/uploads\/2024\/02\/acces-bibrou.jpg 892w, https:\/\/amm85.fr\/wp-content\/uploads\/2024\/02\/acces-bibrou-294x300.jpg 294w, https:\/\/amm85.fr\/wp-content\/uploads\/2024\/02\/acces-bibrou-768x783.jpg 768w\" sizes=\"auto, (max-width: 892px) 100vw, 892px\" \/><\/figure>\n\n\n\n<h2 class=\"wp-block-heading\"> <\/h2>\n\n\n\n<h2 class=\"wp-block-heading\">Acc\u00e8s r\u00e9serv\u00e9e les jours de manifestation<\/h2>\n\n\n\n<figure class=\"wp-block-image size-full is-resized\"><img loading=\"lazy\" decoding=\"async\" width=\"590\" height=\"724\" src=\"https:\/\/amm85.fr\/wp-content\/uploads\/2024\/02\/bibrou_acces_ponton.jpg\" alt=\"\" class=\"wp-image-224\" style=\"width:630px;height:auto\" srcset=\"https:\/\/amm85.fr\/wp-content\/uploads\/2024\/02\/bibrou_acces_ponton.jpg 590w, https:\/\/amm85.fr\/wp-content\/uploads\/2024\/02\/bibrou_acces_ponton-244x300.jpg 244w\" sizes=\"auto, (max-width: 590px) 100vw, 590px\" \/><\/figure>\n\n\n\n<h3 class=\"wp-block-heading\">Apr\u00e8s avoir d\u00e9charg\u00e9 les v\u00e9hicules, ils doivent \u00eatre gar\u00e9s sur le parking.<\/h3>\n\n\n\n<h3 class=\"wp-block-heading\">La municipalit\u00e9 demande de ne pas circuler sur le chemin afin de ne pas le d\u00e9teriorer<\/h3>\n","protected":false},"excerpt":{"rendered":"<p>Etang du Bibrou quartier de la Mothe Achard Acc\u00e8s r\u00e9serv\u00e9e les jours de manifestation Apr\u00e8s avoir d\u00e9charg\u00e9 les v\u00e9hicules, ils doivent \u00eatre gar\u00e9s sur le parking. La municipalit\u00e9 demande de&hellip;&nbsp;<a href=\"https:\/\/amm85.fr\/index.php\/club\/bassins\/\" rel=\"bookmark\">Lire la suite &raquo;<span class=\"screen-reader-text\">Les bassins<\/span><\/a><\/p>\n","protected":false},"author":4,"featured_media":0,"parent":50,"menu_order":30,"comment_status":"closed","ping_status":"closed","template":"","meta":{"neve_meta_sidebar":"","neve_meta_container":"","neve_meta_enable_content_width":"","neve_meta_content_width":0,"neve_meta_title_alignment":"","neve_meta_author_avatar":"","neve_post_elements_order":"","neve_meta_disable_header":"","neve_meta_disable_footer":"","neve_meta_disable_title":"","footnotes":""},"class_list":["post-215","page","type-page","status-publish","hentry"],"yoast_head":"<!-- This site is optimized with the Yoast SEO plugin v26.3 - https:\/\/yoast.com\/wordpress\/plugins\/seo\/ -->\n<title>Les bassins - AMM85<\/title>\n<meta name=\"robots\" content=\"index, follow, max-snippet:-1, max-image-preview:large, max-video-preview:-1\" \/>\n<link rel=\"canonical\" href=\"https:\/\/amm85.fr\/index.php\/club\/bassins\/\" \/>\n<meta property=\"og:locale\" content=\"fr_FR\" \/>\n<meta property=\"og:type\" content=\"article\" \/>\n<meta property=\"og:title\" content=\"Les bassins - AMM85\" \/>\n<meta property=\"og:description\" content=\"Etang du Bibrou quartier de la Mothe Achard Acc\u00e8s r\u00e9serv\u00e9e les jours de manifestation Apr\u00e8s avoir d\u00e9charg\u00e9 les v\u00e9hicules, ils doivent \u00eatre gar\u00e9s sur le parking. La municipalit\u00e9 demande de&hellip;&nbsp;Lire la suite &raquo;Les bassins\" \/>\n<meta property=\"og:url\" content=\"https:\/\/amm85.fr\/index.php\/club\/bassins\/\" \/>\n<meta property=\"og:site_name\" content=\"AMM85\" \/>\n<meta property=\"article:modified_time\" content=\"2024-03-16T11:30:04+00:00\" \/>\n<meta property=\"og:image\" content=\"https:\/\/amm85.fr\/wp-content\/uploads\/2024\/02\/acces-bibrou.jpg\" \/>\n<meta name=\"twitter:card\" content=\"summary_large_image\" \/>\n<meta name=\"twitter:label1\" content=\"Dur\u00e9e de lecture estim\u00e9e\" \/>\n\t<meta name=\"twitter:data1\" content=\"1 minute\" \/>\n<script type=\"application\/ld+json\" class=\"yoast-schema-graph\">{\"@context\":\"https:\/\/schema.org\",\"@graph\":[{\"@type\":\"WebPage\",\"@id\":\"https:\/\/amm85.fr\/index.php\/club\/bassins\/\",\"url\":\"https:\/\/amm85.fr\/index.php\/club\/bassins\/\",\"name\":\"Les bassins - AMM85\",\"isPartOf\":{\"@id\":\"https:\/\/amm85.fr\/#website\"},\"primaryImageOfPage\":{\"@id\":\"https:\/\/amm85.fr\/index.php\/club\/bassins\/#primaryimage\"},\"image\":{\"@id\":\"https:\/\/amm85.fr\/index.php\/club\/bassins\/#primaryimage\"},\"thumbnailUrl\":\"https:\/\/amm85.fr\/wp-content\/uploads\/2024\/02\/acces-bibrou.jpg\",\"datePublished\":\"2024-02-26T12:22:26+00:00\",\"dateModified\":\"2024-03-16T11:30:04+00:00\",\"breadcrumb\":{\"@id\":\"https:\/\/amm85.fr\/index.php\/club\/bassins\/#breadcrumb\"},\"inLanguage\":\"fr-FR\",\"potentialAction\":[{\"@type\":\"ReadAction\",\"target\":[\"https:\/\/amm85.fr\/index.php\/club\/bassins\/\"]}]},{\"@type\":\"ImageObject\",\"inLanguage\":\"fr-FR\",\"@id\":\"https:\/\/amm85.fr\/index.php\/club\/bassins\/#primaryimage\",\"url\":\"https:\/\/amm85.fr\/wp-content\/uploads\/2024\/02\/acces-bibrou.jpg\",\"contentUrl\":\"https:\/\/amm85.fr\/wp-content\/uploads\/2024\/02\/acces-bibrou.jpg\",\"width\":892,\"height\":909},{\"@type\":\"BreadcrumbList\",\"@id\":\"https:\/\/amm85.fr\/index.php\/club\/bassins\/#breadcrumb\",\"itemListElement\":[{\"@type\":\"ListItem\",\"position\":1,\"name\":\"Accueil\",\"item\":\"https:\/\/amm85.fr\/\"},{\"@type\":\"ListItem\",\"position\":2,\"name\":\"Le Club\",\"item\":\"https:\/\/amm85.fr\/index.php\/club\/\"},{\"@type\":\"ListItem\",\"position\":3,\"name\":\"Les bassins\"}]},{\"@type\":\"WebSite\",\"@id\":\"https:\/\/amm85.fr\/#website\",\"url\":\"https:\/\/amm85.fr\/\",\"name\":\"AMM85\",\"description\":\"Association de mod\u00e9lisme Mothais : naval et  camion. Navigation, construction,  exposition. achards  situ\u00e9 dans la commune des Achards 85150 en Vend\u00e9e\",\"publisher\":{\"@id\":\"https:\/\/amm85.fr\/#organization\"},\"potentialAction\":[{\"@type\":\"SearchAction\",\"target\":{\"@type\":\"EntryPoint\",\"urlTemplate\":\"https:\/\/amm85.fr\/?s={search_term_string}\"},\"query-input\":{\"@type\":\"PropertyValueSpecification\",\"valueRequired\":true,\"valueName\":\"search_term_string\"}}],\"inLanguage\":\"fr-FR\"},{\"@type\":\"Organization\",\"@id\":\"https:\/\/amm85.fr\/#organization\",\"name\":\"Amicale du mod\u00e9lisme mothais\",\"url\":\"https:\/\/amm85.fr\/\",\"logo\":{\"@type\":\"ImageObject\",\"inLanguage\":\"fr-FR\",\"@id\":\"https:\/\/amm85.fr\/#\/schema\/logo\/image\/\",\"url\":\"\",\"contentUrl\":\"\",\"caption\":\"Amicale du mod\u00e9lisme mothais\"},\"image\":{\"@id\":\"https:\/\/amm85.fr\/#\/schema\/logo\/image\/\"}}]}<\/script>\n<!-- \/ Yoast SEO plugin. -->","yoast_head_json":{"title":"Les bassins - AMM85","robots":{"index":"index","follow":"follow","max-snippet":"max-snippet:-1","max-image-preview":"max-image-preview:large","max-video-preview":"max-video-preview:-1"},"canonical":"https:\/\/amm85.fr\/index.php\/club\/bassins\/","og_locale":"fr_FR","og_type":"article","og_title":"Les bassins - AMM85","og_description":"Etang du Bibrou quartier de la Mothe Achard Acc\u00e8s r\u00e9serv\u00e9e les jours de manifestation Apr\u00e8s avoir d\u00e9charg\u00e9 les v\u00e9hicules, ils doivent \u00eatre gar\u00e9s sur le parking. La municipalit\u00e9 demande de&hellip;&nbsp;Lire la suite &raquo;Les bassins","og_url":"https:\/\/amm85.fr\/index.php\/club\/bassins\/","og_site_name":"AMM85","article_modified_time":"2024-03-16T11:30:04+00:00","og_image":[{"url":"https:\/\/amm85.fr\/wp-content\/uploads\/2024\/02\/acces-bibrou.jpg","type":"","width":"","height":""}],"twitter_card":"summary_large_image","twitter_misc":{"Dur\u00e9e de lecture estim\u00e9e":"1 minute"},"schema":{"@context":"https:\/\/schema.org","@graph":[{"@type":"WebPage","@id":"https:\/\/amm85.fr\/index.php\/club\/bassins\/","url":"https:\/\/amm85.fr\/index.php\/club\/bassins\/","name":"Les bassins - AMM85","isPartOf":{"@id":"https:\/\/amm85.fr\/#website"},"primaryImageOfPage":{"@id":"https:\/\/amm85.fr\/index.php\/club\/bassins\/#primaryimage"},"image":{"@id":"https:\/\/amm85.fr\/index.php\/club\/bassins\/#primaryimage"},"thumbnailUrl":"https:\/\/amm85.fr\/wp-content\/uploads\/2024\/02\/acces-bibrou.jpg","datePublished":"2024-02-26T12:22:26+00:00","dateModified":"2024-03-16T11:30:04+00:00","breadcrumb":{"@id":"https:\/\/amm85.fr\/index.php\/club\/bassins\/#breadcrumb"},"inLanguage":"fr-FR","potentialAction":[{"@type":"ReadAction","target":["https:\/\/amm85.fr\/index.php\/club\/bassins\/"]}]},{"@type":"ImageObject","inLanguage":"fr-FR","@id":"https:\/\/amm85.fr\/index.php\/club\/bassins\/#primaryimage","url":"https:\/\/amm85.fr\/wp-content\/uploads\/2024\/02\/acces-bibrou.jpg","contentUrl":"https:\/\/amm85.fr\/wp-content\/uploads\/2024\/02\/acces-bibrou.jpg","width":892,"height":909},{"@type":"BreadcrumbList","@id":"https:\/\/amm85.fr\/index.php\/club\/bassins\/#breadcrumb","itemListElement":[{"@type":"ListItem","position":1,"name":"Accueil","item":"https:\/\/amm85.fr\/"},{"@type":"ListItem","position":2,"name":"Le Club","item":"https:\/\/amm85.fr\/index.php\/club\/"},{"@type":"ListItem","position":3,"name":"Les bassins"}]},{"@type":"WebSite","@id":"https:\/\/amm85.fr\/#website","url":"https:\/\/amm85.fr\/","name":"AMM85","description":"Association de mod\u00e9lisme Mothais : naval et  camion. Navigation, construction,  exposition. achards  situ\u00e9 dans la commune des Achards 85150 en Vend\u00e9e","publisher":{"@id":"https:\/\/amm85.fr\/#organization"},"potentialAction":[{"@type":"SearchAction","target":{"@type":"EntryPoint","urlTemplate":"https:\/\/amm85.fr\/?s={search_term_string}"},"query-input":{"@type":"PropertyValueSpecification","valueRequired":true,"valueName":"search_term_string"}}],"inLanguage":"fr-FR"},{"@type":"Organization","@id":"https:\/\/amm85.fr\/#organization","name":"Amicale du mod\u00e9lisme mothais","url":"https:\/\/amm85.fr\/","logo":{"@type":"ImageObject","inLanguage":"fr-FR","@id":"https:\/\/amm85.fr\/#\/schema\/logo\/image\/","url":"","contentUrl":"","caption":"Amicale du mod\u00e9lisme mothais"},"image":{"@id":"https:\/\/amm85.fr\/#\/schema\/logo\/image\/"}}]}},"_links":{"self":[{"href":"https:\/\/amm85.fr\/index.php\/wp-json\/wp\/v2\/pages\/215","targetHints":{"allow":["GET"]}}],"collection":[{"href":"https:\/\/amm85.fr\/index.php\/wp-json\/wp\/v2\/pages"}],"about":[{"href":"https:\/\/amm85.fr\/index.php\/wp-json\/wp\/v2\/types\/page"}],"author":[{"embeddable":true,"href":"https:\/\/amm85.fr\/index.php\/wp-json\/wp\/v2\/users\/4"}],"replies":[{"embeddable":true,"href":"https:\/\/amm85.fr\/index.php\/wp-json\/wp\/v2\/comments?post=215"}],"version-history":[{"count":5,"href":"https:\/\/amm85.fr\/index.php\/wp-json\/wp\/v2\/pages\/215\/revisions"}],"predecessor-version":[{"id":788,"href":"https:\/\/amm85.fr\/index.php\/wp-json\/wp\/v2\/pages\/215\/revisions\/788"}],"up":[{"embeddable":true,"href":"https:\/\/amm85.fr\/index.php\/wp-json\/wp\/v2\/pages\/50"}],"wp:attachment":[{"href":"https:\/\/amm85.fr\/index.php\/wp-json\/wp\/v2\/media?parent=215"}],"curies":[{"name":"wp","href":"https:\/\/api.w.org\/{rel}","templated":true}]}}