{"id":2149,"date":"2024-07-22T11:08:36","date_gmt":"2024-07-22T09:08:36","guid":{"rendered":"https:\/\/amm85.fr\/?page_id=2149"},"modified":"2024-07-24T14:41:27","modified_gmt":"2024-07-24T12:41:27","slug":"loriot-14-juillet-2024","status":"publish","type":"page","link":"https:\/\/amm85.fr\/index.php\/navigations\/2024-2\/loriot-14-juillet-2024\/","title":{"rendered":"Le 14 juillet 2024 Jardin du Loriot"},"content":{"rendered":"\n<div class=\"wp-block-group is-nowrap is-layout-flex wp-container-core-group-is-layout-ad2f72ca wp-block-group-is-layout-flex\">\n<h1 class=\"wp-block-heading\"><\/h1>\n\n\n\n<figure class=\"wp-block-image size-large is-resized is-style-rounded\"><img loading=\"lazy\" decoding=\"async\" width=\"1024\" height=\"768\" src=\"https:\/\/amm85.fr\/wp-content\/uploads\/2024\/07\/loriot2413-1024x768.jpg\" alt=\"\" class=\"wp-image-2150\" style=\"width:1042px;height:auto\" srcset=\"https:\/\/amm85.fr\/wp-content\/uploads\/2024\/07\/loriot2413-1024x768.jpg 1024w, https:\/\/amm85.fr\/wp-content\/uploads\/2024\/07\/loriot2413-300x225.jpg 300w, https:\/\/amm85.fr\/wp-content\/uploads\/2024\/07\/loriot2413-768x576.jpg 768w, https:\/\/amm85.fr\/wp-content\/uploads\/2024\/07\/loriot2413-1536x1152.jpg 1536w, https:\/\/amm85.fr\/wp-content\/uploads\/2024\/07\/loriot2413.jpg 1612w\" sizes=\"auto, (max-width: 1024px) 100vw, 1024px\" \/><\/figure>\n<\/div>\n\n\n\n<p><strong><em>LES JARDINS DU LORIOT<\/em><\/strong> <a href=\"https:\/\/www.jardinsduloriot.fr\/\" target=\"_blank\" rel=\"noreferrer noopener\">https:\/\/www.jardinsduloriot.fr\/<\/a><\/p>\n\n\n<div class=\"wp-block-image\">\n<figure class=\"aligncenter size-full is-resized\"><img loading=\"lazy\" decoding=\"async\" width=\"1024\" height=\"654\" src=\"http:\/\/amm85.fr\/wp-content\/uploads\/2024\/07\/loriot-2401.jpg\" alt=\"\" class=\"wp-image-2162\" style=\"width:867px;height:auto\" srcset=\"https:\/\/amm85.fr\/wp-content\/uploads\/2024\/07\/loriot-2401.jpg 1024w, https:\/\/amm85.fr\/wp-content\/uploads\/2024\/07\/loriot-2401-300x192.jpg 300w, https:\/\/amm85.fr\/wp-content\/uploads\/2024\/07\/loriot-2401-768x491.jpg 768w\" sizes=\"auto, (max-width: 1024px) 100vw, 1024px\" \/><figcaption class=\"wp-element-caption\"><strong>La mise \u00e0 l&#8217;eau depuis le ponton<\/strong><\/figcaption><\/figure>\n<\/div>\n\n\n<figure class=\"wp-block-gallery has-nested-images columns-default is-cropped wp-block-gallery-1 is-layout-flex wp-block-gallery-is-layout-flex\">\n<figure class=\"wp-block-image size-large\"><img loading=\"lazy\" decoding=\"async\" width=\"784\" height=\"1024\" data-id=\"2198\" src=\"https:\/\/amm85.fr\/wp-content\/uploads\/2024\/07\/loriot2408-1-784x1024.jpg\" alt=\"\" class=\"wp-image-2198\" srcset=\"https:\/\/amm85.fr\/wp-content\/uploads\/2024\/07\/loriot2408-1-784x1024.jpg 784w, https:\/\/amm85.fr\/wp-content\/uploads\/2024\/07\/loriot2408-1-230x300.jpg 230w, https:\/\/amm85.fr\/wp-content\/uploads\/2024\/07\/loriot2408-1-768x1004.jpg 768w, https:\/\/amm85.fr\/wp-content\/uploads\/2024\/07\/loriot2408-1.jpg 844w\" sizes=\"auto, (max-width: 784px) 100vw, 784px\" \/><\/figure>\n\n\n\n<figure class=\"wp-block-image size-large\"><img loading=\"lazy\" decoding=\"async\" width=\"844\" height=\"1024\" data-id=\"2201\" src=\"https:\/\/amm85.fr\/wp-content\/uploads\/2024\/07\/loriot2407-3-844x1024.jpg\" alt=\"\" class=\"wp-image-2201\" srcset=\"https:\/\/amm85.fr\/wp-content\/uploads\/2024\/07\/loriot2407-3-844x1024.jpg 844w, https:\/\/amm85.fr\/wp-content\/uploads\/2024\/07\/loriot2407-3-247x300.jpg 247w, https:\/\/amm85.fr\/wp-content\/uploads\/2024\/07\/loriot2407-3-768x931.jpg 768w, https:\/\/amm85.fr\/wp-content\/uploads\/2024\/07\/loriot2407-3.jpg 964w\" sizes=\"auto, (max-width: 844px) 100vw, 844px\" \/><\/figure>\n<\/figure>\n\n\n\n<h2 class=\"wp-block-heading\"><\/h2>\n\n\n\n<figure class=\"wp-block-gallery has-nested-images columns-default is-cropped wp-block-gallery-2 is-layout-flex wp-block-gallery-is-layout-flex\">\n<figure class=\"wp-block-image size-large\"><img loading=\"lazy\" decoding=\"async\" width=\"1024\" height=\"782\" data-id=\"2171\" src=\"https:\/\/amm85.fr\/wp-content\/uploads\/2024\/07\/loriot2409-1024x782.jpg\" alt=\"\" class=\"wp-image-2171\" srcset=\"https:\/\/amm85.fr\/wp-content\/uploads\/2024\/07\/loriot2409-1024x782.jpg 1024w, https:\/\/amm85.fr\/wp-content\/uploads\/2024\/07\/loriot2409-300x229.jpg 300w, https:\/\/amm85.fr\/wp-content\/uploads\/2024\/07\/loriot2409-768x587.jpg 768w, https:\/\/amm85.fr\/wp-content\/uploads\/2024\/07\/loriot2409-1536x1173.jpg 1536w, https:\/\/amm85.fr\/wp-content\/uploads\/2024\/07\/loriot2409.jpg 2016w\" sizes=\"auto, (max-width: 1024px) 100vw, 1024px\" \/><figcaption class=\"wp-element-caption\"><strong>l&#8217;ap\u00e9ro<\/strong><\/figcaption><\/figure>\n\n\n\n<figure class=\"wp-block-image size-large\"><img loading=\"lazy\" decoding=\"async\" width=\"1024\" height=\"659\" data-id=\"2170\" src=\"https:\/\/amm85.fr\/wp-content\/uploads\/2024\/07\/loriot2410-1024x659.jpg\" alt=\"\" class=\"wp-image-2170\" srcset=\"https:\/\/amm85.fr\/wp-content\/uploads\/2024\/07\/loriot2410-1024x659.jpg 1024w, https:\/\/amm85.fr\/wp-content\/uploads\/2024\/07\/loriot2410-300x193.jpg 300w, https:\/\/amm85.fr\/wp-content\/uploads\/2024\/07\/loriot2410-768x494.jpg 768w, https:\/\/amm85.fr\/wp-content\/uploads\/2024\/07\/loriot2410-1536x988.jpg 1536w, https:\/\/amm85.fr\/wp-content\/uploads\/2024\/07\/loriot2410.jpg 1570w\" sizes=\"auto, (max-width: 1024px) 100vw, 1024px\" \/><figcaption class=\"wp-element-caption\"><strong>La restauration<\/strong><\/figcaption><\/figure>\n\n\n\n<figure class=\"wp-block-image size-large\"><img loading=\"lazy\" decoding=\"async\" width=\"1024\" height=\"699\" data-id=\"2169\" src=\"https:\/\/amm85.fr\/wp-content\/uploads\/2024\/07\/loriot2411-1024x699.jpg\" alt=\"\" class=\"wp-image-2169\" srcset=\"https:\/\/amm85.fr\/wp-content\/uploads\/2024\/07\/loriot2411-1024x699.jpg 1024w, https:\/\/amm85.fr\/wp-content\/uploads\/2024\/07\/loriot2411-300x205.jpg 300w, https:\/\/amm85.fr\/wp-content\/uploads\/2024\/07\/loriot2411-768x524.jpg 768w, https:\/\/amm85.fr\/wp-content\/uploads\/2024\/07\/loriot2411.jpg 1519w\" sizes=\"auto, (max-width: 1024px) 100vw, 1024px\" \/><figcaption class=\"wp-element-caption\"><strong>Les dames font salon<\/strong><\/figcaption><\/figure>\n<\/figure>\n\n\n\n<h2 class=\"wp-block-heading\"><\/h2>\n\n\n<div class=\"wp-block-image\">\n<figure class=\"aligncenter size-large\"><img loading=\"lazy\" decoding=\"async\" width=\"1024\" height=\"561\" src=\"https:\/\/amm85.fr\/wp-content\/uploads\/2024\/07\/loriot2412-1-1024x561.jpg\" alt=\"\" class=\"wp-image-2202\" srcset=\"https:\/\/amm85.fr\/wp-content\/uploads\/2024\/07\/loriot2412-1-1024x561.jpg 1024w, https:\/\/amm85.fr\/wp-content\/uploads\/2024\/07\/loriot2412-1-300x164.jpg 300w, https:\/\/amm85.fr\/wp-content\/uploads\/2024\/07\/loriot2412-1-768x421.jpg 768w, https:\/\/amm85.fr\/wp-content\/uploads\/2024\/07\/loriot2412-1-1536x841.jpg 1536w, https:\/\/amm85.fr\/wp-content\/uploads\/2024\/07\/loriot2412-1.jpg 1939w\" sizes=\"auto, (max-width: 1024px) 100vw, 1024px\" \/><figcaption class=\"wp-element-caption\"><strong>On y retourne ?<\/strong><\/figcaption><\/figure>\n<\/div>\n\n\n<figure class=\"wp-block-video\"><video height=\"720\" style=\"aspect-ratio: 1280 \/ 720;\" width=\"1280\" controls src=\"http:\/\/amm85.fr\/wp-content\/uploads\/2024\/07\/loriot.mp4\"><\/video><\/figure>\n\n\n\n<h2 class=\"wp-block-heading\"><\/h2>\n\n\n\n<figure class=\"wp-block-gallery has-nested-images columns-default is-cropped wp-block-gallery-3 is-layout-flex wp-block-gallery-is-layout-flex\">\n<figure class=\"wp-block-image size-large is-style-rounded\"><img loading=\"lazy\" decoding=\"async\" width=\"614\" height=\"1024\" data-id=\"2183\" src=\"https:\/\/amm85.fr\/wp-content\/uploads\/2024\/07\/loriot2415-1-614x1024.jpg\" alt=\"\" class=\"wp-image-2183\" srcset=\"https:\/\/amm85.fr\/wp-content\/uploads\/2024\/07\/loriot2415-1-614x1024.jpg 614w, https:\/\/amm85.fr\/wp-content\/uploads\/2024\/07\/loriot2415-1-180x300.jpg 180w, https:\/\/amm85.fr\/wp-content\/uploads\/2024\/07\/loriot2415-1.jpg 708w\" sizes=\"auto, (max-width: 614px) 100vw, 614px\" \/><\/figure>\n\n\n\n<figure class=\"wp-block-image size-large is-style-rounded\"><img loading=\"lazy\" decoding=\"async\" width=\"576\" height=\"1024\" data-id=\"2179\" src=\"https:\/\/amm85.fr\/wp-content\/uploads\/2024\/07\/loriot2402-576x1024.jpg\" alt=\"\" class=\"wp-image-2179\" srcset=\"https:\/\/amm85.fr\/wp-content\/uploads\/2024\/07\/loriot2402-576x1024.jpg 576w, https:\/\/amm85.fr\/wp-content\/uploads\/2024\/07\/loriot2402-169x300.jpg 169w, https:\/\/amm85.fr\/wp-content\/uploads\/2024\/07\/loriot2402-768x1365.jpg 768w, https:\/\/amm85.fr\/wp-content\/uploads\/2024\/07\/loriot2402-864x1536.jpg 864w, https:\/\/amm85.fr\/wp-content\/uploads\/2024\/07\/loriot2402.jpg 907w\" sizes=\"auto, (max-width: 576px) 100vw, 576px\" \/><\/figure>\n\n\n\n<figure class=\"wp-block-image size-large is-style-rounded\"><img loading=\"lazy\" decoding=\"async\" width=\"596\" height=\"1024\" data-id=\"2184\" src=\"https:\/\/amm85.fr\/wp-content\/uploads\/2024\/07\/loriot2416-2-596x1024.jpg\" alt=\"\" class=\"wp-image-2184\" srcset=\"https:\/\/amm85.fr\/wp-content\/uploads\/2024\/07\/loriot2416-2-596x1024.jpg 596w, https:\/\/amm85.fr\/wp-content\/uploads\/2024\/07\/loriot2416-2-175x300.jpg 175w, https:\/\/amm85.fr\/wp-content\/uploads\/2024\/07\/loriot2416-2-768x1320.jpg 768w, https:\/\/amm85.fr\/wp-content\/uploads\/2024\/07\/loriot2416-2.jpg 776w\" sizes=\"auto, (max-width: 596px) 100vw, 596px\" \/><\/figure>\n<\/figure>\n\n\n\n<p class=\"has-text-align-center\"><strong>Les ornements des jardins du Loriot<\/strong><\/p>\n\n\n\n<figure class=\"wp-block-gallery has-nested-images columns-default is-cropped wp-block-gallery-4 is-layout-flex wp-block-gallery-is-layout-flex\">\n<figure class=\"wp-block-image size-large\"><img loading=\"lazy\" decoding=\"async\" width=\"1024\" height=\"735\" data-id=\"2172\" src=\"https:\/\/amm85.fr\/wp-content\/uploads\/2024\/07\/loriot2406-1024x735.jpg\" alt=\"\" class=\"wp-image-2172\" srcset=\"https:\/\/amm85.fr\/wp-content\/uploads\/2024\/07\/loriot2406-1024x735.jpg 1024w, https:\/\/amm85.fr\/wp-content\/uploads\/2024\/07\/loriot2406-300x215.jpg 300w, https:\/\/amm85.fr\/wp-content\/uploads\/2024\/07\/loriot2406-768x551.jpg 768w, https:\/\/amm85.fr\/wp-content\/uploads\/2024\/07\/loriot2406-1536x1103.jpg 1536w, https:\/\/amm85.fr\/wp-content\/uploads\/2024\/07\/loriot2406-2048x1470.jpg 2048w\" sizes=\"auto, (max-width: 1024px) 100vw, 1024px\" \/><\/figure>\n<\/figure>\n\n\n\n<p class=\"has-text-align-center\"><\/p>\n\n\n\n<h5 class=\"wp-block-heading has-text-align-center\">A l&#8217;ann\u00e9e prochaine.<\/h5>\n","protected":false},"excerpt":{"rendered":"<p>LES JARDINS DU LORIOT https:\/\/www.jardinsduloriot.fr\/ Les ornements des jardins du Loriot A l&#8217;ann\u00e9e prochaine.<\/p>\n","protected":false},"author":3,"featured_media":0,"parent":1509,"menu_order":130,"comment_status":"closed","ping_status":"closed","template":"","meta":{"neve_meta_sidebar":"","neve_meta_container":"","neve_meta_enable_content_width":"","neve_meta_content_width":0,"neve_meta_title_alignment":"","neve_meta_author_avatar":"","neve_post_elements_order":"","neve_meta_disable_header":"","neve_meta_disable_footer":"","neve_meta_disable_title":"","footnotes":""},"class_list":["post-2149","page","type-page","status-publish","hentry"],"yoast_head":"<!-- This site is optimized with the Yoast SEO plugin v26.3 - https:\/\/yoast.com\/wordpress\/plugins\/seo\/ -->\n<title>Le 14 juillet 2024 Jardin du Loriot - AMM85<\/title>\n<meta name=\"robots\" content=\"index, follow, max-snippet:-1, max-image-preview:large, max-video-preview:-1\" \/>\n<link rel=\"canonical\" href=\"https:\/\/amm85.fr\/index.php\/navigations\/2024-2\/loriot-14-juillet-2024\/\" \/>\n<meta property=\"og:locale\" content=\"fr_FR\" \/>\n<meta property=\"og:type\" content=\"article\" \/>\n<meta property=\"og:title\" content=\"Le 14 juillet 2024 Jardin du Loriot - AMM85\" \/>\n<meta property=\"og:description\" content=\"LES JARDINS DU LORIOT https:\/\/www.jardinsduloriot.fr\/ Les ornements des jardins du Loriot A l&#8217;ann\u00e9e prochaine.\" \/>\n<meta property=\"og:url\" content=\"https:\/\/amm85.fr\/index.php\/navigations\/2024-2\/loriot-14-juillet-2024\/\" \/>\n<meta property=\"og:site_name\" content=\"AMM85\" \/>\n<meta property=\"article:modified_time\" content=\"2024-07-24T12:41:27+00:00\" \/>\n<meta property=\"og:image\" content=\"https:\/\/amm85.fr\/wp-content\/uploads\/2024\/07\/loriot2413-1024x768.jpg\" \/>\n<meta name=\"twitter:card\" content=\"summary_large_image\" \/>\n<meta name=\"twitter:label1\" content=\"Dur\u00e9e de lecture estim\u00e9e\" \/>\n\t<meta name=\"twitter:data1\" content=\"3 minutes\" \/>\n<script type=\"application\/ld+json\" class=\"yoast-schema-graph\">{\"@context\":\"https:\/\/schema.org\",\"@graph\":[{\"@type\":\"WebPage\",\"@id\":\"https:\/\/amm85.fr\/index.php\/navigations\/2024-2\/loriot-14-juillet-2024\/\",\"url\":\"https:\/\/amm85.fr\/index.php\/navigations\/2024-2\/loriot-14-juillet-2024\/\",\"name\":\"Le 14 juillet 2024 Jardin du Loriot - AMM85\",\"isPartOf\":{\"@id\":\"https:\/\/amm85.fr\/#website\"},\"primaryImageOfPage\":{\"@id\":\"https:\/\/amm85.fr\/index.php\/navigations\/2024-2\/loriot-14-juillet-2024\/#primaryimage\"},\"image\":{\"@id\":\"https:\/\/amm85.fr\/index.php\/navigations\/2024-2\/loriot-14-juillet-2024\/#primaryimage\"},\"thumbnailUrl\":\"https:\/\/amm85.fr\/wp-content\/uploads\/2024\/07\/loriot2413-1024x768.jpg\",\"datePublished\":\"2024-07-22T09:08:36+00:00\",\"dateModified\":\"2024-07-24T12:41:27+00:00\",\"breadcrumb\":{\"@id\":\"https:\/\/amm85.fr\/index.php\/navigations\/2024-2\/loriot-14-juillet-2024\/#breadcrumb\"},\"inLanguage\":\"fr-FR\",\"potentialAction\":[{\"@type\":\"ReadAction\",\"target\":[\"https:\/\/amm85.fr\/index.php\/navigations\/2024-2\/loriot-14-juillet-2024\/\"]}]},{\"@type\":\"ImageObject\",\"inLanguage\":\"fr-FR\",\"@id\":\"https:\/\/amm85.fr\/index.php\/navigations\/2024-2\/loriot-14-juillet-2024\/#primaryimage\",\"url\":\"https:\/\/amm85.fr\/wp-content\/uploads\/2024\/07\/loriot2413.jpg\",\"contentUrl\":\"https:\/\/amm85.fr\/wp-content\/uploads\/2024\/07\/loriot2413.jpg\",\"width\":1612,\"height\":1209},{\"@type\":\"BreadcrumbList\",\"@id\":\"https:\/\/amm85.fr\/index.php\/navigations\/2024-2\/loriot-14-juillet-2024\/#breadcrumb\",\"itemListElement\":[{\"@type\":\"ListItem\",\"position\":1,\"name\":\"Accueil\",\"item\":\"https:\/\/amm85.fr\/\"},{\"@type\":\"ListItem\",\"position\":2,\"name\":\"Navigations\",\"item\":\"https:\/\/amm85.fr\/index.php\/navigations\/\"},{\"@type\":\"ListItem\",\"position\":3,\"name\":\"2024\",\"item\":\"https:\/\/amm85.fr\/index.php\/navigations\/2024-2\/\"},{\"@type\":\"ListItem\",\"position\":4,\"name\":\"Le 14 juillet 2024 Jardin du Loriot\"}]},{\"@type\":\"WebSite\",\"@id\":\"https:\/\/amm85.fr\/#website\",\"url\":\"https:\/\/amm85.fr\/\",\"name\":\"AMM85\",\"description\":\"Association de mod\u00e9lisme Mothais : naval et  camion. Navigation, construction,  exposition. achards  situ\u00e9 dans la commune des Achards 85150 en Vend\u00e9e\",\"publisher\":{\"@id\":\"https:\/\/amm85.fr\/#organization\"},\"potentialAction\":[{\"@type\":\"SearchAction\",\"target\":{\"@type\":\"EntryPoint\",\"urlTemplate\":\"https:\/\/amm85.fr\/?s={search_term_string}\"},\"query-input\":{\"@type\":\"PropertyValueSpecification\",\"valueRequired\":true,\"valueName\":\"search_term_string\"}}],\"inLanguage\":\"fr-FR\"},{\"@type\":\"Organization\",\"@id\":\"https:\/\/amm85.fr\/#organization\",\"name\":\"Amicale du mod\u00e9lisme mothais\",\"url\":\"https:\/\/amm85.fr\/\",\"logo\":{\"@type\":\"ImageObject\",\"inLanguage\":\"fr-FR\",\"@id\":\"https:\/\/amm85.fr\/#\/schema\/logo\/image\/\",\"url\":\"\",\"contentUrl\":\"\",\"caption\":\"Amicale du mod\u00e9lisme mothais\"},\"image\":{\"@id\":\"https:\/\/amm85.fr\/#\/schema\/logo\/image\/\"}}]}<\/script>\n<!-- \/ Yoast SEO plugin. -->","yoast_head_json":{"title":"Le 14 juillet 2024 Jardin du Loriot - AMM85","robots":{"index":"index","follow":"follow","max-snippet":"max-snippet:-1","max-image-preview":"max-image-preview:large","max-video-preview":"max-video-preview:-1"},"canonical":"https:\/\/amm85.fr\/index.php\/navigations\/2024-2\/loriot-14-juillet-2024\/","og_locale":"fr_FR","og_type":"article","og_title":"Le 14 juillet 2024 Jardin du Loriot - AMM85","og_description":"LES JARDINS DU LORIOT https:\/\/www.jardinsduloriot.fr\/ Les ornements des jardins du Loriot A l&#8217;ann\u00e9e prochaine.","og_url":"https:\/\/amm85.fr\/index.php\/navigations\/2024-2\/loriot-14-juillet-2024\/","og_site_name":"AMM85","article_modified_time":"2024-07-24T12:41:27+00:00","og_image":[{"url":"https:\/\/amm85.fr\/wp-content\/uploads\/2024\/07\/loriot2413-1024x768.jpg","type":"","width":"","height":""}],"twitter_card":"summary_large_image","twitter_misc":{"Dur\u00e9e de lecture estim\u00e9e":"3 minutes"},"schema":{"@context":"https:\/\/schema.org","@graph":[{"@type":"WebPage","@id":"https:\/\/amm85.fr\/index.php\/navigations\/2024-2\/loriot-14-juillet-2024\/","url":"https:\/\/amm85.fr\/index.php\/navigations\/2024-2\/loriot-14-juillet-2024\/","name":"Le 14 juillet 2024 Jardin du Loriot - AMM85","isPartOf":{"@id":"https:\/\/amm85.fr\/#website"},"primaryImageOfPage":{"@id":"https:\/\/amm85.fr\/index.php\/navigations\/2024-2\/loriot-14-juillet-2024\/#primaryimage"},"image":{"@id":"https:\/\/amm85.fr\/index.php\/navigations\/2024-2\/loriot-14-juillet-2024\/#primaryimage"},"thumbnailUrl":"https:\/\/amm85.fr\/wp-content\/uploads\/2024\/07\/loriot2413-1024x768.jpg","datePublished":"2024-07-22T09:08:36+00:00","dateModified":"2024-07-24T12:41:27+00:00","breadcrumb":{"@id":"https:\/\/amm85.fr\/index.php\/navigations\/2024-2\/loriot-14-juillet-2024\/#breadcrumb"},"inLanguage":"fr-FR","potentialAction":[{"@type":"ReadAction","target":["https:\/\/amm85.fr\/index.php\/navigations\/2024-2\/loriot-14-juillet-2024\/"]}]},{"@type":"ImageObject","inLanguage":"fr-FR","@id":"https:\/\/amm85.fr\/index.php\/navigations\/2024-2\/loriot-14-juillet-2024\/#primaryimage","url":"https:\/\/amm85.fr\/wp-content\/uploads\/2024\/07\/loriot2413.jpg","contentUrl":"https:\/\/amm85.fr\/wp-content\/uploads\/2024\/07\/loriot2413.jpg","width":1612,"height":1209},{"@type":"BreadcrumbList","@id":"https:\/\/amm85.fr\/index.php\/navigations\/2024-2\/loriot-14-juillet-2024\/#breadcrumb","itemListElement":[{"@type":"ListItem","position":1,"name":"Accueil","item":"https:\/\/amm85.fr\/"},{"@type":"ListItem","position":2,"name":"Navigations","item":"https:\/\/amm85.fr\/index.php\/navigations\/"},{"@type":"ListItem","position":3,"name":"2024","item":"https:\/\/amm85.fr\/index.php\/navigations\/2024-2\/"},{"@type":"ListItem","position":4,"name":"Le 14 juillet 2024 Jardin du Loriot"}]},{"@type":"WebSite","@id":"https:\/\/amm85.fr\/#website","url":"https:\/\/amm85.fr\/","name":"AMM85","description":"Association de mod\u00e9lisme Mothais : naval et  camion. Navigation, construction,  exposition. achards  situ\u00e9 dans la commune des Achards 85150 en Vend\u00e9e","publisher":{"@id":"https:\/\/amm85.fr\/#organization"},"potentialAction":[{"@type":"SearchAction","target":{"@type":"EntryPoint","urlTemplate":"https:\/\/amm85.fr\/?s={search_term_string}"},"query-input":{"@type":"PropertyValueSpecification","valueRequired":true,"valueName":"search_term_string"}}],"inLanguage":"fr-FR"},{"@type":"Organization","@id":"https:\/\/amm85.fr\/#organization","name":"Amicale du mod\u00e9lisme mothais","url":"https:\/\/amm85.fr\/","logo":{"@type":"ImageObject","inLanguage":"fr-FR","@id":"https:\/\/amm85.fr\/#\/schema\/logo\/image\/","url":"","contentUrl":"","caption":"Amicale du mod\u00e9lisme mothais"},"image":{"@id":"https:\/\/amm85.fr\/#\/schema\/logo\/image\/"}}]}},"_links":{"self":[{"href":"https:\/\/amm85.fr\/index.php\/wp-json\/wp\/v2\/pages\/2149","targetHints":{"allow":["GET"]}}],"collection":[{"href":"https:\/\/amm85.fr\/index.php\/wp-json\/wp\/v2\/pages"}],"about":[{"href":"https:\/\/amm85.fr\/index.php\/wp-json\/wp\/v2\/types\/page"}],"author":[{"embeddable":true,"href":"https:\/\/amm85.fr\/index.php\/wp-json\/wp\/v2\/users\/3"}],"replies":[{"embeddable":true,"href":"https:\/\/amm85.fr\/index.php\/wp-json\/wp\/v2\/comments?post=2149"}],"version-history":[{"count":20,"href":"https:\/\/amm85.fr\/index.php\/wp-json\/wp\/v2\/pages\/2149\/revisions"}],"predecessor-version":[{"id":2209,"href":"https:\/\/amm85.fr\/index.php\/wp-json\/wp\/v2\/pages\/2149\/revisions\/2209"}],"up":[{"embeddable":true,"href":"https:\/\/amm85.fr\/index.php\/wp-json\/wp\/v2\/pages\/1509"}],"wp:attachment":[{"href":"https:\/\/amm85.fr\/index.php\/wp-json\/wp\/v2\/media?parent=2149"}],"curies":[{"name":"wp","href":"https:\/\/api.w.org\/{rel}","templated":true}]}}