{"id":213,"date":"2024-02-26T13:22:05","date_gmt":"2024-02-26T12:22:05","guid":{"rendered":"https:\/\/amm85.fr\/?page_id=213"},"modified":"2024-06-18T19:47:03","modified_gmt":"2024-06-18T17:47:03","slug":"latelier","status":"publish","type":"page","link":"https:\/\/amm85.fr\/index.php\/club\/latelier\/","title":{"rendered":"L&#8217;atelier"},"content":{"rendered":"\n<p>10 place de l&#8217;hotel de ville &#8211; 85150 Les achards<\/p>\n\n\n\n<figure class=\"wp-block-image size-large is-resized\"><img loading=\"lazy\" decoding=\"async\" width=\"1024\" height=\"751\" src=\"http:\/\/amm85.fr\/wp-content\/uploads\/2024\/04\/atelier-1024x751.jpg\" alt=\"\" class=\"wp-image-1337\" style=\"width:614px;height:auto\" srcset=\"https:\/\/amm85.fr\/wp-content\/uploads\/2024\/04\/atelier-1024x751.jpg 1024w, https:\/\/amm85.fr\/wp-content\/uploads\/2024\/04\/atelier-300x220.jpg 300w, https:\/\/amm85.fr\/wp-content\/uploads\/2024\/04\/atelier-768x563.jpg 768w, https:\/\/amm85.fr\/wp-content\/uploads\/2024\/04\/atelier.jpg 1248w\" sizes=\"auto, (max-width: 1024px) 100vw, 1024px\" \/><figcaption class=\"wp-element-caption\"><strong>Le local<\/strong> <strong>vue de l&#8217;ext\u00e9rieur<\/strong><\/figcaption><\/figure>\n\n\n\n<p><em>Tour \u00e0 m\u00e9taux, Scie \u00e0 chantourner, scie \u00e0 ruban&#8230;<\/em><\/p>\n\n\n\n<p>&nbsp;Les r\u00e9unions ont lieu les&nbsp; samedi de 14h \u00e0 17 h30.<\/p>\n\n\n\n<p> Atelier de travail les mardi matin et \/ ou apr\u00e8s-midi<\/p>\n\n\n\n<h2 class=\"wp-block-heading\">Adh\u00e9rents en pleine r\u00e9flexion<\/h2>\n\n\n\n<figure class=\"wp-block-gallery has-nested-images columns-default is-cropped wp-block-gallery-1 is-layout-flex wp-block-gallery-is-layout-flex\">\n<figure class=\"wp-block-image size-large\"><img loading=\"lazy\" decoding=\"async\" width=\"1024\" height=\"768\" data-id=\"947\" src=\"https:\/\/amm85.fr\/wp-content\/uploads\/2024\/03\/atelier2-1024x768.jpg\" alt=\"\" class=\"wp-image-947\" srcset=\"https:\/\/amm85.fr\/wp-content\/uploads\/2024\/03\/atelier2-1024x768.jpg 1024w, https:\/\/amm85.fr\/wp-content\/uploads\/2024\/03\/atelier2-300x225.jpg 300w, https:\/\/amm85.fr\/wp-content\/uploads\/2024\/03\/atelier2-768x576.jpg 768w, https:\/\/amm85.fr\/wp-content\/uploads\/2024\/03\/atelier2.jpg 1305w\" sizes=\"auto, (max-width: 1024px) 100vw, 1024px\" \/><\/figure>\n\n\n\n<figure class=\"wp-block-image size-large\"><img loading=\"lazy\" decoding=\"async\" width=\"1024\" height=\"768\" data-id=\"946\" src=\"https:\/\/amm85.fr\/wp-content\/uploads\/2024\/03\/atelier1-1024x768.jpg\" alt=\"\" class=\"wp-image-946\" srcset=\"https:\/\/amm85.fr\/wp-content\/uploads\/2024\/03\/atelier1-1024x768.jpg 1024w, https:\/\/amm85.fr\/wp-content\/uploads\/2024\/03\/atelier1-300x225.jpg 300w, https:\/\/amm85.fr\/wp-content\/uploads\/2024\/03\/atelier1-768x576.jpg 768w, https:\/\/amm85.fr\/wp-content\/uploads\/2024\/03\/atelier1-1536x1152.jpg 1536w, https:\/\/amm85.fr\/wp-content\/uploads\/2024\/03\/atelier1.jpg 1632w\" sizes=\"auto, (max-width: 1024px) 100vw, 1024px\" \/><\/figure>\n<\/figure>\n\n\n\n<figure class=\"wp-block-gallery has-nested-images columns-default is-cropped wp-block-gallery-2 is-layout-flex wp-block-gallery-is-layout-flex\">\n<figure class=\"wp-block-image size-large\"><img loading=\"lazy\" decoding=\"async\" width=\"1024\" height=\"768\" data-id=\"1774\" src=\"https:\/\/amm85.fr\/wp-content\/uploads\/2024\/06\/01-2-1024x768.jpg\" alt=\"\" class=\"wp-image-1774\" srcset=\"https:\/\/amm85.fr\/wp-content\/uploads\/2024\/06\/01-2-1024x768.jpg 1024w, https:\/\/amm85.fr\/wp-content\/uploads\/2024\/06\/01-2-300x225.jpg 300w, https:\/\/amm85.fr\/wp-content\/uploads\/2024\/06\/01-2-768x576.jpg 768w, https:\/\/amm85.fr\/wp-content\/uploads\/2024\/06\/01-2.jpg 1500w\" sizes=\"auto, (max-width: 1024px) 100vw, 1024px\" \/><\/figure>\n\n\n\n<figure class=\"wp-block-image size-large\"><img loading=\"lazy\" decoding=\"async\" width=\"1024\" height=\"576\" data-id=\"1775\" src=\"https:\/\/amm85.fr\/wp-content\/uploads\/2024\/06\/02-3-1024x576.jpg\" alt=\"\" class=\"wp-image-1775\" srcset=\"https:\/\/amm85.fr\/wp-content\/uploads\/2024\/06\/02-3-1024x576.jpg 1024w, https:\/\/amm85.fr\/wp-content\/uploads\/2024\/06\/02-3-300x169.jpg 300w, https:\/\/amm85.fr\/wp-content\/uploads\/2024\/06\/02-3-768x432.jpg 768w, https:\/\/amm85.fr\/wp-content\/uploads\/2024\/06\/02-3.jpg 1500w\" sizes=\"auto, (max-width: 1024px) 100vw, 1024px\" \/><\/figure>\n\n\n\n<figure class=\"wp-block-image size-large\"><img loading=\"lazy\" decoding=\"async\" width=\"1024\" height=\"768\" data-id=\"1776\" src=\"https:\/\/amm85.fr\/wp-content\/uploads\/2024\/06\/03-2-1024x768.jpg\" alt=\"\" class=\"wp-image-1776\" srcset=\"https:\/\/amm85.fr\/wp-content\/uploads\/2024\/06\/03-2-1024x768.jpg 1024w, https:\/\/amm85.fr\/wp-content\/uploads\/2024\/06\/03-2-300x225.jpg 300w, https:\/\/amm85.fr\/wp-content\/uploads\/2024\/06\/03-2-768x576.jpg 768w, https:\/\/amm85.fr\/wp-content\/uploads\/2024\/06\/03-2-1536x1152.jpg 1536w, https:\/\/amm85.fr\/wp-content\/uploads\/2024\/06\/03-2.jpg 2040w\" sizes=\"auto, (max-width: 1024px) 100vw, 1024px\" \/><\/figure>\n<\/figure>\n","protected":false},"excerpt":{"rendered":"<p>10 place de l&#8217;hotel de ville &#8211; 85150 Les achards Tour \u00e0 m\u00e9taux, Scie \u00e0 chantourner, scie \u00e0 ruban&#8230; &nbsp;Les r\u00e9unions ont lieu les&nbsp; samedi de 14h \u00e0 17 h30.&hellip;&nbsp;<a href=\"https:\/\/amm85.fr\/index.php\/club\/latelier\/\" rel=\"bookmark\">Lire la suite &raquo;<span class=\"screen-reader-text\">L&#8217;atelier<\/span><\/a><\/p>\n","protected":false},"author":4,"featured_media":0,"parent":50,"menu_order":20,"comment_status":"closed","ping_status":"closed","template":"","meta":{"neve_meta_sidebar":"","neve_meta_container":"","neve_meta_enable_content_width":"","neve_meta_content_width":0,"neve_meta_title_alignment":"","neve_meta_author_avatar":"","neve_post_elements_order":"","neve_meta_disable_header":"","neve_meta_disable_footer":"","neve_meta_disable_title":"","footnotes":""},"class_list":["post-213","page","type-page","status-publish","hentry"],"yoast_head":"<!-- This site is optimized with the Yoast SEO plugin v26.3 - https:\/\/yoast.com\/wordpress\/plugins\/seo\/ -->\n<title>L&#039;atelier - AMM85<\/title>\n<meta name=\"robots\" content=\"index, follow, max-snippet:-1, max-image-preview:large, max-video-preview:-1\" \/>\n<link rel=\"canonical\" href=\"https:\/\/amm85.fr\/index.php\/club\/latelier\/\" \/>\n<meta property=\"og:locale\" content=\"fr_FR\" \/>\n<meta property=\"og:type\" content=\"article\" \/>\n<meta property=\"og:title\" content=\"L&#039;atelier - AMM85\" \/>\n<meta property=\"og:description\" content=\"10 place de l&#8217;hotel de ville &#8211; 85150 Les achards Tour \u00e0 m\u00e9taux, Scie \u00e0 chantourner, scie \u00e0 ruban&#8230; &nbsp;Les r\u00e9unions ont lieu les&nbsp; samedi de 14h \u00e0 17 h30.&hellip;&nbsp;Lire la suite &raquo;L&#8217;atelier\" \/>\n<meta property=\"og:url\" content=\"https:\/\/amm85.fr\/index.php\/club\/latelier\/\" \/>\n<meta property=\"og:site_name\" content=\"AMM85\" \/>\n<meta property=\"article:modified_time\" content=\"2024-06-18T17:47:03+00:00\" \/>\n<meta property=\"og:image\" content=\"http:\/\/amm85.fr\/wp-content\/uploads\/2024\/04\/atelier-1024x751.jpg\" \/>\n<meta name=\"twitter:card\" content=\"summary_large_image\" \/>\n<meta name=\"twitter:label1\" content=\"Dur\u00e9e de lecture estim\u00e9e\" \/>\n\t<meta name=\"twitter:data1\" content=\"2 minutes\" \/>\n<script type=\"application\/ld+json\" class=\"yoast-schema-graph\">{\"@context\":\"https:\/\/schema.org\",\"@graph\":[{\"@type\":\"WebPage\",\"@id\":\"https:\/\/amm85.fr\/index.php\/club\/latelier\/\",\"url\":\"https:\/\/amm85.fr\/index.php\/club\/latelier\/\",\"name\":\"L'atelier - AMM85\",\"isPartOf\":{\"@id\":\"https:\/\/amm85.fr\/#website\"},\"primaryImageOfPage\":{\"@id\":\"https:\/\/amm85.fr\/index.php\/club\/latelier\/#primaryimage\"},\"image\":{\"@id\":\"https:\/\/amm85.fr\/index.php\/club\/latelier\/#primaryimage\"},\"thumbnailUrl\":\"http:\/\/amm85.fr\/wp-content\/uploads\/2024\/04\/atelier-1024x751.jpg\",\"datePublished\":\"2024-02-26T12:22:05+00:00\",\"dateModified\":\"2024-06-18T17:47:03+00:00\",\"breadcrumb\":{\"@id\":\"https:\/\/amm85.fr\/index.php\/club\/latelier\/#breadcrumb\"},\"inLanguage\":\"fr-FR\",\"potentialAction\":[{\"@type\":\"ReadAction\",\"target\":[\"https:\/\/amm85.fr\/index.php\/club\/latelier\/\"]}]},{\"@type\":\"ImageObject\",\"inLanguage\":\"fr-FR\",\"@id\":\"https:\/\/amm85.fr\/index.php\/club\/latelier\/#primaryimage\",\"url\":\"https:\/\/amm85.fr\/wp-content\/uploads\/2024\/04\/atelier.jpg\",\"contentUrl\":\"https:\/\/amm85.fr\/wp-content\/uploads\/2024\/04\/atelier.jpg\",\"width\":1248,\"height\":915},{\"@type\":\"BreadcrumbList\",\"@id\":\"https:\/\/amm85.fr\/index.php\/club\/latelier\/#breadcrumb\",\"itemListElement\":[{\"@type\":\"ListItem\",\"position\":1,\"name\":\"Accueil\",\"item\":\"https:\/\/amm85.fr\/\"},{\"@type\":\"ListItem\",\"position\":2,\"name\":\"Le Club\",\"item\":\"https:\/\/amm85.fr\/index.php\/club\/\"},{\"@type\":\"ListItem\",\"position\":3,\"name\":\"L&#8217;atelier\"}]},{\"@type\":\"WebSite\",\"@id\":\"https:\/\/amm85.fr\/#website\",\"url\":\"https:\/\/amm85.fr\/\",\"name\":\"AMM85\",\"description\":\"Association de mod\u00e9lisme Mothais : naval et  camion. Navigation, construction,  exposition. achards  situ\u00e9 dans la commune des Achards 85150 en Vend\u00e9e\",\"publisher\":{\"@id\":\"https:\/\/amm85.fr\/#organization\"},\"potentialAction\":[{\"@type\":\"SearchAction\",\"target\":{\"@type\":\"EntryPoint\",\"urlTemplate\":\"https:\/\/amm85.fr\/?s={search_term_string}\"},\"query-input\":{\"@type\":\"PropertyValueSpecification\",\"valueRequired\":true,\"valueName\":\"search_term_string\"}}],\"inLanguage\":\"fr-FR\"},{\"@type\":\"Organization\",\"@id\":\"https:\/\/amm85.fr\/#organization\",\"name\":\"Amicale du mod\u00e9lisme mothais\",\"url\":\"https:\/\/amm85.fr\/\",\"logo\":{\"@type\":\"ImageObject\",\"inLanguage\":\"fr-FR\",\"@id\":\"https:\/\/amm85.fr\/#\/schema\/logo\/image\/\",\"url\":\"\",\"contentUrl\":\"\",\"caption\":\"Amicale du mod\u00e9lisme mothais\"},\"image\":{\"@id\":\"https:\/\/amm85.fr\/#\/schema\/logo\/image\/\"}}]}<\/script>\n<!-- \/ Yoast SEO plugin. -->","yoast_head_json":{"title":"L'atelier - AMM85","robots":{"index":"index","follow":"follow","max-snippet":"max-snippet:-1","max-image-preview":"max-image-preview:large","max-video-preview":"max-video-preview:-1"},"canonical":"https:\/\/amm85.fr\/index.php\/club\/latelier\/","og_locale":"fr_FR","og_type":"article","og_title":"L'atelier - AMM85","og_description":"10 place de l&#8217;hotel de ville &#8211; 85150 Les achards Tour \u00e0 m\u00e9taux, Scie \u00e0 chantourner, scie \u00e0 ruban&#8230; &nbsp;Les r\u00e9unions ont lieu les&nbsp; samedi de 14h \u00e0 17 h30.&hellip;&nbsp;Lire la suite &raquo;L&#8217;atelier","og_url":"https:\/\/amm85.fr\/index.php\/club\/latelier\/","og_site_name":"AMM85","article_modified_time":"2024-06-18T17:47:03+00:00","og_image":[{"url":"http:\/\/amm85.fr\/wp-content\/uploads\/2024\/04\/atelier-1024x751.jpg","type":"","width":"","height":""}],"twitter_card":"summary_large_image","twitter_misc":{"Dur\u00e9e de lecture estim\u00e9e":"2 minutes"},"schema":{"@context":"https:\/\/schema.org","@graph":[{"@type":"WebPage","@id":"https:\/\/amm85.fr\/index.php\/club\/latelier\/","url":"https:\/\/amm85.fr\/index.php\/club\/latelier\/","name":"L'atelier - AMM85","isPartOf":{"@id":"https:\/\/amm85.fr\/#website"},"primaryImageOfPage":{"@id":"https:\/\/amm85.fr\/index.php\/club\/latelier\/#primaryimage"},"image":{"@id":"https:\/\/amm85.fr\/index.php\/club\/latelier\/#primaryimage"},"thumbnailUrl":"http:\/\/amm85.fr\/wp-content\/uploads\/2024\/04\/atelier-1024x751.jpg","datePublished":"2024-02-26T12:22:05+00:00","dateModified":"2024-06-18T17:47:03+00:00","breadcrumb":{"@id":"https:\/\/amm85.fr\/index.php\/club\/latelier\/#breadcrumb"},"inLanguage":"fr-FR","potentialAction":[{"@type":"ReadAction","target":["https:\/\/amm85.fr\/index.php\/club\/latelier\/"]}]},{"@type":"ImageObject","inLanguage":"fr-FR","@id":"https:\/\/amm85.fr\/index.php\/club\/latelier\/#primaryimage","url":"https:\/\/amm85.fr\/wp-content\/uploads\/2024\/04\/atelier.jpg","contentUrl":"https:\/\/amm85.fr\/wp-content\/uploads\/2024\/04\/atelier.jpg","width":1248,"height":915},{"@type":"BreadcrumbList","@id":"https:\/\/amm85.fr\/index.php\/club\/latelier\/#breadcrumb","itemListElement":[{"@type":"ListItem","position":1,"name":"Accueil","item":"https:\/\/amm85.fr\/"},{"@type":"ListItem","position":2,"name":"Le Club","item":"https:\/\/amm85.fr\/index.php\/club\/"},{"@type":"ListItem","position":3,"name":"L&#8217;atelier"}]},{"@type":"WebSite","@id":"https:\/\/amm85.fr\/#website","url":"https:\/\/amm85.fr\/","name":"AMM85","description":"Association de mod\u00e9lisme Mothais : naval et  camion. Navigation, construction,  exposition. achards  situ\u00e9 dans la commune des Achards 85150 en Vend\u00e9e","publisher":{"@id":"https:\/\/amm85.fr\/#organization"},"potentialAction":[{"@type":"SearchAction","target":{"@type":"EntryPoint","urlTemplate":"https:\/\/amm85.fr\/?s={search_term_string}"},"query-input":{"@type":"PropertyValueSpecification","valueRequired":true,"valueName":"search_term_string"}}],"inLanguage":"fr-FR"},{"@type":"Organization","@id":"https:\/\/amm85.fr\/#organization","name":"Amicale du mod\u00e9lisme mothais","url":"https:\/\/amm85.fr\/","logo":{"@type":"ImageObject","inLanguage":"fr-FR","@id":"https:\/\/amm85.fr\/#\/schema\/logo\/image\/","url":"","contentUrl":"","caption":"Amicale du mod\u00e9lisme mothais"},"image":{"@id":"https:\/\/amm85.fr\/#\/schema\/logo\/image\/"}}]}},"_links":{"self":[{"href":"https:\/\/amm85.fr\/index.php\/wp-json\/wp\/v2\/pages\/213","targetHints":{"allow":["GET"]}}],"collection":[{"href":"https:\/\/amm85.fr\/index.php\/wp-json\/wp\/v2\/pages"}],"about":[{"href":"https:\/\/amm85.fr\/index.php\/wp-json\/wp\/v2\/types\/page"}],"author":[{"embeddable":true,"href":"https:\/\/amm85.fr\/index.php\/wp-json\/wp\/v2\/users\/4"}],"replies":[{"embeddable":true,"href":"https:\/\/amm85.fr\/index.php\/wp-json\/wp\/v2\/comments?post=213"}],"version-history":[{"count":10,"href":"https:\/\/amm85.fr\/index.php\/wp-json\/wp\/v2\/pages\/213\/revisions"}],"predecessor-version":[{"id":1778,"href":"https:\/\/amm85.fr\/index.php\/wp-json\/wp\/v2\/pages\/213\/revisions\/1778"}],"up":[{"embeddable":true,"href":"https:\/\/amm85.fr\/index.php\/wp-json\/wp\/v2\/pages\/50"}],"wp:attachment":[{"href":"https:\/\/amm85.fr\/index.php\/wp-json\/wp\/v2\/media?parent=213"}],"curies":[{"name":"wp","href":"https:\/\/api.w.org\/{rel}","templated":true}]}}