{"id":2067,"date":"2024-07-07T08:19:53","date_gmt":"2024-07-07T06:19:53","guid":{"rendered":"https:\/\/amm85.fr\/?page_id=2067"},"modified":"2024-09-12T14:59:39","modified_gmt":"2024-09-12T12:59:39","slug":"benne-amplirol-en-3d-de-jean-francois","status":"publish","type":"page","link":"https:\/\/amm85.fr\/index.php\/nos-realisations\/camions\/benne-amplirol-en-3d-de-jean-francois\/","title":{"rendered":"Benne Amplirol en 3D (Jean-Fran\u00e7ois)"},"content":{"rendered":"\n<div style=\"height:100px\" aria-hidden=\"true\" class=\"wp-block-spacer\"><\/div>\n\n\n\n<figure class=\"wp-block-gallery has-nested-images columns-default is-cropped wp-block-gallery-1 is-layout-flex wp-block-gallery-is-layout-flex\">\n<figure class=\"wp-block-image size-large\"><img loading=\"lazy\" decoding=\"async\" width=\"768\" height=\"1024\" data-id=\"2068\" src=\"https:\/\/amm85.fr\/wp-content\/uploads\/2024\/07\/1719948071766-768x1024.jpg\" alt=\"\" class=\"wp-image-2068\" srcset=\"https:\/\/amm85.fr\/wp-content\/uploads\/2024\/07\/1719948071766-768x1024.jpg 768w, https:\/\/amm85.fr\/wp-content\/uploads\/2024\/07\/1719948071766-225x300.jpg 225w, https:\/\/amm85.fr\/wp-content\/uploads\/2024\/07\/1719948071766-1152x1536.jpg 1152w, https:\/\/amm85.fr\/wp-content\/uploads\/2024\/07\/1719948071766.jpg 1200w\" sizes=\"auto, (max-width: 768px) 100vw, 768px\" \/><\/figure>\n\n\n\n<figure class=\"wp-block-image size-large\"><img loading=\"lazy\" decoding=\"async\" width=\"768\" height=\"1024\" data-id=\"2069\" src=\"https:\/\/amm85.fr\/wp-content\/uploads\/2024\/07\/1719948071770-768x1024.jpg\" alt=\"\" class=\"wp-image-2069\" srcset=\"https:\/\/amm85.fr\/wp-content\/uploads\/2024\/07\/1719948071770-768x1024.jpg 768w, https:\/\/amm85.fr\/wp-content\/uploads\/2024\/07\/1719948071770-225x300.jpg 225w, https:\/\/amm85.fr\/wp-content\/uploads\/2024\/07\/1719948071770-1152x1536.jpg 1152w, https:\/\/amm85.fr\/wp-content\/uploads\/2024\/07\/1719948071770.jpg 1200w\" sizes=\"auto, (max-width: 768px) 100vw, 768px\" \/><\/figure>\n<\/figure>\n\n\n\n<figure class=\"wp-block-gallery has-nested-images columns-default is-cropped wp-block-gallery-2 is-layout-flex wp-block-gallery-is-layout-flex\">\n<figure class=\"wp-block-image size-large\"><img loading=\"lazy\" decoding=\"async\" width=\"768\" height=\"1024\" data-id=\"2071\" src=\"https:\/\/amm85.fr\/wp-content\/uploads\/2024\/07\/1719948071761-768x1024.jpg\" alt=\"\" class=\"wp-image-2071\" srcset=\"https:\/\/amm85.fr\/wp-content\/uploads\/2024\/07\/1719948071761-768x1024.jpg 768w, https:\/\/amm85.fr\/wp-content\/uploads\/2024\/07\/1719948071761-225x300.jpg 225w, https:\/\/amm85.fr\/wp-content\/uploads\/2024\/07\/1719948071761-1152x1536.jpg 1152w, https:\/\/amm85.fr\/wp-content\/uploads\/2024\/07\/1719948071761.jpg 1200w\" sizes=\"auto, (max-width: 768px) 100vw, 768px\" \/><\/figure>\n\n\n\n<figure class=\"wp-block-image size-large\"><img loading=\"lazy\" decoding=\"async\" width=\"768\" height=\"1024\" data-id=\"2070\" src=\"https:\/\/amm85.fr\/wp-content\/uploads\/2024\/07\/1719948071757-768x1024.jpg\" alt=\"\" class=\"wp-image-2070\" srcset=\"https:\/\/amm85.fr\/wp-content\/uploads\/2024\/07\/1719948071757-768x1024.jpg 768w, https:\/\/amm85.fr\/wp-content\/uploads\/2024\/07\/1719948071757-225x300.jpg 225w, https:\/\/amm85.fr\/wp-content\/uploads\/2024\/07\/1719948071757-1152x1536.jpg 1152w, https:\/\/amm85.fr\/wp-content\/uploads\/2024\/07\/1719948071757.jpg 1200w\" sizes=\"auto, (max-width: 768px) 100vw, 768px\" \/><\/figure>\n<\/figure>\n\n\n\n<div style=\"height:100px\" aria-hidden=\"true\" class=\"wp-block-spacer\"><\/div>\n\n\n\n<figure class=\"wp-block-gallery has-nested-images columns-default is-cropped wp-block-gallery-3 is-layout-flex wp-block-gallery-is-layout-flex\">\n<figure class=\"wp-block-image size-large\"><img loading=\"lazy\" decoding=\"async\" width=\"768\" height=\"1024\" data-id=\"2343\" src=\"https:\/\/amm85.fr\/wp-content\/uploads\/2024\/09\/1725958470303-768x1024.jpg\" alt=\"\" class=\"wp-image-2343\" srcset=\"https:\/\/amm85.fr\/wp-content\/uploads\/2024\/09\/1725958470303-768x1024.jpg 768w, https:\/\/amm85.fr\/wp-content\/uploads\/2024\/09\/1725958470303-225x300.jpg 225w, https:\/\/amm85.fr\/wp-content\/uploads\/2024\/09\/1725958470303-1152x1536.jpg 1152w, https:\/\/amm85.fr\/wp-content\/uploads\/2024\/09\/1725958470303.jpg 1200w\" sizes=\"auto, (max-width: 768px) 100vw, 768px\" \/><\/figure>\n\n\n\n<figure class=\"wp-block-image size-large\"><img loading=\"lazy\" decoding=\"async\" width=\"768\" height=\"1024\" data-id=\"2342\" src=\"https:\/\/amm85.fr\/wp-content\/uploads\/2024\/09\/1725958470312-768x1024.jpg\" alt=\"\" class=\"wp-image-2342\" srcset=\"https:\/\/amm85.fr\/wp-content\/uploads\/2024\/09\/1725958470312-768x1024.jpg 768w, https:\/\/amm85.fr\/wp-content\/uploads\/2024\/09\/1725958470312-225x300.jpg 225w, https:\/\/amm85.fr\/wp-content\/uploads\/2024\/09\/1725958470312-1152x1536.jpg 1152w, https:\/\/amm85.fr\/wp-content\/uploads\/2024\/09\/1725958470312.jpg 1200w\" sizes=\"auto, (max-width: 768px) 100vw, 768px\" \/><\/figure>\n\n\n\n<figure class=\"wp-block-image size-large\"><img loading=\"lazy\" decoding=\"async\" width=\"768\" height=\"1024\" data-id=\"2344\" src=\"https:\/\/amm85.fr\/wp-content\/uploads\/2024\/09\/1725958470320-768x1024.jpg\" alt=\"\" class=\"wp-image-2344\" srcset=\"https:\/\/amm85.fr\/wp-content\/uploads\/2024\/09\/1725958470320-768x1024.jpg 768w, https:\/\/amm85.fr\/wp-content\/uploads\/2024\/09\/1725958470320-225x300.jpg 225w, https:\/\/amm85.fr\/wp-content\/uploads\/2024\/09\/1725958470320-1152x1536.jpg 1152w, https:\/\/amm85.fr\/wp-content\/uploads\/2024\/09\/1725958470320.jpg 1200w\" sizes=\"auto, (max-width: 768px) 100vw, 768px\" \/><\/figure>\n<\/figure>\n\n\n\n<div style=\"height:100px\" aria-hidden=\"true\" class=\"wp-block-spacer\"><\/div>\n\n\n\n<figure class=\"wp-block-gallery has-nested-images columns-default is-cropped wp-block-gallery-4 is-layout-flex wp-block-gallery-is-layout-flex\">\n<figure class=\"wp-block-image size-large\"><img loading=\"lazy\" decoding=\"async\" width=\"1024\" height=\"768\" data-id=\"2345\" src=\"https:\/\/amm85.fr\/wp-content\/uploads\/2024\/09\/01-1-1024x768.jpg\" alt=\"\" class=\"wp-image-2345\" srcset=\"https:\/\/amm85.fr\/wp-content\/uploads\/2024\/09\/01-1-1024x768.jpg 1024w, https:\/\/amm85.fr\/wp-content\/uploads\/2024\/09\/01-1-300x225.jpg 300w, https:\/\/amm85.fr\/wp-content\/uploads\/2024\/09\/01-1-768x576.jpg 768w, https:\/\/amm85.fr\/wp-content\/uploads\/2024\/09\/01-1.jpg 1500w\" sizes=\"auto, (max-width: 1024px) 100vw, 1024px\" \/><\/figure>\n\n\n\n<figure class=\"wp-block-image size-large\"><img loading=\"lazy\" decoding=\"async\" width=\"768\" height=\"1024\" data-id=\"2346\" src=\"https:\/\/amm85.fr\/wp-content\/uploads\/2024\/09\/02-1-768x1024.jpg\" alt=\"\" class=\"wp-image-2346\" srcset=\"https:\/\/amm85.fr\/wp-content\/uploads\/2024\/09\/02-1-768x1024.jpg 768w, https:\/\/amm85.fr\/wp-content\/uploads\/2024\/09\/02-1-225x300.jpg 225w, https:\/\/amm85.fr\/wp-content\/uploads\/2024\/09\/02-1-1152x1536.jpg 1152w, https:\/\/amm85.fr\/wp-content\/uploads\/2024\/09\/02-1.jpg 1500w\" sizes=\"auto, (max-width: 768px) 100vw, 768px\" \/><\/figure>\n\n\n\n<figure class=\"wp-block-image size-large\"><img loading=\"lazy\" decoding=\"async\" width=\"768\" height=\"1024\" data-id=\"2347\" src=\"https:\/\/amm85.fr\/wp-content\/uploads\/2024\/09\/03-768x1024.jpg\" alt=\"\" class=\"wp-image-2347\" srcset=\"https:\/\/amm85.fr\/wp-content\/uploads\/2024\/09\/03-768x1024.jpg 768w, https:\/\/amm85.fr\/wp-content\/uploads\/2024\/09\/03-225x300.jpg 225w, https:\/\/amm85.fr\/wp-content\/uploads\/2024\/09\/03-1152x1536.jpg 1152w, https:\/\/amm85.fr\/wp-content\/uploads\/2024\/09\/03-1536x2048.jpg 1536w, https:\/\/amm85.fr\/wp-content\/uploads\/2024\/09\/03-scaled.jpg 1920w\" sizes=\"auto, (max-width: 768px) 100vw, 768px\" \/><\/figure>\n<\/figure>\n\n\n\n<div style=\"height:100px\" aria-hidden=\"true\" class=\"wp-block-spacer\"><\/div>\n","protected":false},"excerpt":{"rendered":"","protected":false},"author":2,"featured_media":0,"parent":456,"menu_order":0,"comment_status":"closed","ping_status":"closed","template":"","meta":{"neve_meta_sidebar":"","neve_meta_container":"","neve_meta_enable_content_width":"","neve_meta_content_width":0,"neve_meta_title_alignment":"","neve_meta_author_avatar":"","neve_post_elements_order":"","neve_meta_disable_header":"","neve_meta_disable_footer":"","neve_meta_disable_title":"","footnotes":""},"class_list":["post-2067","page","type-page","status-publish","hentry"],"yoast_head":"<!-- This site is optimized with the Yoast SEO plugin v26.3 - https:\/\/yoast.com\/wordpress\/plugins\/seo\/ -->\n<title>Benne Amplirol en 3D (Jean-Fran\u00e7ois) - AMM85<\/title>\n<meta name=\"robots\" content=\"index, follow, max-snippet:-1, max-image-preview:large, max-video-preview:-1\" \/>\n<link rel=\"canonical\" href=\"https:\/\/amm85.fr\/index.php\/nos-realisations\/camions\/benne-amplirol-en-3d-de-jean-francois\/\" \/>\n<meta property=\"og:locale\" content=\"fr_FR\" \/>\n<meta property=\"og:type\" content=\"article\" \/>\n<meta property=\"og:title\" content=\"Benne Amplirol en 3D (Jean-Fran\u00e7ois) - AMM85\" \/>\n<meta property=\"og:url\" content=\"https:\/\/amm85.fr\/index.php\/nos-realisations\/camions\/benne-amplirol-en-3d-de-jean-francois\/\" \/>\n<meta property=\"og:site_name\" content=\"AMM85\" \/>\n<meta property=\"article:modified_time\" content=\"2024-09-12T12:59:39+00:00\" \/>\n<meta property=\"og:image\" content=\"https:\/\/amm85.fr\/wp-content\/uploads\/2024\/07\/1719948071766-768x1024.jpg\" \/>\n<meta name=\"twitter:card\" content=\"summary_large_image\" \/>\n<meta name=\"twitter:label1\" content=\"Dur\u00e9e de lecture estim\u00e9e\" \/>\n\t<meta name=\"twitter:data1\" content=\"2 minutes\" \/>\n<script type=\"application\/ld+json\" class=\"yoast-schema-graph\">{\"@context\":\"https:\/\/schema.org\",\"@graph\":[{\"@type\":\"WebPage\",\"@id\":\"https:\/\/amm85.fr\/index.php\/nos-realisations\/camions\/benne-amplirol-en-3d-de-jean-francois\/\",\"url\":\"https:\/\/amm85.fr\/index.php\/nos-realisations\/camions\/benne-amplirol-en-3d-de-jean-francois\/\",\"name\":\"Benne Amplirol en 3D (Jean-Fran\u00e7ois) - AMM85\",\"isPartOf\":{\"@id\":\"https:\/\/amm85.fr\/#website\"},\"primaryImageOfPage\":{\"@id\":\"https:\/\/amm85.fr\/index.php\/nos-realisations\/camions\/benne-amplirol-en-3d-de-jean-francois\/#primaryimage\"},\"image\":{\"@id\":\"https:\/\/amm85.fr\/index.php\/nos-realisations\/camions\/benne-amplirol-en-3d-de-jean-francois\/#primaryimage\"},\"thumbnailUrl\":\"https:\/\/amm85.fr\/wp-content\/uploads\/2024\/07\/1719948071766-768x1024.jpg\",\"datePublished\":\"2024-07-07T06:19:53+00:00\",\"dateModified\":\"2024-09-12T12:59:39+00:00\",\"breadcrumb\":{\"@id\":\"https:\/\/amm85.fr\/index.php\/nos-realisations\/camions\/benne-amplirol-en-3d-de-jean-francois\/#breadcrumb\"},\"inLanguage\":\"fr-FR\",\"potentialAction\":[{\"@type\":\"ReadAction\",\"target\":[\"https:\/\/amm85.fr\/index.php\/nos-realisations\/camions\/benne-amplirol-en-3d-de-jean-francois\/\"]}]},{\"@type\":\"ImageObject\",\"inLanguage\":\"fr-FR\",\"@id\":\"https:\/\/amm85.fr\/index.php\/nos-realisations\/camions\/benne-amplirol-en-3d-de-jean-francois\/#primaryimage\",\"url\":\"https:\/\/amm85.fr\/wp-content\/uploads\/2024\/07\/1719948071766.jpg\",\"contentUrl\":\"https:\/\/amm85.fr\/wp-content\/uploads\/2024\/07\/1719948071766.jpg\",\"width\":1200,\"height\":1600},{\"@type\":\"BreadcrumbList\",\"@id\":\"https:\/\/amm85.fr\/index.php\/nos-realisations\/camions\/benne-amplirol-en-3d-de-jean-francois\/#breadcrumb\",\"itemListElement\":[{\"@type\":\"ListItem\",\"position\":1,\"name\":\"Accueil\",\"item\":\"https:\/\/amm85.fr\/\"},{\"@type\":\"ListItem\",\"position\":2,\"name\":\"Nos r\u00e9alisations\",\"item\":\"https:\/\/amm85.fr\/index.php\/nos-realisations\/\"},{\"@type\":\"ListItem\",\"position\":3,\"name\":\"Nos camions et voitures\",\"item\":\"https:\/\/amm85.fr\/index.php\/nos-realisations\/camions\/\"},{\"@type\":\"ListItem\",\"position\":4,\"name\":\"Benne Amplirol en 3D (Jean-Fran\u00e7ois)\"}]},{\"@type\":\"WebSite\",\"@id\":\"https:\/\/amm85.fr\/#website\",\"url\":\"https:\/\/amm85.fr\/\",\"name\":\"AMM85\",\"description\":\"Association de mod\u00e9lisme Mothais : naval et  camion. Navigation, construction,  exposition. achards  situ\u00e9 dans la commune des Achards 85150 en Vend\u00e9e\",\"publisher\":{\"@id\":\"https:\/\/amm85.fr\/#organization\"},\"potentialAction\":[{\"@type\":\"SearchAction\",\"target\":{\"@type\":\"EntryPoint\",\"urlTemplate\":\"https:\/\/amm85.fr\/?s={search_term_string}\"},\"query-input\":{\"@type\":\"PropertyValueSpecification\",\"valueRequired\":true,\"valueName\":\"search_term_string\"}}],\"inLanguage\":\"fr-FR\"},{\"@type\":\"Organization\",\"@id\":\"https:\/\/amm85.fr\/#organization\",\"name\":\"Amicale du mod\u00e9lisme mothais\",\"url\":\"https:\/\/amm85.fr\/\",\"logo\":{\"@type\":\"ImageObject\",\"inLanguage\":\"fr-FR\",\"@id\":\"https:\/\/amm85.fr\/#\/schema\/logo\/image\/\",\"url\":\"\",\"contentUrl\":\"\",\"caption\":\"Amicale du mod\u00e9lisme mothais\"},\"image\":{\"@id\":\"https:\/\/amm85.fr\/#\/schema\/logo\/image\/\"}}]}<\/script>\n<!-- \/ Yoast SEO plugin. -->","yoast_head_json":{"title":"Benne Amplirol en 3D (Jean-Fran\u00e7ois) - AMM85","robots":{"index":"index","follow":"follow","max-snippet":"max-snippet:-1","max-image-preview":"max-image-preview:large","max-video-preview":"max-video-preview:-1"},"canonical":"https:\/\/amm85.fr\/index.php\/nos-realisations\/camions\/benne-amplirol-en-3d-de-jean-francois\/","og_locale":"fr_FR","og_type":"article","og_title":"Benne Amplirol en 3D (Jean-Fran\u00e7ois) - AMM85","og_url":"https:\/\/amm85.fr\/index.php\/nos-realisations\/camions\/benne-amplirol-en-3d-de-jean-francois\/","og_site_name":"AMM85","article_modified_time":"2024-09-12T12:59:39+00:00","og_image":[{"url":"https:\/\/amm85.fr\/wp-content\/uploads\/2024\/07\/1719948071766-768x1024.jpg","type":"","width":"","height":""}],"twitter_card":"summary_large_image","twitter_misc":{"Dur\u00e9e de lecture estim\u00e9e":"2 minutes"},"schema":{"@context":"https:\/\/schema.org","@graph":[{"@type":"WebPage","@id":"https:\/\/amm85.fr\/index.php\/nos-realisations\/camions\/benne-amplirol-en-3d-de-jean-francois\/","url":"https:\/\/amm85.fr\/index.php\/nos-realisations\/camions\/benne-amplirol-en-3d-de-jean-francois\/","name":"Benne Amplirol en 3D (Jean-Fran\u00e7ois) - AMM85","isPartOf":{"@id":"https:\/\/amm85.fr\/#website"},"primaryImageOfPage":{"@id":"https:\/\/amm85.fr\/index.php\/nos-realisations\/camions\/benne-amplirol-en-3d-de-jean-francois\/#primaryimage"},"image":{"@id":"https:\/\/amm85.fr\/index.php\/nos-realisations\/camions\/benne-amplirol-en-3d-de-jean-francois\/#primaryimage"},"thumbnailUrl":"https:\/\/amm85.fr\/wp-content\/uploads\/2024\/07\/1719948071766-768x1024.jpg","datePublished":"2024-07-07T06:19:53+00:00","dateModified":"2024-09-12T12:59:39+00:00","breadcrumb":{"@id":"https:\/\/amm85.fr\/index.php\/nos-realisations\/camions\/benne-amplirol-en-3d-de-jean-francois\/#breadcrumb"},"inLanguage":"fr-FR","potentialAction":[{"@type":"ReadAction","target":["https:\/\/amm85.fr\/index.php\/nos-realisations\/camions\/benne-amplirol-en-3d-de-jean-francois\/"]}]},{"@type":"ImageObject","inLanguage":"fr-FR","@id":"https:\/\/amm85.fr\/index.php\/nos-realisations\/camions\/benne-amplirol-en-3d-de-jean-francois\/#primaryimage","url":"https:\/\/amm85.fr\/wp-content\/uploads\/2024\/07\/1719948071766.jpg","contentUrl":"https:\/\/amm85.fr\/wp-content\/uploads\/2024\/07\/1719948071766.jpg","width":1200,"height":1600},{"@type":"BreadcrumbList","@id":"https:\/\/amm85.fr\/index.php\/nos-realisations\/camions\/benne-amplirol-en-3d-de-jean-francois\/#breadcrumb","itemListElement":[{"@type":"ListItem","position":1,"name":"Accueil","item":"https:\/\/amm85.fr\/"},{"@type":"ListItem","position":2,"name":"Nos r\u00e9alisations","item":"https:\/\/amm85.fr\/index.php\/nos-realisations\/"},{"@type":"ListItem","position":3,"name":"Nos camions et voitures","item":"https:\/\/amm85.fr\/index.php\/nos-realisations\/camions\/"},{"@type":"ListItem","position":4,"name":"Benne Amplirol en 3D (Jean-Fran\u00e7ois)"}]},{"@type":"WebSite","@id":"https:\/\/amm85.fr\/#website","url":"https:\/\/amm85.fr\/","name":"AMM85","description":"Association de mod\u00e9lisme Mothais : naval et  camion. Navigation, construction,  exposition. achards  situ\u00e9 dans la commune des Achards 85150 en Vend\u00e9e","publisher":{"@id":"https:\/\/amm85.fr\/#organization"},"potentialAction":[{"@type":"SearchAction","target":{"@type":"EntryPoint","urlTemplate":"https:\/\/amm85.fr\/?s={search_term_string}"},"query-input":{"@type":"PropertyValueSpecification","valueRequired":true,"valueName":"search_term_string"}}],"inLanguage":"fr-FR"},{"@type":"Organization","@id":"https:\/\/amm85.fr\/#organization","name":"Amicale du mod\u00e9lisme mothais","url":"https:\/\/amm85.fr\/","logo":{"@type":"ImageObject","inLanguage":"fr-FR","@id":"https:\/\/amm85.fr\/#\/schema\/logo\/image\/","url":"","contentUrl":"","caption":"Amicale du mod\u00e9lisme mothais"},"image":{"@id":"https:\/\/amm85.fr\/#\/schema\/logo\/image\/"}}]}},"_links":{"self":[{"href":"https:\/\/amm85.fr\/index.php\/wp-json\/wp\/v2\/pages\/2067","targetHints":{"allow":["GET"]}}],"collection":[{"href":"https:\/\/amm85.fr\/index.php\/wp-json\/wp\/v2\/pages"}],"about":[{"href":"https:\/\/amm85.fr\/index.php\/wp-json\/wp\/v2\/types\/page"}],"author":[{"embeddable":true,"href":"https:\/\/amm85.fr\/index.php\/wp-json\/wp\/v2\/users\/2"}],"replies":[{"embeddable":true,"href":"https:\/\/amm85.fr\/index.php\/wp-json\/wp\/v2\/comments?post=2067"}],"version-history":[{"count":3,"href":"https:\/\/amm85.fr\/index.php\/wp-json\/wp\/v2\/pages\/2067\/revisions"}],"predecessor-version":[{"id":2370,"href":"https:\/\/amm85.fr\/index.php\/wp-json\/wp\/v2\/pages\/2067\/revisions\/2370"}],"up":[{"embeddable":true,"href":"https:\/\/amm85.fr\/index.php\/wp-json\/wp\/v2\/pages\/456"}],"wp:attachment":[{"href":"https:\/\/amm85.fr\/index.php\/wp-json\/wp\/v2\/media?parent=2067"}],"curies":[{"name":"wp","href":"https:\/\/api.w.org\/{rel}","templated":true}]}}