{"id":1957,"date":"2024-06-24T13:30:02","date_gmt":"2024-06-24T11:30:02","guid":{"rendered":"https:\/\/amm85.fr\/?page_id=1957"},"modified":"2025-02-26T17:38:09","modified_gmt":"2025-02-26T16:38:09","slug":"le-zodiac-de-jean-jacques","status":"publish","type":"page","link":"https:\/\/amm85.fr\/index.php\/nos-realisations\/bateaux-de-plaisance\/le-zodiac-de-jean-jacques\/","title":{"rendered":"Le zodiac (Jean Jacques V)"},"content":{"rendered":"\n<div style=\"height:100px\" aria-hidden=\"true\" class=\"wp-block-spacer\"><\/div>\n\n\n\n<figure class=\"wp-block-image size-large is-resized\"><img loading=\"lazy\" decoding=\"async\" width=\"984\" height=\"1024\" src=\"http:\/\/amm85.fr\/wp-content\/uploads\/2024\/06\/20-1-984x1024.jpg\" alt=\"\" class=\"wp-image-1942\" style=\"width:580px;height:auto\" srcset=\"https:\/\/amm85.fr\/wp-content\/uploads\/2024\/06\/20-1-984x1024.jpg 984w, https:\/\/amm85.fr\/wp-content\/uploads\/2024\/06\/20-1-288x300.jpg 288w, https:\/\/amm85.fr\/wp-content\/uploads\/2024\/06\/20-1-768x799.jpg 768w, https:\/\/amm85.fr\/wp-content\/uploads\/2024\/06\/20-1.jpg 1454w\" sizes=\"auto, (max-width: 984px) 100vw, 984px\" \/><\/figure>\n\n\n\n<figure class=\"wp-block-gallery has-nested-images columns-default is-cropped wp-block-gallery-1 is-layout-flex wp-block-gallery-is-layout-flex\">\n<figure class=\"wp-block-image size-large\"><img loading=\"lazy\" decoding=\"async\" width=\"768\" height=\"1024\" data-id=\"1941\" src=\"https:\/\/amm85.fr\/wp-content\/uploads\/2024\/06\/21-768x1024.jpg\" alt=\"\" class=\"wp-image-1941\" srcset=\"https:\/\/amm85.fr\/wp-content\/uploads\/2024\/06\/21-768x1024.jpg 768w, https:\/\/amm85.fr\/wp-content\/uploads\/2024\/06\/21-225x300.jpg 225w, https:\/\/amm85.fr\/wp-content\/uploads\/2024\/06\/21-1152x1536.jpg 1152w, https:\/\/amm85.fr\/wp-content\/uploads\/2024\/06\/21.jpg 1500w\" sizes=\"auto, (max-width: 768px) 100vw, 768px\" \/><\/figure>\n\n\n\n<figure class=\"wp-block-image size-large\"><img loading=\"lazy\" decoding=\"async\" width=\"1024\" height=\"768\" data-id=\"1943\" src=\"https:\/\/amm85.fr\/wp-content\/uploads\/2024\/06\/22-1024x768.jpg\" alt=\"\" class=\"wp-image-1943\" srcset=\"https:\/\/amm85.fr\/wp-content\/uploads\/2024\/06\/22-1024x768.jpg 1024w, https:\/\/amm85.fr\/wp-content\/uploads\/2024\/06\/22-300x225.jpg 300w, https:\/\/amm85.fr\/wp-content\/uploads\/2024\/06\/22-768x576.jpg 768w, https:\/\/amm85.fr\/wp-content\/uploads\/2024\/06\/22.jpg 1500w\" sizes=\"auto, (max-width: 1024px) 100vw, 1024px\" \/><\/figure>\n<\/figure>\n","protected":false},"excerpt":{"rendered":"","protected":false},"author":2,"featured_media":0,"parent":442,"menu_order":0,"comment_status":"closed","ping_status":"closed","template":"","meta":{"neve_meta_sidebar":"","neve_meta_container":"","neve_meta_enable_content_width":"","neve_meta_content_width":0,"neve_meta_title_alignment":"","neve_meta_author_avatar":"","neve_post_elements_order":"","neve_meta_disable_header":"","neve_meta_disable_footer":"","neve_meta_disable_title":"","footnotes":""},"class_list":["post-1957","page","type-page","status-publish","hentry"],"yoast_head":"<!-- This site is optimized with the Yoast SEO plugin v26.3 - https:\/\/yoast.com\/wordpress\/plugins\/seo\/ -->\n<title>Le zodiac (Jean Jacques V) - AMM85<\/title>\n<meta name=\"robots\" content=\"index, follow, max-snippet:-1, max-image-preview:large, max-video-preview:-1\" \/>\n<link rel=\"canonical\" href=\"https:\/\/amm85.fr\/index.php\/nos-realisations\/bateaux-de-plaisance\/le-zodiac-de-jean-jacques\/\" \/>\n<meta property=\"og:locale\" content=\"fr_FR\" \/>\n<meta property=\"og:type\" content=\"article\" \/>\n<meta property=\"og:title\" content=\"Le zodiac (Jean Jacques V) - AMM85\" \/>\n<meta property=\"og:url\" content=\"https:\/\/amm85.fr\/index.php\/nos-realisations\/bateaux-de-plaisance\/le-zodiac-de-jean-jacques\/\" \/>\n<meta property=\"og:site_name\" content=\"AMM85\" \/>\n<meta property=\"article:modified_time\" content=\"2025-02-26T16:38:09+00:00\" \/>\n<meta property=\"og:image\" content=\"https:\/\/amm85.fr\/wp-content\/uploads\/2024\/06\/20-1.jpg\" \/>\n\t<meta property=\"og:image:width\" content=\"1454\" \/>\n\t<meta property=\"og:image:height\" content=\"1513\" \/>\n\t<meta property=\"og:image:type\" content=\"image\/jpeg\" \/>\n<meta name=\"twitter:card\" content=\"summary_large_image\" \/>\n<meta name=\"twitter:label1\" content=\"Dur\u00e9e de lecture estim\u00e9e\" \/>\n\t<meta name=\"twitter:data1\" content=\"1 minute\" \/>\n<script type=\"application\/ld+json\" class=\"yoast-schema-graph\">{\"@context\":\"https:\/\/schema.org\",\"@graph\":[{\"@type\":\"WebPage\",\"@id\":\"https:\/\/amm85.fr\/index.php\/nos-realisations\/bateaux-de-plaisance\/le-zodiac-de-jean-jacques\/\",\"url\":\"https:\/\/amm85.fr\/index.php\/nos-realisations\/bateaux-de-plaisance\/le-zodiac-de-jean-jacques\/\",\"name\":\"Le zodiac (Jean Jacques V) - AMM85\",\"isPartOf\":{\"@id\":\"https:\/\/amm85.fr\/#website\"},\"primaryImageOfPage\":{\"@id\":\"https:\/\/amm85.fr\/index.php\/nos-realisations\/bateaux-de-plaisance\/le-zodiac-de-jean-jacques\/#primaryimage\"},\"image\":{\"@id\":\"https:\/\/amm85.fr\/index.php\/nos-realisations\/bateaux-de-plaisance\/le-zodiac-de-jean-jacques\/#primaryimage\"},\"thumbnailUrl\":\"http:\/\/amm85.fr\/wp-content\/uploads\/2024\/06\/20-1-984x1024.jpg\",\"datePublished\":\"2024-06-24T11:30:02+00:00\",\"dateModified\":\"2025-02-26T16:38:09+00:00\",\"breadcrumb\":{\"@id\":\"https:\/\/amm85.fr\/index.php\/nos-realisations\/bateaux-de-plaisance\/le-zodiac-de-jean-jacques\/#breadcrumb\"},\"inLanguage\":\"fr-FR\",\"potentialAction\":[{\"@type\":\"ReadAction\",\"target\":[\"https:\/\/amm85.fr\/index.php\/nos-realisations\/bateaux-de-plaisance\/le-zodiac-de-jean-jacques\/\"]}]},{\"@type\":\"ImageObject\",\"inLanguage\":\"fr-FR\",\"@id\":\"https:\/\/amm85.fr\/index.php\/nos-realisations\/bateaux-de-plaisance\/le-zodiac-de-jean-jacques\/#primaryimage\",\"url\":\"https:\/\/amm85.fr\/wp-content\/uploads\/2024\/06\/20-1.jpg\",\"contentUrl\":\"https:\/\/amm85.fr\/wp-content\/uploads\/2024\/06\/20-1.jpg\",\"width\":1454,\"height\":1513},{\"@type\":\"BreadcrumbList\",\"@id\":\"https:\/\/amm85.fr\/index.php\/nos-realisations\/bateaux-de-plaisance\/le-zodiac-de-jean-jacques\/#breadcrumb\",\"itemListElement\":[{\"@type\":\"ListItem\",\"position\":1,\"name\":\"Accueil\",\"item\":\"https:\/\/amm85.fr\/\"},{\"@type\":\"ListItem\",\"position\":2,\"name\":\"Nos r\u00e9alisations\",\"item\":\"https:\/\/amm85.fr\/index.php\/nos-realisations\/\"},{\"@type\":\"ListItem\",\"position\":3,\"name\":\"Bateaux de plaisance\",\"item\":\"https:\/\/amm85.fr\/index.php\/nos-realisations\/bateaux-de-plaisance\/\"},{\"@type\":\"ListItem\",\"position\":4,\"name\":\"Le zodiac (Jean Jacques V)\"}]},{\"@type\":\"WebSite\",\"@id\":\"https:\/\/amm85.fr\/#website\",\"url\":\"https:\/\/amm85.fr\/\",\"name\":\"AMM85\",\"description\":\"Association de mod\u00e9lisme Mothais : naval et  camion. Navigation, construction,  exposition. achards  situ\u00e9 dans la commune des Achards 85150 en Vend\u00e9e\",\"publisher\":{\"@id\":\"https:\/\/amm85.fr\/#organization\"},\"potentialAction\":[{\"@type\":\"SearchAction\",\"target\":{\"@type\":\"EntryPoint\",\"urlTemplate\":\"https:\/\/amm85.fr\/?s={search_term_string}\"},\"query-input\":{\"@type\":\"PropertyValueSpecification\",\"valueRequired\":true,\"valueName\":\"search_term_string\"}}],\"inLanguage\":\"fr-FR\"},{\"@type\":\"Organization\",\"@id\":\"https:\/\/amm85.fr\/#organization\",\"name\":\"Amicale du mod\u00e9lisme mothais\",\"url\":\"https:\/\/amm85.fr\/\",\"logo\":{\"@type\":\"ImageObject\",\"inLanguage\":\"fr-FR\",\"@id\":\"https:\/\/amm85.fr\/#\/schema\/logo\/image\/\",\"url\":\"\",\"contentUrl\":\"\",\"caption\":\"Amicale du mod\u00e9lisme mothais\"},\"image\":{\"@id\":\"https:\/\/amm85.fr\/#\/schema\/logo\/image\/\"}}]}<\/script>\n<!-- \/ Yoast SEO plugin. -->","yoast_head_json":{"title":"Le zodiac (Jean Jacques V) - AMM85","robots":{"index":"index","follow":"follow","max-snippet":"max-snippet:-1","max-image-preview":"max-image-preview:large","max-video-preview":"max-video-preview:-1"},"canonical":"https:\/\/amm85.fr\/index.php\/nos-realisations\/bateaux-de-plaisance\/le-zodiac-de-jean-jacques\/","og_locale":"fr_FR","og_type":"article","og_title":"Le zodiac (Jean Jacques V) - AMM85","og_url":"https:\/\/amm85.fr\/index.php\/nos-realisations\/bateaux-de-plaisance\/le-zodiac-de-jean-jacques\/","og_site_name":"AMM85","article_modified_time":"2025-02-26T16:38:09+00:00","og_image":[{"width":1454,"height":1513,"url":"https:\/\/amm85.fr\/wp-content\/uploads\/2024\/06\/20-1.jpg","type":"image\/jpeg"}],"twitter_card":"summary_large_image","twitter_misc":{"Dur\u00e9e de lecture estim\u00e9e":"1 minute"},"schema":{"@context":"https:\/\/schema.org","@graph":[{"@type":"WebPage","@id":"https:\/\/amm85.fr\/index.php\/nos-realisations\/bateaux-de-plaisance\/le-zodiac-de-jean-jacques\/","url":"https:\/\/amm85.fr\/index.php\/nos-realisations\/bateaux-de-plaisance\/le-zodiac-de-jean-jacques\/","name":"Le zodiac (Jean Jacques V) - AMM85","isPartOf":{"@id":"https:\/\/amm85.fr\/#website"},"primaryImageOfPage":{"@id":"https:\/\/amm85.fr\/index.php\/nos-realisations\/bateaux-de-plaisance\/le-zodiac-de-jean-jacques\/#primaryimage"},"image":{"@id":"https:\/\/amm85.fr\/index.php\/nos-realisations\/bateaux-de-plaisance\/le-zodiac-de-jean-jacques\/#primaryimage"},"thumbnailUrl":"http:\/\/amm85.fr\/wp-content\/uploads\/2024\/06\/20-1-984x1024.jpg","datePublished":"2024-06-24T11:30:02+00:00","dateModified":"2025-02-26T16:38:09+00:00","breadcrumb":{"@id":"https:\/\/amm85.fr\/index.php\/nos-realisations\/bateaux-de-plaisance\/le-zodiac-de-jean-jacques\/#breadcrumb"},"inLanguage":"fr-FR","potentialAction":[{"@type":"ReadAction","target":["https:\/\/amm85.fr\/index.php\/nos-realisations\/bateaux-de-plaisance\/le-zodiac-de-jean-jacques\/"]}]},{"@type":"ImageObject","inLanguage":"fr-FR","@id":"https:\/\/amm85.fr\/index.php\/nos-realisations\/bateaux-de-plaisance\/le-zodiac-de-jean-jacques\/#primaryimage","url":"https:\/\/amm85.fr\/wp-content\/uploads\/2024\/06\/20-1.jpg","contentUrl":"https:\/\/amm85.fr\/wp-content\/uploads\/2024\/06\/20-1.jpg","width":1454,"height":1513},{"@type":"BreadcrumbList","@id":"https:\/\/amm85.fr\/index.php\/nos-realisations\/bateaux-de-plaisance\/le-zodiac-de-jean-jacques\/#breadcrumb","itemListElement":[{"@type":"ListItem","position":1,"name":"Accueil","item":"https:\/\/amm85.fr\/"},{"@type":"ListItem","position":2,"name":"Nos r\u00e9alisations","item":"https:\/\/amm85.fr\/index.php\/nos-realisations\/"},{"@type":"ListItem","position":3,"name":"Bateaux de plaisance","item":"https:\/\/amm85.fr\/index.php\/nos-realisations\/bateaux-de-plaisance\/"},{"@type":"ListItem","position":4,"name":"Le zodiac (Jean Jacques V)"}]},{"@type":"WebSite","@id":"https:\/\/amm85.fr\/#website","url":"https:\/\/amm85.fr\/","name":"AMM85","description":"Association de mod\u00e9lisme Mothais : naval et  camion. Navigation, construction,  exposition. achards  situ\u00e9 dans la commune des Achards 85150 en Vend\u00e9e","publisher":{"@id":"https:\/\/amm85.fr\/#organization"},"potentialAction":[{"@type":"SearchAction","target":{"@type":"EntryPoint","urlTemplate":"https:\/\/amm85.fr\/?s={search_term_string}"},"query-input":{"@type":"PropertyValueSpecification","valueRequired":true,"valueName":"search_term_string"}}],"inLanguage":"fr-FR"},{"@type":"Organization","@id":"https:\/\/amm85.fr\/#organization","name":"Amicale du mod\u00e9lisme mothais","url":"https:\/\/amm85.fr\/","logo":{"@type":"ImageObject","inLanguage":"fr-FR","@id":"https:\/\/amm85.fr\/#\/schema\/logo\/image\/","url":"","contentUrl":"","caption":"Amicale du mod\u00e9lisme mothais"},"image":{"@id":"https:\/\/amm85.fr\/#\/schema\/logo\/image\/"}}]}},"_links":{"self":[{"href":"https:\/\/amm85.fr\/index.php\/wp-json\/wp\/v2\/pages\/1957","targetHints":{"allow":["GET"]}}],"collection":[{"href":"https:\/\/amm85.fr\/index.php\/wp-json\/wp\/v2\/pages"}],"about":[{"href":"https:\/\/amm85.fr\/index.php\/wp-json\/wp\/v2\/types\/page"}],"author":[{"embeddable":true,"href":"https:\/\/amm85.fr\/index.php\/wp-json\/wp\/v2\/users\/2"}],"replies":[{"embeddable":true,"href":"https:\/\/amm85.fr\/index.php\/wp-json\/wp\/v2\/comments?post=1957"}],"version-history":[{"count":2,"href":"https:\/\/amm85.fr\/index.php\/wp-json\/wp\/v2\/pages\/1957\/revisions"}],"predecessor-version":[{"id":3231,"href":"https:\/\/amm85.fr\/index.php\/wp-json\/wp\/v2\/pages\/1957\/revisions\/3231"}],"up":[{"embeddable":true,"href":"https:\/\/amm85.fr\/index.php\/wp-json\/wp\/v2\/pages\/442"}],"wp:attachment":[{"href":"https:\/\/amm85.fr\/index.php\/wp-json\/wp\/v2\/media?parent=1957"}],"curies":[{"name":"wp","href":"https:\/\/api.w.org\/{rel}","templated":true}]}}