{"id":1677,"date":"2024-06-10T12:03:57","date_gmt":"2024-06-10T10:03:57","guid":{"rendered":"https:\/\/amm85.fr\/?page_id=1677"},"modified":"2024-07-04T23:10:58","modified_gmt":"2024-07-04T21:10:58","slug":"le-7-juin-a-bretignolles","status":"publish","type":"page","link":"https:\/\/amm85.fr\/index.php\/navigations\/2024-2\/le-7-juin-a-bretignolles\/","title":{"rendered":"Le 7 juin \u00e0 Bretignolles"},"content":{"rendered":"\n<div style=\"height:100px\" aria-hidden=\"true\" class=\"wp-block-spacer\"><\/div>\n\n\n\n<figure class=\"wp-block-gallery has-nested-images columns-default is-cropped wp-block-gallery-1 is-layout-flex wp-block-gallery-is-layout-flex\">\n<figure class=\"wp-block-image size-large\"><img loading=\"lazy\" decoding=\"async\" width=\"1024\" height=\"768\" data-id=\"1681\" src=\"https:\/\/amm85.fr\/wp-content\/uploads\/2024\/06\/1718012427073-1024x768.jpg\" alt=\"\" class=\"wp-image-1681\" srcset=\"https:\/\/amm85.fr\/wp-content\/uploads\/2024\/06\/1718012427073-1024x768.jpg 1024w, https:\/\/amm85.fr\/wp-content\/uploads\/2024\/06\/1718012427073-300x225.jpg 300w, https:\/\/amm85.fr\/wp-content\/uploads\/2024\/06\/1718012427073-768x576.jpg 768w, https:\/\/amm85.fr\/wp-content\/uploads\/2024\/06\/1718012427073-1536x1152.jpg 1536w, https:\/\/amm85.fr\/wp-content\/uploads\/2024\/06\/1718012427073-2048x1536.jpg 2048w\" sizes=\"auto, (max-width: 1024px) 100vw, 1024px\" \/><\/figure>\n\n\n\n<figure class=\"wp-block-image size-large\"><img loading=\"lazy\" decoding=\"async\" width=\"2560\" height=\"1920\" data-id=\"1678\" src=\"https:\/\/amm85.fr\/wp-content\/uploads\/2024\/06\/1718012448588-scaled.jpg\" alt=\"\" class=\"wp-image-1678\" srcset=\"https:\/\/amm85.fr\/wp-content\/uploads\/2024\/06\/1718012448588-scaled.jpg 2560w, https:\/\/amm85.fr\/wp-content\/uploads\/2024\/06\/1718012448588-300x225.jpg 300w\" sizes=\"auto, (max-width: 2560px) 100vw, 2560px\" \/><\/figure>\n\n\n\n<figure class=\"wp-block-image size-large\"><img loading=\"lazy\" decoding=\"async\" width=\"1024\" height=\"768\" data-id=\"1680\" src=\"https:\/\/amm85.fr\/wp-content\/uploads\/2024\/06\/1718012427086-1024x768.jpg\" alt=\"\" class=\"wp-image-1680\" srcset=\"https:\/\/amm85.fr\/wp-content\/uploads\/2024\/06\/1718012427086-1024x768.jpg 1024w, https:\/\/amm85.fr\/wp-content\/uploads\/2024\/06\/1718012427086-300x225.jpg 300w, https:\/\/amm85.fr\/wp-content\/uploads\/2024\/06\/1718012427086-768x576.jpg 768w, https:\/\/amm85.fr\/wp-content\/uploads\/2024\/06\/1718012427086-1536x1152.jpg 1536w, https:\/\/amm85.fr\/wp-content\/uploads\/2024\/06\/1718012427086-2048x1536.jpg 2048w\" sizes=\"auto, (max-width: 1024px) 100vw, 1024px\" \/><\/figure>\n<\/figure>\n","protected":false},"excerpt":{"rendered":"","protected":false},"author":2,"featured_media":0,"parent":1509,"menu_order":123,"comment_status":"closed","ping_status":"closed","template":"","meta":{"neve_meta_sidebar":"","neve_meta_container":"","neve_meta_enable_content_width":"","neve_meta_content_width":0,"neve_meta_title_alignment":"","neve_meta_author_avatar":"","neve_post_elements_order":"","neve_meta_disable_header":"","neve_meta_disable_footer":"","neve_meta_disable_title":"","footnotes":""},"class_list":["post-1677","page","type-page","status-publish","hentry"],"yoast_head":"<!-- This site is optimized with the Yoast SEO plugin v26.3 - https:\/\/yoast.com\/wordpress\/plugins\/seo\/ -->\n<title>Le 7 juin \u00e0 Bretignolles - AMM85<\/title>\n<meta name=\"robots\" content=\"index, follow, max-snippet:-1, max-image-preview:large, max-video-preview:-1\" \/>\n<link rel=\"canonical\" href=\"https:\/\/amm85.fr\/index.php\/navigations\/2024-2\/le-7-juin-a-bretignolles\/\" \/>\n<meta property=\"og:locale\" content=\"fr_FR\" \/>\n<meta property=\"og:type\" content=\"article\" \/>\n<meta property=\"og:title\" content=\"Le 7 juin \u00e0 Bretignolles - AMM85\" \/>\n<meta property=\"og:url\" content=\"https:\/\/amm85.fr\/index.php\/navigations\/2024-2\/le-7-juin-a-bretignolles\/\" \/>\n<meta property=\"og:site_name\" content=\"AMM85\" \/>\n<meta property=\"article:modified_time\" content=\"2024-07-04T21:10:58+00:00\" \/>\n<meta property=\"og:image\" content=\"https:\/\/amm85.fr\/wp-content\/uploads\/2024\/06\/1718012427073-1024x768.jpg\" \/>\n<meta name=\"twitter:card\" content=\"summary_large_image\" \/>\n<meta name=\"twitter:label1\" content=\"Dur\u00e9e de lecture estim\u00e9e\" \/>\n\t<meta name=\"twitter:data1\" content=\"1 minute\" \/>\n<script type=\"application\/ld+json\" class=\"yoast-schema-graph\">{\"@context\":\"https:\/\/schema.org\",\"@graph\":[{\"@type\":\"WebPage\",\"@id\":\"https:\/\/amm85.fr\/index.php\/navigations\/2024-2\/le-7-juin-a-bretignolles\/\",\"url\":\"https:\/\/amm85.fr\/index.php\/navigations\/2024-2\/le-7-juin-a-bretignolles\/\",\"name\":\"Le 7 juin \u00e0 Bretignolles - AMM85\",\"isPartOf\":{\"@id\":\"https:\/\/amm85.fr\/#website\"},\"primaryImageOfPage\":{\"@id\":\"https:\/\/amm85.fr\/index.php\/navigations\/2024-2\/le-7-juin-a-bretignolles\/#primaryimage\"},\"image\":{\"@id\":\"https:\/\/amm85.fr\/index.php\/navigations\/2024-2\/le-7-juin-a-bretignolles\/#primaryimage\"},\"thumbnailUrl\":\"https:\/\/amm85.fr\/wp-content\/uploads\/2024\/06\/1718012427073-1024x768.jpg\",\"datePublished\":\"2024-06-10T10:03:57+00:00\",\"dateModified\":\"2024-07-04T21:10:58+00:00\",\"breadcrumb\":{\"@id\":\"https:\/\/amm85.fr\/index.php\/navigations\/2024-2\/le-7-juin-a-bretignolles\/#breadcrumb\"},\"inLanguage\":\"fr-FR\",\"potentialAction\":[{\"@type\":\"ReadAction\",\"target\":[\"https:\/\/amm85.fr\/index.php\/navigations\/2024-2\/le-7-juin-a-bretignolles\/\"]}]},{\"@type\":\"ImageObject\",\"inLanguage\":\"fr-FR\",\"@id\":\"https:\/\/amm85.fr\/index.php\/navigations\/2024-2\/le-7-juin-a-bretignolles\/#primaryimage\",\"url\":\"https:\/\/amm85.fr\/wp-content\/uploads\/2024\/06\/1718012427073-scaled.jpg\",\"contentUrl\":\"https:\/\/amm85.fr\/wp-content\/uploads\/2024\/06\/1718012427073-scaled.jpg\",\"width\":2560,\"height\":1920},{\"@type\":\"BreadcrumbList\",\"@id\":\"https:\/\/amm85.fr\/index.php\/navigations\/2024-2\/le-7-juin-a-bretignolles\/#breadcrumb\",\"itemListElement\":[{\"@type\":\"ListItem\",\"position\":1,\"name\":\"Accueil\",\"item\":\"https:\/\/amm85.fr\/\"},{\"@type\":\"ListItem\",\"position\":2,\"name\":\"Navigations\",\"item\":\"https:\/\/amm85.fr\/index.php\/navigations\/\"},{\"@type\":\"ListItem\",\"position\":3,\"name\":\"2024\",\"item\":\"https:\/\/amm85.fr\/index.php\/navigations\/2024-2\/\"},{\"@type\":\"ListItem\",\"position\":4,\"name\":\"Le 7 juin \u00e0 Bretignolles\"}]},{\"@type\":\"WebSite\",\"@id\":\"https:\/\/amm85.fr\/#website\",\"url\":\"https:\/\/amm85.fr\/\",\"name\":\"AMM85\",\"description\":\"Association de mod\u00e9lisme Mothais : naval et  camion. Navigation, construction,  exposition. achards  situ\u00e9 dans la commune des Achards 85150 en Vend\u00e9e\",\"publisher\":{\"@id\":\"https:\/\/amm85.fr\/#organization\"},\"potentialAction\":[{\"@type\":\"SearchAction\",\"target\":{\"@type\":\"EntryPoint\",\"urlTemplate\":\"https:\/\/amm85.fr\/?s={search_term_string}\"},\"query-input\":{\"@type\":\"PropertyValueSpecification\",\"valueRequired\":true,\"valueName\":\"search_term_string\"}}],\"inLanguage\":\"fr-FR\"},{\"@type\":\"Organization\",\"@id\":\"https:\/\/amm85.fr\/#organization\",\"name\":\"Amicale du mod\u00e9lisme mothais\",\"url\":\"https:\/\/amm85.fr\/\",\"logo\":{\"@type\":\"ImageObject\",\"inLanguage\":\"fr-FR\",\"@id\":\"https:\/\/amm85.fr\/#\/schema\/logo\/image\/\",\"url\":\"\",\"contentUrl\":\"\",\"caption\":\"Amicale du mod\u00e9lisme mothais\"},\"image\":{\"@id\":\"https:\/\/amm85.fr\/#\/schema\/logo\/image\/\"}}]}<\/script>\n<!-- \/ Yoast SEO plugin. -->","yoast_head_json":{"title":"Le 7 juin \u00e0 Bretignolles - AMM85","robots":{"index":"index","follow":"follow","max-snippet":"max-snippet:-1","max-image-preview":"max-image-preview:large","max-video-preview":"max-video-preview:-1"},"canonical":"https:\/\/amm85.fr\/index.php\/navigations\/2024-2\/le-7-juin-a-bretignolles\/","og_locale":"fr_FR","og_type":"article","og_title":"Le 7 juin \u00e0 Bretignolles - AMM85","og_url":"https:\/\/amm85.fr\/index.php\/navigations\/2024-2\/le-7-juin-a-bretignolles\/","og_site_name":"AMM85","article_modified_time":"2024-07-04T21:10:58+00:00","og_image":[{"url":"https:\/\/amm85.fr\/wp-content\/uploads\/2024\/06\/1718012427073-1024x768.jpg","type":"","width":"","height":""}],"twitter_card":"summary_large_image","twitter_misc":{"Dur\u00e9e de lecture estim\u00e9e":"1 minute"},"schema":{"@context":"https:\/\/schema.org","@graph":[{"@type":"WebPage","@id":"https:\/\/amm85.fr\/index.php\/navigations\/2024-2\/le-7-juin-a-bretignolles\/","url":"https:\/\/amm85.fr\/index.php\/navigations\/2024-2\/le-7-juin-a-bretignolles\/","name":"Le 7 juin \u00e0 Bretignolles - AMM85","isPartOf":{"@id":"https:\/\/amm85.fr\/#website"},"primaryImageOfPage":{"@id":"https:\/\/amm85.fr\/index.php\/navigations\/2024-2\/le-7-juin-a-bretignolles\/#primaryimage"},"image":{"@id":"https:\/\/amm85.fr\/index.php\/navigations\/2024-2\/le-7-juin-a-bretignolles\/#primaryimage"},"thumbnailUrl":"https:\/\/amm85.fr\/wp-content\/uploads\/2024\/06\/1718012427073-1024x768.jpg","datePublished":"2024-06-10T10:03:57+00:00","dateModified":"2024-07-04T21:10:58+00:00","breadcrumb":{"@id":"https:\/\/amm85.fr\/index.php\/navigations\/2024-2\/le-7-juin-a-bretignolles\/#breadcrumb"},"inLanguage":"fr-FR","potentialAction":[{"@type":"ReadAction","target":["https:\/\/amm85.fr\/index.php\/navigations\/2024-2\/le-7-juin-a-bretignolles\/"]}]},{"@type":"ImageObject","inLanguage":"fr-FR","@id":"https:\/\/amm85.fr\/index.php\/navigations\/2024-2\/le-7-juin-a-bretignolles\/#primaryimage","url":"https:\/\/amm85.fr\/wp-content\/uploads\/2024\/06\/1718012427073-scaled.jpg","contentUrl":"https:\/\/amm85.fr\/wp-content\/uploads\/2024\/06\/1718012427073-scaled.jpg","width":2560,"height":1920},{"@type":"BreadcrumbList","@id":"https:\/\/amm85.fr\/index.php\/navigations\/2024-2\/le-7-juin-a-bretignolles\/#breadcrumb","itemListElement":[{"@type":"ListItem","position":1,"name":"Accueil","item":"https:\/\/amm85.fr\/"},{"@type":"ListItem","position":2,"name":"Navigations","item":"https:\/\/amm85.fr\/index.php\/navigations\/"},{"@type":"ListItem","position":3,"name":"2024","item":"https:\/\/amm85.fr\/index.php\/navigations\/2024-2\/"},{"@type":"ListItem","position":4,"name":"Le 7 juin \u00e0 Bretignolles"}]},{"@type":"WebSite","@id":"https:\/\/amm85.fr\/#website","url":"https:\/\/amm85.fr\/","name":"AMM85","description":"Association de mod\u00e9lisme Mothais : naval et  camion. Navigation, construction,  exposition. achards  situ\u00e9 dans la commune des Achards 85150 en Vend\u00e9e","publisher":{"@id":"https:\/\/amm85.fr\/#organization"},"potentialAction":[{"@type":"SearchAction","target":{"@type":"EntryPoint","urlTemplate":"https:\/\/amm85.fr\/?s={search_term_string}"},"query-input":{"@type":"PropertyValueSpecification","valueRequired":true,"valueName":"search_term_string"}}],"inLanguage":"fr-FR"},{"@type":"Organization","@id":"https:\/\/amm85.fr\/#organization","name":"Amicale du mod\u00e9lisme mothais","url":"https:\/\/amm85.fr\/","logo":{"@type":"ImageObject","inLanguage":"fr-FR","@id":"https:\/\/amm85.fr\/#\/schema\/logo\/image\/","url":"","contentUrl":"","caption":"Amicale du mod\u00e9lisme mothais"},"image":{"@id":"https:\/\/amm85.fr\/#\/schema\/logo\/image\/"}}]}},"_links":{"self":[{"href":"https:\/\/amm85.fr\/index.php\/wp-json\/wp\/v2\/pages\/1677","targetHints":{"allow":["GET"]}}],"collection":[{"href":"https:\/\/amm85.fr\/index.php\/wp-json\/wp\/v2\/pages"}],"about":[{"href":"https:\/\/amm85.fr\/index.php\/wp-json\/wp\/v2\/types\/page"}],"author":[{"embeddable":true,"href":"https:\/\/amm85.fr\/index.php\/wp-json\/wp\/v2\/users\/2"}],"replies":[{"embeddable":true,"href":"https:\/\/amm85.fr\/index.php\/wp-json\/wp\/v2\/comments?post=1677"}],"version-history":[{"count":1,"href":"https:\/\/amm85.fr\/index.php\/wp-json\/wp\/v2\/pages\/1677\/revisions"}],"predecessor-version":[{"id":1682,"href":"https:\/\/amm85.fr\/index.php\/wp-json\/wp\/v2\/pages\/1677\/revisions\/1682"}],"up":[{"embeddable":true,"href":"https:\/\/amm85.fr\/index.php\/wp-json\/wp\/v2\/pages\/1509"}],"wp:attachment":[{"href":"https:\/\/amm85.fr\/index.php\/wp-json\/wp\/v2\/media?parent=1677"}],"curies":[{"name":"wp","href":"https:\/\/api.w.org\/{rel}","templated":true}]}}