{"id":1636,"date":"2024-05-23T18:36:06","date_gmt":"2024-05-23T16:36:06","guid":{"rendered":"https:\/\/amm85.fr\/?page_id=1636"},"modified":"2024-07-04T23:10:33","modified_gmt":"2024-07-04T21:10:33","slug":"le-23-mai-au-lac-du-tanchet","status":"publish","type":"page","link":"https:\/\/amm85.fr\/index.php\/navigations\/2024-2\/le-23-mai-au-lac-du-tanchet\/","title":{"rendered":"Le 23 mai au Lac du Tanchet"},"content":{"rendered":"\n<div style=\"height:100px\" aria-hidden=\"true\" class=\"wp-block-spacer\"><\/div>\n\n\n\n<figure class=\"wp-block-gallery has-nested-images columns-default is-cropped wp-block-gallery-1 is-layout-flex wp-block-gallery-is-layout-flex\">\n<figure class=\"wp-block-image size-large\"><img loading=\"lazy\" decoding=\"async\" width=\"768\" height=\"1024\" data-id=\"1634\" src=\"https:\/\/amm85.fr\/wp-content\/uploads\/2024\/05\/03-768x1024.jpg\" alt=\"\" class=\"wp-image-1634\" srcset=\"https:\/\/amm85.fr\/wp-content\/uploads\/2024\/05\/03-768x1024.jpg 768w, https:\/\/amm85.fr\/wp-content\/uploads\/2024\/05\/03-225x300.jpg 225w, https:\/\/amm85.fr\/wp-content\/uploads\/2024\/05\/03-1152x1536.jpg 1152w, https:\/\/amm85.fr\/wp-content\/uploads\/2024\/05\/03.jpg 1500w\" sizes=\"auto, (max-width: 768px) 100vw, 768px\" \/><\/figure>\n\n\n\n<figure class=\"wp-block-image size-large\"><img loading=\"lazy\" decoding=\"async\" width=\"768\" height=\"1024\" data-id=\"1628\" src=\"https:\/\/amm85.fr\/wp-content\/uploads\/2024\/05\/04-768x1024.jpg\" alt=\"\" class=\"wp-image-1628\" srcset=\"https:\/\/amm85.fr\/wp-content\/uploads\/2024\/05\/04-768x1024.jpg 768w, https:\/\/amm85.fr\/wp-content\/uploads\/2024\/05\/04-225x300.jpg 225w, https:\/\/amm85.fr\/wp-content\/uploads\/2024\/05\/04.jpg 1500w\" sizes=\"auto, (max-width: 768px) 100vw, 768px\" \/><\/figure>\n\n\n\n<figure class=\"wp-block-image size-large\"><img loading=\"lazy\" decoding=\"async\" width=\"689\" height=\"1024\" data-id=\"1630\" src=\"https:\/\/amm85.fr\/wp-content\/uploads\/2024\/05\/02-689x1024.jpg\" alt=\"\" class=\"wp-image-1630\" srcset=\"https:\/\/amm85.fr\/wp-content\/uploads\/2024\/05\/02-689x1024.jpg 689w, https:\/\/amm85.fr\/wp-content\/uploads\/2024\/05\/02-202x300.jpg 202w, https:\/\/amm85.fr\/wp-content\/uploads\/2024\/05\/02-768x1142.jpg 768w, https:\/\/amm85.fr\/wp-content\/uploads\/2024\/05\/02-1033x1536.jpg 1033w, https:\/\/amm85.fr\/wp-content\/uploads\/2024\/05\/02-1378x2048.jpg 1378w, https:\/\/amm85.fr\/wp-content\/uploads\/2024\/05\/02.jpg 1500w\" sizes=\"auto, (max-width: 689px) 100vw, 689px\" \/><\/figure>\n<\/figure>\n\n\n\n<figure class=\"wp-block-gallery has-nested-images columns-default is-cropped wp-block-gallery-2 is-layout-flex wp-block-gallery-is-layout-flex\">\n<figure class=\"wp-block-image size-large\"><img loading=\"lazy\" decoding=\"async\" width=\"1024\" height=\"768\" data-id=\"1639\" src=\"https:\/\/amm85.fr\/wp-content\/uploads\/2024\/05\/01-1-1024x768.jpg\" alt=\"\" class=\"wp-image-1639\" srcset=\"https:\/\/amm85.fr\/wp-content\/uploads\/2024\/05\/01-1-1024x768.jpg 1024w, https:\/\/amm85.fr\/wp-content\/uploads\/2024\/05\/01-1-300x225.jpg 300w, https:\/\/amm85.fr\/wp-content\/uploads\/2024\/05\/01-1-768x576.jpg 768w, https:\/\/amm85.fr\/wp-content\/uploads\/2024\/05\/01-1-1536x1152.jpg 1536w, https:\/\/amm85.fr\/wp-content\/uploads\/2024\/05\/01-1.jpg 2000w\" sizes=\"auto, (max-width: 1024px) 100vw, 1024px\" \/><\/figure>\n<\/figure>\n\n\n\n<figure class=\"wp-block-gallery has-nested-images columns-default is-cropped wp-block-gallery-3 is-layout-flex wp-block-gallery-is-layout-flex\">\n<figure class=\"wp-block-image size-large\"><img loading=\"lazy\" decoding=\"async\" width=\"768\" height=\"1024\" data-id=\"1640\" src=\"https:\/\/amm85.fr\/wp-content\/uploads\/2024\/05\/07-1-768x1024.jpg\" alt=\"\" class=\"wp-image-1640\" srcset=\"https:\/\/amm85.fr\/wp-content\/uploads\/2024\/05\/07-1-768x1024.jpg 768w, https:\/\/amm85.fr\/wp-content\/uploads\/2024\/05\/07-1-225x300.jpg 225w, https:\/\/amm85.fr\/wp-content\/uploads\/2024\/05\/07-1-1152x1536.jpg 1152w, https:\/\/amm85.fr\/wp-content\/uploads\/2024\/05\/07-1.jpg 1500w\" sizes=\"auto, (max-width: 768px) 100vw, 768px\" \/><\/figure>\n\n\n\n<figure class=\"wp-block-image size-large\"><img loading=\"lazy\" decoding=\"async\" width=\"1024\" height=\"634\" data-id=\"1642\" src=\"https:\/\/amm85.fr\/wp-content\/uploads\/2024\/05\/09-1-1024x634.jpg\" alt=\"\" class=\"wp-image-1642\" srcset=\"https:\/\/amm85.fr\/wp-content\/uploads\/2024\/05\/09-1-1024x634.jpg 1024w, https:\/\/amm85.fr\/wp-content\/uploads\/2024\/05\/09-1-300x186.jpg 300w, https:\/\/amm85.fr\/wp-content\/uploads\/2024\/05\/09-1-768x475.jpg 768w, https:\/\/amm85.fr\/wp-content\/uploads\/2024\/05\/09-1-1536x951.jpg 1536w, https:\/\/amm85.fr\/wp-content\/uploads\/2024\/05\/09-1.jpg 2000w\" sizes=\"auto, (max-width: 1024px) 100vw, 1024px\" \/><\/figure>\n<\/figure>\n\n\n\n<figure class=\"wp-block-gallery has-nested-images columns-default is-cropped wp-block-gallery-4 is-layout-flex wp-block-gallery-is-layout-flex\">\n<figure class=\"wp-block-image size-large\"><img loading=\"lazy\" decoding=\"async\" width=\"768\" height=\"1024\" data-id=\"1638\" src=\"https:\/\/amm85.fr\/wp-content\/uploads\/2024\/05\/05-1-768x1024.jpg\" alt=\"\" class=\"wp-image-1638\" srcset=\"https:\/\/amm85.fr\/wp-content\/uploads\/2024\/05\/05-1-768x1024.jpg 768w, https:\/\/amm85.fr\/wp-content\/uploads\/2024\/05\/05-1-225x300.jpg 225w, https:\/\/amm85.fr\/wp-content\/uploads\/2024\/05\/05-1-1152x1536.jpg 1152w, https:\/\/amm85.fr\/wp-content\/uploads\/2024\/05\/05-1.jpg 1500w\" sizes=\"auto, (max-width: 768px) 100vw, 768px\" \/><\/figure>\n\n\n\n<figure class=\"wp-block-image size-large\"><img loading=\"lazy\" decoding=\"async\" width=\"889\" height=\"1024\" data-id=\"1645\" src=\"https:\/\/amm85.fr\/wp-content\/uploads\/2024\/05\/10-889x1024.jpg\" alt=\"\" class=\"wp-image-1645\" srcset=\"https:\/\/amm85.fr\/wp-content\/uploads\/2024\/05\/10-889x1024.jpg 889w, https:\/\/amm85.fr\/wp-content\/uploads\/2024\/05\/10-260x300.jpg 260w, https:\/\/amm85.fr\/wp-content\/uploads\/2024\/05\/10-768x884.jpg 768w, https:\/\/amm85.fr\/wp-content\/uploads\/2024\/05\/10.jpg 1220w\" sizes=\"auto, (max-width: 889px) 100vw, 889px\" \/><\/figure>\n<\/figure>\n","protected":false},"excerpt":{"rendered":"","protected":false},"author":2,"featured_media":0,"parent":1509,"menu_order":121,"comment_status":"closed","ping_status":"closed","template":"","meta":{"neve_meta_sidebar":"","neve_meta_container":"","neve_meta_enable_content_width":"","neve_meta_content_width":0,"neve_meta_title_alignment":"","neve_meta_author_avatar":"","neve_post_elements_order":"","neve_meta_disable_header":"","neve_meta_disable_footer":"","neve_meta_disable_title":"","footnotes":""},"class_list":["post-1636","page","type-page","status-publish","hentry"],"yoast_head":"<!-- This site is optimized with the Yoast SEO plugin v26.3 - https:\/\/yoast.com\/wordpress\/plugins\/seo\/ -->\n<title>Le 23 mai au Lac du Tanchet - AMM85<\/title>\n<meta name=\"robots\" content=\"index, follow, max-snippet:-1, max-image-preview:large, max-video-preview:-1\" \/>\n<link rel=\"canonical\" href=\"https:\/\/amm85.fr\/index.php\/navigations\/2024-2\/le-23-mai-au-lac-du-tanchet\/\" \/>\n<meta property=\"og:locale\" content=\"fr_FR\" \/>\n<meta property=\"og:type\" content=\"article\" \/>\n<meta property=\"og:title\" content=\"Le 23 mai au Lac du Tanchet - AMM85\" \/>\n<meta property=\"og:url\" content=\"https:\/\/amm85.fr\/index.php\/navigations\/2024-2\/le-23-mai-au-lac-du-tanchet\/\" \/>\n<meta property=\"og:site_name\" content=\"AMM85\" \/>\n<meta property=\"article:modified_time\" content=\"2024-07-04T21:10:33+00:00\" \/>\n<meta property=\"og:image\" content=\"https:\/\/amm85.fr\/wp-content\/uploads\/2024\/05\/03-768x1024.jpg\" \/>\n<meta name=\"twitter:card\" content=\"summary_large_image\" \/>\n<meta name=\"twitter:label1\" content=\"Dur\u00e9e de lecture estim\u00e9e\" \/>\n\t<meta name=\"twitter:data1\" content=\"2 minutes\" \/>\n<script type=\"application\/ld+json\" class=\"yoast-schema-graph\">{\"@context\":\"https:\/\/schema.org\",\"@graph\":[{\"@type\":\"WebPage\",\"@id\":\"https:\/\/amm85.fr\/index.php\/navigations\/2024-2\/le-23-mai-au-lac-du-tanchet\/\",\"url\":\"https:\/\/amm85.fr\/index.php\/navigations\/2024-2\/le-23-mai-au-lac-du-tanchet\/\",\"name\":\"Le 23 mai au Lac du Tanchet - AMM85\",\"isPartOf\":{\"@id\":\"https:\/\/amm85.fr\/#website\"},\"primaryImageOfPage\":{\"@id\":\"https:\/\/amm85.fr\/index.php\/navigations\/2024-2\/le-23-mai-au-lac-du-tanchet\/#primaryimage\"},\"image\":{\"@id\":\"https:\/\/amm85.fr\/index.php\/navigations\/2024-2\/le-23-mai-au-lac-du-tanchet\/#primaryimage\"},\"thumbnailUrl\":\"https:\/\/amm85.fr\/wp-content\/uploads\/2024\/05\/03-768x1024.jpg\",\"datePublished\":\"2024-05-23T16:36:06+00:00\",\"dateModified\":\"2024-07-04T21:10:33+00:00\",\"breadcrumb\":{\"@id\":\"https:\/\/amm85.fr\/index.php\/navigations\/2024-2\/le-23-mai-au-lac-du-tanchet\/#breadcrumb\"},\"inLanguage\":\"fr-FR\",\"potentialAction\":[{\"@type\":\"ReadAction\",\"target\":[\"https:\/\/amm85.fr\/index.php\/navigations\/2024-2\/le-23-mai-au-lac-du-tanchet\/\"]}]},{\"@type\":\"ImageObject\",\"inLanguage\":\"fr-FR\",\"@id\":\"https:\/\/amm85.fr\/index.php\/navigations\/2024-2\/le-23-mai-au-lac-du-tanchet\/#primaryimage\",\"url\":\"https:\/\/amm85.fr\/wp-content\/uploads\/2024\/05\/03.jpg\",\"contentUrl\":\"https:\/\/amm85.fr\/wp-content\/uploads\/2024\/05\/03.jpg\",\"width\":1500,\"height\":2000},{\"@type\":\"BreadcrumbList\",\"@id\":\"https:\/\/amm85.fr\/index.php\/navigations\/2024-2\/le-23-mai-au-lac-du-tanchet\/#breadcrumb\",\"itemListElement\":[{\"@type\":\"ListItem\",\"position\":1,\"name\":\"Accueil\",\"item\":\"https:\/\/amm85.fr\/\"},{\"@type\":\"ListItem\",\"position\":2,\"name\":\"Navigations\",\"item\":\"https:\/\/amm85.fr\/index.php\/navigations\/\"},{\"@type\":\"ListItem\",\"position\":3,\"name\":\"2024\",\"item\":\"https:\/\/amm85.fr\/index.php\/navigations\/2024-2\/\"},{\"@type\":\"ListItem\",\"position\":4,\"name\":\"Le 23 mai au Lac du Tanchet\"}]},{\"@type\":\"WebSite\",\"@id\":\"https:\/\/amm85.fr\/#website\",\"url\":\"https:\/\/amm85.fr\/\",\"name\":\"AMM85\",\"description\":\"Association de mod\u00e9lisme Mothais : naval et  camion. Navigation, construction,  exposition. achards  situ\u00e9 dans la commune des Achards 85150 en Vend\u00e9e\",\"publisher\":{\"@id\":\"https:\/\/amm85.fr\/#organization\"},\"potentialAction\":[{\"@type\":\"SearchAction\",\"target\":{\"@type\":\"EntryPoint\",\"urlTemplate\":\"https:\/\/amm85.fr\/?s={search_term_string}\"},\"query-input\":{\"@type\":\"PropertyValueSpecification\",\"valueRequired\":true,\"valueName\":\"search_term_string\"}}],\"inLanguage\":\"fr-FR\"},{\"@type\":\"Organization\",\"@id\":\"https:\/\/amm85.fr\/#organization\",\"name\":\"Amicale du mod\u00e9lisme mothais\",\"url\":\"https:\/\/amm85.fr\/\",\"logo\":{\"@type\":\"ImageObject\",\"inLanguage\":\"fr-FR\",\"@id\":\"https:\/\/amm85.fr\/#\/schema\/logo\/image\/\",\"url\":\"\",\"contentUrl\":\"\",\"caption\":\"Amicale du mod\u00e9lisme mothais\"},\"image\":{\"@id\":\"https:\/\/amm85.fr\/#\/schema\/logo\/image\/\"}}]}<\/script>\n<!-- \/ Yoast SEO plugin. -->","yoast_head_json":{"title":"Le 23 mai au Lac du Tanchet - AMM85","robots":{"index":"index","follow":"follow","max-snippet":"max-snippet:-1","max-image-preview":"max-image-preview:large","max-video-preview":"max-video-preview:-1"},"canonical":"https:\/\/amm85.fr\/index.php\/navigations\/2024-2\/le-23-mai-au-lac-du-tanchet\/","og_locale":"fr_FR","og_type":"article","og_title":"Le 23 mai au Lac du Tanchet - AMM85","og_url":"https:\/\/amm85.fr\/index.php\/navigations\/2024-2\/le-23-mai-au-lac-du-tanchet\/","og_site_name":"AMM85","article_modified_time":"2024-07-04T21:10:33+00:00","og_image":[{"url":"https:\/\/amm85.fr\/wp-content\/uploads\/2024\/05\/03-768x1024.jpg","type":"","width":"","height":""}],"twitter_card":"summary_large_image","twitter_misc":{"Dur\u00e9e de lecture estim\u00e9e":"2 minutes"},"schema":{"@context":"https:\/\/schema.org","@graph":[{"@type":"WebPage","@id":"https:\/\/amm85.fr\/index.php\/navigations\/2024-2\/le-23-mai-au-lac-du-tanchet\/","url":"https:\/\/amm85.fr\/index.php\/navigations\/2024-2\/le-23-mai-au-lac-du-tanchet\/","name":"Le 23 mai au Lac du Tanchet - AMM85","isPartOf":{"@id":"https:\/\/amm85.fr\/#website"},"primaryImageOfPage":{"@id":"https:\/\/amm85.fr\/index.php\/navigations\/2024-2\/le-23-mai-au-lac-du-tanchet\/#primaryimage"},"image":{"@id":"https:\/\/amm85.fr\/index.php\/navigations\/2024-2\/le-23-mai-au-lac-du-tanchet\/#primaryimage"},"thumbnailUrl":"https:\/\/amm85.fr\/wp-content\/uploads\/2024\/05\/03-768x1024.jpg","datePublished":"2024-05-23T16:36:06+00:00","dateModified":"2024-07-04T21:10:33+00:00","breadcrumb":{"@id":"https:\/\/amm85.fr\/index.php\/navigations\/2024-2\/le-23-mai-au-lac-du-tanchet\/#breadcrumb"},"inLanguage":"fr-FR","potentialAction":[{"@type":"ReadAction","target":["https:\/\/amm85.fr\/index.php\/navigations\/2024-2\/le-23-mai-au-lac-du-tanchet\/"]}]},{"@type":"ImageObject","inLanguage":"fr-FR","@id":"https:\/\/amm85.fr\/index.php\/navigations\/2024-2\/le-23-mai-au-lac-du-tanchet\/#primaryimage","url":"https:\/\/amm85.fr\/wp-content\/uploads\/2024\/05\/03.jpg","contentUrl":"https:\/\/amm85.fr\/wp-content\/uploads\/2024\/05\/03.jpg","width":1500,"height":2000},{"@type":"BreadcrumbList","@id":"https:\/\/amm85.fr\/index.php\/navigations\/2024-2\/le-23-mai-au-lac-du-tanchet\/#breadcrumb","itemListElement":[{"@type":"ListItem","position":1,"name":"Accueil","item":"https:\/\/amm85.fr\/"},{"@type":"ListItem","position":2,"name":"Navigations","item":"https:\/\/amm85.fr\/index.php\/navigations\/"},{"@type":"ListItem","position":3,"name":"2024","item":"https:\/\/amm85.fr\/index.php\/navigations\/2024-2\/"},{"@type":"ListItem","position":4,"name":"Le 23 mai au Lac du Tanchet"}]},{"@type":"WebSite","@id":"https:\/\/amm85.fr\/#website","url":"https:\/\/amm85.fr\/","name":"AMM85","description":"Association de mod\u00e9lisme Mothais : naval et  camion. Navigation, construction,  exposition. achards  situ\u00e9 dans la commune des Achards 85150 en Vend\u00e9e","publisher":{"@id":"https:\/\/amm85.fr\/#organization"},"potentialAction":[{"@type":"SearchAction","target":{"@type":"EntryPoint","urlTemplate":"https:\/\/amm85.fr\/?s={search_term_string}"},"query-input":{"@type":"PropertyValueSpecification","valueRequired":true,"valueName":"search_term_string"}}],"inLanguage":"fr-FR"},{"@type":"Organization","@id":"https:\/\/amm85.fr\/#organization","name":"Amicale du mod\u00e9lisme mothais","url":"https:\/\/amm85.fr\/","logo":{"@type":"ImageObject","inLanguage":"fr-FR","@id":"https:\/\/amm85.fr\/#\/schema\/logo\/image\/","url":"","contentUrl":"","caption":"Amicale du mod\u00e9lisme mothais"},"image":{"@id":"https:\/\/amm85.fr\/#\/schema\/logo\/image\/"}}]}},"_links":{"self":[{"href":"https:\/\/amm85.fr\/index.php\/wp-json\/wp\/v2\/pages\/1636","targetHints":{"allow":["GET"]}}],"collection":[{"href":"https:\/\/amm85.fr\/index.php\/wp-json\/wp\/v2\/pages"}],"about":[{"href":"https:\/\/amm85.fr\/index.php\/wp-json\/wp\/v2\/types\/page"}],"author":[{"embeddable":true,"href":"https:\/\/amm85.fr\/index.php\/wp-json\/wp\/v2\/users\/2"}],"replies":[{"embeddable":true,"href":"https:\/\/amm85.fr\/index.php\/wp-json\/wp\/v2\/comments?post=1636"}],"version-history":[{"count":1,"href":"https:\/\/amm85.fr\/index.php\/wp-json\/wp\/v2\/pages\/1636\/revisions"}],"predecessor-version":[{"id":1646,"href":"https:\/\/amm85.fr\/index.php\/wp-json\/wp\/v2\/pages\/1636\/revisions\/1646"}],"up":[{"embeddable":true,"href":"https:\/\/amm85.fr\/index.php\/wp-json\/wp\/v2\/pages\/1509"}],"wp:attachment":[{"href":"https:\/\/amm85.fr\/index.php\/wp-json\/wp\/v2\/media?parent=1636"}],"curies":[{"name":"wp","href":"https:\/\/api.w.org\/{rel}","templated":true}]}}