{"id":131,"date":"2024-02-25T11:39:01","date_gmt":"2024-02-25T10:39:01","guid":{"rendered":"https:\/\/amm85.fr\/?page_id=131"},"modified":"2025-02-26T17:17:42","modified_gmt":"2025-02-26T16:17:42","slug":"requin","status":"publish","type":"page","link":"https:\/\/amm85.fr\/index.php\/nos-realisations\/voiliers\/requin\/","title":{"rendered":"Requin r\u00e9alis\u00e9 (Dominique R)"},"content":{"rendered":"\n<figure class=\"wp-block-gallery has-nested-images columns-default is-cropped wp-block-gallery-1 is-layout-flex wp-block-gallery-is-layout-flex\">\n<figure class=\"wp-block-image size-full is-style-rounded\"><img loading=\"lazy\" decoding=\"async\" width=\"865\" height=\"573\" data-id=\"143\" src=\"http:\/\/amm85.fr\/wp-content\/uploads\/2024\/02\/03-1.jpg\" alt=\"\" class=\"wp-image-143\" srcset=\"https:\/\/amm85.fr\/wp-content\/uploads\/2024\/02\/03-1.jpg 865w, https:\/\/amm85.fr\/wp-content\/uploads\/2024\/02\/03-1-300x199.jpg 300w, https:\/\/amm85.fr\/wp-content\/uploads\/2024\/02\/03-1-768x509.jpg 768w\" sizes=\"auto, (max-width: 865px) 100vw, 865px\" \/><\/figure>\n<\/figure>\n\n\n\n<div style=\"height:100px\" aria-hidden=\"true\" class=\"wp-block-spacer\"><\/div>\n\n\n\n<p class=\"has-text-align-center\"><strong>Le Requin a \u00e9t\u00e9 dessin\u00e9 par l&#8217;architecte naval finlandais Gunnar L. Stenb\u00e4ck en&nbsp;1930.<\/strong><\/p>\n\n\n\n<p class=\"has-text-align-center\"><strong>Longueur: 9,60 m (hors-tout), 6,60 m (flottaison)<\/strong><\/p>\n\n\n\n<p class=\"has-text-align-center\"><strong>1850 kg dont 1050 kg de lest<\/strong><\/p>\n\n\n\n<p class=\"has-text-align-center\"><strong>Grand-voile 24,10 m\u00b2<\/strong><\/p>\n\n\n\n<p class=\"has-text-align-center\"><\/p>\n\n\n\n<div style=\"height:44px\" aria-hidden=\"true\" class=\"wp-block-spacer\"><\/div>\n\n\n\n<figure class=\"wp-block-gallery has-nested-images columns-default is-cropped wp-block-gallery-2 is-layout-flex wp-block-gallery-is-layout-flex\">\n<figure class=\"wp-block-image size-large\"><img loading=\"lazy\" decoding=\"async\" width=\"1024\" height=\"614\" data-id=\"138\" src=\"https:\/\/amm85.fr\/wp-content\/uploads\/2024\/02\/20160531_184044-1024x614.jpg\" alt=\"\" class=\"wp-image-138\" srcset=\"https:\/\/amm85.fr\/wp-content\/uploads\/2024\/02\/20160531_184044-1024x614.jpg 1024w, https:\/\/amm85.fr\/wp-content\/uploads\/2024\/02\/20160531_184044-300x180.jpg 300w, https:\/\/amm85.fr\/wp-content\/uploads\/2024\/02\/20160531_184044-768x461.jpg 768w, https:\/\/amm85.fr\/wp-content\/uploads\/2024\/02\/20160531_184044-1536x922.jpg 1536w, https:\/\/amm85.fr\/wp-content\/uploads\/2024\/02\/20160531_184044-2048x1229.jpg 2048w\" sizes=\"auto, (max-width: 1024px) 100vw, 1024px\" \/><\/figure>\n\n\n\n<figure class=\"wp-block-image size-large\"><img loading=\"lazy\" decoding=\"async\" width=\"1024\" height=\"614\" data-id=\"139\" src=\"https:\/\/amm85.fr\/wp-content\/uploads\/2024\/02\/20160726_090926-1024x614.jpg\" alt=\"\" class=\"wp-image-139\" srcset=\"https:\/\/amm85.fr\/wp-content\/uploads\/2024\/02\/20160726_090926-1024x614.jpg 1024w, https:\/\/amm85.fr\/wp-content\/uploads\/2024\/02\/20160726_090926-300x180.jpg 300w, https:\/\/amm85.fr\/wp-content\/uploads\/2024\/02\/20160726_090926-768x461.jpg 768w, https:\/\/amm85.fr\/wp-content\/uploads\/2024\/02\/20160726_090926-1536x922.jpg 1536w, https:\/\/amm85.fr\/wp-content\/uploads\/2024\/02\/20160726_090926-2048x1229.jpg 2048w\" sizes=\"auto, (max-width: 1024px) 100vw, 1024px\" \/><\/figure>\n\n\n\n<figure class=\"wp-block-image size-large\"><img loading=\"lazy\" decoding=\"async\" width=\"1024\" height=\"614\" data-id=\"142\" src=\"https:\/\/amm85.fr\/wp-content\/uploads\/2024\/02\/20160818_171421-1024x614.jpg\" alt=\"\" class=\"wp-image-142\" srcset=\"https:\/\/amm85.fr\/wp-content\/uploads\/2024\/02\/20160818_171421-1024x614.jpg 1024w, https:\/\/amm85.fr\/wp-content\/uploads\/2024\/02\/20160818_171421-300x180.jpg 300w, https:\/\/amm85.fr\/wp-content\/uploads\/2024\/02\/20160818_171421-768x461.jpg 768w, https:\/\/amm85.fr\/wp-content\/uploads\/2024\/02\/20160818_171421-1536x922.jpg 1536w, https:\/\/amm85.fr\/wp-content\/uploads\/2024\/02\/20160818_171421-2048x1229.jpg 2048w\" sizes=\"auto, (max-width: 1024px) 100vw, 1024px\" \/><\/figure>\n\n\n\n<figure class=\"wp-block-image size-large\"><img loading=\"lazy\" decoding=\"async\" width=\"500\" height=\"833\" data-id=\"140\" src=\"https:\/\/amm85.fr\/wp-content\/uploads\/2024\/02\/20160821_153008.jpg\" alt=\"\" class=\"wp-image-140\" srcset=\"https:\/\/amm85.fr\/wp-content\/uploads\/2024\/02\/20160821_153008.jpg 500w, https:\/\/amm85.fr\/wp-content\/uploads\/2024\/02\/20160821_153008-180x300.jpg 180w\" sizes=\"auto, (max-width: 500px) 100vw, 500px\" \/><\/figure>\n\n\n\n<figure class=\"wp-block-image size-large\"><img loading=\"lazy\" decoding=\"async\" width=\"614\" height=\"1024\" data-id=\"141\" src=\"https:\/\/amm85.fr\/wp-content\/uploads\/2024\/02\/20160828_152746-614x1024.jpg\" alt=\"\" class=\"wp-image-141\" srcset=\"https:\/\/amm85.fr\/wp-content\/uploads\/2024\/02\/20160828_152746-614x1024.jpg 614w, https:\/\/amm85.fr\/wp-content\/uploads\/2024\/02\/20160828_152746-180x300.jpg 180w, https:\/\/amm85.fr\/wp-content\/uploads\/2024\/02\/20160828_152746-768x1280.jpg 768w, https:\/\/amm85.fr\/wp-content\/uploads\/2024\/02\/20160828_152746-922x1536.jpg 922w, https:\/\/amm85.fr\/wp-content\/uploads\/2024\/02\/20160828_152746-1229x2048.jpg 1229w, https:\/\/amm85.fr\/wp-content\/uploads\/2024\/02\/20160828_152746-rotated.jpg 1536w\" sizes=\"auto, (max-width: 614px) 100vw, 614px\" \/><\/figure>\n<\/figure>\n\n\n\n<div style=\"height:22px\" aria-hidden=\"true\" class=\"wp-block-spacer\"><\/div>\n\n\n\n<p><strong>J&#8217;ai commenc\u00e9 ce requin en f\u00e9vrier 2016 avec comme objectif de le mettre&nbsp;\u00e0 l&#8217;eau en septembre. Je suis parti d&#8217;un plan o\u00f9 le requin mesure 80cm, trop petit&nbsp; d&#8217;apr\u00e8s des articles vus sur des forums, du coup je l&#8217;ai agrandi pour qu&#8217;il mesure 1.20m. J&#8217;ai fait la coque en sipo. Pour le pont j&#8217;ai fait la foug\u00e8re en sipo et les virures de&nbsp; pont en fr\u00eane avec un chant en placage acajou pour simuler le calfatage.<\/strong><\/p>\n\n\n\n<div style=\"height:75px\" aria-hidden=\"true\" class=\"wp-block-spacer\"><\/div>\n\n\n\n<figure class=\"wp-block-gallery has-nested-images columns-default is-cropped wp-block-gallery-3 is-layout-flex wp-block-gallery-is-layout-flex\">\n<figure class=\"wp-block-image size-large\"><img loading=\"lazy\" decoding=\"async\" width=\"1024\" height=\"651\" data-id=\"144\" src=\"https:\/\/amm85.fr\/wp-content\/uploads\/2024\/02\/JFDOMINIQUE2-1024x651.jpg\" alt=\"\" class=\"wp-image-144\" srcset=\"https:\/\/amm85.fr\/wp-content\/uploads\/2024\/02\/JFDOMINIQUE2-1024x651.jpg 1024w, https:\/\/amm85.fr\/wp-content\/uploads\/2024\/02\/JFDOMINIQUE2-300x191.jpg 300w, https:\/\/amm85.fr\/wp-content\/uploads\/2024\/02\/JFDOMINIQUE2-768x488.jpg 768w, https:\/\/amm85.fr\/wp-content\/uploads\/2024\/02\/JFDOMINIQUE2-1536x976.jpg 1536w, https:\/\/amm85.fr\/wp-content\/uploads\/2024\/02\/JFDOMINIQUE2-2048x1302.jpg 2048w\" sizes=\"auto, (max-width: 1024px) 100vw, 1024px\" \/><\/figure>\n<\/figure>\n\n\n\n<div style=\"height:100px\" aria-hidden=\"true\" class=\"wp-block-spacer\"><\/div>\n","protected":false},"excerpt":{"rendered":"<p>Le Requin a \u00e9t\u00e9 dessin\u00e9 par l&#8217;architecte naval finlandais Gunnar L. Stenb\u00e4ck en&nbsp;1930. Longueur: 9,60 m (hors-tout), 6,60 m (flottaison) 1850 kg dont 1050 kg de lest Grand-voile 24,10 m\u00b2&hellip;&nbsp;<a href=\"https:\/\/amm85.fr\/index.php\/nos-realisations\/voiliers\/requin\/\" rel=\"bookmark\">Lire la suite &raquo;<span class=\"screen-reader-text\">Requin r\u00e9alis\u00e9 (Dominique R)<\/span><\/a><\/p>\n","protected":false},"author":2,"featured_media":0,"parent":112,"menu_order":221,"comment_status":"closed","ping_status":"closed","template":"","meta":{"neve_meta_sidebar":"","neve_meta_container":"","neve_meta_enable_content_width":"","neve_meta_content_width":0,"neve_meta_title_alignment":"","neve_meta_author_avatar":"","neve_post_elements_order":"","neve_meta_disable_header":"","neve_meta_disable_footer":"","neve_meta_disable_title":"","footnotes":""},"class_list":["post-131","page","type-page","status-publish","hentry"],"yoast_head":"<!-- This site is optimized with the Yoast SEO plugin v26.3 - https:\/\/yoast.com\/wordpress\/plugins\/seo\/ -->\n<title>Requin r\u00e9alis\u00e9 (Dominique R) - AMM85<\/title>\n<meta name=\"robots\" content=\"index, follow, max-snippet:-1, max-image-preview:large, max-video-preview:-1\" \/>\n<link rel=\"canonical\" href=\"https:\/\/amm85.fr\/index.php\/nos-realisations\/voiliers\/requin\/\" \/>\n<meta property=\"og:locale\" content=\"fr_FR\" \/>\n<meta property=\"og:type\" content=\"article\" \/>\n<meta property=\"og:title\" content=\"Requin r\u00e9alis\u00e9 (Dominique R) - AMM85\" \/>\n<meta property=\"og:description\" content=\"Le Requin a \u00e9t\u00e9 dessin\u00e9 par l&#8217;architecte naval finlandais Gunnar L. Stenb\u00e4ck en&nbsp;1930. Longueur: 9,60 m (hors-tout), 6,60 m (flottaison) 1850 kg dont 1050 kg de lest Grand-voile 24,10 m\u00b2&hellip;&nbsp;Lire la suite &raquo;Requin r\u00e9alis\u00e9 (Dominique R)\" \/>\n<meta property=\"og:url\" content=\"https:\/\/amm85.fr\/index.php\/nos-realisations\/voiliers\/requin\/\" \/>\n<meta property=\"og:site_name\" content=\"AMM85\" \/>\n<meta property=\"article:modified_time\" content=\"2025-02-26T16:17:42+00:00\" \/>\n<meta property=\"og:image\" content=\"https:\/\/amm85.fr\/wp-content\/uploads\/2024\/02\/03-1.jpg\" \/>\n\t<meta property=\"og:image:width\" content=\"865\" \/>\n\t<meta property=\"og:image:height\" content=\"573\" \/>\n\t<meta property=\"og:image:type\" content=\"image\/jpeg\" \/>\n<meta name=\"twitter:card\" content=\"summary_large_image\" \/>\n<meta name=\"twitter:label1\" content=\"Dur\u00e9e de lecture estim\u00e9e\" \/>\n\t<meta name=\"twitter:data1\" content=\"2 minutes\" \/>\n<script type=\"application\/ld+json\" class=\"yoast-schema-graph\">{\"@context\":\"https:\/\/schema.org\",\"@graph\":[{\"@type\":\"WebPage\",\"@id\":\"https:\/\/amm85.fr\/index.php\/nos-realisations\/voiliers\/requin\/\",\"url\":\"https:\/\/amm85.fr\/index.php\/nos-realisations\/voiliers\/requin\/\",\"name\":\"Requin r\u00e9alis\u00e9 (Dominique R) - AMM85\",\"isPartOf\":{\"@id\":\"https:\/\/amm85.fr\/#website\"},\"primaryImageOfPage\":{\"@id\":\"https:\/\/amm85.fr\/index.php\/nos-realisations\/voiliers\/requin\/#primaryimage\"},\"image\":{\"@id\":\"https:\/\/amm85.fr\/index.php\/nos-realisations\/voiliers\/requin\/#primaryimage\"},\"thumbnailUrl\":\"http:\/\/amm85.fr\/wp-content\/uploads\/2024\/02\/03-1.jpg\",\"datePublished\":\"2024-02-25T10:39:01+00:00\",\"dateModified\":\"2025-02-26T16:17:42+00:00\",\"breadcrumb\":{\"@id\":\"https:\/\/amm85.fr\/index.php\/nos-realisations\/voiliers\/requin\/#breadcrumb\"},\"inLanguage\":\"fr-FR\",\"potentialAction\":[{\"@type\":\"ReadAction\",\"target\":[\"https:\/\/amm85.fr\/index.php\/nos-realisations\/voiliers\/requin\/\"]}]},{\"@type\":\"ImageObject\",\"inLanguage\":\"fr-FR\",\"@id\":\"https:\/\/amm85.fr\/index.php\/nos-realisations\/voiliers\/requin\/#primaryimage\",\"url\":\"https:\/\/amm85.fr\/wp-content\/uploads\/2024\/02\/03-1.jpg\",\"contentUrl\":\"https:\/\/amm85.fr\/wp-content\/uploads\/2024\/02\/03-1.jpg\",\"width\":865,\"height\":573},{\"@type\":\"BreadcrumbList\",\"@id\":\"https:\/\/amm85.fr\/index.php\/nos-realisations\/voiliers\/requin\/#breadcrumb\",\"itemListElement\":[{\"@type\":\"ListItem\",\"position\":1,\"name\":\"Accueil\",\"item\":\"https:\/\/amm85.fr\/\"},{\"@type\":\"ListItem\",\"position\":2,\"name\":\"Nos r\u00e9alisations\",\"item\":\"https:\/\/amm85.fr\/index.php\/nos-realisations\/\"},{\"@type\":\"ListItem\",\"position\":3,\"name\":\"Voiliers\",\"item\":\"https:\/\/amm85.fr\/index.php\/nos-realisations\/voiliers\/\"},{\"@type\":\"ListItem\",\"position\":4,\"name\":\"Requin r\u00e9alis\u00e9 (Dominique R)\"}]},{\"@type\":\"WebSite\",\"@id\":\"https:\/\/amm85.fr\/#website\",\"url\":\"https:\/\/amm85.fr\/\",\"name\":\"AMM85\",\"description\":\"Association de mod\u00e9lisme Mothais : naval et  camion. Navigation, construction,  exposition. achards  situ\u00e9 dans la commune des Achards 85150 en Vend\u00e9e\",\"publisher\":{\"@id\":\"https:\/\/amm85.fr\/#organization\"},\"potentialAction\":[{\"@type\":\"SearchAction\",\"target\":{\"@type\":\"EntryPoint\",\"urlTemplate\":\"https:\/\/amm85.fr\/?s={search_term_string}\"},\"query-input\":{\"@type\":\"PropertyValueSpecification\",\"valueRequired\":true,\"valueName\":\"search_term_string\"}}],\"inLanguage\":\"fr-FR\"},{\"@type\":\"Organization\",\"@id\":\"https:\/\/amm85.fr\/#organization\",\"name\":\"Amicale du mod\u00e9lisme mothais\",\"url\":\"https:\/\/amm85.fr\/\",\"logo\":{\"@type\":\"ImageObject\",\"inLanguage\":\"fr-FR\",\"@id\":\"https:\/\/amm85.fr\/#\/schema\/logo\/image\/\",\"url\":\"\",\"contentUrl\":\"\",\"caption\":\"Amicale du mod\u00e9lisme mothais\"},\"image\":{\"@id\":\"https:\/\/amm85.fr\/#\/schema\/logo\/image\/\"}}]}<\/script>\n<!-- \/ Yoast SEO plugin. -->","yoast_head_json":{"title":"Requin r\u00e9alis\u00e9 (Dominique R) - AMM85","robots":{"index":"index","follow":"follow","max-snippet":"max-snippet:-1","max-image-preview":"max-image-preview:large","max-video-preview":"max-video-preview:-1"},"canonical":"https:\/\/amm85.fr\/index.php\/nos-realisations\/voiliers\/requin\/","og_locale":"fr_FR","og_type":"article","og_title":"Requin r\u00e9alis\u00e9 (Dominique R) - AMM85","og_description":"Le Requin a \u00e9t\u00e9 dessin\u00e9 par l&#8217;architecte naval finlandais Gunnar L. Stenb\u00e4ck en&nbsp;1930. Longueur: 9,60 m (hors-tout), 6,60 m (flottaison) 1850 kg dont 1050 kg de lest Grand-voile 24,10 m\u00b2&hellip;&nbsp;Lire la suite &raquo;Requin r\u00e9alis\u00e9 (Dominique R)","og_url":"https:\/\/amm85.fr\/index.php\/nos-realisations\/voiliers\/requin\/","og_site_name":"AMM85","article_modified_time":"2025-02-26T16:17:42+00:00","og_image":[{"width":865,"height":573,"url":"https:\/\/amm85.fr\/wp-content\/uploads\/2024\/02\/03-1.jpg","type":"image\/jpeg"}],"twitter_card":"summary_large_image","twitter_misc":{"Dur\u00e9e de lecture estim\u00e9e":"2 minutes"},"schema":{"@context":"https:\/\/schema.org","@graph":[{"@type":"WebPage","@id":"https:\/\/amm85.fr\/index.php\/nos-realisations\/voiliers\/requin\/","url":"https:\/\/amm85.fr\/index.php\/nos-realisations\/voiliers\/requin\/","name":"Requin r\u00e9alis\u00e9 (Dominique R) - AMM85","isPartOf":{"@id":"https:\/\/amm85.fr\/#website"},"primaryImageOfPage":{"@id":"https:\/\/amm85.fr\/index.php\/nos-realisations\/voiliers\/requin\/#primaryimage"},"image":{"@id":"https:\/\/amm85.fr\/index.php\/nos-realisations\/voiliers\/requin\/#primaryimage"},"thumbnailUrl":"http:\/\/amm85.fr\/wp-content\/uploads\/2024\/02\/03-1.jpg","datePublished":"2024-02-25T10:39:01+00:00","dateModified":"2025-02-26T16:17:42+00:00","breadcrumb":{"@id":"https:\/\/amm85.fr\/index.php\/nos-realisations\/voiliers\/requin\/#breadcrumb"},"inLanguage":"fr-FR","potentialAction":[{"@type":"ReadAction","target":["https:\/\/amm85.fr\/index.php\/nos-realisations\/voiliers\/requin\/"]}]},{"@type":"ImageObject","inLanguage":"fr-FR","@id":"https:\/\/amm85.fr\/index.php\/nos-realisations\/voiliers\/requin\/#primaryimage","url":"https:\/\/amm85.fr\/wp-content\/uploads\/2024\/02\/03-1.jpg","contentUrl":"https:\/\/amm85.fr\/wp-content\/uploads\/2024\/02\/03-1.jpg","width":865,"height":573},{"@type":"BreadcrumbList","@id":"https:\/\/amm85.fr\/index.php\/nos-realisations\/voiliers\/requin\/#breadcrumb","itemListElement":[{"@type":"ListItem","position":1,"name":"Accueil","item":"https:\/\/amm85.fr\/"},{"@type":"ListItem","position":2,"name":"Nos r\u00e9alisations","item":"https:\/\/amm85.fr\/index.php\/nos-realisations\/"},{"@type":"ListItem","position":3,"name":"Voiliers","item":"https:\/\/amm85.fr\/index.php\/nos-realisations\/voiliers\/"},{"@type":"ListItem","position":4,"name":"Requin r\u00e9alis\u00e9 (Dominique R)"}]},{"@type":"WebSite","@id":"https:\/\/amm85.fr\/#website","url":"https:\/\/amm85.fr\/","name":"AMM85","description":"Association de mod\u00e9lisme Mothais : naval et  camion. Navigation, construction,  exposition. achards  situ\u00e9 dans la commune des Achards 85150 en Vend\u00e9e","publisher":{"@id":"https:\/\/amm85.fr\/#organization"},"potentialAction":[{"@type":"SearchAction","target":{"@type":"EntryPoint","urlTemplate":"https:\/\/amm85.fr\/?s={search_term_string}"},"query-input":{"@type":"PropertyValueSpecification","valueRequired":true,"valueName":"search_term_string"}}],"inLanguage":"fr-FR"},{"@type":"Organization","@id":"https:\/\/amm85.fr\/#organization","name":"Amicale du mod\u00e9lisme mothais","url":"https:\/\/amm85.fr\/","logo":{"@type":"ImageObject","inLanguage":"fr-FR","@id":"https:\/\/amm85.fr\/#\/schema\/logo\/image\/","url":"","contentUrl":"","caption":"Amicale du mod\u00e9lisme mothais"},"image":{"@id":"https:\/\/amm85.fr\/#\/schema\/logo\/image\/"}}]}},"_links":{"self":[{"href":"https:\/\/amm85.fr\/index.php\/wp-json\/wp\/v2\/pages\/131","targetHints":{"allow":["GET"]}}],"collection":[{"href":"https:\/\/amm85.fr\/index.php\/wp-json\/wp\/v2\/pages"}],"about":[{"href":"https:\/\/amm85.fr\/index.php\/wp-json\/wp\/v2\/types\/page"}],"author":[{"embeddable":true,"href":"https:\/\/amm85.fr\/index.php\/wp-json\/wp\/v2\/users\/2"}],"replies":[{"embeddable":true,"href":"https:\/\/amm85.fr\/index.php\/wp-json\/wp\/v2\/comments?post=131"}],"version-history":[{"count":6,"href":"https:\/\/amm85.fr\/index.php\/wp-json\/wp\/v2\/pages\/131\/revisions"}],"predecessor-version":[{"id":3210,"href":"https:\/\/amm85.fr\/index.php\/wp-json\/wp\/v2\/pages\/131\/revisions\/3210"}],"up":[{"embeddable":true,"href":"https:\/\/amm85.fr\/index.php\/wp-json\/wp\/v2\/pages\/112"}],"wp:attachment":[{"href":"https:\/\/amm85.fr\/index.php\/wp-json\/wp\/v2\/media?parent=131"}],"curies":[{"name":"wp","href":"https:\/\/api.w.org\/{rel}","templated":true}]}}