{"id":1286,"date":"2024-04-01T19:20:00","date_gmt":"2024-04-01T17:20:00","guid":{"rendered":"https:\/\/amm85.fr\/?page_id=1286"},"modified":"2025-02-26T17:20:16","modified_gmt":"2025-02-26T16:20:16","slug":"comtesse-de-jean-jacques-v","status":"publish","type":"page","link":"https:\/\/amm85.fr\/index.php\/nos-realisations\/voiliers\/comtesse-de-jean-jacques-v\/","title":{"rendered":"Comtesse (Jean-jacques V)"},"content":{"rendered":"\n<p>La comtesse voilier kit Romarin By krick r\u00e9\u00e9dition du voilier de Robbe bien connu sa longueur est de 955mm<\/p>\n\n\n\n<p>fin de la construction 04\/2024<\/p>\n\n\n<div class=\"wp-block-image\">\n<figure class=\"aligncenter size-large is-resized\"><img loading=\"lazy\" decoding=\"async\" width=\"768\" height=\"1024\" src=\"http:\/\/amm85.fr\/wp-content\/uploads\/2024\/04\/comtesse-768x1024.jpg\" alt=\"\" class=\"wp-image-1287\" style=\"width:483px;height:auto\" srcset=\"https:\/\/amm85.fr\/wp-content\/uploads\/2024\/04\/comtesse-768x1024.jpg 768w, https:\/\/amm85.fr\/wp-content\/uploads\/2024\/04\/comtesse-225x300.jpg 225w, https:\/\/amm85.fr\/wp-content\/uploads\/2024\/04\/comtesse.jpg 1050w\" sizes=\"auto, (max-width: 768px) 100vw, 768px\" \/><\/figure>\n<\/div>\n\n\n<p><\/p>\n","protected":false},"excerpt":{"rendered":"<p>La comtesse voilier kit Romarin By krick r\u00e9\u00e9dition du voilier de Robbe bien connu sa longueur est de 955mm fin de la construction 04\/2024<\/p>\n","protected":false},"author":3,"featured_media":0,"parent":112,"menu_order":230,"comment_status":"closed","ping_status":"closed","template":"","meta":{"neve_meta_sidebar":"","neve_meta_container":"","neve_meta_enable_content_width":"","neve_meta_content_width":0,"neve_meta_title_alignment":"","neve_meta_author_avatar":"","neve_post_elements_order":"","neve_meta_disable_header":"","neve_meta_disable_footer":"","neve_meta_disable_title":"","footnotes":""},"class_list":["post-1286","page","type-page","status-publish","hentry"],"yoast_head":"<!-- This site is optimized with the Yoast SEO plugin v26.3 - https:\/\/yoast.com\/wordpress\/plugins\/seo\/ -->\n<title>Comtesse (Jean-jacques V) - AMM85<\/title>\n<meta name=\"robots\" content=\"index, follow, max-snippet:-1, max-image-preview:large, max-video-preview:-1\" \/>\n<link rel=\"canonical\" href=\"https:\/\/amm85.fr\/index.php\/nos-realisations\/voiliers\/comtesse-de-jean-jacques-v\/\" \/>\n<meta property=\"og:locale\" content=\"fr_FR\" \/>\n<meta property=\"og:type\" content=\"article\" \/>\n<meta property=\"og:title\" content=\"Comtesse (Jean-jacques V) - AMM85\" \/>\n<meta property=\"og:description\" content=\"La comtesse voilier kit Romarin By krick r\u00e9\u00e9dition du voilier de Robbe bien connu sa longueur est de 955mm fin de la construction 04\/2024\" \/>\n<meta property=\"og:url\" content=\"https:\/\/amm85.fr\/index.php\/nos-realisations\/voiliers\/comtesse-de-jean-jacques-v\/\" \/>\n<meta property=\"og:site_name\" content=\"AMM85\" \/>\n<meta property=\"article:modified_time\" content=\"2025-02-26T16:20:16+00:00\" \/>\n<meta property=\"og:image\" content=\"https:\/\/amm85.fr\/wp-content\/uploads\/2024\/04\/comtesse.jpg\" \/>\n\t<meta property=\"og:image:width\" content=\"1050\" \/>\n\t<meta property=\"og:image:height\" content=\"1400\" \/>\n\t<meta property=\"og:image:type\" content=\"image\/jpeg\" \/>\n<meta name=\"twitter:card\" content=\"summary_large_image\" \/>\n<meta name=\"twitter:label1\" content=\"Dur\u00e9e de lecture estim\u00e9e\" \/>\n\t<meta name=\"twitter:data1\" content=\"1 minute\" \/>\n<script type=\"application\/ld+json\" class=\"yoast-schema-graph\">{\"@context\":\"https:\/\/schema.org\",\"@graph\":[{\"@type\":\"WebPage\",\"@id\":\"https:\/\/amm85.fr\/index.php\/nos-realisations\/voiliers\/comtesse-de-jean-jacques-v\/\",\"url\":\"https:\/\/amm85.fr\/index.php\/nos-realisations\/voiliers\/comtesse-de-jean-jacques-v\/\",\"name\":\"Comtesse (Jean-jacques V) - AMM85\",\"isPartOf\":{\"@id\":\"https:\/\/amm85.fr\/#website\"},\"primaryImageOfPage\":{\"@id\":\"https:\/\/amm85.fr\/index.php\/nos-realisations\/voiliers\/comtesse-de-jean-jacques-v\/#primaryimage\"},\"image\":{\"@id\":\"https:\/\/amm85.fr\/index.php\/nos-realisations\/voiliers\/comtesse-de-jean-jacques-v\/#primaryimage\"},\"thumbnailUrl\":\"http:\/\/amm85.fr\/wp-content\/uploads\/2024\/04\/comtesse-768x1024.jpg\",\"datePublished\":\"2024-04-01T17:20:00+00:00\",\"dateModified\":\"2025-02-26T16:20:16+00:00\",\"breadcrumb\":{\"@id\":\"https:\/\/amm85.fr\/index.php\/nos-realisations\/voiliers\/comtesse-de-jean-jacques-v\/#breadcrumb\"},\"inLanguage\":\"fr-FR\",\"potentialAction\":[{\"@type\":\"ReadAction\",\"target\":[\"https:\/\/amm85.fr\/index.php\/nos-realisations\/voiliers\/comtesse-de-jean-jacques-v\/\"]}]},{\"@type\":\"ImageObject\",\"inLanguage\":\"fr-FR\",\"@id\":\"https:\/\/amm85.fr\/index.php\/nos-realisations\/voiliers\/comtesse-de-jean-jacques-v\/#primaryimage\",\"url\":\"https:\/\/amm85.fr\/wp-content\/uploads\/2024\/04\/comtesse.jpg\",\"contentUrl\":\"https:\/\/amm85.fr\/wp-content\/uploads\/2024\/04\/comtesse.jpg\",\"width\":1050,\"height\":1400},{\"@type\":\"BreadcrumbList\",\"@id\":\"https:\/\/amm85.fr\/index.php\/nos-realisations\/voiliers\/comtesse-de-jean-jacques-v\/#breadcrumb\",\"itemListElement\":[{\"@type\":\"ListItem\",\"position\":1,\"name\":\"Accueil\",\"item\":\"https:\/\/amm85.fr\/\"},{\"@type\":\"ListItem\",\"position\":2,\"name\":\"Nos r\u00e9alisations\",\"item\":\"https:\/\/amm85.fr\/index.php\/nos-realisations\/\"},{\"@type\":\"ListItem\",\"position\":3,\"name\":\"Voiliers\",\"item\":\"https:\/\/amm85.fr\/index.php\/nos-realisations\/voiliers\/\"},{\"@type\":\"ListItem\",\"position\":4,\"name\":\"Comtesse (Jean-jacques V)\"}]},{\"@type\":\"WebSite\",\"@id\":\"https:\/\/amm85.fr\/#website\",\"url\":\"https:\/\/amm85.fr\/\",\"name\":\"AMM85\",\"description\":\"Association de mod\u00e9lisme Mothais : naval et  camion. Navigation, construction,  exposition. achards  situ\u00e9 dans la commune des Achards 85150 en Vend\u00e9e\",\"publisher\":{\"@id\":\"https:\/\/amm85.fr\/#organization\"},\"potentialAction\":[{\"@type\":\"SearchAction\",\"target\":{\"@type\":\"EntryPoint\",\"urlTemplate\":\"https:\/\/amm85.fr\/?s={search_term_string}\"},\"query-input\":{\"@type\":\"PropertyValueSpecification\",\"valueRequired\":true,\"valueName\":\"search_term_string\"}}],\"inLanguage\":\"fr-FR\"},{\"@type\":\"Organization\",\"@id\":\"https:\/\/amm85.fr\/#organization\",\"name\":\"Amicale du mod\u00e9lisme mothais\",\"url\":\"https:\/\/amm85.fr\/\",\"logo\":{\"@type\":\"ImageObject\",\"inLanguage\":\"fr-FR\",\"@id\":\"https:\/\/amm85.fr\/#\/schema\/logo\/image\/\",\"url\":\"\",\"contentUrl\":\"\",\"caption\":\"Amicale du mod\u00e9lisme mothais\"},\"image\":{\"@id\":\"https:\/\/amm85.fr\/#\/schema\/logo\/image\/\"}}]}<\/script>\n<!-- \/ Yoast SEO plugin. -->","yoast_head_json":{"title":"Comtesse (Jean-jacques V) - AMM85","robots":{"index":"index","follow":"follow","max-snippet":"max-snippet:-1","max-image-preview":"max-image-preview:large","max-video-preview":"max-video-preview:-1"},"canonical":"https:\/\/amm85.fr\/index.php\/nos-realisations\/voiliers\/comtesse-de-jean-jacques-v\/","og_locale":"fr_FR","og_type":"article","og_title":"Comtesse (Jean-jacques V) - AMM85","og_description":"La comtesse voilier kit Romarin By krick r\u00e9\u00e9dition du voilier de Robbe bien connu sa longueur est de 955mm fin de la construction 04\/2024","og_url":"https:\/\/amm85.fr\/index.php\/nos-realisations\/voiliers\/comtesse-de-jean-jacques-v\/","og_site_name":"AMM85","article_modified_time":"2025-02-26T16:20:16+00:00","og_image":[{"width":1050,"height":1400,"url":"https:\/\/amm85.fr\/wp-content\/uploads\/2024\/04\/comtesse.jpg","type":"image\/jpeg"}],"twitter_card":"summary_large_image","twitter_misc":{"Dur\u00e9e de lecture estim\u00e9e":"1 minute"},"schema":{"@context":"https:\/\/schema.org","@graph":[{"@type":"WebPage","@id":"https:\/\/amm85.fr\/index.php\/nos-realisations\/voiliers\/comtesse-de-jean-jacques-v\/","url":"https:\/\/amm85.fr\/index.php\/nos-realisations\/voiliers\/comtesse-de-jean-jacques-v\/","name":"Comtesse (Jean-jacques V) - AMM85","isPartOf":{"@id":"https:\/\/amm85.fr\/#website"},"primaryImageOfPage":{"@id":"https:\/\/amm85.fr\/index.php\/nos-realisations\/voiliers\/comtesse-de-jean-jacques-v\/#primaryimage"},"image":{"@id":"https:\/\/amm85.fr\/index.php\/nos-realisations\/voiliers\/comtesse-de-jean-jacques-v\/#primaryimage"},"thumbnailUrl":"http:\/\/amm85.fr\/wp-content\/uploads\/2024\/04\/comtesse-768x1024.jpg","datePublished":"2024-04-01T17:20:00+00:00","dateModified":"2025-02-26T16:20:16+00:00","breadcrumb":{"@id":"https:\/\/amm85.fr\/index.php\/nos-realisations\/voiliers\/comtesse-de-jean-jacques-v\/#breadcrumb"},"inLanguage":"fr-FR","potentialAction":[{"@type":"ReadAction","target":["https:\/\/amm85.fr\/index.php\/nos-realisations\/voiliers\/comtesse-de-jean-jacques-v\/"]}]},{"@type":"ImageObject","inLanguage":"fr-FR","@id":"https:\/\/amm85.fr\/index.php\/nos-realisations\/voiliers\/comtesse-de-jean-jacques-v\/#primaryimage","url":"https:\/\/amm85.fr\/wp-content\/uploads\/2024\/04\/comtesse.jpg","contentUrl":"https:\/\/amm85.fr\/wp-content\/uploads\/2024\/04\/comtesse.jpg","width":1050,"height":1400},{"@type":"BreadcrumbList","@id":"https:\/\/amm85.fr\/index.php\/nos-realisations\/voiliers\/comtesse-de-jean-jacques-v\/#breadcrumb","itemListElement":[{"@type":"ListItem","position":1,"name":"Accueil","item":"https:\/\/amm85.fr\/"},{"@type":"ListItem","position":2,"name":"Nos r\u00e9alisations","item":"https:\/\/amm85.fr\/index.php\/nos-realisations\/"},{"@type":"ListItem","position":3,"name":"Voiliers","item":"https:\/\/amm85.fr\/index.php\/nos-realisations\/voiliers\/"},{"@type":"ListItem","position":4,"name":"Comtesse (Jean-jacques V)"}]},{"@type":"WebSite","@id":"https:\/\/amm85.fr\/#website","url":"https:\/\/amm85.fr\/","name":"AMM85","description":"Association de mod\u00e9lisme Mothais : naval et  camion. Navigation, construction,  exposition. achards  situ\u00e9 dans la commune des Achards 85150 en Vend\u00e9e","publisher":{"@id":"https:\/\/amm85.fr\/#organization"},"potentialAction":[{"@type":"SearchAction","target":{"@type":"EntryPoint","urlTemplate":"https:\/\/amm85.fr\/?s={search_term_string}"},"query-input":{"@type":"PropertyValueSpecification","valueRequired":true,"valueName":"search_term_string"}}],"inLanguage":"fr-FR"},{"@type":"Organization","@id":"https:\/\/amm85.fr\/#organization","name":"Amicale du mod\u00e9lisme mothais","url":"https:\/\/amm85.fr\/","logo":{"@type":"ImageObject","inLanguage":"fr-FR","@id":"https:\/\/amm85.fr\/#\/schema\/logo\/image\/","url":"","contentUrl":"","caption":"Amicale du mod\u00e9lisme mothais"},"image":{"@id":"https:\/\/amm85.fr\/#\/schema\/logo\/image\/"}}]}},"_links":{"self":[{"href":"https:\/\/amm85.fr\/index.php\/wp-json\/wp\/v2\/pages\/1286","targetHints":{"allow":["GET"]}}],"collection":[{"href":"https:\/\/amm85.fr\/index.php\/wp-json\/wp\/v2\/pages"}],"about":[{"href":"https:\/\/amm85.fr\/index.php\/wp-json\/wp\/v2\/types\/page"}],"author":[{"embeddable":true,"href":"https:\/\/amm85.fr\/index.php\/wp-json\/wp\/v2\/users\/3"}],"replies":[{"embeddable":true,"href":"https:\/\/amm85.fr\/index.php\/wp-json\/wp\/v2\/comments?post=1286"}],"version-history":[{"count":3,"href":"https:\/\/amm85.fr\/index.php\/wp-json\/wp\/v2\/pages\/1286\/revisions"}],"predecessor-version":[{"id":3212,"href":"https:\/\/amm85.fr\/index.php\/wp-json\/wp\/v2\/pages\/1286\/revisions\/3212"}],"up":[{"embeddable":true,"href":"https:\/\/amm85.fr\/index.php\/wp-json\/wp\/v2\/pages\/112"}],"wp:attachment":[{"href":"https:\/\/amm85.fr\/index.php\/wp-json\/wp\/v2\/media?parent=1286"}],"curies":[{"name":"wp","href":"https:\/\/api.w.org\/{rel}","templated":true}]}}