{"id":1234,"date":"2024-03-25T19:37:59","date_gmt":"2024-03-25T18:37:59","guid":{"rendered":"https:\/\/amm85.fr\/?page_id=1234"},"modified":"2025-02-26T17:21:23","modified_gmt":"2025-02-26T16:21:23","slug":"valdivia-realise-par-michel-a","status":"publish","type":"page","link":"https:\/\/amm85.fr\/index.php\/nos-realisations\/vieux-greement\/valdivia-realise-par-michel-a\/","title":{"rendered":"Valdivia (Michel A)"},"content":{"rendered":"\n<div style=\"height:61px\" aria-hidden=\"true\" class=\"wp-block-spacer\"><\/div>\n\n\n\n<p><\/p>\n\n\n\n<div class=\"wp-block-media-text is-stacked-on-mobile\" style=\"grid-template-columns:36% auto\"><figure class=\"wp-block-media-text__media\"><img loading=\"lazy\" decoding=\"async\" width=\"273\" height=\"288\" src=\"http:\/\/amm85.fr\/wp-content\/uploads\/2024\/03\/valdivia2jpg.jpg\" alt=\"\" class=\"wp-image-1237 size-full\"\/><\/figure><div class=\"wp-block-media-text__content\">\n<p>Au milieu du XIXe si\u00e8cle, un fabricant de spiritueux su\u00e9dois chargea les chantiers navals Soedra Varvet de Stockholm de la construction d\u2019une go\u00e9lette rapide et \u00e9l\u00e9gante.<br>En 1868, le Vanadis, gr\u00e9\u00e9 comme un terre-neuvas de 29 m\u00e8tres de long, est mis \u00e0 l\u2019eau. Grace \u00e0 sa vitesse, en particulier, ce bateau eut une carri\u00e8re agit\u00e9e aux mains de contrebandiers et de douaniers.<br>Il a \u00e9t\u00e9 enti\u00e8rement restaur\u00e9 entre 1978 et 1981 \u00e0 Hambourg et navigue d\u00e8s lors sous le nom de Valdivia d\u2019Altona. Il est maintenant affr\u00e9t\u00e9 pour de courtes croisi\u00e8res et a particip\u00e9 avec beaucoup de succ\u00e8s \u00e0 des r\u00e9gates internationales.<\/p>\n\n\n\n<p><\/p>\n<\/div><\/div>\n\n\n\n<div style=\"height:71px\" aria-hidden=\"true\" class=\"wp-block-spacer\"><\/div>\n\n\n\n<figure class=\"wp-block-gallery has-nested-images columns-default is-cropped wp-block-gallery-1 is-layout-flex wp-block-gallery-is-layout-flex\">\n<figure class=\"wp-block-image size-large\"><img loading=\"lazy\" decoding=\"async\" width=\"1024\" height=\"683\" data-id=\"1240\" src=\"https:\/\/amm85.fr\/wp-content\/uploads\/2024\/03\/valdivia-1024x683.jpg\" alt=\"\" class=\"wp-image-1240\" srcset=\"https:\/\/amm85.fr\/wp-content\/uploads\/2024\/03\/valdivia-1024x683.jpg 1024w, https:\/\/amm85.fr\/wp-content\/uploads\/2024\/03\/valdivia-300x200.jpg 300w, https:\/\/amm85.fr\/wp-content\/uploads\/2024\/03\/valdivia-768x512.jpg 768w, https:\/\/amm85.fr\/wp-content\/uploads\/2024\/03\/valdivia-1536x1024.jpg 1536w, https:\/\/amm85.fr\/wp-content\/uploads\/2024\/03\/valdivia-2048x1365.jpg 2048w, https:\/\/amm85.fr\/wp-content\/uploads\/2024\/03\/valdivia-930x620.jpg 930w\" sizes=\"auto, (max-width: 1024px) 100vw, 1024px\" \/><\/figure>\n\n\n\n<figure class=\"wp-block-image size-large\"><img loading=\"lazy\" decoding=\"async\" width=\"759\" height=\"965\" data-id=\"1239\" src=\"https:\/\/amm85.fr\/wp-content\/uploads\/2024\/03\/validivia-gite.jpg\" alt=\"\" class=\"wp-image-1239\" srcset=\"https:\/\/amm85.fr\/wp-content\/uploads\/2024\/03\/validivia-gite.jpg 759w, https:\/\/amm85.fr\/wp-content\/uploads\/2024\/03\/validivia-gite-236x300.jpg 236w\" sizes=\"auto, (max-width: 759px) 100vw, 759px\" \/><\/figure>\n<\/figure>\n\n\n\n<div style=\"height:23px\" aria-hidden=\"true\" class=\"wp-block-spacer\"><\/div>\n\n\n\n<p>VALDIVIA ALTONA de Robbe r\u00e9alis\u00e9 par Michel A en 2004<\/p>\n\n\n\n<div style=\"height:100px\" aria-hidden=\"true\" class=\"wp-block-spacer\"><\/div>\n\n\n\n<div class=\"wp-block-media-text is-stacked-on-mobile\" style=\"grid-template-columns:34% auto\"><figure class=\"wp-block-media-text__media\"><img loading=\"lazy\" decoding=\"async\" width=\"1024\" height=\"873\" src=\"https:\/\/amm85.fr\/wp-content\/uploads\/2024\/03\/valdivia-greement-1024x873.jpg\" alt=\"\" class=\"wp-image-1244 size-full\" srcset=\"https:\/\/amm85.fr\/wp-content\/uploads\/2024\/03\/valdivia-greement-1024x873.jpg 1024w, https:\/\/amm85.fr\/wp-content\/uploads\/2024\/03\/valdivia-greement-300x256.jpg 300w, https:\/\/amm85.fr\/wp-content\/uploads\/2024\/03\/valdivia-greement-768x655.jpg 768w, https:\/\/amm85.fr\/wp-content\/uploads\/2024\/03\/valdivia-greement.jpg 1274w\" sizes=\"auto, (max-width: 1024px) 100vw, 1024px\" \/><\/figure><div class=\"wp-block-media-text__content\">\n<p>Caracteristiques de la maquette<\/p>\n\n\n\n<p>Longueur: 1580 mm<br>Largeur: 300 mm<br>Hauteur: 1300 mm<br>\u00c9chelle: 1:20<br>Pouss\u00e9e globale: 9000 g<br>Surface de voile 72,0 dm\u00b2<\/p>\n<\/div><\/div>\n\n\n\n<div style=\"height:61px\" aria-hidden=\"true\" class=\"wp-block-spacer\"><\/div>\n\n\n\n<figure class=\"wp-block-embed is-type-video is-provider-youtube wp-block-embed-youtube wp-embed-aspect-16-9 wp-has-aspect-ratio\"><div class=\"wp-block-embed__wrapper\">\n<div class=\"nv-iframe-embed\"><iframe loading=\"lazy\" title=\"Retro nautisme Enghien 2014 : La go\u00e9lette VALDIVIA RC de Michel - Voiles anciennes\" width=\"1200\" height=\"675\" src=\"https:\/\/www.youtube.com\/embed\/EWQy-cHOWdg?feature=oembed\" frameborder=\"0\" allow=\"accelerometer; autoplay; clipboard-write; encrypted-media; gyroscope; picture-in-picture; web-share\" allowfullscreen><\/iframe><\/div>\n<\/div><figcaption class=\"wp-element-caption\">vid\u00e9o r\u00e9alis\u00e9e par Raphael H avec technique de mise \u00e0 l&#8217;eau.<\/figcaption><\/figure>\n\n\n\n<div style=\"height:100px\" aria-hidden=\"true\" class=\"wp-block-spacer\"><\/div>\n","protected":false},"excerpt":{"rendered":"<p>Au milieu du XIXe si\u00e8cle, un fabricant de spiritueux su\u00e9dois chargea les chantiers navals Soedra Varvet de Stockholm de la construction d\u2019une go\u00e9lette rapide et \u00e9l\u00e9gante.En 1868, le Vanadis, gr\u00e9\u00e9&hellip;&nbsp;<a href=\"https:\/\/amm85.fr\/index.php\/nos-realisations\/vieux-greement\/valdivia-realise-par-michel-a\/\" rel=\"bookmark\">Lire la suite &raquo;<span class=\"screen-reader-text\">Valdivia (Michel A)<\/span><\/a><\/p>\n","protected":false},"author":2,"featured_media":0,"parent":253,"menu_order":0,"comment_status":"closed","ping_status":"closed","template":"","meta":{"neve_meta_sidebar":"","neve_meta_container":"","neve_meta_enable_content_width":"","neve_meta_content_width":0,"neve_meta_title_alignment":"","neve_meta_author_avatar":"","neve_post_elements_order":"","neve_meta_disable_header":"","neve_meta_disable_footer":"","neve_meta_disable_title":"","footnotes":""},"class_list":["post-1234","page","type-page","status-publish","hentry"],"yoast_head":"<!-- This site is optimized with the Yoast SEO plugin v26.3 - https:\/\/yoast.com\/wordpress\/plugins\/seo\/ -->\n<title>Valdivia (Michel A) - AMM85<\/title>\n<meta name=\"robots\" content=\"index, follow, max-snippet:-1, max-image-preview:large, max-video-preview:-1\" \/>\n<link rel=\"canonical\" href=\"https:\/\/amm85.fr\/index.php\/nos-realisations\/vieux-greement\/valdivia-realise-par-michel-a\/\" \/>\n<meta property=\"og:locale\" content=\"fr_FR\" \/>\n<meta property=\"og:type\" content=\"article\" \/>\n<meta property=\"og:title\" content=\"Valdivia (Michel A) - AMM85\" \/>\n<meta property=\"og:description\" content=\"Au milieu du XIXe si\u00e8cle, un fabricant de spiritueux su\u00e9dois chargea les chantiers navals Soedra Varvet de Stockholm de la construction d\u2019une go\u00e9lette rapide et \u00e9l\u00e9gante.En 1868, le Vanadis, gr\u00e9\u00e9&hellip;&nbsp;Lire la suite &raquo;Valdivia (Michel A)\" \/>\n<meta property=\"og:url\" content=\"https:\/\/amm85.fr\/index.php\/nos-realisations\/vieux-greement\/valdivia-realise-par-michel-a\/\" \/>\n<meta property=\"og:site_name\" content=\"AMM85\" \/>\n<meta property=\"article:modified_time\" content=\"2025-02-26T16:21:23+00:00\" \/>\n<meta property=\"og:image\" content=\"https:\/\/amm85.fr\/wp-content\/uploads\/2024\/03\/valdivia2jpg.jpg\" \/>\n\t<meta property=\"og:image:width\" content=\"273\" \/>\n\t<meta property=\"og:image:height\" content=\"288\" \/>\n\t<meta property=\"og:image:type\" content=\"image\/jpeg\" \/>\n<meta name=\"twitter:card\" content=\"summary_large_image\" \/>\n<meta name=\"twitter:label1\" content=\"Dur\u00e9e de lecture estim\u00e9e\" \/>\n\t<meta name=\"twitter:data1\" content=\"2 minutes\" \/>\n<script type=\"application\/ld+json\" class=\"yoast-schema-graph\">{\"@context\":\"https:\/\/schema.org\",\"@graph\":[{\"@type\":\"WebPage\",\"@id\":\"https:\/\/amm85.fr\/index.php\/nos-realisations\/vieux-greement\/valdivia-realise-par-michel-a\/\",\"url\":\"https:\/\/amm85.fr\/index.php\/nos-realisations\/vieux-greement\/valdivia-realise-par-michel-a\/\",\"name\":\"Valdivia (Michel A) - AMM85\",\"isPartOf\":{\"@id\":\"https:\/\/amm85.fr\/#website\"},\"primaryImageOfPage\":{\"@id\":\"https:\/\/amm85.fr\/index.php\/nos-realisations\/vieux-greement\/valdivia-realise-par-michel-a\/#primaryimage\"},\"image\":{\"@id\":\"https:\/\/amm85.fr\/index.php\/nos-realisations\/vieux-greement\/valdivia-realise-par-michel-a\/#primaryimage\"},\"thumbnailUrl\":\"http:\/\/amm85.fr\/wp-content\/uploads\/2024\/03\/valdivia2jpg.jpg\",\"datePublished\":\"2024-03-25T18:37:59+00:00\",\"dateModified\":\"2025-02-26T16:21:23+00:00\",\"breadcrumb\":{\"@id\":\"https:\/\/amm85.fr\/index.php\/nos-realisations\/vieux-greement\/valdivia-realise-par-michel-a\/#breadcrumb\"},\"inLanguage\":\"fr-FR\",\"potentialAction\":[{\"@type\":\"ReadAction\",\"target\":[\"https:\/\/amm85.fr\/index.php\/nos-realisations\/vieux-greement\/valdivia-realise-par-michel-a\/\"]}]},{\"@type\":\"ImageObject\",\"inLanguage\":\"fr-FR\",\"@id\":\"https:\/\/amm85.fr\/index.php\/nos-realisations\/vieux-greement\/valdivia-realise-par-michel-a\/#primaryimage\",\"url\":\"https:\/\/amm85.fr\/wp-content\/uploads\/2024\/03\/valdivia2jpg.jpg\",\"contentUrl\":\"https:\/\/amm85.fr\/wp-content\/uploads\/2024\/03\/valdivia2jpg.jpg\",\"width\":273,\"height\":288},{\"@type\":\"BreadcrumbList\",\"@id\":\"https:\/\/amm85.fr\/index.php\/nos-realisations\/vieux-greement\/valdivia-realise-par-michel-a\/#breadcrumb\",\"itemListElement\":[{\"@type\":\"ListItem\",\"position\":1,\"name\":\"Accueil\",\"item\":\"https:\/\/amm85.fr\/\"},{\"@type\":\"ListItem\",\"position\":2,\"name\":\"Nos r\u00e9alisations\",\"item\":\"https:\/\/amm85.fr\/index.php\/nos-realisations\/\"},{\"@type\":\"ListItem\",\"position\":3,\"name\":\"Vieux Gr\u00e9ement\",\"item\":\"https:\/\/amm85.fr\/index.php\/nos-realisations\/vieux-greement\/\"},{\"@type\":\"ListItem\",\"position\":4,\"name\":\"Valdivia (Michel A)\"}]},{\"@type\":\"WebSite\",\"@id\":\"https:\/\/amm85.fr\/#website\",\"url\":\"https:\/\/amm85.fr\/\",\"name\":\"AMM85\",\"description\":\"Association de mod\u00e9lisme Mothais : naval et  camion. Navigation, construction,  exposition. achards  situ\u00e9 dans la commune des Achards 85150 en Vend\u00e9e\",\"publisher\":{\"@id\":\"https:\/\/amm85.fr\/#organization\"},\"potentialAction\":[{\"@type\":\"SearchAction\",\"target\":{\"@type\":\"EntryPoint\",\"urlTemplate\":\"https:\/\/amm85.fr\/?s={search_term_string}\"},\"query-input\":{\"@type\":\"PropertyValueSpecification\",\"valueRequired\":true,\"valueName\":\"search_term_string\"}}],\"inLanguage\":\"fr-FR\"},{\"@type\":\"Organization\",\"@id\":\"https:\/\/amm85.fr\/#organization\",\"name\":\"Amicale du mod\u00e9lisme mothais\",\"url\":\"https:\/\/amm85.fr\/\",\"logo\":{\"@type\":\"ImageObject\",\"inLanguage\":\"fr-FR\",\"@id\":\"https:\/\/amm85.fr\/#\/schema\/logo\/image\/\",\"url\":\"\",\"contentUrl\":\"\",\"caption\":\"Amicale du mod\u00e9lisme mothais\"},\"image\":{\"@id\":\"https:\/\/amm85.fr\/#\/schema\/logo\/image\/\"}}]}<\/script>\n<!-- \/ Yoast SEO plugin. -->","yoast_head_json":{"title":"Valdivia (Michel A) - AMM85","robots":{"index":"index","follow":"follow","max-snippet":"max-snippet:-1","max-image-preview":"max-image-preview:large","max-video-preview":"max-video-preview:-1"},"canonical":"https:\/\/amm85.fr\/index.php\/nos-realisations\/vieux-greement\/valdivia-realise-par-michel-a\/","og_locale":"fr_FR","og_type":"article","og_title":"Valdivia (Michel A) - AMM85","og_description":"Au milieu du XIXe si\u00e8cle, un fabricant de spiritueux su\u00e9dois chargea les chantiers navals Soedra Varvet de Stockholm de la construction d\u2019une go\u00e9lette rapide et \u00e9l\u00e9gante.En 1868, le Vanadis, gr\u00e9\u00e9&hellip;&nbsp;Lire la suite &raquo;Valdivia (Michel A)","og_url":"https:\/\/amm85.fr\/index.php\/nos-realisations\/vieux-greement\/valdivia-realise-par-michel-a\/","og_site_name":"AMM85","article_modified_time":"2025-02-26T16:21:23+00:00","og_image":[{"width":273,"height":288,"url":"https:\/\/amm85.fr\/wp-content\/uploads\/2024\/03\/valdivia2jpg.jpg","type":"image\/jpeg"}],"twitter_card":"summary_large_image","twitter_misc":{"Dur\u00e9e de lecture estim\u00e9e":"2 minutes"},"schema":{"@context":"https:\/\/schema.org","@graph":[{"@type":"WebPage","@id":"https:\/\/amm85.fr\/index.php\/nos-realisations\/vieux-greement\/valdivia-realise-par-michel-a\/","url":"https:\/\/amm85.fr\/index.php\/nos-realisations\/vieux-greement\/valdivia-realise-par-michel-a\/","name":"Valdivia (Michel A) - AMM85","isPartOf":{"@id":"https:\/\/amm85.fr\/#website"},"primaryImageOfPage":{"@id":"https:\/\/amm85.fr\/index.php\/nos-realisations\/vieux-greement\/valdivia-realise-par-michel-a\/#primaryimage"},"image":{"@id":"https:\/\/amm85.fr\/index.php\/nos-realisations\/vieux-greement\/valdivia-realise-par-michel-a\/#primaryimage"},"thumbnailUrl":"http:\/\/amm85.fr\/wp-content\/uploads\/2024\/03\/valdivia2jpg.jpg","datePublished":"2024-03-25T18:37:59+00:00","dateModified":"2025-02-26T16:21:23+00:00","breadcrumb":{"@id":"https:\/\/amm85.fr\/index.php\/nos-realisations\/vieux-greement\/valdivia-realise-par-michel-a\/#breadcrumb"},"inLanguage":"fr-FR","potentialAction":[{"@type":"ReadAction","target":["https:\/\/amm85.fr\/index.php\/nos-realisations\/vieux-greement\/valdivia-realise-par-michel-a\/"]}]},{"@type":"ImageObject","inLanguage":"fr-FR","@id":"https:\/\/amm85.fr\/index.php\/nos-realisations\/vieux-greement\/valdivia-realise-par-michel-a\/#primaryimage","url":"https:\/\/amm85.fr\/wp-content\/uploads\/2024\/03\/valdivia2jpg.jpg","contentUrl":"https:\/\/amm85.fr\/wp-content\/uploads\/2024\/03\/valdivia2jpg.jpg","width":273,"height":288},{"@type":"BreadcrumbList","@id":"https:\/\/amm85.fr\/index.php\/nos-realisations\/vieux-greement\/valdivia-realise-par-michel-a\/#breadcrumb","itemListElement":[{"@type":"ListItem","position":1,"name":"Accueil","item":"https:\/\/amm85.fr\/"},{"@type":"ListItem","position":2,"name":"Nos r\u00e9alisations","item":"https:\/\/amm85.fr\/index.php\/nos-realisations\/"},{"@type":"ListItem","position":3,"name":"Vieux Gr\u00e9ement","item":"https:\/\/amm85.fr\/index.php\/nos-realisations\/vieux-greement\/"},{"@type":"ListItem","position":4,"name":"Valdivia (Michel A)"}]},{"@type":"WebSite","@id":"https:\/\/amm85.fr\/#website","url":"https:\/\/amm85.fr\/","name":"AMM85","description":"Association de mod\u00e9lisme Mothais : naval et  camion. Navigation, construction,  exposition. achards  situ\u00e9 dans la commune des Achards 85150 en Vend\u00e9e","publisher":{"@id":"https:\/\/amm85.fr\/#organization"},"potentialAction":[{"@type":"SearchAction","target":{"@type":"EntryPoint","urlTemplate":"https:\/\/amm85.fr\/?s={search_term_string}"},"query-input":{"@type":"PropertyValueSpecification","valueRequired":true,"valueName":"search_term_string"}}],"inLanguage":"fr-FR"},{"@type":"Organization","@id":"https:\/\/amm85.fr\/#organization","name":"Amicale du mod\u00e9lisme mothais","url":"https:\/\/amm85.fr\/","logo":{"@type":"ImageObject","inLanguage":"fr-FR","@id":"https:\/\/amm85.fr\/#\/schema\/logo\/image\/","url":"","contentUrl":"","caption":"Amicale du mod\u00e9lisme mothais"},"image":{"@id":"https:\/\/amm85.fr\/#\/schema\/logo\/image\/"}}]}},"_links":{"self":[{"href":"https:\/\/amm85.fr\/index.php\/wp-json\/wp\/v2\/pages\/1234","targetHints":{"allow":["GET"]}}],"collection":[{"href":"https:\/\/amm85.fr\/index.php\/wp-json\/wp\/v2\/pages"}],"about":[{"href":"https:\/\/amm85.fr\/index.php\/wp-json\/wp\/v2\/types\/page"}],"author":[{"embeddable":true,"href":"https:\/\/amm85.fr\/index.php\/wp-json\/wp\/v2\/users\/2"}],"replies":[{"embeddable":true,"href":"https:\/\/amm85.fr\/index.php\/wp-json\/wp\/v2\/comments?post=1234"}],"version-history":[{"count":8,"href":"https:\/\/amm85.fr\/index.php\/wp-json\/wp\/v2\/pages\/1234\/revisions"}],"predecessor-version":[{"id":3213,"href":"https:\/\/amm85.fr\/index.php\/wp-json\/wp\/v2\/pages\/1234\/revisions\/3213"}],"up":[{"embeddable":true,"href":"https:\/\/amm85.fr\/index.php\/wp-json\/wp\/v2\/pages\/253"}],"wp:attachment":[{"href":"https:\/\/amm85.fr\/index.php\/wp-json\/wp\/v2\/media?parent=1234"}],"curies":[{"name":"wp","href":"https:\/\/api.w.org\/{rel}","templated":true}]}}