{"id":1002,"date":"2024-03-18T17:40:02","date_gmt":"2024-03-18T16:40:02","guid":{"rendered":"https:\/\/amm85.fr\/?page_id=1002"},"modified":"2024-03-18T17:56:00","modified_gmt":"2024-03-18T16:56:00","slug":"le-14-septembre-au-tanchet","status":"publish","type":"page","link":"https:\/\/amm85.fr\/index.php\/navigations\/2023navig\/le-14-septembre-au-tanchet\/","title":{"rendered":"Le 14 septembre au Tanchet"},"content":{"rendered":"\n<div style=\"height:100px\" aria-hidden=\"true\" class=\"wp-block-spacer\"><\/div>\n\n\n\n<figure class=\"wp-block-image size-large is-resized\"><img loading=\"lazy\" decoding=\"async\" width=\"1024\" height=\"752\" src=\"https:\/\/amm85.fr\/wp-content\/uploads\/2024\/03\/IMG_20230914_151112-1024x752.jpg\" alt=\"\" class=\"wp-image-1003\" style=\"width:660px;height:auto\" srcset=\"https:\/\/amm85.fr\/wp-content\/uploads\/2024\/03\/IMG_20230914_151112-1024x752.jpg 1024w, https:\/\/amm85.fr\/wp-content\/uploads\/2024\/03\/IMG_20230914_151112-300x220.jpg 300w, https:\/\/amm85.fr\/wp-content\/uploads\/2024\/03\/IMG_20230914_151112-768x564.jpg 768w, https:\/\/amm85.fr\/wp-content\/uploads\/2024\/03\/IMG_20230914_151112.jpg 1500w\" sizes=\"auto, (max-width: 1024px) 100vw, 1024px\" \/><\/figure>\n\n\n\n<div style=\"height:100px\" aria-hidden=\"true\" class=\"wp-block-spacer\"><\/div>\n\n\n\n<figure class=\"wp-block-gallery has-nested-images columns-default is-cropped wp-block-gallery-1 is-layout-flex wp-block-gallery-is-layout-flex\">\n<figure class=\"wp-block-image size-large\"><img loading=\"lazy\" decoding=\"async\" width=\"768\" height=\"1024\" data-id=\"1006\" src=\"https:\/\/amm85.fr\/wp-content\/uploads\/2024\/03\/IMG_20230914_143543-768x1024.jpg\" alt=\"\" class=\"wp-image-1006\" srcset=\"https:\/\/amm85.fr\/wp-content\/uploads\/2024\/03\/IMG_20230914_143543-768x1024.jpg 768w, https:\/\/amm85.fr\/wp-content\/uploads\/2024\/03\/IMG_20230914_143543-225x300.jpg 225w, https:\/\/amm85.fr\/wp-content\/uploads\/2024\/03\/IMG_20230914_143543-1152x1536.jpg 1152w, https:\/\/amm85.fr\/wp-content\/uploads\/2024\/03\/IMG_20230914_143543.jpg 1500w\" sizes=\"auto, (max-width: 768px) 100vw, 768px\" \/><\/figure>\n\n\n\n<figure class=\"wp-block-image size-large\"><img loading=\"lazy\" decoding=\"async\" width=\"768\" height=\"1024\" data-id=\"1005\" src=\"https:\/\/amm85.fr\/wp-content\/uploads\/2024\/03\/IMG_20230914_143514-768x1024.jpg\" alt=\"\" class=\"wp-image-1005\" srcset=\"https:\/\/amm85.fr\/wp-content\/uploads\/2024\/03\/IMG_20230914_143514-768x1024.jpg 768w, https:\/\/amm85.fr\/wp-content\/uploads\/2024\/03\/IMG_20230914_143514-225x300.jpg 225w, https:\/\/amm85.fr\/wp-content\/uploads\/2024\/03\/IMG_20230914_143514-1152x1536.jpg 1152w, https:\/\/amm85.fr\/wp-content\/uploads\/2024\/03\/IMG_20230914_143514.jpg 1500w\" sizes=\"auto, (max-width: 768px) 100vw, 768px\" \/><\/figure>\n<\/figure>\n\n\n\n<figure class=\"wp-block-gallery has-nested-images columns-default is-cropped wp-block-gallery-2 is-layout-flex wp-block-gallery-is-layout-flex\">\n<figure class=\"wp-block-image size-large\"><img loading=\"lazy\" decoding=\"async\" width=\"768\" height=\"1024\" data-id=\"1007\" src=\"https:\/\/amm85.fr\/wp-content\/uploads\/2024\/03\/IMG_20230914_143528_BURST1-768x1024.jpg\" alt=\"\" class=\"wp-image-1007\" srcset=\"https:\/\/amm85.fr\/wp-content\/uploads\/2024\/03\/IMG_20230914_143528_BURST1-768x1024.jpg 768w, https:\/\/amm85.fr\/wp-content\/uploads\/2024\/03\/IMG_20230914_143528_BURST1-225x300.jpg 225w, https:\/\/amm85.fr\/wp-content\/uploads\/2024\/03\/IMG_20230914_143528_BURST1-1152x1536.jpg 1152w, https:\/\/amm85.fr\/wp-content\/uploads\/2024\/03\/IMG_20230914_143528_BURST1.jpg 1500w\" sizes=\"auto, (max-width: 768px) 100vw, 768px\" \/><\/figure>\n\n\n\n<figure class=\"wp-block-image size-large\"><img loading=\"lazy\" decoding=\"async\" width=\"768\" height=\"1024\" data-id=\"1004\" src=\"https:\/\/amm85.fr\/wp-content\/uploads\/2024\/03\/IMG_20230914_153231-768x1024.jpg\" alt=\"\" class=\"wp-image-1004\" srcset=\"https:\/\/amm85.fr\/wp-content\/uploads\/2024\/03\/IMG_20230914_153231-768x1024.jpg 768w, https:\/\/amm85.fr\/wp-content\/uploads\/2024\/03\/IMG_20230914_153231-225x300.jpg 225w, https:\/\/amm85.fr\/wp-content\/uploads\/2024\/03\/IMG_20230914_153231-1152x1536.jpg 1152w, https:\/\/amm85.fr\/wp-content\/uploads\/2024\/03\/IMG_20230914_153231.jpg 1300w\" sizes=\"auto, (max-width: 768px) 100vw, 768px\" \/><\/figure>\n<\/figure>\n\n\n\n<div style=\"height:100px\" aria-hidden=\"true\" class=\"wp-block-spacer\"><\/div>\n\n\n\n<figure class=\"wp-block-image size-large is-resized\"><img loading=\"lazy\" decoding=\"async\" width=\"1024\" height=\"782\" src=\"https:\/\/amm85.fr\/wp-content\/uploads\/2024\/03\/IMG_20230914_151202-1024x782.jpg\" alt=\"\" class=\"wp-image-1012\" style=\"width:676px;height:auto\" srcset=\"https:\/\/amm85.fr\/wp-content\/uploads\/2024\/03\/IMG_20230914_151202-1024x782.jpg 1024w, https:\/\/amm85.fr\/wp-content\/uploads\/2024\/03\/IMG_20230914_151202-300x229.jpg 300w, https:\/\/amm85.fr\/wp-content\/uploads\/2024\/03\/IMG_20230914_151202-768x586.jpg 768w, https:\/\/amm85.fr\/wp-content\/uploads\/2024\/03\/IMG_20230914_151202.jpg 1124w\" sizes=\"auto, (max-width: 1024px) 100vw, 1024px\" \/><\/figure>\n\n\n\n<div style=\"height:100px\" aria-hidden=\"true\" class=\"wp-block-spacer\"><\/div>\n\n\n\n<figure class=\"wp-block-gallery has-nested-images columns-default is-cropped wp-block-gallery-3 is-layout-flex wp-block-gallery-is-layout-flex\">\n<figure class=\"wp-block-image size-large\"><img loading=\"lazy\" decoding=\"async\" width=\"1024\" height=\"768\" data-id=\"1014\" src=\"https:\/\/amm85.fr\/wp-content\/uploads\/2024\/03\/IMG_20230914_144857-1024x768.jpg\" alt=\"\" class=\"wp-image-1014\" srcset=\"https:\/\/amm85.fr\/wp-content\/uploads\/2024\/03\/IMG_20230914_144857-1024x768.jpg 1024w, https:\/\/amm85.fr\/wp-content\/uploads\/2024\/03\/IMG_20230914_144857-300x225.jpg 300w, https:\/\/amm85.fr\/wp-content\/uploads\/2024\/03\/IMG_20230914_144857-768x576.jpg 768w, https:\/\/amm85.fr\/wp-content\/uploads\/2024\/03\/IMG_20230914_144857.jpg 1500w\" sizes=\"auto, (max-width: 1024px) 100vw, 1024px\" \/><\/figure>\n\n\n\n<figure class=\"wp-block-image size-large\"><img loading=\"lazy\" decoding=\"async\" width=\"1024\" height=\"739\" data-id=\"1015\" src=\"https:\/\/amm85.fr\/wp-content\/uploads\/2024\/03\/IMG_20230914_144901-1024x739.jpg\" alt=\"\" class=\"wp-image-1015\" srcset=\"https:\/\/amm85.fr\/wp-content\/uploads\/2024\/03\/IMG_20230914_144901-1024x739.jpg 1024w, https:\/\/amm85.fr\/wp-content\/uploads\/2024\/03\/IMG_20230914_144901-300x217.jpg 300w, https:\/\/amm85.fr\/wp-content\/uploads\/2024\/03\/IMG_20230914_144901-768x554.jpg 768w, https:\/\/amm85.fr\/wp-content\/uploads\/2024\/03\/IMG_20230914_144901.jpg 1500w\" sizes=\"auto, (max-width: 1024px) 100vw, 1024px\" \/><\/figure>\n<\/figure>\n\n\n\n<figure class=\"wp-block-gallery has-nested-images columns-default is-cropped wp-block-gallery-4 is-layout-flex wp-block-gallery-is-layout-flex\">\n<figure class=\"wp-block-image size-large\"><img loading=\"lazy\" decoding=\"async\" width=\"768\" height=\"1024\" data-id=\"1016\" src=\"https:\/\/amm85.fr\/wp-content\/uploads\/2024\/03\/IMG_20230914_155912-768x1024.jpg\" alt=\"\" class=\"wp-image-1016\" srcset=\"https:\/\/amm85.fr\/wp-content\/uploads\/2024\/03\/IMG_20230914_155912-768x1024.jpg 768w, https:\/\/amm85.fr\/wp-content\/uploads\/2024\/03\/IMG_20230914_155912-225x300.jpg 225w, https:\/\/amm85.fr\/wp-content\/uploads\/2024\/03\/IMG_20230914_155912-1152x1536.jpg 1152w, https:\/\/amm85.fr\/wp-content\/uploads\/2024\/03\/IMG_20230914_155912.jpg 1300w\" sizes=\"auto, (max-width: 768px) 100vw, 768px\" \/><\/figure>\n\n\n\n<figure class=\"wp-block-image size-large\"><img loading=\"lazy\" decoding=\"async\" width=\"768\" height=\"1024\" data-id=\"1017\" src=\"https:\/\/amm85.fr\/wp-content\/uploads\/2024\/03\/IMG_20230914_153317-768x1024.jpg\" alt=\"\" class=\"wp-image-1017\" srcset=\"https:\/\/amm85.fr\/wp-content\/uploads\/2024\/03\/IMG_20230914_153317-768x1024.jpg 768w, https:\/\/amm85.fr\/wp-content\/uploads\/2024\/03\/IMG_20230914_153317-225x300.jpg 225w, https:\/\/amm85.fr\/wp-content\/uploads\/2024\/03\/IMG_20230914_153317-1152x1536.jpg 1152w, https:\/\/amm85.fr\/wp-content\/uploads\/2024\/03\/IMG_20230914_153317.jpg 1500w\" sizes=\"auto, (max-width: 768px) 100vw, 768px\" \/><\/figure>\n<\/figure>\n\n\n\n<div style=\"height:100px\" aria-hidden=\"true\" class=\"wp-block-spacer\"><\/div>\n","protected":false},"excerpt":{"rendered":"","protected":false},"author":2,"featured_media":0,"parent":519,"menu_order":111,"comment_status":"closed","ping_status":"closed","template":"","meta":{"neve_meta_sidebar":"","neve_meta_container":"","neve_meta_enable_content_width":"","neve_meta_content_width":0,"neve_meta_title_alignment":"","neve_meta_author_avatar":"","neve_post_elements_order":"","neve_meta_disable_header":"","neve_meta_disable_footer":"","neve_meta_disable_title":"","footnotes":""},"class_list":["post-1002","page","type-page","status-publish","hentry"],"yoast_head":"<!-- This site is optimized with the Yoast SEO plugin v26.3 - https:\/\/yoast.com\/wordpress\/plugins\/seo\/ -->\n<title>Le 14 septembre au Tanchet - AMM85 % %<\/title>\n<meta name=\"robots\" content=\"index, follow, max-snippet:-1, max-image-preview:large, max-video-preview:-1\" \/>\n<link rel=\"canonical\" href=\"https:\/\/amm85.fr\/index.php\/navigations\/2023navig\/le-14-septembre-au-tanchet\/\" \/>\n<meta property=\"og:locale\" content=\"fr_FR\" \/>\n<meta property=\"og:type\" content=\"article\" \/>\n<meta property=\"og:title\" content=\"Le 14 septembre au Tanchet - AMM85 % %\" \/>\n<meta property=\"og:url\" content=\"https:\/\/amm85.fr\/index.php\/navigations\/2023navig\/le-14-septembre-au-tanchet\/\" \/>\n<meta property=\"og:site_name\" content=\"AMM85\" \/>\n<meta property=\"article:modified_time\" content=\"2024-03-18T16:56:00+00:00\" \/>\n<meta property=\"og:image\" content=\"https:\/\/amm85.fr\/wp-content\/uploads\/2024\/03\/IMG_20230914_151112-1024x752.jpg\" \/>\n<meta name=\"twitter:card\" content=\"summary_large_image\" \/>\n<meta name=\"twitter:label1\" content=\"Dur\u00e9e de lecture estim\u00e9e\" \/>\n\t<meta name=\"twitter:data1\" content=\"2 minutes\" \/>\n<script type=\"application\/ld+json\" class=\"yoast-schema-graph\">{\"@context\":\"https:\/\/schema.org\",\"@graph\":[{\"@type\":\"WebPage\",\"@id\":\"https:\/\/amm85.fr\/index.php\/navigations\/2023navig\/le-14-septembre-au-tanchet\/\",\"url\":\"https:\/\/amm85.fr\/index.php\/navigations\/2023navig\/le-14-septembre-au-tanchet\/\",\"name\":\"Le 14 septembre au Tanchet - AMM85 % %\",\"isPartOf\":{\"@id\":\"https:\/\/amm85.fr\/#website\"},\"primaryImageOfPage\":{\"@id\":\"https:\/\/amm85.fr\/index.php\/navigations\/2023navig\/le-14-septembre-au-tanchet\/#primaryimage\"},\"image\":{\"@id\":\"https:\/\/amm85.fr\/index.php\/navigations\/2023navig\/le-14-septembre-au-tanchet\/#primaryimage\"},\"thumbnailUrl\":\"https:\/\/amm85.fr\/wp-content\/uploads\/2024\/03\/IMG_20230914_151112-1024x752.jpg\",\"datePublished\":\"2024-03-18T16:40:02+00:00\",\"dateModified\":\"2024-03-18T16:56:00+00:00\",\"breadcrumb\":{\"@id\":\"https:\/\/amm85.fr\/index.php\/navigations\/2023navig\/le-14-septembre-au-tanchet\/#breadcrumb\"},\"inLanguage\":\"fr-FR\",\"potentialAction\":[{\"@type\":\"ReadAction\",\"target\":[\"https:\/\/amm85.fr\/index.php\/navigations\/2023navig\/le-14-septembre-au-tanchet\/\"]}]},{\"@type\":\"ImageObject\",\"inLanguage\":\"fr-FR\",\"@id\":\"https:\/\/amm85.fr\/index.php\/navigations\/2023navig\/le-14-septembre-au-tanchet\/#primaryimage\",\"url\":\"https:\/\/amm85.fr\/wp-content\/uploads\/2024\/03\/IMG_20230914_151112.jpg\",\"contentUrl\":\"https:\/\/amm85.fr\/wp-content\/uploads\/2024\/03\/IMG_20230914_151112.jpg\",\"width\":1500,\"height\":1101},{\"@type\":\"BreadcrumbList\",\"@id\":\"https:\/\/amm85.fr\/index.php\/navigations\/2023navig\/le-14-septembre-au-tanchet\/#breadcrumb\",\"itemListElement\":[{\"@type\":\"ListItem\",\"position\":1,\"name\":\"Accueil\",\"item\":\"https:\/\/amm85.fr\/\"},{\"@type\":\"ListItem\",\"position\":2,\"name\":\"Navigations\",\"item\":\"https:\/\/amm85.fr\/index.php\/navigations\/\"},{\"@type\":\"ListItem\",\"position\":3,\"name\":\"2023\",\"item\":\"https:\/\/amm85.fr\/index.php\/navigations\/2023navig\/\"},{\"@type\":\"ListItem\",\"position\":4,\"name\":\"Le 14 septembre au Tanchet\"}]},{\"@type\":\"WebSite\",\"@id\":\"https:\/\/amm85.fr\/#website\",\"url\":\"https:\/\/amm85.fr\/\",\"name\":\"AMM85\",\"description\":\"Association de mod\u00e9lisme Mothais : naval et  camion. Navigation, construction,  exposition. achards  situ\u00e9 dans la commune des Achards 85150 en Vend\u00e9e\",\"publisher\":{\"@id\":\"https:\/\/amm85.fr\/#organization\"},\"potentialAction\":[{\"@type\":\"SearchAction\",\"target\":{\"@type\":\"EntryPoint\",\"urlTemplate\":\"https:\/\/amm85.fr\/?s={search_term_string}\"},\"query-input\":{\"@type\":\"PropertyValueSpecification\",\"valueRequired\":true,\"valueName\":\"search_term_string\"}}],\"inLanguage\":\"fr-FR\"},{\"@type\":\"Organization\",\"@id\":\"https:\/\/amm85.fr\/#organization\",\"name\":\"Amicale du mod\u00e9lisme mothais\",\"url\":\"https:\/\/amm85.fr\/\",\"logo\":{\"@type\":\"ImageObject\",\"inLanguage\":\"fr-FR\",\"@id\":\"https:\/\/amm85.fr\/#\/schema\/logo\/image\/\",\"url\":\"\",\"contentUrl\":\"\",\"caption\":\"Amicale du mod\u00e9lisme mothais\"},\"image\":{\"@id\":\"https:\/\/amm85.fr\/#\/schema\/logo\/image\/\"}}]}<\/script>\n<!-- \/ Yoast SEO plugin. -->","yoast_head_json":{"title":"Le 14 septembre au Tanchet - AMM85 % %","robots":{"index":"index","follow":"follow","max-snippet":"max-snippet:-1","max-image-preview":"max-image-preview:large","max-video-preview":"max-video-preview:-1"},"canonical":"https:\/\/amm85.fr\/index.php\/navigations\/2023navig\/le-14-septembre-au-tanchet\/","og_locale":"fr_FR","og_type":"article","og_title":"Le 14 septembre au Tanchet - AMM85 % %","og_url":"https:\/\/amm85.fr\/index.php\/navigations\/2023navig\/le-14-septembre-au-tanchet\/","og_site_name":"AMM85","article_modified_time":"2024-03-18T16:56:00+00:00","og_image":[{"url":"https:\/\/amm85.fr\/wp-content\/uploads\/2024\/03\/IMG_20230914_151112-1024x752.jpg","type":"","width":"","height":""}],"twitter_card":"summary_large_image","twitter_misc":{"Dur\u00e9e de lecture estim\u00e9e":"2 minutes"},"schema":{"@context":"https:\/\/schema.org","@graph":[{"@type":"WebPage","@id":"https:\/\/amm85.fr\/index.php\/navigations\/2023navig\/le-14-septembre-au-tanchet\/","url":"https:\/\/amm85.fr\/index.php\/navigations\/2023navig\/le-14-septembre-au-tanchet\/","name":"Le 14 septembre au Tanchet - AMM85 % %","isPartOf":{"@id":"https:\/\/amm85.fr\/#website"},"primaryImageOfPage":{"@id":"https:\/\/amm85.fr\/index.php\/navigations\/2023navig\/le-14-septembre-au-tanchet\/#primaryimage"},"image":{"@id":"https:\/\/amm85.fr\/index.php\/navigations\/2023navig\/le-14-septembre-au-tanchet\/#primaryimage"},"thumbnailUrl":"https:\/\/amm85.fr\/wp-content\/uploads\/2024\/03\/IMG_20230914_151112-1024x752.jpg","datePublished":"2024-03-18T16:40:02+00:00","dateModified":"2024-03-18T16:56:00+00:00","breadcrumb":{"@id":"https:\/\/amm85.fr\/index.php\/navigations\/2023navig\/le-14-septembre-au-tanchet\/#breadcrumb"},"inLanguage":"fr-FR","potentialAction":[{"@type":"ReadAction","target":["https:\/\/amm85.fr\/index.php\/navigations\/2023navig\/le-14-septembre-au-tanchet\/"]}]},{"@type":"ImageObject","inLanguage":"fr-FR","@id":"https:\/\/amm85.fr\/index.php\/navigations\/2023navig\/le-14-septembre-au-tanchet\/#primaryimage","url":"https:\/\/amm85.fr\/wp-content\/uploads\/2024\/03\/IMG_20230914_151112.jpg","contentUrl":"https:\/\/amm85.fr\/wp-content\/uploads\/2024\/03\/IMG_20230914_151112.jpg","width":1500,"height":1101},{"@type":"BreadcrumbList","@id":"https:\/\/amm85.fr\/index.php\/navigations\/2023navig\/le-14-septembre-au-tanchet\/#breadcrumb","itemListElement":[{"@type":"ListItem","position":1,"name":"Accueil","item":"https:\/\/amm85.fr\/"},{"@type":"ListItem","position":2,"name":"Navigations","item":"https:\/\/amm85.fr\/index.php\/navigations\/"},{"@type":"ListItem","position":3,"name":"2023","item":"https:\/\/amm85.fr\/index.php\/navigations\/2023navig\/"},{"@type":"ListItem","position":4,"name":"Le 14 septembre au Tanchet"}]},{"@type":"WebSite","@id":"https:\/\/amm85.fr\/#website","url":"https:\/\/amm85.fr\/","name":"AMM85","description":"Association de mod\u00e9lisme Mothais : naval et  camion. Navigation, construction,  exposition. achards  situ\u00e9 dans la commune des Achards 85150 en Vend\u00e9e","publisher":{"@id":"https:\/\/amm85.fr\/#organization"},"potentialAction":[{"@type":"SearchAction","target":{"@type":"EntryPoint","urlTemplate":"https:\/\/amm85.fr\/?s={search_term_string}"},"query-input":{"@type":"PropertyValueSpecification","valueRequired":true,"valueName":"search_term_string"}}],"inLanguage":"fr-FR"},{"@type":"Organization","@id":"https:\/\/amm85.fr\/#organization","name":"Amicale du mod\u00e9lisme mothais","url":"https:\/\/amm85.fr\/","logo":{"@type":"ImageObject","inLanguage":"fr-FR","@id":"https:\/\/amm85.fr\/#\/schema\/logo\/image\/","url":"","contentUrl":"","caption":"Amicale du mod\u00e9lisme mothais"},"image":{"@id":"https:\/\/amm85.fr\/#\/schema\/logo\/image\/"}}]}},"_links":{"self":[{"href":"https:\/\/amm85.fr\/index.php\/wp-json\/wp\/v2\/pages\/1002","targetHints":{"allow":["GET"]}}],"collection":[{"href":"https:\/\/amm85.fr\/index.php\/wp-json\/wp\/v2\/pages"}],"about":[{"href":"https:\/\/amm85.fr\/index.php\/wp-json\/wp\/v2\/types\/page"}],"author":[{"embeddable":true,"href":"https:\/\/amm85.fr\/index.php\/wp-json\/wp\/v2\/users\/2"}],"replies":[{"embeddable":true,"href":"https:\/\/amm85.fr\/index.php\/wp-json\/wp\/v2\/comments?post=1002"}],"version-history":[{"count":3,"href":"https:\/\/amm85.fr\/index.php\/wp-json\/wp\/v2\/pages\/1002\/revisions"}],"predecessor-version":[{"id":1018,"href":"https:\/\/amm85.fr\/index.php\/wp-json\/wp\/v2\/pages\/1002\/revisions\/1018"}],"up":[{"embeddable":true,"href":"https:\/\/amm85.fr\/index.php\/wp-json\/wp\/v2\/pages\/519"}],"wp:attachment":[{"href":"https:\/\/amm85.fr\/index.php\/wp-json\/wp\/v2\/media?parent=1002"}],"curies":[{"name":"wp","href":"https:\/\/api.w.org\/{rel}","templated":true}]}}